{"id":14887,"date":"2025-06-02T11:14:55","date_gmt":"2025-06-02T09:14:55","guid":{"rendered":"https:\/\/ergotherapie.ch\/?page_id=14887"},"modified":"2025-06-02T11:15:00","modified_gmt":"2025-06-02T09:15:00","slug":"consultazione-della-confederazione-sulla-modifica-dellordinanza-sullassicurazione-malattie","status":"publish","type":"page","link":"https:\/\/ergotherapie.ch\/fr\/consultazione-della-confederazione-sulla-modifica-dellordinanza-sullassicurazione-malattie\/","title":{"rendered":"Consultazione della Confederazione sulla modifica dell\u2019ordinanza sull\u2019assicurazione malattie"},"content":{"rendered":"    <div class=\"section-downloads \">\n        <div class=\"container-fluid\">\n                            <div class=\"content-above\">\n                    <p>La Confederazione ha proposto modifiche dell\u2019ordinanza sull\u2019assicurazione malattie. L\u2019obiettivo \u00e8 sancire obiettivi concreti di costo e di qualit\u00e0. L\u2019ASE ha preso in esame le implicazioni delle modifiche proposte per l\u2019ergoterapia. Alla posizione e alle richieste dell\u2019ASE:<\/p>\n                                    <\/div>\n                                        <h2 class=\"downloads-title\">\n                                    <\/h2>\n\n                                                            <form class=\"section-download-form\" action=\"\">\n                            <input type=\"text\" placeholder=\"Suche\"\/>\n                            <button type=\"submit\">\n                                <svg xmlns=\"http:\/\/www.w3.org\/2000\/svg\" width=\"24.869\" height=\"24.875\" viewBox=\"0 0 24.869 24.875\">\n  <g id=\"934_x32_-Magnifying_Glass\" transform=\"translate(-7.129 -7.125)\">\n    <path id=\"934Path_29\" data-name=\"Path 29\" d=\"M31.566,29.484,26.786,24.7A10.979,10.979,0,1,0,24.7,26.788l4.781,4.781a1.474,1.474,0,1,0,2.084-2.084Zm-19.15-5.745a8,8,0,1,1,5.66,2.345A8.015,8.015,0,0,1,12.416,23.738Z\" fill=\"#393939\"\/>\n  <\/g>\n<\/svg>\n                            <\/button>\n                        <\/form>\n                                    \n                <div class=\"downloads-feed\">\n                                            <div class=\"one-download\">\n                            <div>\n                                <strong>\n                                                                        <a target=\"_blank\"\n                                       class=\"the-download-lik open-download-modal\"\n                                       href=\"#\">\n                                        Consultazione della Confederazione sulla modifica dell\u2019ordinanza sull\u2019assicurazione malattie                                    <\/a>\n                                <\/strong>\n                            <\/div>\n                            <div>\n                                <strong>\n                                    pdf                                <\/strong>\n                            <\/div>\n                            <div>\n                                                                    <a class=\"open-download-modal\" href=\"#\">\n                                        <svg xmlns=\"http:\/\/www.w3.org\/2000\/svg\" xmlns:xlink=\"http:\/\/www.w3.org\/1999\/xlink\" width=\"32.651\" height=\"42.701\" viewBox=\"0 0 32.651 42.701\">\n  <defs>\n    <clipPath id=\"2099clip-path\">\n      <rect id=\"2099Rectangle_358\" data-name=\"Rectangle 358\" width=\"32.651\" height=\"42.701\" transform=\"translate(0 0)\" fill=\"none\"\/>\n    <\/clipPath>\n  <\/defs>\n  <g id=\"2099Group_1093\" data-name=\"Group 1093\" transform=\"translate(0 0)\">\n    <g id=\"2099Group_1091\" data-name=\"Group 1091\" clip-path=\"url(#2099clip-path)\">\n      <path id=\"2099Path_1044\" data-name=\"Path 1044\" d=\"M16.326,1.25A11.259,11.259,0,0,0,5.02,12.462v5.119a3.7,3.7,0,0,0-3.769,3.63c0,.046,0,.093,0,.139V37.681a3.7,3.7,0,0,0,3.63,3.769H27.632A3.7,3.7,0,0,0,31.4,37.82c0-.046,0-.093,0-.139V21.35a3.7,3.7,0,0,0-3.63-3.769h-.139V12.556A11.259,11.259,0,0,0,16.42,1.25Z\" fill=\"none\" stroke=\"#d3006a\" stroke-miterlimit=\"10\" stroke-width=\"2.5\"\/>\n      <line id=\"2099Line_81\" data-name=\"Line 81\" x2=\"23\" transform=\"translate(4.073 17.581)\" fill=\"none\" stroke=\"#d3006a\" stroke-miterlimit=\"10\" stroke-width=\"2.5\"\/>\n      <circle id=\"2099Ellipse_73\" data-name=\"Ellipse 73\" cx=\"3\" cy=\"3\" r=\"3\" transform=\"translate(13.326 24.034)\" fill=\"none\" stroke=\"#d3006a\" stroke-miterlimit=\"10\" stroke-width=\"2.5\"\/>\n      <line id=\"2099Line_82\" data-name=\"Line 82\" y2=\"4\" transform=\"translate(16.326 30.034)\" fill=\"none\" stroke=\"#d3006a\" stroke-linecap=\"round\" stroke-miterlimit=\"10\" stroke-width=\"2.5\"\/>\n    <\/g>\n  <\/g>\n<\/svg>\n                                    <\/a>\n                                                                <\/div>\n                        <\/div>\n                                        <\/div>\n                                <p class=\"downloads-not-found\">\n                    Aucun t\u00e9l\u00e9chargement trouv\u00e9                <\/p>\n                    <\/div>\n    <\/div>\n","protected":false},"excerpt":{"rendered":"","protected":false},"author":4,"featured_media":0,"parent":0,"menu_order":0,"comment_status":"closed","ping_status":"closed","template":"","meta":{"_acf_changed":false,"footnotes":""},"class_list":["post-14887","page","type-page","status-publish","hentry"],"acf":[],"yoast_head":"<!-- This site is optimized with the Yoast SEO Premium plugin v27.2 (Yoast SEO v27.2) - https:\/\/yoast.com\/product\/yoast-seo-premium-wordpress\/ -->\n<title>Consultazione della Confederazione sulla modifica dell\u2019ordinanza sull\u2019assicurazione malattie - Ergotherapie-Verband<\/title>\n<meta name=\"robots\" content=\"index, follow, max-snippet:-1, max-image-preview:large, max-video-preview:-1\" \/>\n<link rel=\"canonical\" href=\"https:\/\/ergotherapie.ch\/fr\/consultazione-della-confederazione-sulla-modifica-dellordinanza-sullassicurazione-malattie\/\" \/>\n<meta property=\"og:locale\" content=\"fr_FR\" \/>\n<meta property=\"og:type\" content=\"article\" \/>\n<meta property=\"og:title\" content=\"Consultazione della Confederazione sulla modifica dell\u2019ordinanza sull\u2019assicurazione malattie\" \/>\n<meta property=\"og:url\" content=\"https:\/\/ergotherapie.ch\/fr\/consultazione-della-confederazione-sulla-modifica-dellordinanza-sullassicurazione-malattie\/\" \/>\n<meta property=\"og:site_name\" content=\"Ergotherapie-Verband\" \/>\n<meta property=\"article:modified_time\" content=\"2025-06-02T09:15:00+00:00\" \/>\n<meta name=\"twitter:card\" content=\"summary_large_image\" \/>\n<script type=\"application\/ld+json\" class=\"yoast-schema-graph\">{\"@context\":\"https:\/\/schema.org\",\"@graph\":[{\"@type\":\"WebPage\",\"@id\":\"https:\/\/ergotherapie.ch\/fr\/consultazione-della-confederazione-sulla-modifica-dellordinanza-sullassicurazione-malattie\/\",\"url\":\"https:\/\/ergotherapie.ch\/fr\/consultazione-della-confederazione-sulla-modifica-dellordinanza-sullassicurazione-malattie\/\",\"name\":\"Consultazione della Confederazione sulla modifica dell\u2019ordinanza sull\u2019assicurazione malattie - Ergotherapie-Verband\",\"isPartOf\":{\"@id\":\"https:\/\/ergotherapie.ch\/fr\/#website\"},\"datePublished\":\"2025-06-02T09:14:55+00:00\",\"dateModified\":\"2025-06-02T09:15:00+00:00\",\"breadcrumb\":{\"@id\":\"https:\/\/ergotherapie.ch\/fr\/consultazione-della-confederazione-sulla-modifica-dellordinanza-sullassicurazione-malattie\/#breadcrumb\"},\"inLanguage\":\"fr-FR\",\"potentialAction\":[{\"@type\":\"ReadAction\",\"target\":[\"https:\/\/ergotherapie.ch\/fr\/consultazione-della-confederazione-sulla-modifica-dellordinanza-sullassicurazione-malattie\/\"]}]},{\"@type\":\"BreadcrumbList\",\"@id\":\"https:\/\/ergotherapie.ch\/fr\/consultazione-della-confederazione-sulla-modifica-dellordinanza-sullassicurazione-malattie\/#breadcrumb\",\"itemListElement\":[{\"@type\":\"ListItem\",\"position\":1,\"name\":\"Home\",\"item\":\"https:\/\/ergotherapie.ch\/fr\/\"},{\"@type\":\"ListItem\",\"position\":2,\"name\":\"Consultazione della Confederazione sulla modifica dell\u2019ordinanza sull\u2019assicurazione malattie\"}]},{\"@type\":\"WebSite\",\"@id\":\"https:\/\/ergotherapie.ch\/fr\/#website\",\"url\":\"https:\/\/ergotherapie.ch\/fr\/\",\"name\":\"Ergotherapie-Verband\",\"description\":\"\",\"potentialAction\":[{\"@type\":\"SearchAction\",\"target\":{\"@type\":\"EntryPoint\",\"urlTemplate\":\"https:\/\/ergotherapie.ch\/fr\/?s={search_term_string}\"},\"query-input\":{\"@type\":\"PropertyValueSpecification\",\"valueRequired\":true,\"valueName\":\"search_term_string\"}}],\"inLanguage\":\"fr-FR\"}]}<\/script>\n<!-- \/ Yoast SEO Premium plugin. -->","yoast_head_json":{"title":"Consultazione della Confederazione sulla modifica dell\u2019ordinanza sull\u2019assicurazione malattie - Ergotherapie-Verband","robots":{"index":"index","follow":"follow","max-snippet":"max-snippet:-1","max-image-preview":"max-image-preview:large","max-video-preview":"max-video-preview:-1"},"canonical":"https:\/\/ergotherapie.ch\/fr\/consultazione-della-confederazione-sulla-modifica-dellordinanza-sullassicurazione-malattie\/","og_locale":"fr_FR","og_type":"article","og_title":"Consultazione della Confederazione sulla modifica dell\u2019ordinanza sull\u2019assicurazione malattie","og_url":"https:\/\/ergotherapie.ch\/fr\/consultazione-della-confederazione-sulla-modifica-dellordinanza-sullassicurazione-malattie\/","og_site_name":"Ergotherapie-Verband","article_modified_time":"2025-06-02T09:15:00+00:00","twitter_card":"summary_large_image","schema":{"@context":"https:\/\/schema.org","@graph":[{"@type":"WebPage","@id":"https:\/\/ergotherapie.ch\/fr\/consultazione-della-confederazione-sulla-modifica-dellordinanza-sullassicurazione-malattie\/","url":"https:\/\/ergotherapie.ch\/fr\/consultazione-della-confederazione-sulla-modifica-dellordinanza-sullassicurazione-malattie\/","name":"Consultazione della Confederazione sulla modifica dell\u2019ordinanza sull\u2019assicurazione malattie - Ergotherapie-Verband","isPartOf":{"@id":"https:\/\/ergotherapie.ch\/fr\/#website"},"datePublished":"2025-06-02T09:14:55+00:00","dateModified":"2025-06-02T09:15:00+00:00","breadcrumb":{"@id":"https:\/\/ergotherapie.ch\/fr\/consultazione-della-confederazione-sulla-modifica-dellordinanza-sullassicurazione-malattie\/#breadcrumb"},"inLanguage":"fr-FR","potentialAction":[{"@type":"ReadAction","target":["https:\/\/ergotherapie.ch\/fr\/consultazione-della-confederazione-sulla-modifica-dellordinanza-sullassicurazione-malattie\/"]}]},{"@type":"BreadcrumbList","@id":"https:\/\/ergotherapie.ch\/fr\/consultazione-della-confederazione-sulla-modifica-dellordinanza-sullassicurazione-malattie\/#breadcrumb","itemListElement":[{"@type":"ListItem","position":1,"name":"Home","item":"https:\/\/ergotherapie.ch\/fr\/"},{"@type":"ListItem","position":2,"name":"Consultazione della Confederazione sulla modifica dell\u2019ordinanza sull\u2019assicurazione malattie"}]},{"@type":"WebSite","@id":"https:\/\/ergotherapie.ch\/fr\/#website","url":"https:\/\/ergotherapie.ch\/fr\/","name":"Ergotherapie-Verband","description":"","potentialAction":[{"@type":"SearchAction","target":{"@type":"EntryPoint","urlTemplate":"https:\/\/ergotherapie.ch\/fr\/?s={search_term_string}"},"query-input":{"@type":"PropertyValueSpecification","valueRequired":true,"valueName":"search_term_string"}}],"inLanguage":"fr-FR"}]}},"_links":{"self":[{"href":"https:\/\/ergotherapie.ch\/fr\/wp-json\/wp\/v2\/pages\/14887","targetHints":{"allow":["GET"]}}],"collection":[{"href":"https:\/\/ergotherapie.ch\/fr\/wp-json\/wp\/v2\/pages"}],"about":[{"href":"https:\/\/ergotherapie.ch\/fr\/wp-json\/wp\/v2\/types\/page"}],"author":[{"embeddable":true,"href":"https:\/\/ergotherapie.ch\/fr\/wp-json\/wp\/v2\/users\/4"}],"replies":[{"embeddable":true,"href":"https:\/\/ergotherapie.ch\/fr\/wp-json\/wp\/v2\/comments?post=14887"}],"version-history":[{"count":1,"href":"https:\/\/ergotherapie.ch\/fr\/wp-json\/wp\/v2\/pages\/14887\/revisions"}],"predecessor-version":[{"id":14888,"href":"https:\/\/ergotherapie.ch\/fr\/wp-json\/wp\/v2\/pages\/14887\/revisions\/14888"}],"wp:attachment":[{"href":"https:\/\/ergotherapie.ch\/fr\/wp-json\/wp\/v2\/media?parent=14887"}],"curies":[{"name":"wp","href":"https:\/\/api.w.org\/{rel}","templated":true}]}}