{"id":17990,"date":"2025-07-03T13:37:06","date_gmt":"2025-07-03T11:37:06","guid":{"rendered":"https:\/\/ergotherapie.ch\/?page_id=17990"},"modified":"2025-08-26T11:26:34","modified_gmt":"2025-08-26T09:26:34","slug":"actualites-de-la-recherche","status":"publish","type":"page","link":"https:\/\/ergotherapie.ch\/fr\/actualites-de-la-recherche\/","title":{"rendered":"Actualit\u00e9s de la recherche"},"content":{"rendered":"<div id=\"hero-with-arc\">\n    <div class=\"container-fluid\">\n        <div class=\"hero-with-arc-art\">\n            <img decoding=\"async\" src=\"https:\/\/ergotherapie.ch\/wp-content\/themes\/ergo-theme\/assets\/images\/header_arc.svg\" alt=\"Arc\" \/>\n        <\/div>\n        <div class=\"hw-content\">\n            <div class=\"hw-content-editor-wrapper\">\n                <h2>Actualit\u00e9s de la recherche<\/h2>\n<p>Sur cette page, nous vous informons des derni\u00e8res directives, des r\u00e9sultats de recherche et des r\u00e9sultats d&rsquo;enqu\u00eates.<\/p>\n                            <\/div>\n        <\/div>\n    <\/div>\n<\/div>\n\n\n<div         class=\"wysiwyg padding-none  \">\n    <div class=\"container-fluid\">\n        <div class=\"wysiwyg-inner-container\">\n            <h3>Projet SCOHPICA<\/h3>\n<p>Gr\u00e2ce \u00e0 l&rsquo;engagement des associations suisses, r\u00e9gionales et cantonales et d&rsquo;autres entit\u00e9s, ainsi que de leurs membres et r\u00e9seaux, l&rsquo;\u00e9quipe du projet a pu collecter des donn\u00e9es importantes.<br \/>\nLe tableau de bord interactif pr\u00e9sentant les r\u00e9sultats globaux pour 2022 et 2023 est d\u00e9sormais disponible:<br \/>\n<a href=\"https:\/\/scohpica.ch\/proche-aidant\/resultats\/\" target=\"_blank\" rel=\"noopener\">Tableau de bord SCOHPICA<\/a><\/p>\n<p>Le tableau de bord permet de visualiser les r\u00e9sultats de tous les participants selon diff\u00e9rents crit\u00e8res (profession, \u00e2ge, sexe, etc.) afin d&rsquo;obtenir une am\u00e9lioration continue et de fournir un retour d&rsquo;information aux professionnels sur le terrain.<\/p>\n<p><strong>Le prochain recrutement de professionnels de sant\u00e9 d\u00e9butera le 1er octobre 2025. L&rsquo;\u00e9quipe compte \u00e0 nouveau sur votre soutien pour diffuser l&rsquo;information au sein de vos r\u00e9seaux.<\/strong><\/p>\n<p>Contact: <a href=\"mailto:scohpica@unisante.ch\" target=\"_blank\" rel=\"noopener\">scohpica@unisante.ch<\/a><\/p>\n        <\/div>\n    <\/div>\n<\/div>\n","protected":false},"excerpt":{"rendered":"","protected":false},"author":4,"featured_media":0,"parent":0,"menu_order":0,"comment_status":"closed","ping_status":"closed","template":"","meta":{"_acf_changed":false,"footnotes":""},"class_list":["post-17990","page","type-page","status-publish","hentry"],"acf":[],"yoast_head":"<!-- This site is optimized with the Yoast SEO Premium plugin v27.4 (Yoast SEO v27.4) - https:\/\/yoast.com\/product\/yoast-seo-premium-wordpress\/ -->\n<title>Actualit\u00e9s de la recherche - Ergotherapie-Verband<\/title>\n<meta name=\"robots\" content=\"index, follow, max-snippet:-1, max-image-preview:large, max-video-preview:-1\" \/>\n<link rel=\"canonical\" href=\"https:\/\/ergotherapie.ch\/fr\/actualites-de-la-recherche\/\" \/>\n<meta property=\"og:locale\" content=\"fr_FR\" \/>\n<meta property=\"og:type\" content=\"article\" \/>\n<meta property=\"og:title\" content=\"Actualit\u00e9s de la recherche\" \/>\n<meta property=\"og:url\" content=\"https:\/\/ergotherapie.ch\/fr\/actualites-de-la-recherche\/\" \/>\n<meta property=\"og:site_name\" content=\"Ergotherapie-Verband\" \/>\n<meta property=\"article:modified_time\" content=\"2025-08-26T09:26:34+00:00\" \/>\n<meta name=\"twitter:card\" content=\"summary_large_image\" \/>\n<script type=\"application\/ld+json\" class=\"yoast-schema-graph\">{\"@context\":\"https:\\\/\\\/schema.org\",\"@graph\":[{\"@type\":\"WebPage\",\"@id\":\"https:\\\/\\\/ergotherapie.ch\\\/fr\\\/actualites-de-la-recherche\\\/\",\"url\":\"https:\\\/\\\/ergotherapie.ch\\\/fr\\\/actualites-de-la-recherche\\\/\",\"name\":\"Actualit\u00e9s de la recherche - Ergotherapie-Verband\",\"isPartOf\":{\"@id\":\"https:\\\/\\\/ergotherapie.ch\\\/fr\\\/#website\"},\"datePublished\":\"2025-07-03T11:37:06+00:00\",\"dateModified\":\"2025-08-26T09:26:34+00:00\",\"breadcrumb\":{\"@id\":\"https:\\\/\\\/ergotherapie.ch\\\/fr\\\/actualites-de-la-recherche\\\/#breadcrumb\"},\"inLanguage\":\"fr-FR\",\"potentialAction\":[{\"@type\":\"ReadAction\",\"target\":[\"https:\\\/\\\/ergotherapie.ch\\\/fr\\\/actualites-de-la-recherche\\\/\"]}]},{\"@type\":\"BreadcrumbList\",\"@id\":\"https:\\\/\\\/ergotherapie.ch\\\/fr\\\/actualites-de-la-recherche\\\/#breadcrumb\",\"itemListElement\":[{\"@type\":\"ListItem\",\"position\":1,\"name\":\"Home\",\"item\":\"https:\\\/\\\/ergotherapie.ch\\\/fr\\\/\"},{\"@type\":\"ListItem\",\"position\":2,\"name\":\"Actualit\u00e9s de la recherche\"}]},{\"@type\":\"WebSite\",\"@id\":\"https:\\\/\\\/ergotherapie.ch\\\/fr\\\/#website\",\"url\":\"https:\\\/\\\/ergotherapie.ch\\\/fr\\\/\",\"name\":\"Ergotherapie-Verband\",\"description\":\"\",\"potentialAction\":[{\"@type\":\"SearchAction\",\"target\":{\"@type\":\"EntryPoint\",\"urlTemplate\":\"https:\\\/\\\/ergotherapie.ch\\\/fr\\\/?s={search_term_string}\"},\"query-input\":{\"@type\":\"PropertyValueSpecification\",\"valueRequired\":true,\"valueName\":\"search_term_string\"}}],\"inLanguage\":\"fr-FR\"}]}<\/script>\n<!-- \/ Yoast SEO Premium plugin. -->","yoast_head_json":{"title":"Actualit\u00e9s de la recherche - Ergotherapie-Verband","robots":{"index":"index","follow":"follow","max-snippet":"max-snippet:-1","max-image-preview":"max-image-preview:large","max-video-preview":"max-video-preview:-1"},"canonical":"https:\/\/ergotherapie.ch\/fr\/actualites-de-la-recherche\/","og_locale":"fr_FR","og_type":"article","og_title":"Actualit\u00e9s de la recherche","og_url":"https:\/\/ergotherapie.ch\/fr\/actualites-de-la-recherche\/","og_site_name":"Ergotherapie-Verband","article_modified_time":"2025-08-26T09:26:34+00:00","twitter_card":"summary_large_image","schema":{"@context":"https:\/\/schema.org","@graph":[{"@type":"WebPage","@id":"https:\/\/ergotherapie.ch\/fr\/actualites-de-la-recherche\/","url":"https:\/\/ergotherapie.ch\/fr\/actualites-de-la-recherche\/","name":"Actualit\u00e9s de la recherche - Ergotherapie-Verband","isPartOf":{"@id":"https:\/\/ergotherapie.ch\/fr\/#website"},"datePublished":"2025-07-03T11:37:06+00:00","dateModified":"2025-08-26T09:26:34+00:00","breadcrumb":{"@id":"https:\/\/ergotherapie.ch\/fr\/actualites-de-la-recherche\/#breadcrumb"},"inLanguage":"fr-FR","potentialAction":[{"@type":"ReadAction","target":["https:\/\/ergotherapie.ch\/fr\/actualites-de-la-recherche\/"]}]},{"@type":"BreadcrumbList","@id":"https:\/\/ergotherapie.ch\/fr\/actualites-de-la-recherche\/#breadcrumb","itemListElement":[{"@type":"ListItem","position":1,"name":"Home","item":"https:\/\/ergotherapie.ch\/fr\/"},{"@type":"ListItem","position":2,"name":"Actualit\u00e9s de la recherche"}]},{"@type":"WebSite","@id":"https:\/\/ergotherapie.ch\/fr\/#website","url":"https:\/\/ergotherapie.ch\/fr\/","name":"Ergotherapie-Verband","description":"","potentialAction":[{"@type":"SearchAction","target":{"@type":"EntryPoint","urlTemplate":"https:\/\/ergotherapie.ch\/fr\/?s={search_term_string}"},"query-input":{"@type":"PropertyValueSpecification","valueRequired":true,"valueName":"search_term_string"}}],"inLanguage":"fr-FR"}]}},"_links":{"self":[{"href":"https:\/\/ergotherapie.ch\/fr\/wp-json\/wp\/v2\/pages\/17990","targetHints":{"allow":["GET"]}}],"collection":[{"href":"https:\/\/ergotherapie.ch\/fr\/wp-json\/wp\/v2\/pages"}],"about":[{"href":"https:\/\/ergotherapie.ch\/fr\/wp-json\/wp\/v2\/types\/page"}],"author":[{"embeddable":true,"href":"https:\/\/ergotherapie.ch\/fr\/wp-json\/wp\/v2\/users\/4"}],"replies":[{"embeddable":true,"href":"https:\/\/ergotherapie.ch\/fr\/wp-json\/wp\/v2\/comments?post=17990"}],"version-history":[{"count":1,"href":"https:\/\/ergotherapie.ch\/fr\/wp-json\/wp\/v2\/pages\/17990\/revisions"}],"predecessor-version":[{"id":17992,"href":"https:\/\/ergotherapie.ch\/fr\/wp-json\/wp\/v2\/pages\/17990\/revisions\/17992"}],"wp:attachment":[{"href":"https:\/\/ergotherapie.ch\/fr\/wp-json\/wp\/v2\/media?parent=17990"}],"curies":[{"name":"wp","href":"https:\/\/api.w.org\/{rel}","templated":true}]}}