{"id":17999,"date":"2024-12-23T22:32:52","date_gmt":"2024-12-23T20:32:52","guid":{"rendered":"https:\/\/ergotherapie.ch\/?page_id=17999"},"modified":"2026-04-13T13:44:19","modified_gmt":"2026-04-13T11:44:19","slug":"pratique-fondee-sur-des-preuves","status":"publish","type":"page","link":"https:\/\/ergotherapie.ch\/fr\/pratique-fondee-sur-des-preuves\/","title":{"rendered":"Pratique fond\u00e9e sur des preuves"},"content":{"rendered":"<div  class=\"inner-page-hero \">\n    <div class=\"container-fluid\">\n        <div class=\"inner-page-hero-inner-container\">\n            <div class=\"inner-page-hero-picture \">\n                                    <div style=\"background-image: url('https:\/\/ergotherapie.ch\/wp-content\/uploads\/2025\/03\/AdobeStock_1232114648-1200x800.jpeg')\">\n                        <img decoding=\"async\" width=\"189\" height=\"189\" loading=\"lazy\"\n                             src=\"https:\/\/ergotherapie.ch\/wp-content\/themes\/ergo-theme\/assets\/images\/person_photo_placeholder_cutted.png\" alt=\"Placeholder\" class=\"img-fluid\"\/>\n                    <\/div>\n                            <\/div>\n            <div class=\"inner-page-content \">\n                <h2>Pratique fond\u00e9e sur les preuves \u2013 Evidence based practice (EBP)<\/h2>\n<p>Il existe de nombreuses possibilit\u00e9s de se former gratuitement au sujet de l&rsquo;EBP ou de trouver des r\u00e9sum\u00e9s d&rsquo;articles de recherche pertinents. Nous avons parcouru Internet pour vous et r\u00e9pertori\u00e9 ci-dessous quelques sites web recommand\u00e9s. Nous mettons \u00e9galement \u00e0 votre disposition des articles publi\u00e9s dans les revues ERGO et ergosciene au format PDF.<\/p>\n                            <\/div>\n        <\/div>\n    <\/div>\n<\/div>\n\n\n<div         class=\"wysiwyg padding-medium  \">\n    <div class=\"container-fluid\">\n        <div class=\"wysiwyg-inner-container\">\n            <h3>Acc\u00e8s gratuit \u00e0 la Cochrane Library en Suisse<\/h3>\n<p>Les revues du r\u00e9seau Cochrane sont reconnues internationalement comme une norme de qualit\u00e9 dans les soins de sant\u00e9 fond\u00e9s sur des preuves et refl\u00e8tent l&rsquo;\u00e9tat actuel des connaissances. Gr\u00e2ce \u00e0 une licence nationale, tous les Suisses ont acc\u00e8s gratuitement \u00e0 cette base de donn\u00e9es.<\/p>\n<p><a href=\"http:\/\/www.cochranelibrary.com\/\">Cochrane Library<\/a><\/p>\n<p>&nbsp;<\/p>\n<h4>Qui se cache derri\u00e8re Cochrane ?<\/h4>\n<p>Cochrane est une organisation ind\u00e9pendante \u00e0 but non lucratif qui compte plus de 30 000 membres dans le monde entier. L&rsquo;objectif principal de l&rsquo;organisation est de collecter et d&rsquo;\u00e9valuer les r\u00e9sultats d&rsquo;\u00e9tudes cliniques et de les synth\u00e9tiser dans des revues syst\u00e9matiques (revues Cochrane). Ces revues sont publi\u00e9es dans la Cochrane Library et sont accessibles dans le monde entier. Les donn\u00e9es factuelles qui en r\u00e9sultent ont pour but d&rsquo;aider les professionnels de la sant\u00e9, les patient\u00b7e\u00b7s et les autres d\u00e9cideurs dans leurs d\u00e9cisions m\u00e9dicales et d&rsquo;am\u00e9liorer ainsi la qualit\u00e9 des soins de sant\u00e9.<\/p>\n<h4>Autres bases de donn\u00e9es<\/h4>\n<p>Vous trouverez une s\u00e9lection de bases de donn\u00e9es pour le secteur de la sant\u00e9 sous le lien ci-dessous. Certaines d&rsquo;entre elles sont librement accessibles.<\/p>\n<p><a href=\"https:\/\/www.zhaw.ch\/de\/hochschulbibliothek\/recherchehilfe-kurse\/fachinformation-gesundheit\">Page d&rsquo;accueil ZHAW sur les bases de donn\u00e9es<\/a><\/p>\n<p>&nbsp;<\/p>\n        <\/div>\n    <\/div>\n<\/div>\n\n\n<div         class=\"wysiwyg padding-small  \">\n    <div class=\"container-fluid\">\n        <div class=\"wysiwyg-inner-container\">\n            <h3>Directives ou lignes directrices<\/h3>\n<p>Les directives ou lignes directrices contiennent g\u00e9n\u00e9ralement un r\u00e9sum\u00e9 des r\u00e9sultats de recherche pertinents, les opinions consensuelles d&rsquo;un comit\u00e9 d&rsquo;experts et des conclusions\/recommandations concr\u00e8tes pour la pratique, par exemple sur l&rsquo;enregistrement, le diagnostic et le traitement interdisciplinaires d&rsquo;une maladie ou d&rsquo;un sympt\u00f4me.<\/p>\n<p>&nbsp;<\/p>\n<p><strong>International:<\/strong><\/p>\n<p><a href=\"http:\/\/www.guideline.gov\/\">www.guideline.gov<\/a><\/p>\n<p><a href=\"http:\/\/www.psychiatryonline.org\/guidelines\">Psychiatry online<\/a><\/p>\n<p>&nbsp;<\/p>\n<p><strong>Sp\u00e9cifiquement pour l&rsquo;ergoth\u00e9rapie (en anglais):<\/strong><\/p>\n<p><a href=\"https:\/\/www.rcot.co.uk\/explore-resources\/standards-guidelines\/rcot-practice-guidelines\">RCOT Practice Guidelines<\/a><\/p>\n<p>&nbsp;<\/p>\n<p><strong>Guides de pratique et recommandations:<\/strong><\/p>\n<p><a href=\"https:\/\/www.oeq.org\/publications\/documents-professionnels\/normes-d-exercices-et-guides.html\" target=\"_blank\" rel=\"noopener\">Ordre des ergoth\u00e9rapeutes du Qu\u00e9bec<\/a><\/p>\n<p><a href=\"https:\/\/www.has-sante.fr\/jcms\/fc_2875171\/fr\/resultat-de-recherche\" target=\"_blank\" rel=\"noopener\">Haute Autorit\u00e9 de Sant\u00e9<\/a><\/p>\n<p>&nbsp;<\/p>\n<p><strong>Ressources professionnelles:<\/strong><\/p>\n<p><a href=\"https:\/\/caot.ca\/site\/prac-res\/documents?language=fr_FR\" target=\"_blank\" rel=\"noopener\">Canadian Association of Occupational Therapists<\/a><\/p>\n<p><a href=\"https:\/\/anfe.fr\/recommandation-professionnelle\/\" target=\"_blank\" rel=\"noopener\">Association Nationale Fran\u00e7aise des Ergoth\u00e9rapeutes<\/a><\/p>\n<p><strong>Recherche et publications:<\/strong><\/p>\n<p><a href=\"https:\/\/www.rfre.org\" target=\"_blank\" rel=\"noopener\">Revue Francophone de Recherche en Ergoth\u00e9rapie<\/a><\/p>\n<p><a href=\"https:\/\/anfe.fr\/revue\/\" target=\"_blank\" rel=\"noopener\">Association Nationale Fran\u00e7aise des Ergoth\u00e9rapeutes (revue ergOTh\u00e9rapies)<\/a><\/p>\n<p><strong>Recherche documentaire suppl\u00e9mentaire:<\/strong><\/p>\n<p><a href=\"https:\/\/numerique.banq.qc.ca\/resultats\" target=\"_blank\" rel=\"noopener\">Biblioth\u00e8que et Archives nationales du Qu\u00e9bec<\/a><br \/>\n<u><\/u><\/p>\n<p>&nbsp;<\/p>\n        <\/div>\n    <\/div>\n<\/div>\n\n\n<div         class=\"wysiwyg padding-small  \">\n    <div class=\"container-fluid\">\n        <div class=\"wysiwyg-inner-container\">\n            <h3>Articles tir\u00e9s de la revue ergoscience<\/h3>\n<p>ergoscience est une revue scientifique sp\u00e9cialis\u00e9e dans l&rsquo;ergoth\u00e9rapie, publi\u00e9e par la maison d&rsquo;\u00e9dition allemande Schulz Kirchner-Verlag. Vous trouverez ci-dessous quelques r\u00e9sultats de recherche pertinents pour la pratique, publi\u00e9s dans ergoscience.<\/p>\n<p><a href=\"https:\/\/www.skvshop.de\/fachzeitschrift-ergoscience.html\">\u00c0 propos de la revue sp\u00e9cialis\u00e9e ergoscience<\/a><\/p>\n<p>Depuis le num\u00e9ro 3|25, l&rsquo;ASE publie dans sa propre revue <a href=\"https:\/\/ergotherapie.ch\/verband\/pr-media\/ergo-magazin\/\">ERGO<\/a>, dans la rubrique \u00abConnaissances \u00e0 emporter\u00bb, des r\u00e9sum\u00e9s d&rsquo;\u00e9tudes actuelles parues dans ergoscience.<\/p>\n        <\/div>\n    <\/div>\n<\/div>\n\n\n<div         class=\"wysiwyg padding-none  \">\n    <div class=\"container-fluid\">\n        <div class=\"wysiwyg-inner-container\">\n            <h3>M\u00e9moires et r\u00e9sum\u00e9s<\/h3>\n<p>Vous trouverez ici les m\u00e9moires et r\u00e9sum\u00e9s des dipl\u00f4m\u00e9s des formations continues en ergoth\u00e9rapie de la Haute \u00e9cole des sciences appliqu\u00e9es de Zurich \u00e0 Winterthur (ZHAW).<\/p>\n<p><a href=\"https:\/\/www.zhaw.ch\/de\/gesundheit\/institute-zentren\/ier\/weiterbildung\/abschlussarbeiten\/\">M\u00e9moires \u00e0 la ZHAW<\/a><\/p>\n<p>Une s\u00e9lection de m\u00e9moires de bachelor de l&rsquo;Institut d&rsquo;ergoth\u00e9rapie de la ZHAW peut \u00eatre consult\u00e9e et t\u00e9l\u00e9charg\u00e9e ici :<\/p>\n<p><a href=\"https:\/\/digitalcollection.zhaw.ch\/handle\/11475\/3\">Collection num\u00e9rique de la ZHAW<\/a><\/p>\n<p>Les m\u00e9moires et la litt\u00e9rature en italien de la Scuola universitaria professionale della Svizzera italiana (SUPSI) sont disponibles ici :<\/p>\n<p><a href=\"http:\/\/tesi.supsi.ch\/\">Portail de recherche SUPSI<\/a> ou dans le <a href=\"https:\/\/repository.supsi.ch\/\">r\u00e9f\u00e9rentiel<\/a><\/p>\n<p>Le lien suivant de la Haute \u00c9cole de travail social et de la sant\u00e9 \u00e0 Lausanne \/ VD m\u00e8ne directement au catalogue de la biblioth\u00e8que :<\/p>\n<p><a href=\"https:\/\/renouvaud1.primo.exlibrisgroup.com\/discovery\/search?vid=41BCULAUSA_LIB:VU2\" target=\"_blank\" rel=\"noopener\">Renouvaud<\/a><\/p>\n        <\/div>\n    <\/div>\n<\/div>\n\n\n<div         class=\"wysiwyg padding-none  \">\n    <div class=\"container-fluid\">\n        <div class=\"wysiwyg-inner-container\">\n            <h3><strong>Autres sources<\/strong><\/h3>\n<ul>\n<li><a href=\"https:\/\/ebp.dve.info\/\"><b>R\u00e9sum\u00e9s DVE<\/b><\/a><b> :<\/b> L&rsquo;association allemande d&rsquo;ergoth\u00e9rapie (DVE) met \u00e0 disposition des r\u00e9sum\u00e9s d&rsquo;\u00e9tudes provenant de diverses bases de donn\u00e9es en allemand.<\/li>\n<\/ul>\n<ul>\n<li>La <a href=\"http:\/\/www.otseeker.com\/Resources\/EvidenceBasedPractice.aspx\"><b>base de donn\u00e9es australienne OT Seeker<\/b><\/a> dispose d&rsquo;une collection tr\u00e8s claire d&rsquo;articles pertinents et d&rsquo;autres documents traitant du th\u00e8me de l&rsquo;EBP.<\/li>\n<\/ul>\n        <\/div>\n    <\/div>\n<\/div>\n","protected":false},"excerpt":{"rendered":"","protected":false},"author":4,"featured_media":0,"parent":0,"menu_order":0,"comment_status":"closed","ping_status":"closed","template":"","meta":{"_acf_changed":false,"footnotes":""},"class_list":["post-17999","page","type-page","status-publish","hentry"],"acf":[],"yoast_head":"<!-- This site is optimized with the Yoast SEO Premium plugin v27.4 (Yoast SEO v27.4) - https:\/\/yoast.com\/product\/yoast-seo-premium-wordpress\/ -->\n<title>Pratique fond\u00e9e sur des preuves - Ergotherapie-Verband<\/title>\n<meta name=\"robots\" content=\"index, follow, max-snippet:-1, max-image-preview:large, max-video-preview:-1\" \/>\n<link rel=\"canonical\" href=\"https:\/\/ergotherapie.ch\/fr\/pratique-fondee-sur-des-preuves\/\" \/>\n<meta property=\"og:locale\" content=\"fr_FR\" \/>\n<meta property=\"og:type\" content=\"article\" \/>\n<meta property=\"og:title\" content=\"Pratique fond\u00e9e sur des preuves\" \/>\n<meta property=\"og:url\" content=\"https:\/\/ergotherapie.ch\/fr\/pratique-fondee-sur-des-preuves\/\" \/>\n<meta property=\"og:site_name\" content=\"Ergotherapie-Verband\" \/>\n<meta property=\"article:modified_time\" content=\"2026-04-13T11:44:19+00:00\" \/>\n<meta name=\"twitter:card\" content=\"summary_large_image\" \/>\n<script type=\"application\/ld+json\" class=\"yoast-schema-graph\">{\"@context\":\"https:\\\/\\\/schema.org\",\"@graph\":[{\"@type\":\"WebPage\",\"@id\":\"https:\\\/\\\/ergotherapie.ch\\\/fr\\\/pratique-fondee-sur-des-preuves\\\/\",\"url\":\"https:\\\/\\\/ergotherapie.ch\\\/fr\\\/pratique-fondee-sur-des-preuves\\\/\",\"name\":\"Pratique fond\u00e9e sur des preuves - Ergotherapie-Verband\",\"isPartOf\":{\"@id\":\"https:\\\/\\\/ergotherapie.ch\\\/fr\\\/#website\"},\"datePublished\":\"2024-12-23T20:32:52+00:00\",\"dateModified\":\"2026-04-13T11:44:19+00:00\",\"breadcrumb\":{\"@id\":\"https:\\\/\\\/ergotherapie.ch\\\/fr\\\/pratique-fondee-sur-des-preuves\\\/#breadcrumb\"},\"inLanguage\":\"fr-FR\",\"potentialAction\":[{\"@type\":\"ReadAction\",\"target\":[\"https:\\\/\\\/ergotherapie.ch\\\/fr\\\/pratique-fondee-sur-des-preuves\\\/\"]}]},{\"@type\":\"BreadcrumbList\",\"@id\":\"https:\\\/\\\/ergotherapie.ch\\\/fr\\\/pratique-fondee-sur-des-preuves\\\/#breadcrumb\",\"itemListElement\":[{\"@type\":\"ListItem\",\"position\":1,\"name\":\"Home\",\"item\":\"https:\\\/\\\/ergotherapie.ch\\\/fr\\\/\"},{\"@type\":\"ListItem\",\"position\":2,\"name\":\"Pratique fond\u00e9e sur des preuves\"}]},{\"@type\":\"WebSite\",\"@id\":\"https:\\\/\\\/ergotherapie.ch\\\/fr\\\/#website\",\"url\":\"https:\\\/\\\/ergotherapie.ch\\\/fr\\\/\",\"name\":\"Ergotherapie-Verband\",\"description\":\"\",\"potentialAction\":[{\"@type\":\"SearchAction\",\"target\":{\"@type\":\"EntryPoint\",\"urlTemplate\":\"https:\\\/\\\/ergotherapie.ch\\\/fr\\\/?s={search_term_string}\"},\"query-input\":{\"@type\":\"PropertyValueSpecification\",\"valueRequired\":true,\"valueName\":\"search_term_string\"}}],\"inLanguage\":\"fr-FR\"}]}<\/script>\n<!-- \/ Yoast SEO Premium plugin. -->","yoast_head_json":{"title":"Pratique fond\u00e9e sur des preuves - Ergotherapie-Verband","robots":{"index":"index","follow":"follow","max-snippet":"max-snippet:-1","max-image-preview":"max-image-preview:large","max-video-preview":"max-video-preview:-1"},"canonical":"https:\/\/ergotherapie.ch\/fr\/pratique-fondee-sur-des-preuves\/","og_locale":"fr_FR","og_type":"article","og_title":"Pratique fond\u00e9e sur des preuves","og_url":"https:\/\/ergotherapie.ch\/fr\/pratique-fondee-sur-des-preuves\/","og_site_name":"Ergotherapie-Verband","article_modified_time":"2026-04-13T11:44:19+00:00","twitter_card":"summary_large_image","schema":{"@context":"https:\/\/schema.org","@graph":[{"@type":"WebPage","@id":"https:\/\/ergotherapie.ch\/fr\/pratique-fondee-sur-des-preuves\/","url":"https:\/\/ergotherapie.ch\/fr\/pratique-fondee-sur-des-preuves\/","name":"Pratique fond\u00e9e sur des preuves - Ergotherapie-Verband","isPartOf":{"@id":"https:\/\/ergotherapie.ch\/fr\/#website"},"datePublished":"2024-12-23T20:32:52+00:00","dateModified":"2026-04-13T11:44:19+00:00","breadcrumb":{"@id":"https:\/\/ergotherapie.ch\/fr\/pratique-fondee-sur-des-preuves\/#breadcrumb"},"inLanguage":"fr-FR","potentialAction":[{"@type":"ReadAction","target":["https:\/\/ergotherapie.ch\/fr\/pratique-fondee-sur-des-preuves\/"]}]},{"@type":"BreadcrumbList","@id":"https:\/\/ergotherapie.ch\/fr\/pratique-fondee-sur-des-preuves\/#breadcrumb","itemListElement":[{"@type":"ListItem","position":1,"name":"Home","item":"https:\/\/ergotherapie.ch\/fr\/"},{"@type":"ListItem","position":2,"name":"Pratique fond\u00e9e sur des preuves"}]},{"@type":"WebSite","@id":"https:\/\/ergotherapie.ch\/fr\/#website","url":"https:\/\/ergotherapie.ch\/fr\/","name":"Ergotherapie-Verband","description":"","potentialAction":[{"@type":"SearchAction","target":{"@type":"EntryPoint","urlTemplate":"https:\/\/ergotherapie.ch\/fr\/?s={search_term_string}"},"query-input":{"@type":"PropertyValueSpecification","valueRequired":true,"valueName":"search_term_string"}}],"inLanguage":"fr-FR"}]}},"_links":{"self":[{"href":"https:\/\/ergotherapie.ch\/fr\/wp-json\/wp\/v2\/pages\/17999","targetHints":{"allow":["GET"]}}],"collection":[{"href":"https:\/\/ergotherapie.ch\/fr\/wp-json\/wp\/v2\/pages"}],"about":[{"href":"https:\/\/ergotherapie.ch\/fr\/wp-json\/wp\/v2\/types\/page"}],"author":[{"embeddable":true,"href":"https:\/\/ergotherapie.ch\/fr\/wp-json\/wp\/v2\/users\/4"}],"replies":[{"embeddable":true,"href":"https:\/\/ergotherapie.ch\/fr\/wp-json\/wp\/v2\/comments?post=17999"}],"version-history":[{"count":4,"href":"https:\/\/ergotherapie.ch\/fr\/wp-json\/wp\/v2\/pages\/17999\/revisions"}],"predecessor-version":[{"id":22998,"href":"https:\/\/ergotherapie.ch\/fr\/wp-json\/wp\/v2\/pages\/17999\/revisions\/22998"}],"wp:attachment":[{"href":"https:\/\/ergotherapie.ch\/fr\/wp-json\/wp\/v2\/media?parent=17999"}],"curies":[{"name":"wp","href":"https:\/\/api.w.org\/{rel}","templated":true}]}}