{"id":18009,"date":"2025-07-03T15:02:38","date_gmt":"2025-07-03T13:02:38","guid":{"rendered":"https:\/\/ergotherapie.ch\/?page_id=18009"},"modified":"2025-12-17T15:23:11","modified_gmt":"2025-12-17T13:23:11","slug":"reseau-recherche","status":"publish","type":"page","link":"https:\/\/ergotherapie.ch\/fr\/reseau-recherche\/","title":{"rendered":"R\u00e9seau recherche"},"content":{"rendered":"<div  class=\"inner-page-hero \">\n    <div class=\"container-fluid\">\n        <div class=\"inner-page-hero-inner-container\">\n            <div class=\"inner-page-hero-picture no-picture\">\n                            <\/div>\n            <div class=\"inner-page-content inner-page-content-no-picture\">\n                <h2>R\u00e9seau recherche<\/h2>\n<p>Vous souhaitez partager vos connaissances et \u00e9changer avec des personnes qui partagent les m\u00eames id\u00e9es? Augmenter votre visibilit\u00e9? \u00catre inform\u00e9 des rencontres de r\u00e9seautage, \u00e9v\u00e9nements ou pr\u00e9sentations int\u00e9ressants?<\/p>\n<p>Alors vous \u00eates au bon endroit: cette page est enti\u00e8rement consacr\u00e9e au r\u00e9seautage.<\/p>\n<p>&nbsp;<\/p>\n                            <\/div>\n        <\/div>\n    <\/div>\n<\/div>\n\n\n<div         class=\"wysiwyg padding-large  \">\n    <div class=\"container-fluid\">\n        <div class=\"wysiwyg-inner-container\">\n            <h3>Friends of ROTOSResearch in Occupational Therapy and Occupational Science Foundation (Fondation pour la recherche en ergoth\u00e9rapie et en sciences de l&rsquo;action)<\/h3>\n<p><a href=\"https:\/\/www.rotosfoundation.eu\/\" target=\"_blank\" rel=\"noopener\">ROTOS<\/a> est une fondation n\u00e9erlandaise enregistr\u00e9e dont l&rsquo;objectif est de renforcer la recherche en ergoth\u00e9rapie et en sciences de l&rsquo;action en Europe. Elle a \u00e9t\u00e9 fond\u00e9e le 11 mars 2020 et est un partenaire \u00e0 part enti\u00e8re au sein d&rsquo;OT-Europe, aux c\u00f4t\u00e9s de COTEC et ENOTHE.<\/p>\n<p><strong>Vision et mission<\/strong><\/p>\n<ul>\n<li>Vision de ROTOS : am\u00e9liorer la qualit\u00e9 de vie de la population europ\u00e9enne en d\u00e9fendant avec force les avantages de la recherche en ergoth\u00e9rapie et en sciences de l&rsquo;action.<\/li>\n<li>Mission : mettre en r\u00e9seau les ergoth\u00e9rapeutes et les chercheurs en Europe afin de maximiser l&rsquo;impact de leurs recherches.<\/li>\n<\/ul>\n<p>L&rsquo;ASE est membre \u00ab Friend of ROTOS \u00bb et soutient ainsi le projet ROTOS. Vous pouvez \u00e9galement rejoindre la communaut\u00e9 ROTOS en cr\u00e9ant un compte utilisateur et obtenir ainsi un acc\u00e8s direct aux derniers d\u00e9veloppements et r\u00e9seaux.<\/p>\n<p><a href=\"https:\/\/www.rotosfoundation.eu\/2024\/05\/06\/friends-area\/\" target=\"_blank\" rel=\"noopener\">Rejoindre la communaut\u00e9<\/a><\/p>\n        <\/div>\n    <\/div>\n<\/div>\n\n\n    <div class=\"section-downloads \">\n        <div class=\"container-fluid\">\n                            <div class=\"content-above\">\n                    <h3>ENOTHE: participation des \u00e9tudiant\u00b7e\u00b7s en ergoth\u00e9rapie de la HETSL au congr\u00e8s<\/h3>\n<p>Nous sommes six \u00e9tudiant\u00b7e\u00b7s en troisi\u00e8me ann\u00e9e de Bachelor en ergoth\u00e9rapie et avons eu la chance de participer au congr\u00e8s europ\u00e9en d&rsquo;ergoth\u00e9rapie (ENOTHE) sur le th\u00e8me qui s\u2019intutile \u00ab<em>Occupational Therapy Education: fostering global citizenship and partnerships<\/em>\u00bb, organis\u00e9 \u00e0 Coimbra, au Portugal.<\/p>\n<p>Dans le cadre de cet \u00e9v\u00e9nement, nous avons r\u00e9alis\u00e9, par bin\u00f4me, des posters en lien avec les th\u00e9matiques du congr\u00e8s. Nos recherches ont port\u00e9 sur entre autres sur des sujets vari\u00e9s tels que : l&rsquo;aide humanitaire, un projet de jardin communautaire pour les r\u00e9fugi\u00e9\u00b7e\u00b7s ou les technologies d&rsquo;assistance favorisant la pratique sportive des personnes pr\u00e9sentant une d\u00e9ficience visuelle<\/p>\n<p>Vous pouvez t\u00e9l\u00e9charger notre rapport ci-dessous.<\/p>\n<p>Julia Crescenti, Julie Luzi, Vanessa Pereira, Elisa Schnyder, Basil Roth, L\u00e9a Segessenmann<\/p>\n                                    <\/div>\n                                        <h2 class=\"downloads-title\">\n                                    <\/h2>\n\n                                                            <form class=\"section-download-form\" action=\"\">\n                            <input type=\"text\" placeholder=\"Suche\"\/>\n                            <button type=\"submit\">\n                                <svg xmlns=\"http:\/\/www.w3.org\/2000\/svg\" width=\"24.869\" height=\"24.875\" viewBox=\"0 0 24.869 24.875\">\n  <g id=\"973_x32_-Magnifying_Glass\" transform=\"translate(-7.129 -7.125)\">\n    <path id=\"973Path_29\" data-name=\"Path 29\" d=\"M31.566,29.484,26.786,24.7A10.979,10.979,0,1,0,24.7,26.788l4.781,4.781a1.474,1.474,0,1,0,2.084-2.084Zm-19.15-5.745a8,8,0,1,1,5.66,2.345A8.015,8.015,0,0,1,12.416,23.738Z\" fill=\"#393939\"\/>\n  <\/g>\n<\/svg>\n                            <\/button>\n                        <\/form>\n                                    \n                <div class=\"downloads-feed\">\n                                            <div class=\"one-download\">\n                            <div>\n                                <strong>\n                                                                        <a target=\"_blank\"\n                                       class=\"the-download-lik \"\n                                       href=\"https:\/\/ergotherapie.ch\/fr\/?download_file=19657\">\n                                        2025_ENOTHE congr\u00e8s_rapport \u00e9tudiant\u00b7e\u00b7s HETSL                                    <\/a>\n                                <\/strong>\n                            <\/div>\n                            <div>\n                                <strong>\n                                    pdf                                <\/strong>\n                            <\/div>\n                            <div>\n                                                                    <a target=\"_blank\"\n                                       href=\"https:\/\/ergotherapie.ch\/fr\/?download_file=19657\">\n                                        <svg id=\"9589Group_1085\" data-name=\"Group 1085\" xmlns=\"http:\/\/www.w3.org\/2000\/svg\" xmlns:xlink=\"http:\/\/www.w3.org\/1999\/xlink\" width=\"30.5\" height=\"39.5\" viewBox=\"0 0 30.5 39.5\">\n  <defs>\n    <clipPath id=\"9589clip-path\">\n      <rect id=\"9589Rectangle_357\" data-name=\"Rectangle 357\" width=\"30.5\" height=\"39.5\" fill=\"none\"\/>\n    <\/clipPath>\n  <\/defs>\n  <g id=\"9589Group_1083\" data-name=\"Group 1083\" clip-path=\"url(#9589clip-path)\">\n    <path id=\"9589Path_1043\" data-name=\"Path 1043\" d=\"M26.948,19.7,15.219,31.427,3.495,19.7\" fill=\"none\" stroke=\"#d3006a\" stroke-miterlimit=\"10\" stroke-width=\"2.5\"\/>\n    <line id=\"9589Line_79\" data-name=\"Line 79\" y2=\"30.5\" transform=\"translate(15.221)\" fill=\"none\" stroke=\"#d3006a\" stroke-miterlimit=\"10\" stroke-width=\"2.5\"\/>\n    <line id=\"9589Line_80\" data-name=\"Line 80\" x1=\"30.5\" transform=\"translate(0 38.25)\" fill=\"none\" stroke=\"#d3006a\" stroke-miterlimit=\"10\" stroke-width=\"2.5\"\/>\n  <\/g>\n<\/svg>\n                                    <\/a>\n                                                                <\/div>\n                        <\/div>\n                                        <\/div>\n                                <p class=\"downloads-not-found\">\n                    Aucun t\u00e9l\u00e9chargement trouv\u00e9                <\/p>\n                    <\/div>\n    <\/div>\n","protected":false},"excerpt":{"rendered":"","protected":false},"author":4,"featured_media":0,"parent":0,"menu_order":0,"comment_status":"closed","ping_status":"closed","template":"","meta":{"_acf_changed":false,"footnotes":""},"class_list":["post-18009","page","type-page","status-publish","hentry"],"acf":[],"yoast_head":"<!-- This site is optimized with the Yoast SEO Premium plugin v27.4 (Yoast SEO v27.4) - https:\/\/yoast.com\/product\/yoast-seo-premium-wordpress\/ -->\n<title>R\u00e9seau recherche - Ergotherapie-Verband<\/title>\n<meta name=\"robots\" content=\"index, follow, max-snippet:-1, max-image-preview:large, max-video-preview:-1\" \/>\n<link rel=\"canonical\" href=\"https:\/\/ergotherapie.ch\/fr\/reseau-recherche\/\" \/>\n<meta property=\"og:locale\" content=\"fr_FR\" \/>\n<meta property=\"og:type\" content=\"article\" \/>\n<meta property=\"og:title\" content=\"R\u00e9seau recherche\" \/>\n<meta property=\"og:url\" content=\"https:\/\/ergotherapie.ch\/fr\/reseau-recherche\/\" \/>\n<meta property=\"og:site_name\" content=\"Ergotherapie-Verband\" \/>\n<meta property=\"article:modified_time\" content=\"2025-12-17T13:23:11+00:00\" \/>\n<meta name=\"twitter:card\" content=\"summary_large_image\" \/>\n<script type=\"application\/ld+json\" class=\"yoast-schema-graph\">{\"@context\":\"https:\\\/\\\/schema.org\",\"@graph\":[{\"@type\":\"WebPage\",\"@id\":\"https:\\\/\\\/ergotherapie.ch\\\/fr\\\/reseau-recherche\\\/\",\"url\":\"https:\\\/\\\/ergotherapie.ch\\\/fr\\\/reseau-recherche\\\/\",\"name\":\"R\u00e9seau recherche - Ergotherapie-Verband\",\"isPartOf\":{\"@id\":\"https:\\\/\\\/ergotherapie.ch\\\/fr\\\/#website\"},\"datePublished\":\"2025-07-03T13:02:38+00:00\",\"dateModified\":\"2025-12-17T13:23:11+00:00\",\"breadcrumb\":{\"@id\":\"https:\\\/\\\/ergotherapie.ch\\\/fr\\\/reseau-recherche\\\/#breadcrumb\"},\"inLanguage\":\"fr-FR\",\"potentialAction\":[{\"@type\":\"ReadAction\",\"target\":[\"https:\\\/\\\/ergotherapie.ch\\\/fr\\\/reseau-recherche\\\/\"]}]},{\"@type\":\"BreadcrumbList\",\"@id\":\"https:\\\/\\\/ergotherapie.ch\\\/fr\\\/reseau-recherche\\\/#breadcrumb\",\"itemListElement\":[{\"@type\":\"ListItem\",\"position\":1,\"name\":\"Home\",\"item\":\"https:\\\/\\\/ergotherapie.ch\\\/fr\\\/\"},{\"@type\":\"ListItem\",\"position\":2,\"name\":\"R\u00e9seau recherche\"}]},{\"@type\":\"WebSite\",\"@id\":\"https:\\\/\\\/ergotherapie.ch\\\/fr\\\/#website\",\"url\":\"https:\\\/\\\/ergotherapie.ch\\\/fr\\\/\",\"name\":\"Ergotherapie-Verband\",\"description\":\"\",\"potentialAction\":[{\"@type\":\"SearchAction\",\"target\":{\"@type\":\"EntryPoint\",\"urlTemplate\":\"https:\\\/\\\/ergotherapie.ch\\\/fr\\\/?s={search_term_string}\"},\"query-input\":{\"@type\":\"PropertyValueSpecification\",\"valueRequired\":true,\"valueName\":\"search_term_string\"}}],\"inLanguage\":\"fr-FR\"}]}<\/script>\n<!-- \/ Yoast SEO Premium plugin. -->","yoast_head_json":{"title":"R\u00e9seau recherche - Ergotherapie-Verband","robots":{"index":"index","follow":"follow","max-snippet":"max-snippet:-1","max-image-preview":"max-image-preview:large","max-video-preview":"max-video-preview:-1"},"canonical":"https:\/\/ergotherapie.ch\/fr\/reseau-recherche\/","og_locale":"fr_FR","og_type":"article","og_title":"R\u00e9seau recherche","og_url":"https:\/\/ergotherapie.ch\/fr\/reseau-recherche\/","og_site_name":"Ergotherapie-Verband","article_modified_time":"2025-12-17T13:23:11+00:00","twitter_card":"summary_large_image","schema":{"@context":"https:\/\/schema.org","@graph":[{"@type":"WebPage","@id":"https:\/\/ergotherapie.ch\/fr\/reseau-recherche\/","url":"https:\/\/ergotherapie.ch\/fr\/reseau-recherche\/","name":"R\u00e9seau recherche - Ergotherapie-Verband","isPartOf":{"@id":"https:\/\/ergotherapie.ch\/fr\/#website"},"datePublished":"2025-07-03T13:02:38+00:00","dateModified":"2025-12-17T13:23:11+00:00","breadcrumb":{"@id":"https:\/\/ergotherapie.ch\/fr\/reseau-recherche\/#breadcrumb"},"inLanguage":"fr-FR","potentialAction":[{"@type":"ReadAction","target":["https:\/\/ergotherapie.ch\/fr\/reseau-recherche\/"]}]},{"@type":"BreadcrumbList","@id":"https:\/\/ergotherapie.ch\/fr\/reseau-recherche\/#breadcrumb","itemListElement":[{"@type":"ListItem","position":1,"name":"Home","item":"https:\/\/ergotherapie.ch\/fr\/"},{"@type":"ListItem","position":2,"name":"R\u00e9seau recherche"}]},{"@type":"WebSite","@id":"https:\/\/ergotherapie.ch\/fr\/#website","url":"https:\/\/ergotherapie.ch\/fr\/","name":"Ergotherapie-Verband","description":"","potentialAction":[{"@type":"SearchAction","target":{"@type":"EntryPoint","urlTemplate":"https:\/\/ergotherapie.ch\/fr\/?s={search_term_string}"},"query-input":{"@type":"PropertyValueSpecification","valueRequired":true,"valueName":"search_term_string"}}],"inLanguage":"fr-FR"}]}},"_links":{"self":[{"href":"https:\/\/ergotherapie.ch\/fr\/wp-json\/wp\/v2\/pages\/18009","targetHints":{"allow":["GET"]}}],"collection":[{"href":"https:\/\/ergotherapie.ch\/fr\/wp-json\/wp\/v2\/pages"}],"about":[{"href":"https:\/\/ergotherapie.ch\/fr\/wp-json\/wp\/v2\/types\/page"}],"author":[{"embeddable":true,"href":"https:\/\/ergotherapie.ch\/fr\/wp-json\/wp\/v2\/users\/4"}],"replies":[{"embeddable":true,"href":"https:\/\/ergotherapie.ch\/fr\/wp-json\/wp\/v2\/comments?post=18009"}],"version-history":[{"count":6,"href":"https:\/\/ergotherapie.ch\/fr\/wp-json\/wp\/v2\/pages\/18009\/revisions"}],"predecessor-version":[{"id":19659,"href":"https:\/\/ergotherapie.ch\/fr\/wp-json\/wp\/v2\/pages\/18009\/revisions\/19659"}],"wp:attachment":[{"href":"https:\/\/ergotherapie.ch\/fr\/wp-json\/wp\/v2\/media?parent=18009"}],"curies":[{"name":"wp","href":"https:\/\/api.w.org\/{rel}","templated":true}]}}