{"id":20141,"date":"2026-01-08T22:33:50","date_gmt":"2026-01-08T20:33:50","guid":{"rendered":"https:\/\/ergotherapie.ch\/?page_id=20141"},"modified":"2026-05-03T22:18:08","modified_gmt":"2026-05-03T20:18:08","slug":"70-ans-ase","status":"publish","type":"page","link":"https:\/\/ergotherapie.ch\/fr\/70-ans-ase\/","title":{"rendered":"70 ans ASE"},"content":{"rendered":"<div  class=\"inner-page-hero \">\n    <div class=\"container-fluid\">\n        <div class=\"inner-page-hero-inner-container\">\n            <div class=\"inner-page-hero-picture \">\n                                    <div style=\"background-image: url('https:\/\/ergotherapie.ch\/wp-content\/uploads\/2026\/01\/Kubus-Terrasse.jpg')\">\n                        <img decoding=\"async\" width=\"189\" height=\"189\" loading=\"lazy\"\n                             src=\"https:\/\/ergotherapie.ch\/wp-content\/themes\/ergo-theme\/assets\/images\/person_photo_placeholder_cutted.png\" alt=\"Placeholder\" class=\"img-fluid\"\/>\n                    <\/div>\n                            <\/div>\n            <div class=\"inner-page-content \">\n                <h1>70 ans ASE<\/h1>\n<p>&nbsp;<\/p>\n<h2>Hier. Aujourd&rsquo;hui. Demain.<\/h2>\n<p>1956 : l&rsquo;ann\u00e9e de fondation de l&rsquo;ASE. Nous souhaitons c\u00e9l\u00e9brer ce 70e anniversaire en 2026. Plus pr\u00e9cis\u00e9ment les 8 et 9 mai 2026. Sous la devise \u00ab Hier. Aujourd&rsquo;hui. Demain. \u00bb, tous les membres sont invit\u00e9s \u00e0 un d\u00eener suivi d&rsquo;une f\u00eate le 8 mai 2026, apr\u00e8s l&rsquo;assembl\u00e9e g\u00e9n\u00e9rale. Le samedi 9 mai 2026, l&rsquo;\u00e9v\u00e9nement anniversaire aura lieu pour tous les membres.<\/p>\n<p>Vous trouvez ici le programme . C\u00e9l\u00e9brons ensemble !<\/p>\n<p>&nbsp;<\/p>\n<p>L&rsquo;inscription est termin\u00e9e. Pour toute question concernant l&rsquo;inscription, veuillez nous contacter par e-mail \u00e0 l&rsquo;adresse <a href=\"mailto:andri.cavegn@ergotherapie.ch\">andri.cavegn@ergotherapie.ch<\/a>.<\/p>\n                            <\/div>\n        <\/div>\n    <\/div>\n<\/div>\n\n\n\n\n<div         class=\"wysiwyg padding-large links-into-buttons \">\n    <div class=\"container-fluid\">\n        <div class=\"wysiwyg-inner-container\">\n            <p><a href=\"#Programm8Mai\">Vers le programme<\/a><\/p>\n        <\/div>\n    <\/div>\n<\/div>\n\n\n<div class=\"special-service\">\n    <div class=\"container-fluid\">\n        <div class=\"row row-spaced\">\n            <div class=\"col-sm-4\">\n                                                            <div class=\"special-service-picture\">\n                            <div style=\"background-image: url('https:\/\/ergotherapie.ch\/wp-content\/uploads\/2026\/01\/NOX0014.jpeg')\">\n                                <img decoding=\"async\" width=\"189\" height=\"189\" loading=\"lazy\"\n                                     src=\"https:\/\/ergotherapie.ch\/wp-content\/themes\/ergo-theme\/assets\/images\/person_photo_placeholder.png\" alt=\"Placeholder\" class=\"img-fluid\"\/>\n                            <\/div>\n                        <\/div>\n                                                <\/div>\n            <div class=\"col-sm-8\">\n                <div class=\"special-service-content\">\n                    <h2 id=\"Programm8Mai\">Programme de la f\u00eate du 8 mai 2026<\/h2>\n<p><strong>Vers 17:00 apr\u00e8s l&rsquo;AD<\/strong><\/p>\n<p style=\"padding-left: 40px;\">Pr\u00e9parez-vous pour le d\u00eener et la f\u00eate. Code vestimentaire : <span style=\"color: #ec008c;\"><strong>MAGENTA<\/strong><\/span><\/p>\n<p><strong>18:30<\/strong><\/p>\n<p style=\"padding-left: 40px;\">Ouverture des stands de restauration &#8211; d\u00e9gustez, discutez, dansez.<\/p>\n<p><strong>20:00<\/strong><\/p>\n<p style=\"padding-left: 40px;\">Ouverture du stand de desserts \u2013 encore plus de plaisir. Encore plus d&rsquo;\u00e9changes. Encore plus de danse.<\/p>\n<p><strong>00:00<\/strong><\/p>\n<p style=\"padding-left: 40px;\">Finde some sleep<\/p>\n<p>&nbsp;<\/p>\n                <\/div>\n            <\/div>\n        <\/div>\n    <\/div>\n<\/div>\n\n\n\n\n<figure class=\"wp-block-image size-large is-resized\"><img loading=\"lazy\" decoding=\"async\" width=\"419\" height=\"745\" src=\"https:\/\/ergotherapie.ch\/wp-content\/uploads\/2026\/01\/bild-problem-evs1-edited-1.png\" alt=\"\" class=\"wp-image-20010\" style=\"width:66px;height:auto\" srcset=\"https:\/\/ergotherapie.ch\/wp-content\/uploads\/2026\/01\/bild-problem-evs1-edited-1.png 419w, https:\/\/ergotherapie.ch\/wp-content\/uploads\/2026\/01\/bild-problem-evs1-edited-1-169x300.png 169w, https:\/\/ergotherapie.ch\/wp-content\/uploads\/2026\/01\/bild-problem-evs1-edited-1-281x500.png 281w\" sizes=\"auto, (max-width: 419px) 100vw, 419px\" \/><\/figure>\n\n\n<div class=\"special-service\">\n    <div class=\"container-fluid\">\n        <div class=\"row row-spaced\">\n            <div class=\"col-sm-4\">\n                                                            <div class=\"special-service-picture\">\n                            <div style=\"background-image: url('https:\/\/ergotherapie.ch\/wp-content\/uploads\/2026\/01\/Kubus_Sandro_Dubach_RohNobel-27.jpeg')\">\n                                <img decoding=\"async\" width=\"189\" height=\"189\" loading=\"lazy\"\n                                     src=\"https:\/\/ergotherapie.ch\/wp-content\/themes\/ergo-theme\/assets\/images\/person_photo_placeholder.png\" alt=\"Placeholder\" class=\"img-fluid\"\/>\n                            <\/div>\n                        <\/div>\n                                                <\/div>\n            <div class=\"col-sm-8\">\n                <div class=\"special-service-content\">\n                    <h2 id=\"Programm9Mai\">Programme de la journ\u00e9e anniversaire du 9 mai 2026<\/h2>\n<p><strong>\u00e0 partir de09:30<\/strong><\/p>\n<p style=\"padding-left: 40px;\">Arriv\u00e9e et caf\u00e9<\/p>\n<p><strong>10:00<\/strong><\/p>\n<p style=\"padding-left: 40px;\">D\u00e9but de la journ\u00e9e anniversaire avec ouverture et accueil<\/p>\n<p><strong>10:30 Hier.<\/strong><\/p>\n<p style=\"padding-left: 40px;\">Lancement du livre \u00ab Alles, was recht ist \u00bb avec lecture par l&rsquo;\u00e9ditrice Erica Kuster.<\/p>\n<p style=\"padding-left: 40px;\">Discussion avec Erica Kuster sur les d\u00e9buts de l&rsquo;ASE.<\/p>\n<p><strong>11:30<\/strong><\/p>\n<p style=\"padding-left: 40px;\">Exposition. R\u00e9seautage. Takeaway.<\/p>\n<p><strong>12:00<\/strong><\/p>\n<p style=\"padding-left: 40px;\">D\u00e9jeuner debout.<\/p>\n<p><strong>13:30 Aujourd&rsquo;hui.<\/strong><\/p>\n<p style=\"padding-left: 40px;\">T\u00e9moignages de patients.<\/p>\n<p style=\"padding-left: 40px;\">Qu&rsquo;est-ce que l&rsquo;ergoth\u00e9rapie aujourd&rsquo;hui ?<\/p>\n<p><strong>15:00<\/strong><\/p>\n<p style=\"padding-left: 40px;\">Pause<\/p>\n<p style=\"padding-left: 40px;\">Se ressourcer. \u00c9changer. Exposition. Takeaway.<\/p>\n<p><strong>15:30 Demain.<\/strong><\/p>\n<p style=\"padding-left: 40px;\">L&rsquo;ergoth\u00e9rapie de demain &#8211; Vera Kaelin se projette dans l&rsquo;avenir.<\/p>\n<p style=\"padding-left: 40px;\">Politique de sant\u00e9 \u2013 Le conseiller national Christian Lohr s&rsquo;exprime sur les soins de sant\u00e9 de demain.<\/p>\n<p style=\"padding-left: 40px;\">Message vid\u00e9o de Saskia Schenker, directrice de prio.swiss.<\/p>\n<p style=\"padding-left: 40px;\">Les ergoth\u00e9rapeutes de \u00ab demain \u00bb.<\/p>\n<p><strong>16:50<\/strong><\/p>\n<p style=\"padding-left: 40px;\">Cl\u00f4ture et remerciements.<\/p>\n<p><strong>17:00<\/strong><\/p>\n<p style=\"padding-left: 40px;\">Fin<\/p>\n                <\/div>\n            <\/div>\n        <\/div>\n    <\/div>\n<\/div>\n\n\n\n\n<figure class=\"wp-block-image size-large is-resized\"><img loading=\"lazy\" decoding=\"async\" width=\"419\" height=\"745\" src=\"https:\/\/ergotherapie.ch\/wp-content\/uploads\/2026\/01\/bild-problem-evs1-edited-1.png\" alt=\"\" class=\"wp-image-20010\" style=\"width:66px;height:auto\" srcset=\"https:\/\/ergotherapie.ch\/wp-content\/uploads\/2026\/01\/bild-problem-evs1-edited-1.png 419w, https:\/\/ergotherapie.ch\/wp-content\/uploads\/2026\/01\/bild-problem-evs1-edited-1-169x300.png 169w, https:\/\/ergotherapie.ch\/wp-content\/uploads\/2026\/01\/bild-problem-evs1-edited-1-281x500.png 281w\" sizes=\"auto, (max-width: 419px) 100vw, 419px\" \/><\/figure>\n\n\n","protected":false},"excerpt":{"rendered":"","protected":false},"author":7,"featured_media":0,"parent":0,"menu_order":0,"comment_status":"closed","ping_status":"closed","template":"","meta":{"_acf_changed":false,"footnotes":""},"class_list":["post-20141","page","type-page","status-publish","hentry"],"acf":[],"yoast_head":"<!-- This site is optimized with the Yoast SEO Premium plugin v27.4 (Yoast SEO v27.4) - https:\/\/yoast.com\/product\/yoast-seo-premium-wordpress\/ -->\n<title>70 ans ASE - Ergotherapie-Verband<\/title>\n<meta name=\"robots\" content=\"index, follow, max-snippet:-1, max-image-preview:large, max-video-preview:-1\" \/>\n<link rel=\"canonical\" href=\"https:\/\/ergotherapie.ch\/fr\/70-ans-ase\/\" \/>\n<meta property=\"og:locale\" content=\"fr_FR\" \/>\n<meta property=\"og:type\" content=\"article\" \/>\n<meta property=\"og:title\" content=\"70 ans ASE\" \/>\n<meta property=\"og:url\" content=\"https:\/\/ergotherapie.ch\/fr\/70-ans-ase\/\" \/>\n<meta property=\"og:site_name\" content=\"Ergotherapie-Verband\" \/>\n<meta property=\"article:modified_time\" content=\"2026-05-03T20:18:08+00:00\" \/>\n<meta property=\"og:image\" content=\"https:\/\/ergotherapie.ch\/wp-content\/uploads\/2026\/03\/sold-out-FR.png\" \/>\n<meta name=\"twitter:card\" content=\"summary_large_image\" \/>\n<meta name=\"twitter:label1\" content=\"Dur\u00e9e de lecture estim\u00e9e\" \/>\n\t<meta name=\"twitter:data1\" content=\"1 minute\" \/>\n<script type=\"application\/ld+json\" class=\"yoast-schema-graph\">{\"@context\":\"https:\\\/\\\/schema.org\",\"@graph\":[{\"@type\":\"WebPage\",\"@id\":\"https:\\\/\\\/ergotherapie.ch\\\/fr\\\/70-ans-ase\\\/\",\"url\":\"https:\\\/\\\/ergotherapie.ch\\\/fr\\\/70-ans-ase\\\/\",\"name\":\"70 ans ASE - Ergotherapie-Verband\",\"isPartOf\":{\"@id\":\"https:\\\/\\\/ergotherapie.ch\\\/fr\\\/#website\"},\"primaryImageOfPage\":{\"@id\":\"https:\\\/\\\/ergotherapie.ch\\\/fr\\\/70-ans-ase\\\/#primaryimage\"},\"image\":{\"@id\":\"https:\\\/\\\/ergotherapie.ch\\\/fr\\\/70-ans-ase\\\/#primaryimage\"},\"thumbnailUrl\":\"https:\\\/\\\/ergotherapie.ch\\\/wp-content\\\/uploads\\\/2026\\\/03\\\/sold-out-FR.png\",\"datePublished\":\"2026-01-08T20:33:50+00:00\",\"dateModified\":\"2026-05-03T20:18:08+00:00\",\"breadcrumb\":{\"@id\":\"https:\\\/\\\/ergotherapie.ch\\\/fr\\\/70-ans-ase\\\/#breadcrumb\"},\"inLanguage\":\"fr-FR\",\"potentialAction\":[{\"@type\":\"ReadAction\",\"target\":[\"https:\\\/\\\/ergotherapie.ch\\\/fr\\\/70-ans-ase\\\/\"]}]},{\"@type\":\"ImageObject\",\"inLanguage\":\"fr-FR\",\"@id\":\"https:\\\/\\\/ergotherapie.ch\\\/fr\\\/70-ans-ase\\\/#primaryimage\",\"url\":\"https:\\\/\\\/ergotherapie.ch\\\/wp-content\\\/uploads\\\/2026\\\/03\\\/sold-out-FR.png\",\"contentUrl\":\"https:\\\/\\\/ergotherapie.ch\\\/wp-content\\\/uploads\\\/2026\\\/03\\\/sold-out-FR.png\"},{\"@type\":\"BreadcrumbList\",\"@id\":\"https:\\\/\\\/ergotherapie.ch\\\/fr\\\/70-ans-ase\\\/#breadcrumb\",\"itemListElement\":[{\"@type\":\"ListItem\",\"position\":1,\"name\":\"Home\",\"item\":\"https:\\\/\\\/ergotherapie.ch\\\/fr\\\/\"},{\"@type\":\"ListItem\",\"position\":2,\"name\":\"70 ans ASE\"}]},{\"@type\":\"WebSite\",\"@id\":\"https:\\\/\\\/ergotherapie.ch\\\/fr\\\/#website\",\"url\":\"https:\\\/\\\/ergotherapie.ch\\\/fr\\\/\",\"name\":\"Ergotherapie-Verband\",\"description\":\"\",\"potentialAction\":[{\"@type\":\"SearchAction\",\"target\":{\"@type\":\"EntryPoint\",\"urlTemplate\":\"https:\\\/\\\/ergotherapie.ch\\\/fr\\\/?s={search_term_string}\"},\"query-input\":{\"@type\":\"PropertyValueSpecification\",\"valueRequired\":true,\"valueName\":\"search_term_string\"}}],\"inLanguage\":\"fr-FR\"}]}<\/script>\n<!-- \/ Yoast SEO Premium plugin. -->","yoast_head_json":{"title":"70 ans ASE - Ergotherapie-Verband","robots":{"index":"index","follow":"follow","max-snippet":"max-snippet:-1","max-image-preview":"max-image-preview:large","max-video-preview":"max-video-preview:-1"},"canonical":"https:\/\/ergotherapie.ch\/fr\/70-ans-ase\/","og_locale":"fr_FR","og_type":"article","og_title":"70 ans ASE","og_url":"https:\/\/ergotherapie.ch\/fr\/70-ans-ase\/","og_site_name":"Ergotherapie-Verband","article_modified_time":"2026-05-03T20:18:08+00:00","og_image":[{"url":"https:\/\/ergotherapie.ch\/wp-content\/uploads\/2026\/03\/sold-out-FR.png","type":"","width":"","height":""}],"twitter_card":"summary_large_image","twitter_misc":{"Dur\u00e9e de lecture estim\u00e9e":"1 minute"},"schema":{"@context":"https:\/\/schema.org","@graph":[{"@type":"WebPage","@id":"https:\/\/ergotherapie.ch\/fr\/70-ans-ase\/","url":"https:\/\/ergotherapie.ch\/fr\/70-ans-ase\/","name":"70 ans ASE - Ergotherapie-Verband","isPartOf":{"@id":"https:\/\/ergotherapie.ch\/fr\/#website"},"primaryImageOfPage":{"@id":"https:\/\/ergotherapie.ch\/fr\/70-ans-ase\/#primaryimage"},"image":{"@id":"https:\/\/ergotherapie.ch\/fr\/70-ans-ase\/#primaryimage"},"thumbnailUrl":"https:\/\/ergotherapie.ch\/wp-content\/uploads\/2026\/03\/sold-out-FR.png","datePublished":"2026-01-08T20:33:50+00:00","dateModified":"2026-05-03T20:18:08+00:00","breadcrumb":{"@id":"https:\/\/ergotherapie.ch\/fr\/70-ans-ase\/#breadcrumb"},"inLanguage":"fr-FR","potentialAction":[{"@type":"ReadAction","target":["https:\/\/ergotherapie.ch\/fr\/70-ans-ase\/"]}]},{"@type":"ImageObject","inLanguage":"fr-FR","@id":"https:\/\/ergotherapie.ch\/fr\/70-ans-ase\/#primaryimage","url":"https:\/\/ergotherapie.ch\/wp-content\/uploads\/2026\/03\/sold-out-FR.png","contentUrl":"https:\/\/ergotherapie.ch\/wp-content\/uploads\/2026\/03\/sold-out-FR.png"},{"@type":"BreadcrumbList","@id":"https:\/\/ergotherapie.ch\/fr\/70-ans-ase\/#breadcrumb","itemListElement":[{"@type":"ListItem","position":1,"name":"Home","item":"https:\/\/ergotherapie.ch\/fr\/"},{"@type":"ListItem","position":2,"name":"70 ans ASE"}]},{"@type":"WebSite","@id":"https:\/\/ergotherapie.ch\/fr\/#website","url":"https:\/\/ergotherapie.ch\/fr\/","name":"Ergotherapie-Verband","description":"","potentialAction":[{"@type":"SearchAction","target":{"@type":"EntryPoint","urlTemplate":"https:\/\/ergotherapie.ch\/fr\/?s={search_term_string}"},"query-input":{"@type":"PropertyValueSpecification","valueRequired":true,"valueName":"search_term_string"}}],"inLanguage":"fr-FR"}]}},"_links":{"self":[{"href":"https:\/\/ergotherapie.ch\/fr\/wp-json\/wp\/v2\/pages\/20141","targetHints":{"allow":["GET"]}}],"collection":[{"href":"https:\/\/ergotherapie.ch\/fr\/wp-json\/wp\/v2\/pages"}],"about":[{"href":"https:\/\/ergotherapie.ch\/fr\/wp-json\/wp\/v2\/types\/page"}],"author":[{"embeddable":true,"href":"https:\/\/ergotherapie.ch\/fr\/wp-json\/wp\/v2\/users\/7"}],"replies":[{"embeddable":true,"href":"https:\/\/ergotherapie.ch\/fr\/wp-json\/wp\/v2\/comments?post=20141"}],"version-history":[{"count":39,"href":"https:\/\/ergotherapie.ch\/fr\/wp-json\/wp\/v2\/pages\/20141\/revisions"}],"predecessor-version":[{"id":23506,"href":"https:\/\/ergotherapie.ch\/fr\/wp-json\/wp\/v2\/pages\/20141\/revisions\/23506"}],"wp:attachment":[{"href":"https:\/\/ergotherapie.ch\/fr\/wp-json\/wp\/v2\/media?parent=20141"}],"curies":[{"name":"wp","href":"https:\/\/api.w.org\/{rel}","templated":true}]}}