{"id":6453,"date":"2025-01-22T12:06:38","date_gmt":"2025-01-22T10:06:38","guid":{"rendered":"https:\/\/dev.ergo.bertaeins.ch\/inscription-a-lergo-mentoring\/"},"modified":"2025-03-23T14:13:02","modified_gmt":"2025-03-23T14:13:02","slug":"inscription-a-lergo-mentoring","status":"publish","type":"page","link":"https:\/\/ergotherapie.ch\/fr\/inscription-a-lergo-mentoring\/","title":{"rendered":"Inscription \u00e0 l\u2019ErGo-Mentoring"},"content":{"rendered":"<div id=\"hero-with-arc\">\n    <div class=\"container-fluid\">\n        <div class=\"hero-with-arc-art\">\n            <img decoding=\"async\" src=\"https:\/\/ergotherapie.ch\/wp-content\/themes\/ergo-theme\/assets\/images\/header_arc.svg\" alt=\"Arc\" \/>\n        <\/div>\n        <div class=\"hw-content\">\n            <div class=\"hw-content-editor-wrapper\">\n                <h1>Inscription \u00e0 l\u2019ErGo-Mentoring<\/h1>\n                            <\/div>\n        <\/div>\n    <\/div>\n<\/div>\n\n\n<div         class=\"wysiwyg padding-none links-into-buttons \">\n    <div class=\"container-fluid\">\n        <div class=\"wysiwyg-inner-container\">\n            <p><a href=\"https:\/\/ergotherapie.ch\/wp-content\/uploads\/2025\/01\/Teilnahmebedingungen_Kurse_df.pdf\"><svg id=\"5815Group_1089\" data-name=\"Group 1089\" xmlns=\"http:\/\/www.w3.org\/2000\/svg\" xmlns:xlink=\"http:\/\/www.w3.org\/1999\/xlink\" width=\"16.64\" height=\"21.55\" viewBox=\"0 0 16.64 21.55\">\n  <defs>\n    <clipPath id=\"5815clip-path\">\n      <rect id=\"5815Rectangle_357\" data-name=\"Rectangle 357\" width=\"16.64\" height=\"21.55\" fill=\"none\" stroke=\"#fff\" stroke-width=\"1\"\/>\n    <\/clipPath>\n  <\/defs>\n  <g id=\"5815Group_1083\" data-name=\"Group 1083\" clip-path=\"url(#5815clip-path)\">\n    <path id=\"5815Path_1043\" data-name=\"Path 1043\" d=\"M16.29,19.7l-6.4,6.4-6.4-6.4\" transform=\"translate(-1.588 -8.951)\" fill=\"none\" stroke=\"#fff\" stroke-miterlimit=\"10\" stroke-width=\"2.5\"\/>\n    <line id=\"5815Line_79\" data-name=\"Line 79\" y2=\"16.64\" transform=\"translate(8.304)\" fill=\"none\" stroke=\"#fff\" stroke-miterlimit=\"10\" stroke-width=\"2.5\"\/>\n    <line id=\"5815Line_80\" data-name=\"Line 80\" x1=\"16.64\" transform=\"translate(0 20.868)\" fill=\"none\" stroke=\"#fff\" stroke-miterlimit=\"10\" stroke-width=\"2.5\"\/>\n  <\/g>\n<\/svg>\n Conditions de participation<\/a><\/p>\n<p>&nbsp;<\/p>\n<div class=\"frm_forms  with_frm_style frm_style_formidable-style\" id=\"frm_form_14_container\" data-token=\"30fee6b591b27e3477eaf1780afd3f51\">\n<form enctype=\"multipart\/form-data\" method=\"post\" class=\"frm-show-form  frm_pro_form \" id=\"form_3hb0o3\" data-token=\"30fee6b591b27e3477eaf1780afd3f51\">\n<div class=\"frm_form_fields \">\n<fieldset>\n<legend class=\"frm_screen_reader\">Anmeldung ErGo-Mentoring FR<\/legend>\r\n\r\n<div class=\"frm_fields_container\">\n<input type=\"hidden\" name=\"frm_action\" value=\"create\" \/>\n<input type=\"hidden\" name=\"form_id\" value=\"14\" \/>\n<input type=\"hidden\" name=\"frm_hide_fields_14\" id=\"frm_hide_fields_14\" value=\"\" \/>\n<input type=\"hidden\" name=\"form_key\" value=\"3hb0o3\" \/>\n<input type=\"hidden\" name=\"item_meta[0]\" value=\"\" \/>\n<input type=\"hidden\" id=\"frm_submit_entry_14\" name=\"frm_submit_entry_14\" value=\"785f976f7c\" \/><input type=\"hidden\" name=\"_wp_http_referer\" value=\"\/fr\/wp-json\/wp\/v2\/pages\/6453\" \/><div id=\"frm_field_272_container\" class=\"frm_form_field form-field  frm_required_field frm_top_container\">\r\n\t<label for=\"field_zilka3\" id=\"field_zilka3_label\" class=\"frm_primary_label\">Nom\r\n\t\t<span class=\"frm_required\" aria-hidden=\"true\">*<\/span>\r\n\t<\/label>\r\n\t<input  type=\"text\" id=\"field_zilka3\" name=\"item_meta[272]\" value=\"\"  data-reqmsg=\"Nom ne doit pas \u00eatre vide.\" aria-required=\"true\" data-invmsg=\"Nom is invalid\" aria-invalid=\"false\"   \/>\r\n\t\r\n\t\r\n<\/div>\n<div id=\"frm_field_273_container\" class=\"frm_form_field form-field  frm_required_field frm_top_container\">\r\n\t<label for=\"field_fx4c33\" id=\"field_fx4c33_label\" class=\"frm_primary_label\">Pr\u00e9nom\r\n\t\t<span class=\"frm_required\" aria-hidden=\"true\">*<\/span>\r\n\t<\/label>\r\n\t<input  type=\"text\" id=\"field_fx4c33\" name=\"item_meta[273]\" value=\"\"  data-reqmsg=\"Pr\u00e9nom ne doit pas \u00eatre vide.\" aria-required=\"true\" data-invmsg=\"Pr\u00e9nom is invalid\" aria-invalid=\"false\"   \/>\r\n\t\r\n\t\r\n<\/div>\n<div id=\"frm_field_274_container\" class=\"frm_form_field form-field  frm_required_field frm_top_container\">\r\n\t<label for=\"field_smp7p3\" id=\"field_smp7p3_label\" class=\"frm_primary_label\">Rue\r\n\t\t<span class=\"frm_required\" aria-hidden=\"true\">*<\/span>\r\n\t<\/label>\r\n\t<input  type=\"text\" id=\"field_smp7p3\" name=\"item_meta[274]\" value=\"\"  data-reqmsg=\"Rue ne doit pas \u00eatre vide.\" aria-required=\"true\" data-invmsg=\"Rue is invalid\" aria-invalid=\"false\"   \/>\r\n\t\r\n\t\r\n<\/div>\n<div id=\"frm_field_275_container\" class=\"frm_form_field form-field  frm_required_field frm_top_container\">\r\n\t<label for=\"field_bh2273\" id=\"field_bh2273_label\" class=\"frm_primary_label\">Code postal\/localit\u00e9\r\n\t\t<span class=\"frm_required\" aria-hidden=\"true\">*<\/span>\r\n\t<\/label>\r\n\t<input  type=\"text\" id=\"field_bh2273\" name=\"item_meta[275]\" value=\"\"  data-reqmsg=\"Code postal\/localit\u00e9 ne doit pas \u00eatre vide.\" aria-required=\"true\" data-invmsg=\"Code postal\/localit\u00e9 is invalid\" aria-invalid=\"false\"   \/>\r\n\t\r\n\t\r\n<\/div>\n<div id=\"frm_field_276_container\" class=\"frm_form_field form-field  frm_required_field frm_top_container\">\r\n\t<label for=\"field_7ckky3\" id=\"field_7ckky3_label\" class=\"frm_primary_label\">T\u00e9l\u00e9phone priv\u00e9\r\n\t\t<span class=\"frm_required\" aria-hidden=\"true\">*<\/span>\r\n\t<\/label>\r\n\t<input type=\"tel\" id=\"field_7ckky3\" name=\"item_meta[276]\" value=\"\"  data-reqmsg=\"T\u00e9l\u00e9phone priv\u00e9 ne doit pas \u00eatre vide.\" aria-required=\"true\" data-invmsg=\"T\u00e9l\u00e9phone priv\u00e9 est dans un format non valide.\" aria-invalid=\"false\" pattern=\"((\\+\\d{1,3}(-|.| )?\\(?\\d\\)?(-| |.)?\\d{1,5})|(\\(?\\d{2,6}\\)?))(-|.| )?(\\d{3,4})(-|.| )?(\\d{4})(( x| ext)\\d{1,5}){0,1}$\"  \/>\r\n\t\r\n\t\r\n<\/div>\n<div id=\"frm_field_277_container\" class=\"frm_form_field form-field  frm_top_container\">\r\n\t<label for=\"field_qum4y3\" id=\"field_qum4y3_label\" class=\"frm_primary_label\">T\u00e9l\u00e9phone professionnel\r\n\t\t<span class=\"frm_required\" aria-hidden=\"true\"><\/span>\r\n\t<\/label>\r\n\t<input type=\"tel\" id=\"field_qum4y3\" name=\"item_meta[277]\" value=\"\"  data-invmsg=\"T\u00e9l\u00e9phone professionnel est dans un format non valide.\" aria-invalid=\"false\" pattern=\"((\\+\\d{1,3}(-|.| )?\\(?\\d\\)?(-| |.)?\\d{1,5})|(\\(?\\d{2,6}\\)?))(-|.| )?(\\d{3,4})(-|.| )?(\\d{4})(( x| ext)\\d{1,5}){0,1}$\"  \/>\r\n\t\r\n\t\r\n<\/div>\n<div id=\"frm_field_278_container\" class=\"frm_form_field form-field  frm_required_field frm_top_container\">\r\n\t<label for=\"field_9qmpn3\" id=\"field_9qmpn3_label\" class=\"frm_primary_label\">E-Mail\r\n\t\t<span class=\"frm_required\" aria-hidden=\"true\">*<\/span>\r\n\t<\/label>\r\n\t<input type=\"email\" id=\"field_9qmpn3\" name=\"item_meta[278]\" value=\"\"  autocomplete=\"email\"  data-reqmsg=\"E-Mail ne doit pas \u00eatre vide.\" aria-required=\"true\" data-invmsg=\"E-Mail est dans un format non valide.\" aria-invalid=\"false\"  \/>\r\n\t\r\n\t\r\n<\/div>\n<div id=\"frm_field_279_container\" class=\"frm_form_field form-field  frm_required_field frm_top_container\">\r\n\t<label for=\"field_ihakv2\" id=\"field_ihakv2_label\" class=\"frm_primary_label\">Date de naissance\r\n\t\t<span class=\"frm_required\" aria-hidden=\"true\">*<\/span>\r\n\t<\/label>\r\n\t<input type=\"text\" id=\"field_ihakv2\" name=\"item_meta[279]\" value=\"\"  maxlength=\"10\" data-reqmsg=\"Date de naissance ne doit pas \u00eatre vide.\" aria-required=\"true\" data-invmsg=\"Date de naissance est dans un format non valide.\" class=\"frm_date\" aria-invalid=\"false\"  \/>\r\n\t\r\n\t\r\n<\/div>\n<div id=\"frm_field_280_container\" class=\"frm_form_field form-field  frm_required_field frm_top_container\">\r\n\t<label for=\"field_kakbq3\" id=\"field_kakbq3_label\" class=\"frm_primary_label\">Lieu d&rsquo;origine (CH) \/ Nationalit\u00e9 (pour les \u00e9trangers)\r\n\t\t<span class=\"frm_required\" aria-hidden=\"true\">*<\/span>\r\n\t<\/label>\r\n\t<input  type=\"text\" id=\"field_kakbq3\" name=\"item_meta[280]\" value=\"\"  data-reqmsg=\"Lieu d&#039;origine (CH) \/ Nationalit\u00e9 (pour les \u00e9trangers) ne doit pas \u00eatre vide.\" aria-required=\"true\" data-invmsg=\"Lieu d&#039;origine (CH) \/ Nationalit\u00e9 (pour les \u00e9trangers) is invalid\" aria-invalid=\"false\"   \/>\r\n\t\r\n\t\r\n<\/div>\n<div id=\"frm_field_281_container\" class=\"frm_form_field form-field  frm_required_field frm_top_container vertical_radio\">\r\n\t<div  id=\"field_uz6ug2_label\" class=\"frm_primary_label\">Vous travaillez?\r\n\t\t<span class=\"frm_required\" aria-hidden=\"true\">*<\/span>\r\n\t<\/div>\r\n\t<div class=\"frm_opt_container\" aria-labelledby=\"field_uz6ug2_label\" role=\"radiogroup\" aria-required=\"true\">\t\t<div class=\"frm_radio\" id=\"frm_radio_281-0\">\t\t\t<label  for=\"field_uz6ug2-0\">\n\t\t\t\t\t<input type=\"radio\" name=\"item_meta[281]\" id=\"field_uz6ug2-0\" value=\"Oui\"\n\t\t data-frmval=\"Ja\" data-reqmsg=\"Vous travaillez? ne doit pas \u00eatre vide.\" data-invmsg=\"Vous travaillez? est non valide\"   \/> Oui<\/label><\/div>\n\t\t<div class=\"frm_radio\" id=\"frm_radio_281-1\">\t\t\t<label  for=\"field_uz6ug2-1\">\n\t\t\t\t\t<input type=\"radio\" name=\"item_meta[281]\" id=\"field_uz6ug2-1\" value=\"Non\"\n\t\t data-frmval=\"Ja\" data-reqmsg=\"Vous travaillez? ne doit pas \u00eatre vide.\" data-invmsg=\"Vous travaillez? est non valide\"   \/> Non<\/label><\/div>\n<\/div>\r\n\t\r\n\t\r\n<\/div>\n<div id=\"frm_field_282_container\" class=\"frm_form_field form-field  frm_top_container\">\r\n\t<label for=\"field_gfz1k3\" id=\"field_gfz1k3_label\" class=\"frm_primary_label\">Profession\r\n\t\t<span class=\"frm_required\" aria-hidden=\"true\"><\/span>\r\n\t<\/label>\r\n\t<input  type=\"text\" id=\"field_gfz1k3\" name=\"item_meta[282]\" value=\"\"  data-invmsg=\"Profession is invalid\" aria-invalid=\"false\"   \/>\r\n\t\r\n\t\r\n<\/div>\n<div id=\"frm_field_283_container\" class=\"frm_form_field form-field  frm_top_container\">\r\n\t<label for=\"field_oueb53\" id=\"field_oueb53_label\" class=\"frm_primary_label\">Nom de l&rsquo;organisation\r\n\t\t<span class=\"frm_required\" aria-hidden=\"true\"><\/span>\r\n\t<\/label>\r\n\t<input  type=\"text\" id=\"field_oueb53\" name=\"item_meta[283]\" value=\"\"  data-invmsg=\"Nom de l&#039;organisation is invalid\" aria-invalid=\"false\"   \/>\r\n\t\r\n\t\r\n<\/div>\n<div id=\"frm_field_284_container\" class=\"frm_form_field form-field  frm_top_container\">\r\n\t<label for=\"field_5nd903\" id=\"field_5nd903_label\" class=\"frm_primary_label\">Code postal\/localit\u00e9\r\n\t\t<span class=\"frm_required\" aria-hidden=\"true\"><\/span>\r\n\t<\/label>\r\n\t<input  type=\"text\" id=\"field_5nd903\" name=\"item_meta[284]\" value=\"\"  data-invmsg=\"Code postal\/localit\u00e9 is invalid\" aria-invalid=\"false\"   \/>\r\n\t\r\n\t\r\n<\/div>\n<div id=\"frm_field_285_container\" class=\"frm_form_field form-field  frm_required_field frm_top_container\">\r\n\t<label for=\"field_2jucb3\" id=\"field_2jucb3_label\" class=\"frm_primary_label\">Adresse de facturation\r\n\t\t<span class=\"frm_required\" aria-hidden=\"true\">*<\/span>\r\n\t<\/label>\r\n\t<input  type=\"text\" id=\"field_2jucb3\" name=\"item_meta[285]\" value=\"\"  data-reqmsg=\"Adresse de facturation ne doit pas \u00eatre vide.\" aria-required=\"true\" data-invmsg=\"Adresse de facturation is invalid\" aria-invalid=\"false\"   \/>\r\n\t\r\n\t\r\n<\/div>\n<div id=\"frm_field_286_container\" class=\"frm_form_field form-field  frm_top_container\">\r\n\t<label for=\"field_xtexr2\" id=\"field_xtexr2_label\" class=\"frm_primary_label\">Commentaires\r\n\t\t<span class=\"frm_required\" aria-hidden=\"true\"><\/span>\r\n\t<\/label>\r\n\t<textarea name=\"item_meta[286]\" id=\"field_xtexr2\" rows=\"5\"  data-invmsg=\"Commentaires est dans un format non valide.\" aria-invalid=\"false\"  ><\/textarea>\r\n\t\r\n\t\r\n<\/div>\n<div id=\"frm_field_287_container\" class=\"frm_form_field form-field  frm_required_field frm_top_container frm_other_container\">\r\n\t<label for=\"field_1sbkc2\" id=\"field_1sbkc2_label\" class=\"frm_primary_label\">Je dispose d&rsquo;un&#8230;\r\n\t\t<span class=\"frm_required\" aria-hidden=\"true\">*<\/span>\r\n\t<\/label>\r\n\t\t\t<select name=\"item_meta[287]\" id=\"field_1sbkc2\"  data-frmval=\"Bachelor of Science BSc (Haute \u00e9cole sp\u00e9cialis\u00e9e, Universit\u00e9, NTE)\" data-reqmsg=\"Je dispose d&#039;un... ne doit pas \u00eatre vide.\" aria-required=\"true\" data-invmsg=\"Je dispose d&#039;un... est non valide\" aria-invalid=\"false\"  >\n\t\t<option  value=\"Bachelor of Science BSc (Haute \u00e9cole sp\u00e9cialis\u00e9e, Universit\u00e9, NTE)\" selected='selected'>Bachelor of Science BSc (Haute \u00e9cole sp\u00e9cialis\u00e9e, Universit\u00e9, NTE)<\/option><option  value=\"Dipl\u00f4me d&#039;une \u00e9cole sup\u00e9rieure\">Dipl\u00f4me d&#039;une \u00e9cole sup\u00e9rieure<\/option><option  value=\"autre dipl\u00f4me\" class=\"frm_other_trigger\">autre dipl\u00f4me<\/option>\t<\/select>\n\t<label for=\"field_1sbkc2-otext\" class=\"frm_screen_reader frm_hidden\">Je dispose d&#039;un&#8230;<\/label><input type=\"text\" id=\"field_1sbkc2-otext\" class=\"frm_other_input frm_pos_none\"  name=\"item_meta[other][287]\" value=\"\" \/>\r\n\t\r\n\t\r\n<\/div>\n<div id=\"frm_field_288_container\" class=\"frm_form_field form-field  frm_top_container\">\r\n\t<label for=\"field_4d8wy2\" id=\"field_4d8wy2_label\" class=\"frm_primary_label\">Ann\u00e9e d&rsquo;obtention du dipl\u00f4me\r\n\t\t<span class=\"frm_required\" aria-hidden=\"true\"><\/span>\r\n\t<\/label>\r\n\t<input  type=\"text\" id=\"field_4d8wy2\" name=\"item_meta[288]\" value=\"\"  data-invmsg=\"Ann\u00e9e d&#039;obtention du dipl\u00f4me is invalid\" aria-invalid=\"false\"   \/>\r\n\t\r\n\t\r\n<\/div>\n<div id=\"frm_field_289_container\" class=\"frm_form_field form-field  frm_top_container\">\r\n\t<label for=\"field_i583y2\" id=\"field_i583y2_label\" class=\"frm_primary_label\">Avez-vous une exp\u00e9rience professionnelle en tant qu&rsquo;ergoth\u00e9rapeute*, si oui de quelle dur\u00e9e et dans quelle sp\u00e9cialit\u00e9 ?\r\n\t\t<span class=\"frm_required\" aria-hidden=\"true\"><\/span>\r\n\t<\/label>\r\n\t<textarea name=\"item_meta[289]\" id=\"field_i583y2\" rows=\"5\"  data-invmsg=\"Avez-vous une exp\u00e9rience professionnelle en tant qu&#039;ergoth\u00e9rapeute*, si oui de quelle dur\u00e9e et dans quelle sp\u00e9cialit\u00e9 ? est dans un format non valide.\" aria-invalid=\"false\"  ><\/textarea>\r\n\t\r\n\t\r\n<\/div>\n<div id=\"frm_field_290_container\" class=\"frm_form_field form-field  frm_required_field frm_top_container frm_two_col\">\r\n\t<div  id=\"field_58rnk2_label\" class=\"frm_primary_label\">Comment avez-vous pris connaissance de cette offre de formation continue ?\r\n\t\t<span class=\"frm_required\" aria-hidden=\"true\">*<\/span>\r\n\t<\/div>\r\n\t<div class=\"frm_opt_container\" aria-labelledby=\"field_58rnk2_label\" role=\"radiogroup\" aria-required=\"true\">\t\t<div class=\"frm_radio\" id=\"frm_radio_290-0\">\t\t\t<label  for=\"field_58rnk2-0\">\n\t\t\t\t\t<input type=\"radio\" name=\"item_meta[290]\" id=\"field_58rnk2-0\" value=\"E-mail ou newsletter\"\n\t\t data-frmval=\"E-Mail oder Newsletter\" data-reqmsg=\"Comment avez-vous pris connaissance de cette offre de formation continue ? ne doit pas \u00eatre vide.\" data-invmsg=\"Comment avez-vous pris connaissance de cette offre de formation continue ? est non valide\"   \/> E-mail ou newsletter<\/label><\/div>\n\t\t<div class=\"frm_radio\" id=\"frm_radio_290-1\">\t\t\t<label  for=\"field_58rnk2-1\">\n\t\t\t\t\t<input type=\"radio\" name=\"item_meta[290]\" id=\"field_58rnk2-1\" value=\"Journal ou magazine\"\n\t\t data-frmval=\"E-Mail oder Newsletter\" data-reqmsg=\"Comment avez-vous pris connaissance de cette offre de formation continue ? ne doit pas \u00eatre vide.\" data-invmsg=\"Comment avez-vous pris connaissance de cette offre de formation continue ? est non valide\"   \/> Journal ou magazine<\/label><\/div>\n\t\t<div class=\"frm_radio\" id=\"frm_radio_290-7\">\t\t\t<label  for=\"field_58rnk2-7\">\n\t\t\t\t\t<input type=\"radio\" name=\"item_meta[290]\" id=\"field_58rnk2-7\" value=\"Site web de la ZHAW\"\n\t\t data-frmval=\"E-Mail oder Newsletter\" data-reqmsg=\"Comment avez-vous pris connaissance de cette offre de formation continue ? ne doit pas \u00eatre vide.\" data-invmsg=\"Comment avez-vous pris connaissance de cette offre de formation continue ? est non valide\"   \/> Site web de la ZHAW<\/label><\/div>\n\t\t<div class=\"frm_radio\" id=\"frm_radio_290-3\">\t\t\t<label  for=\"field_58rnk2-3\">\n\t\t\t\t\t<input type=\"radio\" name=\"item_meta[290]\" id=\"field_58rnk2-3\" value=\"Note dans le courrier\"\n\t\t data-frmval=\"E-Mail oder Newsletter\" data-reqmsg=\"Comment avez-vous pris connaissance de cette offre de formation continue ? ne doit pas \u00eatre vide.\" data-invmsg=\"Comment avez-vous pris connaissance de cette offre de formation continue ? est non valide\"   \/> Note dans le courrier<\/label><\/div>\n\t\t<div class=\"frm_radio\" id=\"frm_radio_290-4\">\t\t\t<label  for=\"field_58rnk2-4\">\n\t\t\t\t\t<input type=\"radio\" name=\"item_meta[290]\" id=\"field_58rnk2-4\" value=\"Site web de l&#039;EVS\"\n\t\t data-frmval=\"E-Mail oder Newsletter\" data-reqmsg=\"Comment avez-vous pris connaissance de cette offre de formation continue ? ne doit pas \u00eatre vide.\" data-invmsg=\"Comment avez-vous pris connaissance de cette offre de formation continue ? est non valide\"   \/> Site web de l&rsquo;EVS<\/label><\/div>\n\t\t<div class=\"frm_radio\" id=\"frm_radio_290-5\">\t\t\t<label  for=\"field_58rnk2-5\">\n\t\t\t\t\t<input type=\"radio\" name=\"item_meta[290]\" id=\"field_58rnk2-5\" value=\"Recommandation personnelle (p.ex. pair ou sup\u00e9rieur*)\"\n\t\t data-frmval=\"E-Mail oder Newsletter\" data-reqmsg=\"Comment avez-vous pris connaissance de cette offre de formation continue ? ne doit pas \u00eatre vide.\" data-invmsg=\"Comment avez-vous pris connaissance de cette offre de formation continue ? est non valide\"   \/> Recommandation personnelle (p.ex. pair ou sup\u00e9rieur*)<\/label><\/div>\n\t\t<div class=\"frm_radio\" id=\"frm_radio_290-6\">\t\t\t<label  for=\"field_58rnk2-6\">\n\t\t\t\t\t<input type=\"radio\" name=\"item_meta[290]\" id=\"field_58rnk2-6\" value=\"autre\"\n\t\t data-frmval=\"E-Mail oder Newsletter\" data-reqmsg=\"Comment avez-vous pris connaissance de cette offre de formation continue ? ne doit pas \u00eatre vide.\" data-invmsg=\"Comment avez-vous pris connaissance de cette offre de formation continue ? est non valide\"   \/> autre<\/label><\/div>\n<\/div>\r\n\t\r\n\t\r\n<\/div>\n<div id=\"frm_field_291_container\" class=\"frm_form_field form-field  frm_required_field frm_top_container vertical_radio\">\r\n\t<div  id=\"field_vcunw2_label\" class=\"frm_primary_label\">Accepter les conditions de participation\r\n\t\t<span class=\"frm_required\" aria-hidden=\"true\">*<\/span>\r\n\t<\/div>\r\n\t<div class=\"frm_opt_container\" aria-labelledby=\"field_vcunw2_label\" role=\"group\">\t\t<div class=\"frm_checkbox\" id=\"frm_checkbox_291-0\">\t\t\t<label  for=\"field_vcunw2-0\">\n\t\t\t<input type=\"checkbox\" name=\"item_meta[291][]\" id=\"field_vcunw2-0\" value=\"\"  data-frmval=\"0\" data-reqmsg=\"Accepter les conditions de participation ne doit pas \u00eatre vide.\" data-invmsg=\"Accepter les conditions de participation est non valide\"   aria-required=\"true\"  \/> <\/label><\/div>\n<\/div>\r\n\t\r\n\t\r\n<\/div>\n<div id=\"frm_field_386_container\" class=\"frm_form_field form-field  frm_none_container\">\r\n\t<label for=\"g-recaptcha-response\" id=\"field_mhs84_label\" class=\"frm_primary_label\">Captcha\r\n\t\t<span class=\"frm_required\" aria-hidden=\"true\"><\/span>\r\n\t<\/label>\r\n\t<div  id=\"field_mhs84\" class=\"frm-g-recaptcha\" data-sitekey=\"6LesWA4rAAAAABYOfdjArOatHdyKs-rKyRrj3AQB\" data-size=\"invisible\" data-theme=\"light\"><\/div>\r\n\t\r\n\t\r\n<\/div>\n<div id=\"frm_field_292_container\" class=\"frm_form_field form-field \">\r\n\t<div class=\"frm_submit frm_flex\">\r\n<button class=\"frm_button_submit frm_final_submit\" type=\"submit\"   formnovalidate=\"formnovalidate\">Envoyer<\/button>\r\n\r\n\r\n\r\n<\/div>\r\n<\/div>\n\t<input type=\"hidden\" name=\"item_key\" value=\"\" \/>\n\t\t\t<div id=\"frm_field_645_container\">\n\t\t\t<label for=\"field_n6uul\" >\n\t\t\t\tSi vous \u00eates un humain, ne remplissez pas ce champ.\t\t\t<\/label>\n\t\t\t<input  id=\"field_n6uul\" type=\"text\" class=\"frm_form_field form-field frm_verify\" name=\"item_meta[645]\" value=\"\"  \/>\n\t\t<\/div>\n\t\t<input name=\"frm_state\" type=\"hidden\" value=\"ftUEDtpgBw7uYNHCOurAqshXloncb19qd6ylIU3MjEDW5Yls2MJOrTSsP6KVx71i\" \/><\/div>\n<\/fieldset>\n<\/div>\n\n<\/form>\n<\/div>\n\n        <\/div>\n    <\/div>\n<\/div>\n","protected":false},"excerpt":{"rendered":"","protected":false},"author":6,"featured_media":0,"parent":0,"menu_order":0,"comment_status":"closed","ping_status":"closed","template":"","meta":{"_acf_changed":false,"footnotes":""},"class_list":["post-6453","page","type-page","status-publish","hentry"],"acf":[],"yoast_head":"<!-- This site is optimized with the Yoast SEO Premium plugin v27.2 (Yoast SEO v27.2) - https:\/\/yoast.com\/product\/yoast-seo-premium-wordpress\/ -->\n<title>Inscription \u00e0 l\u2019ErGo-Mentoring - Ergotherapie-Verband<\/title>\n<meta name=\"robots\" content=\"index, follow, max-snippet:-1, max-image-preview:large, max-video-preview:-1\" \/>\n<link rel=\"canonical\" href=\"https:\/\/ergotherapie.ch\/fr\/inscription-a-lergo-mentoring\/\" \/>\n<meta property=\"og:locale\" content=\"fr_FR\" \/>\n<meta property=\"og:type\" content=\"article\" \/>\n<meta property=\"og:title\" content=\"Inscription \u00e0 l\u2019ErGo-Mentoring\" \/>\n<meta property=\"og:url\" content=\"https:\/\/ergotherapie.ch\/fr\/inscription-a-lergo-mentoring\/\" \/>\n<meta property=\"og:site_name\" content=\"Ergotherapie-Verband\" \/>\n<meta property=\"article:modified_time\" content=\"2025-03-23T14:13:02+00:00\" \/>\n<meta name=\"twitter:card\" content=\"summary_large_image\" \/>\n<script type=\"application\/ld+json\" class=\"yoast-schema-graph\">{\"@context\":\"https:\/\/schema.org\",\"@graph\":[{\"@type\":\"WebPage\",\"@id\":\"https:\/\/ergotherapie.ch\/fr\/inscription-a-lergo-mentoring\/\",\"url\":\"https:\/\/ergotherapie.ch\/fr\/inscription-a-lergo-mentoring\/\",\"name\":\"Inscription \u00e0 l\u2019ErGo-Mentoring - Ergotherapie-Verband\",\"isPartOf\":{\"@id\":\"https:\/\/ergotherapie.ch\/fr\/#website\"},\"datePublished\":\"2025-01-22T10:06:38+00:00\",\"dateModified\":\"2025-03-23T14:13:02+00:00\",\"breadcrumb\":{\"@id\":\"https:\/\/ergotherapie.ch\/fr\/inscription-a-lergo-mentoring\/#breadcrumb\"},\"inLanguage\":\"fr-FR\",\"potentialAction\":[{\"@type\":\"ReadAction\",\"target\":[\"https:\/\/ergotherapie.ch\/fr\/inscription-a-lergo-mentoring\/\"]}]},{\"@type\":\"BreadcrumbList\",\"@id\":\"https:\/\/ergotherapie.ch\/fr\/inscription-a-lergo-mentoring\/#breadcrumb\",\"itemListElement\":[{\"@type\":\"ListItem\",\"position\":1,\"name\":\"Home\",\"item\":\"https:\/\/ergotherapie.ch\/fr\/\"},{\"@type\":\"ListItem\",\"position\":2,\"name\":\"Inscription \u00e0 l\u2019ErGo-Mentoring\"}]},{\"@type\":\"WebSite\",\"@id\":\"https:\/\/ergotherapie.ch\/fr\/#website\",\"url\":\"https:\/\/ergotherapie.ch\/fr\/\",\"name\":\"Ergotherapie-Verband\",\"description\":\"\",\"potentialAction\":[{\"@type\":\"SearchAction\",\"target\":{\"@type\":\"EntryPoint\",\"urlTemplate\":\"https:\/\/ergotherapie.ch\/fr\/?s={search_term_string}\"},\"query-input\":{\"@type\":\"PropertyValueSpecification\",\"valueRequired\":true,\"valueName\":\"search_term_string\"}}],\"inLanguage\":\"fr-FR\"}]}<\/script>\n<!-- \/ Yoast SEO Premium plugin. -->","yoast_head_json":{"title":"Inscription \u00e0 l\u2019ErGo-Mentoring - Ergotherapie-Verband","robots":{"index":"index","follow":"follow","max-snippet":"max-snippet:-1","max-image-preview":"max-image-preview:large","max-video-preview":"max-video-preview:-1"},"canonical":"https:\/\/ergotherapie.ch\/fr\/inscription-a-lergo-mentoring\/","og_locale":"fr_FR","og_type":"article","og_title":"Inscription \u00e0 l\u2019ErGo-Mentoring","og_url":"https:\/\/ergotherapie.ch\/fr\/inscription-a-lergo-mentoring\/","og_site_name":"Ergotherapie-Verband","article_modified_time":"2025-03-23T14:13:02+00:00","twitter_card":"summary_large_image","schema":{"@context":"https:\/\/schema.org","@graph":[{"@type":"WebPage","@id":"https:\/\/ergotherapie.ch\/fr\/inscription-a-lergo-mentoring\/","url":"https:\/\/ergotherapie.ch\/fr\/inscription-a-lergo-mentoring\/","name":"Inscription \u00e0 l\u2019ErGo-Mentoring - Ergotherapie-Verband","isPartOf":{"@id":"https:\/\/ergotherapie.ch\/fr\/#website"},"datePublished":"2025-01-22T10:06:38+00:00","dateModified":"2025-03-23T14:13:02+00:00","breadcrumb":{"@id":"https:\/\/ergotherapie.ch\/fr\/inscription-a-lergo-mentoring\/#breadcrumb"},"inLanguage":"fr-FR","potentialAction":[{"@type":"ReadAction","target":["https:\/\/ergotherapie.ch\/fr\/inscription-a-lergo-mentoring\/"]}]},{"@type":"BreadcrumbList","@id":"https:\/\/ergotherapie.ch\/fr\/inscription-a-lergo-mentoring\/#breadcrumb","itemListElement":[{"@type":"ListItem","position":1,"name":"Home","item":"https:\/\/ergotherapie.ch\/fr\/"},{"@type":"ListItem","position":2,"name":"Inscription \u00e0 l\u2019ErGo-Mentoring"}]},{"@type":"WebSite","@id":"https:\/\/ergotherapie.ch\/fr\/#website","url":"https:\/\/ergotherapie.ch\/fr\/","name":"Ergotherapie-Verband","description":"","potentialAction":[{"@type":"SearchAction","target":{"@type":"EntryPoint","urlTemplate":"https:\/\/ergotherapie.ch\/fr\/?s={search_term_string}"},"query-input":{"@type":"PropertyValueSpecification","valueRequired":true,"valueName":"search_term_string"}}],"inLanguage":"fr-FR"}]}},"_links":{"self":[{"href":"https:\/\/ergotherapie.ch\/fr\/wp-json\/wp\/v2\/pages\/6453","targetHints":{"allow":["GET"]}}],"collection":[{"href":"https:\/\/ergotherapie.ch\/fr\/wp-json\/wp\/v2\/pages"}],"about":[{"href":"https:\/\/ergotherapie.ch\/fr\/wp-json\/wp\/v2\/types\/page"}],"author":[{"embeddable":true,"href":"https:\/\/ergotherapie.ch\/fr\/wp-json\/wp\/v2\/users\/6"}],"replies":[{"embeddable":true,"href":"https:\/\/ergotherapie.ch\/fr\/wp-json\/wp\/v2\/comments?post=6453"}],"version-history":[{"count":4,"href":"https:\/\/ergotherapie.ch\/fr\/wp-json\/wp\/v2\/pages\/6453\/revisions"}],"predecessor-version":[{"id":8455,"href":"https:\/\/ergotherapie.ch\/fr\/wp-json\/wp\/v2\/pages\/6453\/revisions\/8455"}],"wp:attachment":[{"href":"https:\/\/ergotherapie.ch\/fr\/wp-json\/wp\/v2\/media?parent=6453"}],"curies":[{"name":"wp","href":"https:\/\/api.w.org\/{rel}","templated":true}]}}