{"id":6747,"date":"2024-12-23T22:25:05","date_gmt":"2024-12-23T20:25:05","guid":{"rendered":"https:\/\/dev.ergo.bertaeins.ch\/association\/participer-activement\/pool-dexpert%c2%b7e%c2%b7s\/"},"modified":"2026-03-25T15:16:05","modified_gmt":"2026-03-25T13:16:05","slug":"pool-dexpert%c2%b7e%c2%b7s","status":"publish","type":"page","link":"https:\/\/ergotherapie.ch\/fr\/association\/participer-activement\/pool-dexpert%c2%b7e%c2%b7s\/","title":{"rendered":"Pool d\u2019expert\u00b7e\u00b7s"},"content":{"rendered":"<div id=\"hero-with-arc\">\n    <div class=\"container-fluid\">\n        <div class=\"hero-with-arc-art\">\n            <img decoding=\"async\" src=\"https:\/\/ergotherapie.ch\/wp-content\/themes\/ergo-theme\/assets\/images\/header_arc.svg\" alt=\"Arc\" \/>\n        <\/div>\n        <div class=\"hw-content\">\n            <div class=\"hw-content-editor-wrapper\">\n                <h2>Pool d\u2019expert\u00b7e\u00b7s<\/h2>\n<p>L\u2019ASE recherche des expert\u00b7e\u00b7s!<\/p>\n<p>Le quotidien professionnel toujours plus exigeant nous met au d\u00e9fi: en tant qu\u2019ergoth\u00e9rapeutes, nous devons utiliser nos connaissances et nos comp\u00e9tences de fa\u00e7on encore plus intense et \u00e9changer entre nous encore plus activement.<\/p>\n<p>L\u2019ASE recherche des ergoth\u00e9rapeutes disposant de connaissances suppl\u00e9mentaires, de comp\u00e9tences sp\u00e9cifiques ou d\u2019une expertise particuli\u00e8re dans diff\u00e9rents domaines. Le pool d\u2019expertise s\u2019entend comme un vivier d\u2019expert\u00b7e\u00b7s capables d\u2019intervenir \u00e0 tout moment dans le cadre de manifestations, d\u2019expos\u00e9s, de groupes de travail, de rencontres politiques, ou encore de faire partie de groupes d\u2019expert\u00b7e\u00b7s.<\/p>\n                            <\/div>\n        <\/div>\n    <\/div>\n<\/div>\n\n\n<div         class=\"wysiwyg padding-none  \">\n    <div class=\"container-fluid\">\n        <div class=\"wysiwyg-inner-container\">\n            <h3><strong>A qui s\u2019adresse cet appel?<\/strong><\/h3>\n<ul>\n<li>Etes-vous capable d\u2019appr\u00e9hender de mani\u00e8re intuitive des situations complexes sur la base de vos connaissances sp\u00e9cialis\u00e9es?<\/li>\n<li>Notre profession vous tient-elle \u00e0 c\u0153ur? Avez-vous une vision de ce qui doit \u00eatre possible en ergoth\u00e9rapie?<\/li>\n<li>Disposez-vous de l\u2019aptitude de conceptualiser un th\u00e8me et de l\u2019examiner sous diff\u00e9rentes perspectives (r\u00e9flexion strat\u00e9gique)?<\/li>\n<li>Vous poursuivez une approche d\u00e9lib\u00e9rative et pond\u00e9r\u00e9e, avez un esprit d\u2019\u00e9quipe prononc\u00e9 et \u00eates capable de d\u00e9lib\u00e9rer efficacement avec des coll\u00e8gues, des <!--StartFragment --><span class=\"cf0\">acteurs\u00b7trices<\/span><!--EndFragment --> ou des parties prenantes.<\/li>\n<li>Ce faisant, vous connaissez les limites de votre savoir et de votre analyse et acceptez que vous soyez faillible.<\/li>\n<\/ul>\n<p>Votre expertise peut avoir \u00e9t\u00e9 d\u00e9velopp\u00e9e dans la communication, dans la pratique professionnelle (dans des champs vari\u00e9s), dans la gestion, la p\u00e9dagogie ou encore la recherche.<\/p>\n<h3><strong>Comment proc\u00e9der?<\/strong><\/h3>\n<p>Les membres de l\u2019ASE <!--StartFragment --><span class=\"cf0\">int\u00e9ress\u00e9\u00b7e s<\/span><!--EndFragment --> d\u00e9posent leur dossier de candidature comportant un curriculum vitae (CV) mis \u00e0 jour et une lettre de motivation dans laquelle ils expliquent leurs pr\u00e9f\u00e9rences en mati\u00e8re d\u2019engagement. Ces informations permettront \u00e0 l\u2019ASE de faire appel aux personnes concern\u00e9es en fonction de leurs int\u00e9r\u00eats et de leurs points forts.<\/p>\n<h3><strong>Int\u00e9ress\u00e9\u00b7e?<\/strong><\/h3>\n<p>Merci d\u2019envoyer votre CV et votre lettre de motivation \u00e0 <a href=\"mailto:evs-ase@ergotherapie.ch\" target=\"_blank\" rel=\"noopener\">evs-ase@ergotherapie.ch\u00a0<\/a><\/p>\n        <\/div>\n    <\/div>\n<\/div>\n\n\n<div  class=\"play-it-safe \">\n    <div class=\"bg-block color-pink\"><\/div>\n\n    <div class=\"row row-spaced row-0\">\n        <div class=\"col-sm-4\">\n            <div class=\"pic-content equal-h\">\n                                    <svg preserveAspectRatio=\"none\" class=\"desk\" width=\"169px\" height=\"466px\" viewBox=\"0 0 169 466\" version=\"1.1\" xmlns=\"http:\/\/www.w3.org\/2000\/svg\" xmlns:xlink=\"http:\/\/www.w3.org\/1999\/xlink\">\n                        <g id=\"Page-1\" stroke=\"none\" stroke-width=\"1\" fill=\"none\" fill-rule=\"evenodd\">\n                            <path d=\"M89.8632812,0.37890625 C89.8632812,0.37890625 116.121516,0.37890625 168.637987,0.37890625 L168.637987,465.722656 L0.46484375,465.722656 Q168.637987,290 89.8632812,0.37890625 Z\" id=\"Path\" fill=\"#e1077c\"><\/path>\n                        <\/g>\n                    <\/svg>\n\n                    <svg preserveAspectRatio=\"none\" class=\"mob\" width=\"979px\" height=\"597px\" viewBox=\"0 0 979 597\" version=\"1.1\" xmlns=\"http:\/\/www.w3.org\/2000\/svg\" xmlns:xlink=\"http:\/\/www.w3.org\/1999\/xlink\">\n                        <g id=\"Page-1\" stroke=\"none\" stroke-width=\"1\" fill=\"none\" fill-rule=\"evenodd\">\n                            <path d=\"M920.173676,0.660329926 L978.903356,0.660329926 L978.903356,596.396574 L-5.68434189e-14,596.396574 L-5.68434189e-14,307.534946 C32.5408648,369.771821 70.6695915,420.874958 114.38618,460.844357 C179.961063,520.798455 254.067823,549.297836 292.833128,564.41496 C331.598433,579.532084 519.395564,596.118935 613.432365,553.413373 C707.469166,510.707812 756.499575,483.443626 820.891204,402.575931 C885.282834,321.708236 902.997523,273.366891 920.173676,186.192679 C931.624444,128.076538 931.624444,66.2324218 920.173676,0.660329926 Z\" id=\"Path\" fill=\"#e1077c\"><\/path>\n                        <\/g>\n                    <\/svg>\n\n                    <div style=\"background-image: url('https:\/\/ergotherapie.ch\/wp-content\/uploads\/2026\/03\/AdobeStock_754642278-scaled.jpeg')\">\n                        <img decoding=\"async\" width=\"189\" height=\"189\" loading=\"lazy\"\n                             src=\"https:\/\/ergotherapie.ch\/wp-content\/themes\/ergo-theme\/assets\/images\/person_photo_placeholder.png\" alt=\"Placeholder\" class=\"img-fluid\"\/>\n                    <\/div>\n                            <\/div>\n        <\/div>\n        <div class=\"col-sm-8\">\n            <div class=\"pis-content equal-h color-pink\">\n                <h2>COTEC: recherche des expert\u00b7e\u00b7s!<\/h2>\n<p>Afin d\u2019\u00e9largir au maximum le spectre des connaissances sp\u00e9cialis\u00e9es, le groupe de coordination d\u2019Occupational Therapy Europe, l\u2019association fa\u00eeti\u00e8re du COTEC, de l\u2019ENOTHE et du ROTOS, a valid\u00e9 une proc\u00e9dure d\u2019autonomination par les ergoth\u00e9rapeutes.<\/p>\n<p><a href=\"https:\/\/www.coteceurope.eu\/\" target=\"_blank\" rel=\"noopener\">Plus d\u2019informations<\/a><\/p>\n            <\/div>\n        <\/div>\n    <\/div>\n\n<\/div>\n\n\n        <div  class=\"pre-footer-grid \">\n            <div class=\"container-fluid\">\n                <div class=\"row row-spaced\">\n                                            <div class=\"col-lg-3 col-md-4 col-sm-6\">\n                            <div class=\"one-pre-footer-grid\">\n                                <div>\n                                    <p class=\"one-pfg-icon\">\n                                        <?xml version=\"1.0\" encoding=\"utf-8\"?>\n<svg id=\"4319Icon_Kursangebot\" data-name=\"Icon Kursangebot\" xmlns=\"http:\/\/www.w3.org\/2000\/svg\" xmlns:xlink=\"http:\/\/www.w3.org\/1999\/xlink\" width=\"138.686\" height=\"102.621\" viewBox=\"0 0 138.686 102.621\">\n  <defs>\n    <clipPath id=\"4319clip-path\">\n      <rect id=\"4319Rectangle_334\" data-name=\"Rectangle 334\" width=\"138.686\" height=\"102.621\" fill=\"none\" stroke=\"#e1077c\" stroke-width=\"1\"\/>\n    <\/clipPath>\n  <\/defs>\n  <g id=\"4319Group_1023\" data-name=\"Group 1023\" clip-path=\"url(#4319clip-path)\">\n    <path id=\"4319Path_991\" data-name=\"Path 991\" d=\"M38.489,61.233V96.256S47.427,116.5,79.986,117c0,.264,33.281-1.676,40.516-19.764v-36\" transform=\"translate(-10.641 -16.93)\" fill=\"none\" stroke=\"#e1077c\" stroke-miterlimit=\"10\" stroke-width=\"7\"\/>\n    <path id=\"4319Path_992\" data-name=\"Path 992\" d=\"M95.165,44.51l55.44,6.065V106.59\" transform=\"translate(-26.311 -12.306)\" fill=\"none\" stroke=\"#e1077c\" stroke-miterlimit=\"10\" stroke-width=\"7\"\/>\n    <path id=\"4319Path_993\" data-name=\"Path 993\" d=\"M69.918,63.53,3.547,34.045a.079.079,0,0,1,0-.145L69.917,3.507a.074.074,0,0,1,.065,0L137.074,33.9a.079.079,0,0,1,0,.145L69.981,63.53A.075.075,0,0,1,69.918,63.53Z\" transform=\"translate(-0.968 -0.968)\" fill=\"none\" stroke=\"#e1077c\" stroke-miterlimit=\"10\" stroke-width=\"7\"\/>\n  <\/g>\n<\/svg>\n                                    <\/p>\n                                    <p class=\"one-pfg-title\">\n                                        Offre de cours                                    <\/p>\n                                                                            <p class=\"one-pfg-text small-font-size mb_0\">\n                                            D\u00e9couvrez le large \u00e9ventail de formations et de formations continues propos\u00e9es par l&rsquo;ASE et inscrivez-vous d\u00e8s maintenant en ligne.<br \/>\r\n<br \/>\r\n                                        <\/p>\n                                                                    <\/div>\n                                <div>\n                                    <p class=\"one-pfg-button\">\n                                                <a href=\"\/fr\/formation\/formations-continues-et-perfectionnements\/\" class=\"the-button\">\n            En savoir plus        <\/a>\n                                        <\/p>\n                                <\/div>\n                            <\/div>\n                        <\/div>\n                                                <div class=\"col-lg-3 col-md-4 col-sm-6\">\n                            <div class=\"one-pre-footer-grid\">\n                                <div>\n                                    <p class=\"one-pfg-icon\">\n                                        <?xml version=\"1.0\" encoding=\"utf-8\"?>\n<svg xmlns=\"http:\/\/www.w3.org\/2000\/svg\" width=\"83.224\" height=\"96.598\" viewBox=\"0 0 83.224 96.598\">\n  <g id=\"6801Icon_Ergotherapeut_in_finden\" data-name=\"Icon Ergotherapeut*in finden\" transform=\"translate(3.5 3.5)\">\n    <circle id=\"6801Ellipse_74\" data-name=\"Ellipse 74\" cx=\"33.658\" cy=\"33.658\" r=\"33.658\" fill=\"none\" stroke=\"#e1077c\" stroke-miterlimit=\"10\" stroke-width=\"7\"\/>\n    <path id=\"6801Path_1045\" data-name=\"Path 1045\" d=\"M49,15.5A24.78,24.78,0,0,1,73.781,40.281\" transform=\"translate(-17.343 -4.623)\" fill=\"none\" stroke=\"#e1077c\" stroke-miterlimit=\"10\" stroke-width=\"7\"\/>\n    <line id=\"6801Line_83\" data-name=\"Line 83\" x2=\"22.932\" y2=\"30.329\" transform=\"translate(54 60.658)\" fill=\"none\" stroke=\"#e1077c\" stroke-miterlimit=\"10\" stroke-width=\"7\"\/>\n  <\/g>\n<\/svg>\n                                    <\/p>\n                                    <p class=\"one-pfg-title\">\n                                        Trouver un\u00b7e ergoth\u00e9rapeute                                    <\/p>\n                                                                            <p class=\"one-pfg-text small-font-size mb_0\">\n                                            Trouvez un\u00b7e ergoth\u00e9rapeute pr\u00e8s de chez vous.<br \/>\r\n<br \/>\r\n                                        <\/p>\n                                                                    <\/div>\n                                <div>\n                                    <p class=\"one-pfg-button\">\n                                                <a href=\"\/fr\/ergotherapie\/trouver-un-ergotherapeute\/\" class=\"the-button\">\n             En savoir plus        <\/a>\n                                        <\/p>\n                                <\/div>\n                            <\/div>\n                        <\/div>\n                                                <div class=\"col-lg-3 col-md-4 col-sm-6\">\n                            <div class=\"one-pre-footer-grid\">\n                                <div>\n                                    <p class=\"one-pfg-icon\">\n                                        <?xml version=\"1.0\" encoding=\"utf-8\"?>\n<svg xmlns=\"http:\/\/www.w3.org\/2000\/svg\" width=\"113.696\" height=\"103.026\" viewBox=\"0 0 113.696 103.026\">\n  <g id=\"4781icon_Stelleninserate\" data-name=\"icon Stelleninserate\" transform=\"translate(3.5 3.5)\">\n    <rect id=\"4781Rectangle_359\" data-name=\"Rectangle 359\" width=\"106.696\" height=\"79.034\" transform=\"translate(0 16.992)\" fill=\"none\" stroke=\"#e1077c\" stroke-miterlimit=\"10\" stroke-width=\"7\"\/>\n    <path id=\"4781Path_1046\" data-name=\"Path 1046\" d=\"M43.542,64.122H19.1L4.84,25.966A.715.715,0,0,1,5.509,25h100a3.928,3.928,0,0,1,3.679,5.3L96.553,64.122H70.764\" transform=\"translate(-3.771 -8.008)\" fill=\"none\" stroke=\"#e1077c\" stroke-miterlimit=\"10\" stroke-width=\"7\"\/>\n    <rect id=\"4781Rectangle_360\" data-name=\"Rectangle 360\" width=\"28.452\" height=\"15.016\" transform=\"translate(39.122 49.791)\" fill=\"none\" stroke=\"#e1077c\" stroke-miterlimit=\"10\" stroke-width=\"7\"\/>\n    <path id=\"4781Path_1047\" data-name=\"Path 1047\" d=\"M44.5,22.073V11.008A7.508,7.508,0,0,1,52.008,3.5H78.88a7.508,7.508,0,0,1,7.508,7.508V22.073\" transform=\"translate(-12.096 -3.5)\" fill=\"none\" stroke=\"#e1077c\" stroke-miterlimit=\"10\" stroke-width=\"7\"\/>\n  <\/g>\n<\/svg>\n                                    <\/p>\n                                    <p class=\"one-pfg-title\">\n                                        Offres d&#8217;emploi                                    <\/p>\n                                                                            <p class=\"one-pfg-text small-font-size mb_0\">\n                                            Postulez \u00e0 un emploi qui vous convient. Vous trouverez ici les offres d&#8217;emploi actuelles.<br \/>\r\n<br \/>\r\n<br \/>\r\n                                        <\/p>\n                                                                    <\/div>\n                                <div>\n                                    <p class=\"one-pfg-button\">\n                                                <a href=\"\/fr\/exercice-de-la-profession\/stelleninserate\/\" class=\"the-button\">\n            En savoir plus        <\/a>\n                                        <\/p>\n                                <\/div>\n                            <\/div>\n                        <\/div>\n                                                <div class=\"col-lg-3 col-md-4 col-sm-6\">\n                            <div class=\"one-pre-footer-grid\">\n                                <div>\n                                    <p class=\"one-pfg-icon\">\n                                        <?xml version=\"1.0\" encoding=\"utf-8\"?>\n<svg id=\"781icon_Verordnung_Ergotherapie\" data-name=\"icon Verordnung  Ergotherapie\" xmlns=\"http:\/\/www.w3.org\/2000\/svg\" xmlns:xlink=\"http:\/\/www.w3.org\/1999\/xlink\" width=\"129.594\" height=\"127.813\" viewBox=\"0 0 129.594 127.813\">\n  <defs>\n    <clipPath id=\"781clip-path\">\n      <rect id=\"781Rectangle_337\" data-name=\"Rectangle 337\" width=\"129.594\" height=\"127.813\" fill=\"none\" stroke=\"#e1077c\" stroke-width=\"1\"\/>\n    <\/clipPath>\n  <\/defs>\n  <g id=\"781Group_1026\" data-name=\"Group 1026\">\n    <g id=\"781Group_1025\" data-name=\"Group 1025\" clip-path=\"url(#781clip-path)\">\n      <path id=\"781Path_996\" data-name=\"Path 996\" d=\"M101.522,99.942v24.644H3.5V3.5h98.022V33.772\" transform=\"translate(-0.137 -0.137)\" fill=\"none\" stroke=\"#e1077c\" stroke-miterlimit=\"10\" stroke-width=\"7\"\/>\n    <\/g>\n  <\/g>\n  <line id=\"781Line_68\" data-name=\"Line 68\" x2=\"33.701\" transform=\"translate(30.141 69.673)\" fill=\"none\" stroke=\"#e1077c\" stroke-miterlimit=\"10\" stroke-width=\"7\"\/>\n  <line id=\"781Line_69\" data-name=\"Line 69\" x1=\"4.11\" transform=\"translate(15.205 69.673)\" fill=\"none\" stroke=\"#e1077c\" stroke-miterlimit=\"10\" stroke-width=\"7\"\/>\n  <line id=\"781Line_70\" data-name=\"Line 70\" x2=\"33.701\" transform=\"translate(30.652 84.086)\" fill=\"none\" stroke=\"#e1077c\" stroke-miterlimit=\"10\" stroke-width=\"7\"\/>\n  <line id=\"781Line_71\" data-name=\"Line 71\" x1=\"4.11\" transform=\"translate(15.616 84.086)\" fill=\"none\" stroke=\"#e1077c\" stroke-miterlimit=\"10\" stroke-width=\"7\"\/>\n  <line id=\"781Line_72\" data-name=\"Line 72\" x1=\"4.11\" transform=\"translate(15.616 97.541)\" fill=\"none\" stroke=\"#e1077c\" stroke-miterlimit=\"10\" stroke-width=\"7\"\/>\n  <line id=\"781Line_73\" data-name=\"Line 73\" x2=\"33.701\" transform=\"translate(30.652 97.541)\" fill=\"none\" stroke=\"#e1077c\" stroke-miterlimit=\"10\" stroke-width=\"7\"\/>\n  <line id=\"781Line_74\" data-name=\"Line 74\" x1=\"12.741\" transform=\"translate(51.89 113.428)\" fill=\"none\" stroke=\"#e1077c\" stroke-miterlimit=\"10\" stroke-width=\"7\"\/>\n  <g id=\"781Group_1028\" data-name=\"Group 1028\">\n    <g id=\"781Group_1027\" data-name=\"Group 1027\" clip-path=\"url(#781clip-path)\">\n      <circle id=\"781Ellipse_68\" data-name=\"Ellipse 68\" cx=\"20.661\" cy=\"20.661\" r=\"20.661\" transform=\"translate(31.231 16.817)\" fill=\"none\" stroke=\"#e1077c\" stroke-miterlimit=\"10\" stroke-width=\"7\"\/>\n      <path id=\"781Path_997\" data-name=\"Path 997\" d=\"M39.5,52.176a15.085,15.085,0,0,1,13.948-7.971c5.739,0,10.792,2.2,13.317,7.971\" transform=\"translate(-1.541 -1.724)\" fill=\"none\" stroke=\"#e1077c\" stroke-miterlimit=\"10\" stroke-width=\"7\"\/>\n      <path id=\"781Path_998\" data-name=\"Path 998\" d=\"M60.866,34.668c0,4.511-3.227,8.168-7.207,8.168s-7.207-3.658-7.207-8.168S49.679,26.5,53.659,26.5,60.866,30.158,60.866,34.668Z\" transform=\"translate(-1.812 -1.034)\" fill=\"none\" stroke=\"#e1077c\" stroke-miterlimit=\"10\" stroke-width=\"7\"\/>\n      <path id=\"781Path_999\" data-name=\"Path 999\" d=\"M82.706,104.02l2.323-16.637,31.9-52.935L128.2,41.243,96.106,94.5Z\" transform=\"translate(-3.226 -1.344)\" fill=\"none\" stroke=\"#e1077c\" stroke-miterlimit=\"10\" stroke-width=\"7\"\/>\n      <line id=\"781Line_75\" data-name=\"Line 75\" x2=\"11.273\" y2=\"6.794\" transform=\"translate(105.691 46.4)\" fill=\"none\" stroke=\"#e1077c\" stroke-miterlimit=\"10\" stroke-width=\"7\"\/>\n      <line id=\"781Line_76\" data-name=\"Line 76\" x2=\"11.273\" y2=\"6.794\" transform=\"translate(83.436 83.588)\" fill=\"none\" stroke=\"#e1077c\" stroke-miterlimit=\"10\" stroke-width=\"7\"\/>\n    <\/g>\n  <\/g>\n<\/svg>\n                                    <\/p>\n                                    <p class=\"one-pfg-title\">\n                                        Prescription d&rsquo;ergoth\u00e9rapie                                    <\/p>\n                                                                            <p class=\"one-pfg-text small-font-size mb_0\">\n                                            Pour les m\u00e9decins : t\u00e9l\u00e9chargez ici le formulaire de prescription d&rsquo;ergoth\u00e9rapie.<br \/>\r\n<br \/>\r\n                                        <\/p>\n                                                                    <\/div>\n                                <div>\n                                    <p class=\"one-pfg-button\">\n                                                <a href=\"https:\/\/ergotherapie.ch\/fr\/ordonnance\/\" class=\"the-button\">\n             En savoir plus        <\/a>\n                                        <\/p>\n                                <\/div>\n                            <\/div>\n                        <\/div>\n                                        <\/div>\n            <\/div>\n        <\/div>\n        ","protected":false},"excerpt":{"rendered":"","protected":false},"author":6,"featured_media":0,"parent":6712,"menu_order":0,"comment_status":"closed","ping_status":"closed","template":"","meta":{"_acf_changed":false,"footnotes":""},"class_list":["post-6747","page","type-page","status-publish","hentry"],"acf":[],"yoast_head":"<!-- This site is optimized with the Yoast SEO Premium plugin v27.2 (Yoast SEO v27.2) - https:\/\/yoast.com\/product\/yoast-seo-premium-wordpress\/ -->\n<title>Pool d\u2019expert\u00b7e\u00b7s - Ergotherapie-Verband<\/title>\n<meta name=\"robots\" content=\"index, follow, max-snippet:-1, max-image-preview:large, max-video-preview:-1\" \/>\n<link rel=\"canonical\" href=\"https:\/\/ergotherapie.ch\/fr\/association\/participer-activement\/pool-dexpert%c2%b7e%c2%b7s\/\" \/>\n<meta property=\"og:locale\" content=\"fr_FR\" \/>\n<meta property=\"og:type\" content=\"article\" \/>\n<meta property=\"og:title\" content=\"Pool d\u2019expert\u00b7e\u00b7s\" \/>\n<meta property=\"og:url\" content=\"https:\/\/ergotherapie.ch\/fr\/association\/participer-activement\/pool-dexpert%c2%b7e%c2%b7s\/\" \/>\n<meta property=\"og:site_name\" content=\"Ergotherapie-Verband\" \/>\n<meta property=\"article:modified_time\" content=\"2026-03-25T13:16:05+00:00\" \/>\n<meta name=\"twitter:card\" content=\"summary_large_image\" \/>\n<script type=\"application\/ld+json\" class=\"yoast-schema-graph\">{\"@context\":\"https:\/\/schema.org\",\"@graph\":[{\"@type\":\"WebPage\",\"@id\":\"https:\/\/ergotherapie.ch\/fr\/association\/participer-activement\/pool-dexpert%c2%b7e%c2%b7s\/\",\"url\":\"https:\/\/ergotherapie.ch\/fr\/association\/participer-activement\/pool-dexpert%c2%b7e%c2%b7s\/\",\"name\":\"Pool d\u2019expert\u00b7e\u00b7s - Ergotherapie-Verband\",\"isPartOf\":{\"@id\":\"https:\/\/ergotherapie.ch\/fr\/#website\"},\"datePublished\":\"2024-12-23T20:25:05+00:00\",\"dateModified\":\"2026-03-25T13:16:05+00:00\",\"breadcrumb\":{\"@id\":\"https:\/\/ergotherapie.ch\/fr\/association\/participer-activement\/pool-dexpert%c2%b7e%c2%b7s\/#breadcrumb\"},\"inLanguage\":\"fr-FR\",\"potentialAction\":[{\"@type\":\"ReadAction\",\"target\":[\"https:\/\/ergotherapie.ch\/fr\/association\/participer-activement\/pool-dexpert%c2%b7e%c2%b7s\/\"]}]},{\"@type\":\"BreadcrumbList\",\"@id\":\"https:\/\/ergotherapie.ch\/fr\/association\/participer-activement\/pool-dexpert%c2%b7e%c2%b7s\/#breadcrumb\",\"itemListElement\":[{\"@type\":\"ListItem\",\"position\":1,\"name\":\"Home\",\"item\":\"https:\/\/ergotherapie.ch\/fr\/\"},{\"@type\":\"ListItem\",\"position\":2,\"name\":\"Association\",\"item\":\"https:\/\/ergotherapie.ch\/fr\/association\/\"},{\"@type\":\"ListItem\",\"position\":3,\"name\":\"Participer activement\",\"item\":\"https:\/\/ergotherapie.ch\/fr\/association\/participer-activement\/\"},{\"@type\":\"ListItem\",\"position\":4,\"name\":\"Pool d\u2019expert\u00b7e\u00b7s\"}]},{\"@type\":\"WebSite\",\"@id\":\"https:\/\/ergotherapie.ch\/fr\/#website\",\"url\":\"https:\/\/ergotherapie.ch\/fr\/\",\"name\":\"Ergotherapie-Verband\",\"description\":\"\",\"potentialAction\":[{\"@type\":\"SearchAction\",\"target\":{\"@type\":\"EntryPoint\",\"urlTemplate\":\"https:\/\/ergotherapie.ch\/fr\/?s={search_term_string}\"},\"query-input\":{\"@type\":\"PropertyValueSpecification\",\"valueRequired\":true,\"valueName\":\"search_term_string\"}}],\"inLanguage\":\"fr-FR\"}]}<\/script>\n<!-- \/ Yoast SEO Premium plugin. -->","yoast_head_json":{"title":"Pool d\u2019expert\u00b7e\u00b7s - Ergotherapie-Verband","robots":{"index":"index","follow":"follow","max-snippet":"max-snippet:-1","max-image-preview":"max-image-preview:large","max-video-preview":"max-video-preview:-1"},"canonical":"https:\/\/ergotherapie.ch\/fr\/association\/participer-activement\/pool-dexpert%c2%b7e%c2%b7s\/","og_locale":"fr_FR","og_type":"article","og_title":"Pool d\u2019expert\u00b7e\u00b7s","og_url":"https:\/\/ergotherapie.ch\/fr\/association\/participer-activement\/pool-dexpert%c2%b7e%c2%b7s\/","og_site_name":"Ergotherapie-Verband","article_modified_time":"2026-03-25T13:16:05+00:00","twitter_card":"summary_large_image","schema":{"@context":"https:\/\/schema.org","@graph":[{"@type":"WebPage","@id":"https:\/\/ergotherapie.ch\/fr\/association\/participer-activement\/pool-dexpert%c2%b7e%c2%b7s\/","url":"https:\/\/ergotherapie.ch\/fr\/association\/participer-activement\/pool-dexpert%c2%b7e%c2%b7s\/","name":"Pool d\u2019expert\u00b7e\u00b7s - Ergotherapie-Verband","isPartOf":{"@id":"https:\/\/ergotherapie.ch\/fr\/#website"},"datePublished":"2024-12-23T20:25:05+00:00","dateModified":"2026-03-25T13:16:05+00:00","breadcrumb":{"@id":"https:\/\/ergotherapie.ch\/fr\/association\/participer-activement\/pool-dexpert%c2%b7e%c2%b7s\/#breadcrumb"},"inLanguage":"fr-FR","potentialAction":[{"@type":"ReadAction","target":["https:\/\/ergotherapie.ch\/fr\/association\/participer-activement\/pool-dexpert%c2%b7e%c2%b7s\/"]}]},{"@type":"BreadcrumbList","@id":"https:\/\/ergotherapie.ch\/fr\/association\/participer-activement\/pool-dexpert%c2%b7e%c2%b7s\/#breadcrumb","itemListElement":[{"@type":"ListItem","position":1,"name":"Home","item":"https:\/\/ergotherapie.ch\/fr\/"},{"@type":"ListItem","position":2,"name":"Association","item":"https:\/\/ergotherapie.ch\/fr\/association\/"},{"@type":"ListItem","position":3,"name":"Participer activement","item":"https:\/\/ergotherapie.ch\/fr\/association\/participer-activement\/"},{"@type":"ListItem","position":4,"name":"Pool d\u2019expert\u00b7e\u00b7s"}]},{"@type":"WebSite","@id":"https:\/\/ergotherapie.ch\/fr\/#website","url":"https:\/\/ergotherapie.ch\/fr\/","name":"Ergotherapie-Verband","description":"","potentialAction":[{"@type":"SearchAction","target":{"@type":"EntryPoint","urlTemplate":"https:\/\/ergotherapie.ch\/fr\/?s={search_term_string}"},"query-input":{"@type":"PropertyValueSpecification","valueRequired":true,"valueName":"search_term_string"}}],"inLanguage":"fr-FR"}]}},"_links":{"self":[{"href":"https:\/\/ergotherapie.ch\/fr\/wp-json\/wp\/v2\/pages\/6747","targetHints":{"allow":["GET"]}}],"collection":[{"href":"https:\/\/ergotherapie.ch\/fr\/wp-json\/wp\/v2\/pages"}],"about":[{"href":"https:\/\/ergotherapie.ch\/fr\/wp-json\/wp\/v2\/types\/page"}],"author":[{"embeddable":true,"href":"https:\/\/ergotherapie.ch\/fr\/wp-json\/wp\/v2\/users\/6"}],"replies":[{"embeddable":true,"href":"https:\/\/ergotherapie.ch\/fr\/wp-json\/wp\/v2\/comments?post=6747"}],"version-history":[{"count":14,"href":"https:\/\/ergotherapie.ch\/fr\/wp-json\/wp\/v2\/pages\/6747\/revisions"}],"predecessor-version":[{"id":22568,"href":"https:\/\/ergotherapie.ch\/fr\/wp-json\/wp\/v2\/pages\/6747\/revisions\/22568"}],"up":[{"embeddable":true,"href":"https:\/\/ergotherapie.ch\/fr\/wp-json\/wp\/v2\/pages\/6712"}],"wp:attachment":[{"href":"https:\/\/ergotherapie.ch\/fr\/wp-json\/wp\/v2\/media?parent=6747"}],"curies":[{"name":"wp","href":"https:\/\/api.w.org\/{rel}","templated":true}]}}