{"id":6755,"date":"2024-12-23T22:30:30","date_gmt":"2024-12-23T20:30:30","guid":{"rendered":"https:\/\/dev.ergo.bertaeins.ch\/formation\/enregistrement-et-reconnaissance-des-diplomes\/"},"modified":"2025-12-17T12:29:52","modified_gmt":"2025-12-17T10:29:52","slug":"enregistrement-et-reconnaissance-des-diplomes","status":"publish","type":"page","link":"https:\/\/ergotherapie.ch\/fr\/formation\/enregistrement-et-reconnaissance-des-diplomes\/","title":{"rendered":"Enregistrement et reconnaissance des dipl\u00f4mes"},"content":{"rendered":"<div  class=\"inner-page-hero \">\n    <div class=\"container-fluid\">\n        <div class=\"inner-page-hero-inner-container\">\n            <div class=\"inner-page-hero-picture \">\n                                    <div style=\"background-image: url('https:\/\/ergotherapie.ch\/wp-content\/uploads\/2025\/01\/AdobeStock_928414982-scaled.jpeg')\">\n                        <img decoding=\"async\" width=\"189\" height=\"189\" loading=\"lazy\"\n                             src=\"https:\/\/ergotherapie.ch\/wp-content\/themes\/ergo-theme\/assets\/images\/person_photo_placeholder_cutted.png\" alt=\"Placeholder\" class=\"img-fluid\"\/>\n                    <\/div>\n                            <\/div>\n            <div class=\"inner-page-content \">\n                <h2>Enregistrement et reconnaissance des dipl\u00f4mes en ergoth\u00e9rapie<\/h2>\n<p>Vous trouverez sur cette page les informations n\u00e9cessaires si<\/p>\n<ul>\n<li>vous avez suivi une formation en Suisse avant 1999 ou<\/li>\n<li>voulez faire enregistrer et reconna\u00eetre une formation \u00e9trang\u00e8re en Suisse ou<\/li>\n<li>souhaitez travailler \u00e0 l&rsquo;\u00e9tranger en tant qu&rsquo;ergoth\u00e9rapeute.<\/li>\n<\/ul>\n                            <\/div>\n        <\/div>\n    <\/div>\n<\/div>\n\n\n<div         class=\"wysiwyg padding-small  \">\n    <div class=\"container-fluid\">\n        <div class=\"wysiwyg-inner-container\">\n            <h3>Dipl\u00f4mes de formation nationaux suisses<\/h3>\n<p>Mandat\u00e9e par la Conf\u00e9rence des directrices et directeurs cantonaux de la sant\u00e9 (CDS), la Croix-Rouge suisse (CRS) assure depuis 1999 la surveillance de la formation en ergoth\u00e9rapie et l\u2019enregistrement des dipl\u00f4mes. Les dipl\u00f4mes d\u2019ergoth\u00e9rapie obtenus \u00e0 partir de 1999 sont donc enregistr\u00e9s par la CRS et reconnus par l\u2019Etat.<\/p>\n<p>Avec l\u2019\u00e9l\u00e9vation de la formation d\u2019ergoth\u00e9rapeute au niveau HES, la comp\u00e9tence en mati\u00e8re de reconnaissance des dipl\u00f4mes a chang\u00e9: les formations relevant du nouveau droit sont r\u00e9glement\u00e9es par la Conf\u00e9d\u00e9ration. Le mandat de la CRS pour l\u2019examen et l\u2019enregistrement des anciennes formations s\u2019est termin\u00e9 \u00e0 la fin de l\u2019ann\u00e9e 2011.<\/p>\n<p>Les ergoth\u00e9rapeutes titulaires d\u2019un dipl\u00f4me suisse obtenu avant 1999, sans reconnaissance de la CRS, peuvent s\u2019adresser directement \u00e0 anerkennung@redcross.ch, 058 400 45 75.<br \/>\nVous trouverez des informations plus d\u00e9taill\u00e9es sur le site Internet de la CRS: redcross.ch<br \/>\n<a href=\"https:\/\/www.redcross.ch\/fr\/notre-offre\/professions-de-la-sante-reconnaissance-et-enregistrement\/attestation-de-titre-diplome#diplomes-ancien\" target=\"_blank\" rel=\"noopener\">\u00abDipl\u00f4mes selon l\u2019ancien droit\u00bb: Attestation de titre\/dipl\u00f4me<\/a><\/p>\n<p>&nbsp;<\/p>\n        <\/div>\n    <\/div>\n<\/div>\n\n\n<div         class=\"wysiwyg padding-small  \">\n    <div class=\"container-fluid\">\n        <div class=\"wysiwyg-inner-container\">\n            <h3>Dipl\u00f4mes de formation \u00e9trangers<\/h3>\n<p>Depuis le 1er janvier 2014, la reconnaissance des dipl\u00f4mes \u00e9trangers au niveau haute \u00e9cole sp\u00e9cialis\u00e9e est effective. La reconnaissance de la formation de base correspond au niveau de formation tertiaire (CITE 5A).<\/p>\n<p>Pour savoir si vous avez besoin d&rsquo;une reconnaissance, consultez le site Internet <a href=\"https:\/\/www.recognition.swiss\/fr\" target=\"_blank\" rel=\"noopener\">reconnaissance.swiss<\/a><\/p>\n<p>La proc\u00e9dure de reconnaissance d&rsquo;un dipl\u00f4me \u00e9tranger est d\u00e9crite ci-dessous.<\/p>\n<ul>\n<li>Consultez le <a href=\"https:\/\/www.redcross.ch\/fr\/notre-offre\/professions-de-la-sante-reconnaissance-et-enregistrement\/reconnaissance-de-diplomes-etrangers\" target=\"_blank\" rel=\"noopener\">site Internet de la CRS<\/a> pour obtenir les informations n\u00e9cessaires<\/li>\n<li>Remplissez le PreCheck et veillez \u00e0 ce que votre dossier soit complet<\/li>\n<li>\u00a0R\u00e9sultat n\u00e9gatif : la CRS vous informera des autres possibilit\u00e9s<\/li>\n<li>R\u00e9sultat positif : vous pouvez lancer la proc\u00e9dure de reconnaissance. La proc\u00e9dure est d\u00e9crite sur le site de la CRS. Veillez ici aussi \u00e0 ce que votre dossier soit complet et \u00e0 respecter la forme requise pour les documents. Vous contribuerez ainsi au bon d\u00e9roulement de la proc\u00e9dure.<\/li>\n<li>\u00a0D\u00e9cision sans mesures compensatoires : votre dipl\u00f4me est directement reconnu, aucune mesure compensatoire n&rsquo;est n\u00e9cessaire.<\/li>\n<li>\u00a0D\u00e9cision avec mesures compensatoires : la CRS vous informe dans une d\u00e9cision partielle des mesures compensatoires n\u00e9cessaires.<br \/>\no Cours d&rsquo;adaptation (voir fiche d&rsquo;information)<br \/>\no Examen d&rsquo;aptitude<\/li>\n<\/ul>\n<p>L&rsquo;examen d&rsquo;aptitude est organis\u00e9 conjointement par l&rsquo;ASE et les hautes \u00e9coles sp\u00e9cialis\u00e9es pour le compte de la CRS. Si vous \u00eates int\u00e9ress\u00e9(e) par l&rsquo;examen d&rsquo;aptitude, veuillez contacter l&rsquo;ASE par e-mail. Si vous optez pour l&rsquo;examen d&rsquo;aptitude comme mesure de compensation, vous devez en informer la CRS. Cela vaut comme inscription \u00e0 l&rsquo;examen. Une fois l&rsquo;examen r\u00e9ussi, l&rsquo;ASE communique le r\u00e9sultat \u00e0 la CRS.<\/p>\n<p>Si vous ne savez pas si vous devez passer le test d&rsquo;aptitude ou suivre le cours d&rsquo;adaptation, ecrivez pour une br\u00e8ve consultation \u00e0\u00a0<a href=\"mailto:gaby.bracher@ergotherapie.ch\">gaby.bracher@ergotherapie.ch<\/a>.<\/p>\n<p>Il est recommand\u00e9 aux autorit\u00e9s, aux employeurs et aux prestataires de formation continue d\u2019engager ou d\u2019autoriser \u00e0 pratiquer tou\u00b7te\u00b7s les d\u00e9tenteur\u00b7rice\u00b7s d\u2019une reconnaissance aux m\u00eames conditions que les personnes ayant suivi leur formation en Suisse.<\/p>\n<p>Les reconnaissances du dipl\u00f4me \u00e9tranger d\u2019ergoth\u00e9rapeute d\u00e9livr\u00e9es par la Croix-Rouge suisse jusqu\u2019\u00e0 fin 2013 conservent leur validit\u00e9 pour l\u2019exercice de l\u2019activit\u00e9 et ne doivent pas \u00eatre renouvel\u00e9es. Aucune nouvelle demande de reconnaissance de dipl\u00f4me au niveau HES ne doit \u00eatre adress\u00e9e \u00e0 la CRS.<\/p>\n        <\/div>\n    <\/div>\n<\/div>\n\n\n    <div class=\"section-downloads \">\n        <div class=\"container-fluid\">\n                            <div class=\"content-above\">\n                    <h3>Embaucher un\u00b7e ergoth\u00e9rapeute dont la proc\u00e9dure de reconnaissance est en cours<\/h3>\n<p>Vous souhaitez embaucher un\u00b7e ergoth\u00e9rapeute dont la proc\u00e9dure de reconnaissance est encore en cours? Dans ce cas, vous devez tenir compte des points suivants:<\/p>\n<ul>\n<li>Inscrivez la personne aupr\u00e8s de la direction de la sant\u00e9 de votre canton. Si l&rsquo;ergoth\u00e9rapeute a besoin d&rsquo;une BAB, il\u00b7elle ne l&rsquo;obtiendra qu&rsquo;\u00e0 l&rsquo;issue de la proc\u00e9dure de reconnaissance.<\/li>\n<li>Pour savoir ce dont vous devez tenir compte afin que votre coll\u00e8gue puisse suivre son stage d&rsquo;adaptation dans votre entreprise, consultez la \u00abfiche d&rsquo;information sur le stage d&rsquo;adaptation pour les professions HES\u00bb ci-dessus.<\/li>\n<\/ul>\n                                    <\/div>\n                                        <h2 class=\"downloads-title\">\n                                    <\/h2>\n\n                                                            <form class=\"section-download-form\" action=\"\">\n                            <input type=\"text\" placeholder=\"Suche\"\/>\n                            <button type=\"submit\">\n                                <svg xmlns=\"http:\/\/www.w3.org\/2000\/svg\" width=\"24.869\" height=\"24.875\" viewBox=\"0 0 24.869 24.875\">\n  <g id=\"6336_x32_-Magnifying_Glass\" transform=\"translate(-7.129 -7.125)\">\n    <path id=\"6336Path_29\" data-name=\"Path 29\" d=\"M31.566,29.484,26.786,24.7A10.979,10.979,0,1,0,24.7,26.788l4.781,4.781a1.474,1.474,0,1,0,2.084-2.084Zm-19.15-5.745a8,8,0,1,1,5.66,2.345A8.015,8.015,0,0,1,12.416,23.738Z\" fill=\"#393939\"\/>\n  <\/g>\n<\/svg>\n                            <\/button>\n                        <\/form>\n                                    \n                <div class=\"downloads-feed\">\n                                            <div class=\"one-download\">\n                            <div>\n                                <strong>\n                                                                        <a target=\"_blank\"\n                                       class=\"the-download-lik open-download-modal\"\n                                       href=\"#\">\n                                        2017_CRS stage d&rsquo;adaptation_HES                                    <\/a>\n                                <\/strong>\n                            <\/div>\n                            <div>\n                                <strong>\n                                    pdf                                <\/strong>\n                            <\/div>\n                            <div>\n                                                                    <a class=\"open-download-modal\" href=\"#\">\n                                        <svg xmlns=\"http:\/\/www.w3.org\/2000\/svg\" xmlns:xlink=\"http:\/\/www.w3.org\/1999\/xlink\" width=\"32.651\" height=\"42.701\" viewBox=\"0 0 32.651 42.701\">\n  <defs>\n    <clipPath id=\"3032clip-path\">\n      <rect id=\"3032Rectangle_358\" data-name=\"Rectangle 358\" width=\"32.651\" height=\"42.701\" transform=\"translate(0 0)\" fill=\"none\"\/>\n    <\/clipPath>\n  <\/defs>\n  <g id=\"3032Group_1093\" data-name=\"Group 1093\" transform=\"translate(0 0)\">\n    <g id=\"3032Group_1091\" data-name=\"Group 1091\" clip-path=\"url(#3032clip-path)\">\n      <path id=\"3032Path_1044\" data-name=\"Path 1044\" d=\"M16.326,1.25A11.259,11.259,0,0,0,5.02,12.462v5.119a3.7,3.7,0,0,0-3.769,3.63c0,.046,0,.093,0,.139V37.681a3.7,3.7,0,0,0,3.63,3.769H27.632A3.7,3.7,0,0,0,31.4,37.82c0-.046,0-.093,0-.139V21.35a3.7,3.7,0,0,0-3.63-3.769h-.139V12.556A11.259,11.259,0,0,0,16.42,1.25Z\" fill=\"none\" stroke=\"#d3006a\" stroke-miterlimit=\"10\" stroke-width=\"2.5\"\/>\n      <line id=\"3032Line_81\" data-name=\"Line 81\" x2=\"23\" transform=\"translate(4.073 17.581)\" fill=\"none\" stroke=\"#d3006a\" stroke-miterlimit=\"10\" stroke-width=\"2.5\"\/>\n      <circle id=\"3032Ellipse_73\" data-name=\"Ellipse 73\" cx=\"3\" cy=\"3\" r=\"3\" transform=\"translate(13.326 24.034)\" fill=\"none\" stroke=\"#d3006a\" stroke-miterlimit=\"10\" stroke-width=\"2.5\"\/>\n      <line id=\"3032Line_82\" data-name=\"Line 82\" y2=\"4\" transform=\"translate(16.326 30.034)\" fill=\"none\" stroke=\"#d3006a\" stroke-linecap=\"round\" stroke-miterlimit=\"10\" stroke-width=\"2.5\"\/>\n    <\/g>\n  <\/g>\n<\/svg>\n                                    <\/a>\n                                                                <\/div>\n                        <\/div>\n                                        <\/div>\n                                <p class=\"downloads-not-found\">\n                    Aucun t\u00e9l\u00e9chargement trouv\u00e9                <\/p>\n                    <\/div>\n    <\/div>\n\n\n<div         class=\"wysiwyg padding-none  \">\n    <div class=\"container-fluid\">\n        <div class=\"wysiwyg-inner-container\">\n            <h3>Travailler \u00e0 l\u2019\u00e9tranger<\/h3>\n<p>Pour travailler \u00e0 l\u2019\u00e9tranger, il est possible que vous deviez pr\u00e9senter une attestation d\u2019enregistrement de la CRS. Vous trouverez toutes les informations sur comment obtenir cette attestation <a href=\"https:\/\/www.redcross.ch\/fr\/notre-offre\/professions-de-la-sante-reconnaissance-et-enregistrement\/travailler-a-l-etranger-attestation-d-enregistrement-certificate-of-good-standing\" target=\"_blank\" rel=\"noopener\">ici.<\/a><\/p>\n        <\/div>\n    <\/div>\n<\/div>\n","protected":false},"excerpt":{"rendered":"","protected":false},"author":6,"featured_media":0,"parent":6457,"menu_order":0,"comment_status":"closed","ping_status":"closed","template":"","meta":{"_acf_changed":false,"footnotes":""},"class_list":["post-6755","page","type-page","status-publish","hentry"],"acf":[],"yoast_head":"<!-- This site is optimized with the Yoast SEO Premium plugin v27.2 (Yoast SEO v27.2) - https:\/\/yoast.com\/product\/yoast-seo-premium-wordpress\/ -->\n<title>Enregistrement et reconnaissance des dipl\u00f4mes - Ergotherapie-Verband<\/title>\n<meta name=\"robots\" content=\"index, follow, max-snippet:-1, max-image-preview:large, max-video-preview:-1\" \/>\n<link rel=\"canonical\" href=\"https:\/\/ergotherapie.ch\/fr\/formation\/enregistrement-et-reconnaissance-des-diplomes\/\" \/>\n<meta property=\"og:locale\" content=\"fr_FR\" \/>\n<meta property=\"og:type\" content=\"article\" \/>\n<meta property=\"og:title\" content=\"Enregistrement et reconnaissance des dipl\u00f4mes\" \/>\n<meta property=\"og:url\" content=\"https:\/\/ergotherapie.ch\/fr\/formation\/enregistrement-et-reconnaissance-des-diplomes\/\" \/>\n<meta property=\"og:site_name\" content=\"Ergotherapie-Verband\" \/>\n<meta property=\"article:modified_time\" content=\"2025-12-17T10:29:52+00:00\" \/>\n<meta name=\"twitter:card\" content=\"summary_large_image\" \/>\n<script type=\"application\/ld+json\" class=\"yoast-schema-graph\">{\"@context\":\"https:\/\/schema.org\",\"@graph\":[{\"@type\":\"WebPage\",\"@id\":\"https:\/\/ergotherapie.ch\/fr\/formation\/enregistrement-et-reconnaissance-des-diplomes\/\",\"url\":\"https:\/\/ergotherapie.ch\/fr\/formation\/enregistrement-et-reconnaissance-des-diplomes\/\",\"name\":\"Enregistrement et reconnaissance des dipl\u00f4mes - Ergotherapie-Verband\",\"isPartOf\":{\"@id\":\"https:\/\/ergotherapie.ch\/fr\/#website\"},\"datePublished\":\"2024-12-23T20:30:30+00:00\",\"dateModified\":\"2025-12-17T10:29:52+00:00\",\"breadcrumb\":{\"@id\":\"https:\/\/ergotherapie.ch\/fr\/formation\/enregistrement-et-reconnaissance-des-diplomes\/#breadcrumb\"},\"inLanguage\":\"fr-FR\",\"potentialAction\":[{\"@type\":\"ReadAction\",\"target\":[\"https:\/\/ergotherapie.ch\/fr\/formation\/enregistrement-et-reconnaissance-des-diplomes\/\"]}]},{\"@type\":\"BreadcrumbList\",\"@id\":\"https:\/\/ergotherapie.ch\/fr\/formation\/enregistrement-et-reconnaissance-des-diplomes\/#breadcrumb\",\"itemListElement\":[{\"@type\":\"ListItem\",\"position\":1,\"name\":\"Home\",\"item\":\"https:\/\/ergotherapie.ch\/fr\/\"},{\"@type\":\"ListItem\",\"position\":2,\"name\":\"Formation\",\"item\":\"https:\/\/ergotherapie.ch\/fr\/formation\/\"},{\"@type\":\"ListItem\",\"position\":3,\"name\":\"Enregistrement et reconnaissance des dipl\u00f4mes\"}]},{\"@type\":\"WebSite\",\"@id\":\"https:\/\/ergotherapie.ch\/fr\/#website\",\"url\":\"https:\/\/ergotherapie.ch\/fr\/\",\"name\":\"Ergotherapie-Verband\",\"description\":\"\",\"potentialAction\":[{\"@type\":\"SearchAction\",\"target\":{\"@type\":\"EntryPoint\",\"urlTemplate\":\"https:\/\/ergotherapie.ch\/fr\/?s={search_term_string}\"},\"query-input\":{\"@type\":\"PropertyValueSpecification\",\"valueRequired\":true,\"valueName\":\"search_term_string\"}}],\"inLanguage\":\"fr-FR\"}]}<\/script>\n<!-- \/ Yoast SEO Premium plugin. -->","yoast_head_json":{"title":"Enregistrement et reconnaissance des dipl\u00f4mes - Ergotherapie-Verband","robots":{"index":"index","follow":"follow","max-snippet":"max-snippet:-1","max-image-preview":"max-image-preview:large","max-video-preview":"max-video-preview:-1"},"canonical":"https:\/\/ergotherapie.ch\/fr\/formation\/enregistrement-et-reconnaissance-des-diplomes\/","og_locale":"fr_FR","og_type":"article","og_title":"Enregistrement et reconnaissance des dipl\u00f4mes","og_url":"https:\/\/ergotherapie.ch\/fr\/formation\/enregistrement-et-reconnaissance-des-diplomes\/","og_site_name":"Ergotherapie-Verband","article_modified_time":"2025-12-17T10:29:52+00:00","twitter_card":"summary_large_image","schema":{"@context":"https:\/\/schema.org","@graph":[{"@type":"WebPage","@id":"https:\/\/ergotherapie.ch\/fr\/formation\/enregistrement-et-reconnaissance-des-diplomes\/","url":"https:\/\/ergotherapie.ch\/fr\/formation\/enregistrement-et-reconnaissance-des-diplomes\/","name":"Enregistrement et reconnaissance des dipl\u00f4mes - Ergotherapie-Verband","isPartOf":{"@id":"https:\/\/ergotherapie.ch\/fr\/#website"},"datePublished":"2024-12-23T20:30:30+00:00","dateModified":"2025-12-17T10:29:52+00:00","breadcrumb":{"@id":"https:\/\/ergotherapie.ch\/fr\/formation\/enregistrement-et-reconnaissance-des-diplomes\/#breadcrumb"},"inLanguage":"fr-FR","potentialAction":[{"@type":"ReadAction","target":["https:\/\/ergotherapie.ch\/fr\/formation\/enregistrement-et-reconnaissance-des-diplomes\/"]}]},{"@type":"BreadcrumbList","@id":"https:\/\/ergotherapie.ch\/fr\/formation\/enregistrement-et-reconnaissance-des-diplomes\/#breadcrumb","itemListElement":[{"@type":"ListItem","position":1,"name":"Home","item":"https:\/\/ergotherapie.ch\/fr\/"},{"@type":"ListItem","position":2,"name":"Formation","item":"https:\/\/ergotherapie.ch\/fr\/formation\/"},{"@type":"ListItem","position":3,"name":"Enregistrement et reconnaissance des dipl\u00f4mes"}]},{"@type":"WebSite","@id":"https:\/\/ergotherapie.ch\/fr\/#website","url":"https:\/\/ergotherapie.ch\/fr\/","name":"Ergotherapie-Verband","description":"","potentialAction":[{"@type":"SearchAction","target":{"@type":"EntryPoint","urlTemplate":"https:\/\/ergotherapie.ch\/fr\/?s={search_term_string}"},"query-input":{"@type":"PropertyValueSpecification","valueRequired":true,"valueName":"search_term_string"}}],"inLanguage":"fr-FR"}]}},"_links":{"self":[{"href":"https:\/\/ergotherapie.ch\/fr\/wp-json\/wp\/v2\/pages\/6755","targetHints":{"allow":["GET"]}}],"collection":[{"href":"https:\/\/ergotherapie.ch\/fr\/wp-json\/wp\/v2\/pages"}],"about":[{"href":"https:\/\/ergotherapie.ch\/fr\/wp-json\/wp\/v2\/types\/page"}],"author":[{"embeddable":true,"href":"https:\/\/ergotherapie.ch\/fr\/wp-json\/wp\/v2\/users\/6"}],"replies":[{"embeddable":true,"href":"https:\/\/ergotherapie.ch\/fr\/wp-json\/wp\/v2\/comments?post=6755"}],"version-history":[{"count":10,"href":"https:\/\/ergotherapie.ch\/fr\/wp-json\/wp\/v2\/pages\/6755\/revisions"}],"predecessor-version":[{"id":19643,"href":"https:\/\/ergotherapie.ch\/fr\/wp-json\/wp\/v2\/pages\/6755\/revisions\/19643"}],"up":[{"embeddable":true,"href":"https:\/\/ergotherapie.ch\/fr\/wp-json\/wp\/v2\/pages\/6457"}],"wp:attachment":[{"href":"https:\/\/ergotherapie.ch\/fr\/wp-json\/wp\/v2\/media?parent=6755"}],"curies":[{"name":"wp","href":"https:\/\/api.w.org\/{rel}","templated":true}]}}