{"id":7146,"date":"2024-12-23T22:30:30","date_gmt":"2024-12-23T20:30:30","guid":{"rendered":"https:\/\/dev.ergo.bertaeins.ch\/formation\/travaux-de-bachelor-et-de-master\/"},"modified":"2025-05-07T14:55:36","modified_gmt":"2025-05-07T12:55:36","slug":"travaux-de-bachelor-et-de-master","status":"publish","type":"page","link":"https:\/\/ergotherapie.ch\/fr\/formation\/travaux-de-bachelor-et-de-master\/","title":{"rendered":"Travaux de bachelor et de master"},"content":{"rendered":"<div  class=\"inner-page-hero \">\n    <div class=\"container-fluid\">\n        <div class=\"inner-page-hero-inner-container\">\n            <div class=\"inner-page-hero-picture \">\n                                    <div style=\"background-image: url('https:\/\/ergotherapie.ch\/wp-content\/uploads\/2025\/02\/clay-banks-GX8KBbVmC6c-unsplash-1-1200x800.jpg')\">\n                        <img decoding=\"async\" width=\"189\" height=\"189\" loading=\"lazy\"\n                             src=\"https:\/\/ergotherapie.ch\/wp-content\/themes\/ergo-theme\/assets\/images\/person_photo_placeholder_cutted.png\" alt=\"Placeholder\" class=\"img-fluid\"\/>\n                    <\/div>\n                            <\/div>\n            <div class=\"inner-page-content \">\n                <h1>Travaux de bachelor et de master<\/h1>\n<p>La voie vers l&rsquo;ergoth\u00e9rapie passe par des \u00e9tudes dans une haute \u00e9cole sp\u00e9cialis\u00e9e, sanctionn\u00e9es au minimum par un Bachelor of Science ou, si vous \u00eates int\u00e9ress\u00e9\u00b7e, par un Master of Science.<\/p>\n<p>Sur les sites Internet des hautes \u00e9coles sp\u00e9cialis\u00e9es, vous trouverez une s\u00e9lection de travaux de bachelor et de master des ann\u00e9es pr\u00e9c\u00e9dentes.<\/p>\n<p>L&rsquo;Association Suisse d\u2019Ergoth\u00e9rapie d\u00e9cerne chaque ann\u00e9e un prix d\u2019encouragement et reconna\u00eet ainsi les performances des nouveaux\u00b7elles coll\u00e8gues de la profession.<\/p>\n                                    <div class=\"inner-page-buttons\">\n                                                    <a    href=\"https:\/\/ergotherapie.ch\/fr\/formation\/etudes\/\" class=\"the-button\">\n                                                                Fili\u00e8res ergoth\u00e9rapie                            <\/a>\n                                            <\/div>\n                            <\/div>\n        <\/div>\n    <\/div>\n<\/div>\n\n\n    <div class=\"section-downloads \">\n        <div class=\"container-fluid\">\n                            <div class=\"content-above\">\n                    <h2>Prix d\u2019encouragement de l\u2019ASE<\/h2>\n<p>Depuis 2017, l\u2019ASE d\u00e9cerne chaque ann\u00e9e un prix d&rsquo;encouragement. Les th\u00e8mes qui sont mis en lumi\u00e8re dans les travaux de bachelor et qui, du point de vue de l&rsquo;association, contiennent un fort potentiel de politique professionnelle, doivent pouvoir \u00eatre utilis\u00e9s dans la pratique.<\/p>\n<p>Avec ce prix, l&rsquo;ASE reconna\u00eet la performance des nouveaux\u00b7elles coll\u00e8gues et les encourage tou\u00b7te\u00b7s \u00e0 continuer \u00e0 se pencher sur des th\u00e8mes complexes de mani\u00e8re approfondie, fond\u00e9e sur des preuves et r\u00e9fl\u00e9chie.<\/p>\n<p>Des crit\u00e8res sp\u00e9cifiques ont \u00e9t\u00e9 d\u00e9finis dans la perspective de l&rsquo;association:<\/p>\n<ul>\n<li>un th\u00e8me d&rsquo;actualit\u00e9 dans le domaine du d\u00e9veloppement professionnel\/de la politique professionnelle<\/li>\n<li>de nouvelles relations complexes, qui sont approfondies et r\u00e9fl\u00e9chies de mani\u00e8re compr\u00e9hensible<\/li>\n<li>possibilit\u00e9s de d\u00e9veloppement et praticabilit\u00e9, ce qui n\u2019exclut pas le visionnaire<\/li>\n<li>\u00e9largissement des connaissances \/ arguments de l\u2019ergoth\u00e9rapie dans le syst\u00e8me de sant\u00e9 suisse<\/li>\n<\/ul>\n                                    <\/div>\n                                        <h2 class=\"downloads-title\">\n                                    <\/h2>\n\n                                                    \n                <div class=\"downloads-feed\">\n                                            <div class=\"one-download\">\n                            <div>\n                                <strong>\n                                                                        <a target=\"_blank\"\n                                       class=\"the-download-lik \"\n                                       href=\"https:\/\/ergotherapie.ch\/fr\/?download_file=7119\">\n                                        Artikel\/Article\/Articolo Ergotherapie 12|22 \u2013 EVS-F\u00f6rderpreis \/ Prix d\u2019encouragement de l\u2019ASE 2022                                    <\/a>\n                                <\/strong>\n                            <\/div>\n                            <div>\n                                <strong>\n                                    pdf                                <\/strong>\n                            <\/div>\n                            <div>\n                                                                    <a target=\"_blank\"\n                                       href=\"https:\/\/ergotherapie.ch\/fr\/?download_file=7119\">\n                                        <svg id=\"254Group_1085\" data-name=\"Group 1085\" xmlns=\"http:\/\/www.w3.org\/2000\/svg\" xmlns:xlink=\"http:\/\/www.w3.org\/1999\/xlink\" width=\"30.5\" height=\"39.5\" viewBox=\"0 0 30.5 39.5\">\n  <defs>\n    <clipPath id=\"254clip-path\">\n      <rect id=\"254Rectangle_357\" data-name=\"Rectangle 357\" width=\"30.5\" height=\"39.5\" fill=\"none\"\/>\n    <\/clipPath>\n  <\/defs>\n  <g id=\"254Group_1083\" data-name=\"Group 1083\" clip-path=\"url(#254clip-path)\">\n    <path id=\"254Path_1043\" data-name=\"Path 1043\" d=\"M26.948,19.7,15.219,31.427,3.495,19.7\" fill=\"none\" stroke=\"#d3006a\" stroke-miterlimit=\"10\" stroke-width=\"2.5\"\/>\n    <line id=\"254Line_79\" data-name=\"Line 79\" y2=\"30.5\" transform=\"translate(15.221)\" fill=\"none\" stroke=\"#d3006a\" stroke-miterlimit=\"10\" stroke-width=\"2.5\"\/>\n    <line id=\"254Line_80\" data-name=\"Line 80\" x1=\"30.5\" transform=\"translate(0 38.25)\" fill=\"none\" stroke=\"#d3006a\" stroke-miterlimit=\"10\" stroke-width=\"2.5\"\/>\n  <\/g>\n<\/svg>\n                                    <\/a>\n                                                                <\/div>\n                        <\/div>\n                                                <div class=\"one-download\">\n                            <div>\n                                <strong>\n                                                                        <a target=\"_blank\"\n                                       class=\"the-download-lik \"\n                                       href=\"https:\/\/ergotherapie.ch\/fr\/?download_file=6285\">\n                                        Artikel\/Article\/Articolo Ergotherapie 10|20 &#8211; EVS-F\u00f6rderpreis \/ Prix d\u2019encouragement de l\u2019ASE 2020                                    <\/a>\n                                <\/strong>\n                            <\/div>\n                            <div>\n                                <strong>\n                                    pdf                                <\/strong>\n                            <\/div>\n                            <div>\n                                                                    <a target=\"_blank\"\n                                       href=\"https:\/\/ergotherapie.ch\/fr\/?download_file=6285\">\n                                        <svg id=\"7860Group_1085\" data-name=\"Group 1085\" xmlns=\"http:\/\/www.w3.org\/2000\/svg\" xmlns:xlink=\"http:\/\/www.w3.org\/1999\/xlink\" width=\"30.5\" height=\"39.5\" viewBox=\"0 0 30.5 39.5\">\n  <defs>\n    <clipPath id=\"7860clip-path\">\n      <rect id=\"7860Rectangle_357\" data-name=\"Rectangle 357\" width=\"30.5\" height=\"39.5\" fill=\"none\"\/>\n    <\/clipPath>\n  <\/defs>\n  <g id=\"7860Group_1083\" data-name=\"Group 1083\" clip-path=\"url(#7860clip-path)\">\n    <path id=\"7860Path_1043\" data-name=\"Path 1043\" d=\"M26.948,19.7,15.219,31.427,3.495,19.7\" fill=\"none\" stroke=\"#d3006a\" stroke-miterlimit=\"10\" stroke-width=\"2.5\"\/>\n    <line id=\"7860Line_79\" data-name=\"Line 79\" y2=\"30.5\" transform=\"translate(15.221)\" fill=\"none\" stroke=\"#d3006a\" stroke-miterlimit=\"10\" stroke-width=\"2.5\"\/>\n    <line id=\"7860Line_80\" data-name=\"Line 80\" x1=\"30.5\" transform=\"translate(0 38.25)\" fill=\"none\" stroke=\"#d3006a\" stroke-miterlimit=\"10\" stroke-width=\"2.5\"\/>\n  <\/g>\n<\/svg>\n                                    <\/a>\n                                                                <\/div>\n                        <\/div>\n                                                <div class=\"one-download\">\n                            <div>\n                                <strong>\n                                                                        <a target=\"_blank\"\n                                       class=\"the-download-lik \"\n                                       href=\"https:\/\/ergotherapie.ch\/fr\/?download_file=6284\">\n                                        Artikel\/Article\/Articolo Ergotherapie 12|19 &#8211; EVS-F\u00f6rderpreis \/ Prix d\u2019encouragement de l\u2019ASE 2019                                    <\/a>\n                                <\/strong>\n                            <\/div>\n                            <div>\n                                <strong>\n                                    pdf                                <\/strong>\n                            <\/div>\n                            <div>\n                                                                    <a target=\"_blank\"\n                                       href=\"https:\/\/ergotherapie.ch\/fr\/?download_file=6284\">\n                                        <svg id=\"4847Group_1085\" data-name=\"Group 1085\" xmlns=\"http:\/\/www.w3.org\/2000\/svg\" xmlns:xlink=\"http:\/\/www.w3.org\/1999\/xlink\" width=\"30.5\" height=\"39.5\" viewBox=\"0 0 30.5 39.5\">\n  <defs>\n    <clipPath id=\"4847clip-path\">\n      <rect id=\"4847Rectangle_357\" data-name=\"Rectangle 357\" width=\"30.5\" height=\"39.5\" fill=\"none\"\/>\n    <\/clipPath>\n  <\/defs>\n  <g id=\"4847Group_1083\" data-name=\"Group 1083\" clip-path=\"url(#4847clip-path)\">\n    <path id=\"4847Path_1043\" data-name=\"Path 1043\" d=\"M26.948,19.7,15.219,31.427,3.495,19.7\" fill=\"none\" stroke=\"#d3006a\" stroke-miterlimit=\"10\" stroke-width=\"2.5\"\/>\n    <line id=\"4847Line_79\" data-name=\"Line 79\" y2=\"30.5\" transform=\"translate(15.221)\" fill=\"none\" stroke=\"#d3006a\" stroke-miterlimit=\"10\" stroke-width=\"2.5\"\/>\n    <line id=\"4847Line_80\" data-name=\"Line 80\" x1=\"30.5\" transform=\"translate(0 38.25)\" fill=\"none\" stroke=\"#d3006a\" stroke-miterlimit=\"10\" stroke-width=\"2.5\"\/>\n  <\/g>\n<\/svg>\n                                    <\/a>\n                                                                <\/div>\n                        <\/div>\n                                                <div class=\"one-download\">\n                            <div>\n                                <strong>\n                                                                        <a target=\"_blank\"\n                                       class=\"the-download-lik \"\n                                       href=\"https:\/\/ergotherapie.ch\/fr\/?download_file=6274\">\n                                        Artikel\/Article\/Articolo Ergotherapie 10|18 &#8211; EVS-F\u00f6rderpreis \/ Prix d\u2019encouragement de l\u2019ASE 2018                                    <\/a>\n                                <\/strong>\n                            <\/div>\n                            <div>\n                                <strong>\n                                    pdf                                <\/strong>\n                            <\/div>\n                            <div>\n                                                                    <a target=\"_blank\"\n                                       href=\"https:\/\/ergotherapie.ch\/fr\/?download_file=6274\">\n                                        <svg id=\"9201Group_1085\" data-name=\"Group 1085\" xmlns=\"http:\/\/www.w3.org\/2000\/svg\" xmlns:xlink=\"http:\/\/www.w3.org\/1999\/xlink\" width=\"30.5\" height=\"39.5\" viewBox=\"0 0 30.5 39.5\">\n  <defs>\n    <clipPath id=\"9201clip-path\">\n      <rect id=\"9201Rectangle_357\" data-name=\"Rectangle 357\" width=\"30.5\" height=\"39.5\" fill=\"none\"\/>\n    <\/clipPath>\n  <\/defs>\n  <g id=\"9201Group_1083\" data-name=\"Group 1083\" clip-path=\"url(#9201clip-path)\">\n    <path id=\"9201Path_1043\" data-name=\"Path 1043\" d=\"M26.948,19.7,15.219,31.427,3.495,19.7\" fill=\"none\" stroke=\"#d3006a\" stroke-miterlimit=\"10\" stroke-width=\"2.5\"\/>\n    <line id=\"9201Line_79\" data-name=\"Line 79\" y2=\"30.5\" transform=\"translate(15.221)\" fill=\"none\" stroke=\"#d3006a\" stroke-miterlimit=\"10\" stroke-width=\"2.5\"\/>\n    <line id=\"9201Line_80\" data-name=\"Line 80\" x1=\"30.5\" transform=\"translate(0 38.25)\" fill=\"none\" stroke=\"#d3006a\" stroke-miterlimit=\"10\" stroke-width=\"2.5\"\/>\n  <\/g>\n<\/svg>\n                                    <\/a>\n                                                                <\/div>\n                        <\/div>\n                                        <\/div>\n                                <p class=\"downloads-not-found\">\n                    Aucun t\u00e9l\u00e9chargement trouv\u00e9                <\/p>\n                    <\/div>\n    <\/div>\n\n\n<div         class=\"wysiwyg padding-none  \">\n    <div class=\"container-fluid\">\n        <div class=\"wysiwyg-inner-container\">\n            <h3>Travaux de bachelor et de master en ergoth\u00e9rapie<\/h3>\n<p><strong>HETSL<\/strong><\/p>\n<ul>\n<li>Travaux de Bachelor<\/li>\n<li>Travaux de Master<\/li>\n<\/ul>\n<p><strong>SUPSI<\/strong><\/p>\n<ul>\n<li>Lavori di Bachelor<\/li>\n<li>Lovori di Master<\/li>\n<\/ul>\n<p><strong>ZHAW<\/strong><\/p>\n<ul>\n<li><a href=\"https:\/\/digitalcollection.zhaw.ch\/collections\/12000898-4377-40c9-a224-278c080dc110\" target=\"_blank\" rel=\"noopener\">Bachelorarbeiten Ergotherapie (BSc)<\/a><\/li>\n<li><a href=\"https:\/\/digitalcollection.zhaw.ch\/collections\/6d39b90d-f641-4c8e-a1da-d204a76bdc88\" target=\"_blank\" rel=\"noopener\">Masterarbeiten Ergotherapie (MAS)<\/a><\/li>\n<li><a href=\"https:\/\/www.amsterdamuas.com\/programmes\/european-master-of-science-in-occupational-therapy\/after-your-graduation\/thesis-projects-graduates\" target=\"_blank\" rel=\"noopener\">Masterarbeiten European Master in Occupational Therapy (MSc)<\/a><\/li>\n<li><\/li>\n<\/ul>\n        <\/div>\n    <\/div>\n<\/div>\n\n\n\n<p><\/p>\n","protected":false},"excerpt":{"rendered":"","protected":false},"author":6,"featured_media":0,"parent":6457,"menu_order":0,"comment_status":"closed","ping_status":"closed","template":"","meta":{"_acf_changed":false,"footnotes":""},"class_list":["post-7146","page","type-page","status-publish","hentry"],"acf":[],"yoast_head":"<!-- This site is optimized with the Yoast SEO Premium plugin v27.2 (Yoast SEO v27.2) - https:\/\/yoast.com\/product\/yoast-seo-premium-wordpress\/ -->\n<title>Travaux de bachelor et de master - Ergotherapie-Verband<\/title>\n<meta name=\"robots\" content=\"index, follow, max-snippet:-1, max-image-preview:large, max-video-preview:-1\" \/>\n<link rel=\"canonical\" href=\"https:\/\/ergotherapie.ch\/fr\/formation\/travaux-de-bachelor-et-de-master\/\" \/>\n<meta property=\"og:locale\" content=\"fr_FR\" \/>\n<meta property=\"og:type\" content=\"article\" \/>\n<meta property=\"og:title\" content=\"Travaux de bachelor et de master\" \/>\n<meta property=\"og:url\" content=\"https:\/\/ergotherapie.ch\/fr\/formation\/travaux-de-bachelor-et-de-master\/\" \/>\n<meta property=\"og:site_name\" content=\"Ergotherapie-Verband\" \/>\n<meta property=\"article:modified_time\" content=\"2025-05-07T12:55:36+00:00\" \/>\n<meta name=\"twitter:card\" content=\"summary_large_image\" \/>\n<script type=\"application\/ld+json\" class=\"yoast-schema-graph\">{\"@context\":\"https:\/\/schema.org\",\"@graph\":[{\"@type\":\"WebPage\",\"@id\":\"https:\/\/ergotherapie.ch\/fr\/formation\/travaux-de-bachelor-et-de-master\/\",\"url\":\"https:\/\/ergotherapie.ch\/fr\/formation\/travaux-de-bachelor-et-de-master\/\",\"name\":\"Travaux de bachelor et de master - Ergotherapie-Verband\",\"isPartOf\":{\"@id\":\"https:\/\/ergotherapie.ch\/fr\/#website\"},\"datePublished\":\"2024-12-23T20:30:30+00:00\",\"dateModified\":\"2025-05-07T12:55:36+00:00\",\"breadcrumb\":{\"@id\":\"https:\/\/ergotherapie.ch\/fr\/formation\/travaux-de-bachelor-et-de-master\/#breadcrumb\"},\"inLanguage\":\"fr-FR\",\"potentialAction\":[{\"@type\":\"ReadAction\",\"target\":[\"https:\/\/ergotherapie.ch\/fr\/formation\/travaux-de-bachelor-et-de-master\/\"]}]},{\"@type\":\"BreadcrumbList\",\"@id\":\"https:\/\/ergotherapie.ch\/fr\/formation\/travaux-de-bachelor-et-de-master\/#breadcrumb\",\"itemListElement\":[{\"@type\":\"ListItem\",\"position\":1,\"name\":\"Home\",\"item\":\"https:\/\/ergotherapie.ch\/fr\/\"},{\"@type\":\"ListItem\",\"position\":2,\"name\":\"Formation\",\"item\":\"https:\/\/ergotherapie.ch\/fr\/formation\/\"},{\"@type\":\"ListItem\",\"position\":3,\"name\":\"Travaux de bachelor et de master\"}]},{\"@type\":\"WebSite\",\"@id\":\"https:\/\/ergotherapie.ch\/fr\/#website\",\"url\":\"https:\/\/ergotherapie.ch\/fr\/\",\"name\":\"Ergotherapie-Verband\",\"description\":\"\",\"potentialAction\":[{\"@type\":\"SearchAction\",\"target\":{\"@type\":\"EntryPoint\",\"urlTemplate\":\"https:\/\/ergotherapie.ch\/fr\/?s={search_term_string}\"},\"query-input\":{\"@type\":\"PropertyValueSpecification\",\"valueRequired\":true,\"valueName\":\"search_term_string\"}}],\"inLanguage\":\"fr-FR\"}]}<\/script>\n<!-- \/ Yoast SEO Premium plugin. -->","yoast_head_json":{"title":"Travaux de bachelor et de master - Ergotherapie-Verband","robots":{"index":"index","follow":"follow","max-snippet":"max-snippet:-1","max-image-preview":"max-image-preview:large","max-video-preview":"max-video-preview:-1"},"canonical":"https:\/\/ergotherapie.ch\/fr\/formation\/travaux-de-bachelor-et-de-master\/","og_locale":"fr_FR","og_type":"article","og_title":"Travaux de bachelor et de master","og_url":"https:\/\/ergotherapie.ch\/fr\/formation\/travaux-de-bachelor-et-de-master\/","og_site_name":"Ergotherapie-Verband","article_modified_time":"2025-05-07T12:55:36+00:00","twitter_card":"summary_large_image","schema":{"@context":"https:\/\/schema.org","@graph":[{"@type":"WebPage","@id":"https:\/\/ergotherapie.ch\/fr\/formation\/travaux-de-bachelor-et-de-master\/","url":"https:\/\/ergotherapie.ch\/fr\/formation\/travaux-de-bachelor-et-de-master\/","name":"Travaux de bachelor et de master - Ergotherapie-Verband","isPartOf":{"@id":"https:\/\/ergotherapie.ch\/fr\/#website"},"datePublished":"2024-12-23T20:30:30+00:00","dateModified":"2025-05-07T12:55:36+00:00","breadcrumb":{"@id":"https:\/\/ergotherapie.ch\/fr\/formation\/travaux-de-bachelor-et-de-master\/#breadcrumb"},"inLanguage":"fr-FR","potentialAction":[{"@type":"ReadAction","target":["https:\/\/ergotherapie.ch\/fr\/formation\/travaux-de-bachelor-et-de-master\/"]}]},{"@type":"BreadcrumbList","@id":"https:\/\/ergotherapie.ch\/fr\/formation\/travaux-de-bachelor-et-de-master\/#breadcrumb","itemListElement":[{"@type":"ListItem","position":1,"name":"Home","item":"https:\/\/ergotherapie.ch\/fr\/"},{"@type":"ListItem","position":2,"name":"Formation","item":"https:\/\/ergotherapie.ch\/fr\/formation\/"},{"@type":"ListItem","position":3,"name":"Travaux de bachelor et de master"}]},{"@type":"WebSite","@id":"https:\/\/ergotherapie.ch\/fr\/#website","url":"https:\/\/ergotherapie.ch\/fr\/","name":"Ergotherapie-Verband","description":"","potentialAction":[{"@type":"SearchAction","target":{"@type":"EntryPoint","urlTemplate":"https:\/\/ergotherapie.ch\/fr\/?s={search_term_string}"},"query-input":{"@type":"PropertyValueSpecification","valueRequired":true,"valueName":"search_term_string"}}],"inLanguage":"fr-FR"}]}},"_links":{"self":[{"href":"https:\/\/ergotherapie.ch\/fr\/wp-json\/wp\/v2\/pages\/7146","targetHints":{"allow":["GET"]}}],"collection":[{"href":"https:\/\/ergotherapie.ch\/fr\/wp-json\/wp\/v2\/pages"}],"about":[{"href":"https:\/\/ergotherapie.ch\/fr\/wp-json\/wp\/v2\/types\/page"}],"author":[{"embeddable":true,"href":"https:\/\/ergotherapie.ch\/fr\/wp-json\/wp\/v2\/users\/6"}],"replies":[{"embeddable":true,"href":"https:\/\/ergotherapie.ch\/fr\/wp-json\/wp\/v2\/comments?post=7146"}],"version-history":[{"count":11,"href":"https:\/\/ergotherapie.ch\/fr\/wp-json\/wp\/v2\/pages\/7146\/revisions"}],"predecessor-version":[{"id":13905,"href":"https:\/\/ergotherapie.ch\/fr\/wp-json\/wp\/v2\/pages\/7146\/revisions\/13905"}],"up":[{"embeddable":true,"href":"https:\/\/ergotherapie.ch\/fr\/wp-json\/wp\/v2\/pages\/6457"}],"wp:attachment":[{"href":"https:\/\/ergotherapie.ch\/fr\/wp-json\/wp\/v2\/media?parent=7146"}],"curies":[{"name":"wp","href":"https:\/\/api.w.org\/{rel}","templated":true}]}}