{"id":7148,"date":"2024-12-23T22:16:57","date_gmt":"2024-12-23T20:16:57","guid":{"rendered":"https:\/\/dev.ergo.bertaeins.ch\/ergotherapie\/"},"modified":"2025-06-23T17:47:28","modified_gmt":"2025-06-23T15:47:28","slug":"ergotherapie","status":"publish","type":"page","link":"https:\/\/ergotherapie.ch\/fr\/ergotherapie\/","title":{"rendered":"Ergoth\u00e9rapie"},"content":{"rendered":"<div  class=\"inner-page-hero \">\n    <div class=\"container-fluid\">\n        <div class=\"inner-page-hero-inner-container\">\n            <div class=\"inner-page-hero-picture \">\n                                    <div style=\"background-image: url('https:\/\/ergotherapie.ch\/wp-content\/uploads\/2025\/02\/AdobeStock_366123049-1-scaled.jpeg')\">\n                        <img decoding=\"async\" width=\"189\" height=\"189\" loading=\"lazy\"\n                             src=\"https:\/\/ergotherapie.ch\/wp-content\/themes\/ergo-theme\/assets\/images\/person_photo_placeholder_cutted.png\" alt=\"Placeholder\" class=\"img-fluid\"\/>\n                    <\/div>\n                            <\/div>\n            <div class=\"inner-page-content \">\n                <h1 id=\"p0\" class=\"title\">Ergoth\u00e9rapie<\/h1>\n<p>L\u2019ergoth\u00e9rapie est une profession centr\u00e9e sur le d\u00e9veloppement et le maintien de la capacit\u00e9 d\u2019agir des personnes. Elle contribue \u00e0 l\u2019am\u00e9lioration de la sant\u00e9 et de la qualit\u00e9 de la vie. Elle facilite la participation \u00e0 la soci\u00e9t\u00e9 en permettant de prendre part aux activit\u00e9s quotidiennes.<\/p>\n                            <\/div>\n        <\/div>\n    <\/div>\n<\/div>\n\n\n<div         class=\"wysiwyg padding-none  \">\n    <div class=\"container-fluid\">\n        <div class=\"wysiwyg-inner-container\">\n            <h3><strong>Que font les ergoth\u00e9rapeutes?<br \/>\n<\/strong><\/h3>\n<p>Les ergoth\u00e9rapeutes soutiennent et accompagnent des personnes de tout \u00e2ge qui sont limit\u00e9es dans leur capacit\u00e9 d\u2019action ou qui risquent de l\u2019\u00eatre, par exemple \u00e0 la suite d\u2019un accident, d\u2019une maladie, d\u2019un trouble du d\u00e9veloppement ou pour des raisons psychiques. En outre, les ergoth\u00e9rapeutes conseillent des particuliers, des proches de patient\u00b7e\u00b7s, des groupes, des employeurs et des institutions, notamment dans une optique de pr\u00e9vention et de promotion de la sant\u00e9, et ils\/elles \u00e9tablissent des expertises.<\/p>\n<p>&nbsp;<\/p>\n<p>&nbsp;<\/p>\n        <\/div>\n    <\/div>\n<\/div>\n\n\n<div         class=\"wysiwyg padding-large links-into-buttons \">\n    <div class=\"container-fluid\">\n        <div class=\"wysiwyg-inner-container\">\n            <h3>Regards crois\u00e9s<\/h3>\n<p>Le \u00abRegards crois\u00e9s\u00bb est un projet de la HETSL. Les films \u00e9voquent l\u2019\u00e9cole comme un pilier de parcours professionnels. Ils mettent en lumi\u00e8re la vocation qui habitent celles et ceux qui se sont lanc\u00e9\u00b7es dans une formation Bachelor HES-SO en Ergoth\u00e9rapie comme Tiziana et Floriane.<\/p>\n<p><a href=\"https:\/\/www.hetsl.ch\/bachelor-en-ergotherapie\" target=\"_blank\" rel=\"noopener\">En savoir plus sur le bachelor en ergoth\u00e9rapie \u00e0 la HETSL<\/a><\/p>\n        <\/div>\n    <\/div>\n<\/div>\n\n\n\n<figure class=\"wp-block-embed is-type-video is-provider-youtube wp-block-embed-youtube wp-embed-aspect-16-9 wp-has-aspect-ratio\"><div class=\"wp-block-embed__wrapper\">\n<iframe loading=\"lazy\" title=\"\u00ab Regards crois\u00e9s \u00bb : Tiziana et Floriane. L&#039;ergoth\u00e9rapie.\" width=\"500\" height=\"281\" src=\"https:\/\/www.youtube.com\/embed\/KfGlPVQ73fM?feature=oembed\" frameborder=\"0\" allow=\"accelerometer; autoplay; clipboard-write; encrypted-media; gyroscope; picture-in-picture; web-share\" referrerpolicy=\"strict-origin-when-cross-origin\" allowfullscreen><\/iframe>\n<\/div><\/figure>\n\n\n<div class=\"section-quote\">\n    <div class=\"container-fluid\">\n        <div class=\"row\">\n            <div class=\"col-12\">\n                <div class=\"section-quote-inner-container\">\n                    <div class=\"section-quote-picture\">\n                        <div style=\"background-image: url('https:\/\/ergotherapie.ch\/wp-content\/uploads\/2025\/01\/2024_ergotherapie_martinbichsel_06.jpg')\">\n                            <img decoding=\"async\" width=\"189\" height=\"189\" loading=\"lazy\"\n                                 src=\"https:\/\/ergotherapie.ch\/wp-content\/themes\/ergo-theme\/assets\/images\/person_photo_placeholder.png\" alt=\"Placeholder\" class=\"img-fluid\"\/>\n                        <\/div>\n                    <\/div>\n\n                    <div class=\"quote-text-wrapper\">\n                        <p class=\"quote-text\">\n                            \u00abL&rsquo;ergoth\u00e9rapie est l&rsquo;art d&rsquo;aider les gens \u00e0 d\u00e9couvrir et \u00e0 utiliser leurs capacit\u00e9s pour mener une vie \u00e9panouie.\u00bb                          <\/p>\n                        <p class=\"quote-name\">\n                            Andri Cavegn, ergoth\u00e9rapeute et membre du comit\u00e9 central de l&rsquo;ASE                        <\/p>\n                    <\/div>\n                <\/div>\n            <\/div>\n        <\/div>\n    <\/div>\n<\/div>\n\n\n<div         class=\"wysiwyg padding-medium  \">\n    <div class=\"container-fluid\">\n        <div class=\"wysiwyg-inner-container\">\n            <h3><strong>Offre ergoth\u00e9rapeutique<\/strong><\/h3>\n<ul>\n<li>Accompagnement et soutien dans l\u2019apprentissage ou le r\u00e9apprentissage des activit\u00e9s quotidiennes dans les domaines suivants:\n<ul>\n<li>soins personnels (soins corporels, mobilit\u00e9, gestion d\u2019affaires personnelles, etc.)<\/li>\n<li>productivit\u00e9 (travail, m\u00e9nage, \u00e9cole, etc.)<\/li>\n<li>loisirs (hobbies, vie sociale, d\u00e9tente, etc.)<\/li>\n<\/ul>\n<\/li>\n<li>Instruction et soutien lors de l\u2019entra\u00eenement des capacit\u00e9s physiques, cognitives, \u00e9motionnelles et sociales n\u00e9cessaires aux activit\u00e9s quotidiennes<\/li>\n<li>Clarification et \u00e9valuation de la capacit\u00e9 d\u2019action de la personne dans diff\u00e9rents domaines d\u2019activit\u00e9s<\/li>\n<li>Choix, d\u00e9veloppement et fabrication d\u2019attelles, de moyens auxiliaires et d\u2019adaptations, par exemple adaptation du logement, du poste de travail ou d\u2019objets du quotidien<\/li>\n<li>Conseil \u00e0 des cliente\u00b7s, des proches, des employeurs, etc. tant en ce qui concerne le maintien ou l\u2019am\u00e9lioration de la capacit\u00e9 d\u2019action qu\u2019en mati\u00e8re de promotion de la sant\u00e9 et de pr\u00e9vention<\/li>\n<\/ul>\n        <\/div>\n    <\/div>\n<\/div>\n\n\n        <div  class=\"pre-footer-grid \">\n            <div class=\"container-fluid\">\n                <div class=\"row row-spaced\">\n                                            <div class=\"col-lg-3 col-md-4 col-sm-6\">\n                            <div class=\"one-pre-footer-grid\">\n                                <div>\n                                    <p class=\"one-pfg-icon\">\n                                        <?xml version=\"1.0\" encoding=\"utf-8\"?>\n<svg id=\"3992Icon_Kursangebot\" data-name=\"Icon Kursangebot\" xmlns=\"http:\/\/www.w3.org\/2000\/svg\" xmlns:xlink=\"http:\/\/www.w3.org\/1999\/xlink\" width=\"138.686\" height=\"102.621\" viewBox=\"0 0 138.686 102.621\">\n  <defs>\n    <clipPath id=\"3992clip-path\">\n      <rect id=\"3992Rectangle_334\" data-name=\"Rectangle 334\" width=\"138.686\" height=\"102.621\" fill=\"none\" stroke=\"#e1077c\" stroke-width=\"1\"\/>\n    <\/clipPath>\n  <\/defs>\n  <g id=\"3992Group_1023\" data-name=\"Group 1023\" clip-path=\"url(#3992clip-path)\">\n    <path id=\"3992Path_991\" data-name=\"Path 991\" d=\"M38.489,61.233V96.256S47.427,116.5,79.986,117c0,.264,33.281-1.676,40.516-19.764v-36\" transform=\"translate(-10.641 -16.93)\" fill=\"none\" stroke=\"#e1077c\" stroke-miterlimit=\"10\" stroke-width=\"7\"\/>\n    <path id=\"3992Path_992\" data-name=\"Path 992\" d=\"M95.165,44.51l55.44,6.065V106.59\" transform=\"translate(-26.311 -12.306)\" fill=\"none\" stroke=\"#e1077c\" stroke-miterlimit=\"10\" stroke-width=\"7\"\/>\n    <path id=\"3992Path_993\" data-name=\"Path 993\" d=\"M69.918,63.53,3.547,34.045a.079.079,0,0,1,0-.145L69.917,3.507a.074.074,0,0,1,.065,0L137.074,33.9a.079.079,0,0,1,0,.145L69.981,63.53A.075.075,0,0,1,69.918,63.53Z\" transform=\"translate(-0.968 -0.968)\" fill=\"none\" stroke=\"#e1077c\" stroke-miterlimit=\"10\" stroke-width=\"7\"\/>\n  <\/g>\n<\/svg>\n                                    <\/p>\n                                    <p class=\"one-pfg-title\">\n                                        Offre de cours                                    <\/p>\n                                                                            <p class=\"one-pfg-text small-font-size mb_0\">\n                                            D\u00e9couvrez le large \u00e9ventail de formations et de formations continues propos\u00e9es par l&rsquo;ASE et inscrivez-vous d\u00e8s maintenant en ligne.<br \/>\r\n<br \/>\r\n                                        <\/p>\n                                                                    <\/div>\n                                <div>\n                                    <p class=\"one-pfg-button\">\n                                                <a href=\"\/fr\/formation\/formations-continues-et-perfectionnements\/\" class=\"the-button\">\n            En savoir plus        <\/a>\n                                        <\/p>\n                                <\/div>\n                            <\/div>\n                        <\/div>\n                                                <div class=\"col-lg-3 col-md-4 col-sm-6\">\n                            <div class=\"one-pre-footer-grid\">\n                                <div>\n                                    <p class=\"one-pfg-icon\">\n                                        <?xml version=\"1.0\" encoding=\"utf-8\"?>\n<svg xmlns=\"http:\/\/www.w3.org\/2000\/svg\" width=\"83.224\" height=\"96.598\" viewBox=\"0 0 83.224 96.598\">\n  <g id=\"8973Icon_Ergotherapeut_in_finden\" data-name=\"Icon Ergotherapeut*in finden\" transform=\"translate(3.5 3.5)\">\n    <circle id=\"8973Ellipse_74\" data-name=\"Ellipse 74\" cx=\"33.658\" cy=\"33.658\" r=\"33.658\" fill=\"none\" stroke=\"#e1077c\" stroke-miterlimit=\"10\" stroke-width=\"7\"\/>\n    <path id=\"8973Path_1045\" data-name=\"Path 1045\" d=\"M49,15.5A24.78,24.78,0,0,1,73.781,40.281\" transform=\"translate(-17.343 -4.623)\" fill=\"none\" stroke=\"#e1077c\" stroke-miterlimit=\"10\" stroke-width=\"7\"\/>\n    <line id=\"8973Line_83\" data-name=\"Line 83\" x2=\"22.932\" y2=\"30.329\" transform=\"translate(54 60.658)\" fill=\"none\" stroke=\"#e1077c\" stroke-miterlimit=\"10\" stroke-width=\"7\"\/>\n  <\/g>\n<\/svg>\n                                    <\/p>\n                                    <p class=\"one-pfg-title\">\n                                        Trouver un\u00b7e ergoth\u00e9rapeute                                    <\/p>\n                                                                            <p class=\"one-pfg-text small-font-size mb_0\">\n                                            Trouvez un\u00b7e ergoth\u00e9rapeute pr\u00e8s de chez vous.<br \/>\r\n<br \/>\r\n                                        <\/p>\n                                                                    <\/div>\n                                <div>\n                                    <p class=\"one-pfg-button\">\n                                                <a href=\"\/fr\/ergotherapie\/trouver-un-ergotherapeute\/\" class=\"the-button\">\n             En savoir plus        <\/a>\n                                        <\/p>\n                                <\/div>\n                            <\/div>\n                        <\/div>\n                                                <div class=\"col-lg-3 col-md-4 col-sm-6\">\n                            <div class=\"one-pre-footer-grid\">\n                                <div>\n                                    <p class=\"one-pfg-icon\">\n                                        <?xml version=\"1.0\" encoding=\"utf-8\"?>\n<svg xmlns=\"http:\/\/www.w3.org\/2000\/svg\" width=\"113.696\" height=\"103.026\" viewBox=\"0 0 113.696 103.026\">\n  <g id=\"6764icon_Stelleninserate\" data-name=\"icon Stelleninserate\" transform=\"translate(3.5 3.5)\">\n    <rect id=\"6764Rectangle_359\" data-name=\"Rectangle 359\" width=\"106.696\" height=\"79.034\" transform=\"translate(0 16.992)\" fill=\"none\" stroke=\"#e1077c\" stroke-miterlimit=\"10\" stroke-width=\"7\"\/>\n    <path id=\"6764Path_1046\" data-name=\"Path 1046\" d=\"M43.542,64.122H19.1L4.84,25.966A.715.715,0,0,1,5.509,25h100a3.928,3.928,0,0,1,3.679,5.3L96.553,64.122H70.764\" transform=\"translate(-3.771 -8.008)\" fill=\"none\" stroke=\"#e1077c\" stroke-miterlimit=\"10\" stroke-width=\"7\"\/>\n    <rect id=\"6764Rectangle_360\" data-name=\"Rectangle 360\" width=\"28.452\" height=\"15.016\" transform=\"translate(39.122 49.791)\" fill=\"none\" stroke=\"#e1077c\" stroke-miterlimit=\"10\" stroke-width=\"7\"\/>\n    <path id=\"6764Path_1047\" data-name=\"Path 1047\" d=\"M44.5,22.073V11.008A7.508,7.508,0,0,1,52.008,3.5H78.88a7.508,7.508,0,0,1,7.508,7.508V22.073\" transform=\"translate(-12.096 -3.5)\" fill=\"none\" stroke=\"#e1077c\" stroke-miterlimit=\"10\" stroke-width=\"7\"\/>\n  <\/g>\n<\/svg>\n                                    <\/p>\n                                    <p class=\"one-pfg-title\">\n                                        Offres d&#8217;emploi                                    <\/p>\n                                                                            <p class=\"one-pfg-text small-font-size mb_0\">\n                                            Postulez \u00e0 un emploi qui vous convient. Vous trouverez ici les offres d&#8217;emploi actuelles.<br \/>\r\n<br \/>\r\n<br \/>\r\n                                        <\/p>\n                                                                    <\/div>\n                                <div>\n                                    <p class=\"one-pfg-button\">\n                                                <a href=\"\/fr\/exercice-de-la-profession\/stelleninserate\/\" class=\"the-button\">\n            En savoir plus        <\/a>\n                                        <\/p>\n                                <\/div>\n                            <\/div>\n                        <\/div>\n                                                <div class=\"col-lg-3 col-md-4 col-sm-6\">\n                            <div class=\"one-pre-footer-grid\">\n                                <div>\n                                    <p class=\"one-pfg-icon\">\n                                        <?xml version=\"1.0\" encoding=\"utf-8\"?>\n<svg id=\"6947icon_Verordnung_Ergotherapie\" data-name=\"icon Verordnung  Ergotherapie\" xmlns=\"http:\/\/www.w3.org\/2000\/svg\" xmlns:xlink=\"http:\/\/www.w3.org\/1999\/xlink\" width=\"129.594\" height=\"127.813\" viewBox=\"0 0 129.594 127.813\">\n  <defs>\n    <clipPath id=\"6947clip-path\">\n      <rect id=\"6947Rectangle_337\" data-name=\"Rectangle 337\" width=\"129.594\" height=\"127.813\" fill=\"none\" stroke=\"#e1077c\" stroke-width=\"1\"\/>\n    <\/clipPath>\n  <\/defs>\n  <g id=\"6947Group_1026\" data-name=\"Group 1026\">\n    <g id=\"6947Group_1025\" data-name=\"Group 1025\" clip-path=\"url(#6947clip-path)\">\n      <path id=\"6947Path_996\" data-name=\"Path 996\" d=\"M101.522,99.942v24.644H3.5V3.5h98.022V33.772\" transform=\"translate(-0.137 -0.137)\" fill=\"none\" stroke=\"#e1077c\" stroke-miterlimit=\"10\" stroke-width=\"7\"\/>\n    <\/g>\n  <\/g>\n  <line id=\"6947Line_68\" data-name=\"Line 68\" x2=\"33.701\" transform=\"translate(30.141 69.673)\" fill=\"none\" stroke=\"#e1077c\" stroke-miterlimit=\"10\" stroke-width=\"7\"\/>\n  <line id=\"6947Line_69\" data-name=\"Line 69\" x1=\"4.11\" transform=\"translate(15.205 69.673)\" fill=\"none\" stroke=\"#e1077c\" stroke-miterlimit=\"10\" stroke-width=\"7\"\/>\n  <line id=\"6947Line_70\" data-name=\"Line 70\" x2=\"33.701\" transform=\"translate(30.652 84.086)\" fill=\"none\" stroke=\"#e1077c\" stroke-miterlimit=\"10\" stroke-width=\"7\"\/>\n  <line id=\"6947Line_71\" data-name=\"Line 71\" x1=\"4.11\" transform=\"translate(15.616 84.086)\" fill=\"none\" stroke=\"#e1077c\" stroke-miterlimit=\"10\" stroke-width=\"7\"\/>\n  <line id=\"6947Line_72\" data-name=\"Line 72\" x1=\"4.11\" transform=\"translate(15.616 97.541)\" fill=\"none\" stroke=\"#e1077c\" stroke-miterlimit=\"10\" stroke-width=\"7\"\/>\n  <line id=\"6947Line_73\" data-name=\"Line 73\" x2=\"33.701\" transform=\"translate(30.652 97.541)\" fill=\"none\" stroke=\"#e1077c\" stroke-miterlimit=\"10\" stroke-width=\"7\"\/>\n  <line id=\"6947Line_74\" data-name=\"Line 74\" x1=\"12.741\" transform=\"translate(51.89 113.428)\" fill=\"none\" stroke=\"#e1077c\" stroke-miterlimit=\"10\" stroke-width=\"7\"\/>\n  <g id=\"6947Group_1028\" data-name=\"Group 1028\">\n    <g id=\"6947Group_1027\" data-name=\"Group 1027\" clip-path=\"url(#6947clip-path)\">\n      <circle id=\"6947Ellipse_68\" data-name=\"Ellipse 68\" cx=\"20.661\" cy=\"20.661\" r=\"20.661\" transform=\"translate(31.231 16.817)\" fill=\"none\" stroke=\"#e1077c\" stroke-miterlimit=\"10\" stroke-width=\"7\"\/>\n      <path id=\"6947Path_997\" data-name=\"Path 997\" d=\"M39.5,52.176a15.085,15.085,0,0,1,13.948-7.971c5.739,0,10.792,2.2,13.317,7.971\" transform=\"translate(-1.541 -1.724)\" fill=\"none\" stroke=\"#e1077c\" stroke-miterlimit=\"10\" stroke-width=\"7\"\/>\n      <path id=\"6947Path_998\" data-name=\"Path 998\" d=\"M60.866,34.668c0,4.511-3.227,8.168-7.207,8.168s-7.207-3.658-7.207-8.168S49.679,26.5,53.659,26.5,60.866,30.158,60.866,34.668Z\" transform=\"translate(-1.812 -1.034)\" fill=\"none\" stroke=\"#e1077c\" stroke-miterlimit=\"10\" stroke-width=\"7\"\/>\n      <path id=\"6947Path_999\" data-name=\"Path 999\" d=\"M82.706,104.02l2.323-16.637,31.9-52.935L128.2,41.243,96.106,94.5Z\" transform=\"translate(-3.226 -1.344)\" fill=\"none\" stroke=\"#e1077c\" stroke-miterlimit=\"10\" stroke-width=\"7\"\/>\n      <line id=\"6947Line_75\" data-name=\"Line 75\" x2=\"11.273\" y2=\"6.794\" transform=\"translate(105.691 46.4)\" fill=\"none\" stroke=\"#e1077c\" stroke-miterlimit=\"10\" stroke-width=\"7\"\/>\n      <line id=\"6947Line_76\" data-name=\"Line 76\" x2=\"11.273\" y2=\"6.794\" transform=\"translate(83.436 83.588)\" fill=\"none\" stroke=\"#e1077c\" stroke-miterlimit=\"10\" stroke-width=\"7\"\/>\n    <\/g>\n  <\/g>\n<\/svg>\n                                    <\/p>\n                                    <p class=\"one-pfg-title\">\n                                        Prescription d&rsquo;ergoth\u00e9rapie                                    <\/p>\n                                                                            <p class=\"one-pfg-text small-font-size mb_0\">\n                                            Pour les m\u00e9decins : t\u00e9l\u00e9chargez ici le formulaire de prescription d&rsquo;ergoth\u00e9rapie.<br \/>\r\n<br \/>\r\n                                        <\/p>\n                                                                    <\/div>\n                                <div>\n                                    <p class=\"one-pfg-button\">\n                                                <a href=\"https:\/\/ergotherapie.ch\/fr\/ordonnance\/\" class=\"the-button\">\n             En savoir plus        <\/a>\n                                        <\/p>\n                                <\/div>\n                            <\/div>\n                        <\/div>\n                                        <\/div>\n            <\/div>\n        <\/div>\n        ","protected":false},"excerpt":{"rendered":"","protected":false},"author":6,"featured_media":0,"parent":0,"menu_order":0,"comment_status":"closed","ping_status":"closed","template":"","meta":{"_acf_changed":false,"footnotes":""},"class_list":["post-7148","page","type-page","status-publish","hentry"],"acf":[],"yoast_head":"<!-- This site is optimized with the Yoast SEO Premium plugin v27.4 (Yoast SEO v27.4) - https:\/\/yoast.com\/product\/yoast-seo-premium-wordpress\/ -->\n<title>Ergoth\u00e9rapie - Ergotherapie-Verband<\/title>\n<meta name=\"robots\" content=\"index, follow, max-snippet:-1, max-image-preview:large, max-video-preview:-1\" \/>\n<link rel=\"canonical\" href=\"https:\/\/ergotherapie.ch\/fr\/ergotherapie\/\" \/>\n<meta property=\"og:locale\" content=\"fr_FR\" \/>\n<meta property=\"og:type\" content=\"article\" \/>\n<meta property=\"og:title\" content=\"Ergoth\u00e9rapie\" \/>\n<meta property=\"og:url\" content=\"https:\/\/ergotherapie.ch\/fr\/ergotherapie\/\" \/>\n<meta property=\"og:site_name\" content=\"Ergotherapie-Verband\" \/>\n<meta property=\"article:modified_time\" content=\"2025-06-23T15:47:28+00:00\" \/>\n<meta name=\"twitter:card\" content=\"summary_large_image\" \/>\n<meta name=\"twitter:label1\" content=\"Dur\u00e9e de lecture estim\u00e9e\" \/>\n\t<meta name=\"twitter:data1\" content=\"1 minute\" \/>\n<script type=\"application\/ld+json\" class=\"yoast-schema-graph\">{\"@context\":\"https:\\\/\\\/schema.org\",\"@graph\":[{\"@type\":\"WebPage\",\"@id\":\"https:\\\/\\\/ergotherapie.ch\\\/fr\\\/ergotherapie\\\/\",\"url\":\"https:\\\/\\\/ergotherapie.ch\\\/fr\\\/ergotherapie\\\/\",\"name\":\"Ergoth\u00e9rapie - Ergotherapie-Verband\",\"isPartOf\":{\"@id\":\"https:\\\/\\\/ergotherapie.ch\\\/fr\\\/#website\"},\"datePublished\":\"2024-12-23T20:16:57+00:00\",\"dateModified\":\"2025-06-23T15:47:28+00:00\",\"breadcrumb\":{\"@id\":\"https:\\\/\\\/ergotherapie.ch\\\/fr\\\/ergotherapie\\\/#breadcrumb\"},\"inLanguage\":\"fr-FR\",\"potentialAction\":[{\"@type\":\"ReadAction\",\"target\":[\"https:\\\/\\\/ergotherapie.ch\\\/fr\\\/ergotherapie\\\/\"]}]},{\"@type\":\"BreadcrumbList\",\"@id\":\"https:\\\/\\\/ergotherapie.ch\\\/fr\\\/ergotherapie\\\/#breadcrumb\",\"itemListElement\":[{\"@type\":\"ListItem\",\"position\":1,\"name\":\"Home\",\"item\":\"https:\\\/\\\/ergotherapie.ch\\\/fr\\\/\"},{\"@type\":\"ListItem\",\"position\":2,\"name\":\"Ergoth\u00e9rapie\"}]},{\"@type\":\"WebSite\",\"@id\":\"https:\\\/\\\/ergotherapie.ch\\\/fr\\\/#website\",\"url\":\"https:\\\/\\\/ergotherapie.ch\\\/fr\\\/\",\"name\":\"Ergotherapie-Verband\",\"description\":\"\",\"potentialAction\":[{\"@type\":\"SearchAction\",\"target\":{\"@type\":\"EntryPoint\",\"urlTemplate\":\"https:\\\/\\\/ergotherapie.ch\\\/fr\\\/?s={search_term_string}\"},\"query-input\":{\"@type\":\"PropertyValueSpecification\",\"valueRequired\":true,\"valueName\":\"search_term_string\"}}],\"inLanguage\":\"fr-FR\"}]}<\/script>\n<!-- \/ Yoast SEO Premium plugin. -->","yoast_head_json":{"title":"Ergoth\u00e9rapie - Ergotherapie-Verband","robots":{"index":"index","follow":"follow","max-snippet":"max-snippet:-1","max-image-preview":"max-image-preview:large","max-video-preview":"max-video-preview:-1"},"canonical":"https:\/\/ergotherapie.ch\/fr\/ergotherapie\/","og_locale":"fr_FR","og_type":"article","og_title":"Ergoth\u00e9rapie","og_url":"https:\/\/ergotherapie.ch\/fr\/ergotherapie\/","og_site_name":"Ergotherapie-Verband","article_modified_time":"2025-06-23T15:47:28+00:00","twitter_card":"summary_large_image","twitter_misc":{"Dur\u00e9e de lecture estim\u00e9e":"1 minute"},"schema":{"@context":"https:\/\/schema.org","@graph":[{"@type":"WebPage","@id":"https:\/\/ergotherapie.ch\/fr\/ergotherapie\/","url":"https:\/\/ergotherapie.ch\/fr\/ergotherapie\/","name":"Ergoth\u00e9rapie - Ergotherapie-Verband","isPartOf":{"@id":"https:\/\/ergotherapie.ch\/fr\/#website"},"datePublished":"2024-12-23T20:16:57+00:00","dateModified":"2025-06-23T15:47:28+00:00","breadcrumb":{"@id":"https:\/\/ergotherapie.ch\/fr\/ergotherapie\/#breadcrumb"},"inLanguage":"fr-FR","potentialAction":[{"@type":"ReadAction","target":["https:\/\/ergotherapie.ch\/fr\/ergotherapie\/"]}]},{"@type":"BreadcrumbList","@id":"https:\/\/ergotherapie.ch\/fr\/ergotherapie\/#breadcrumb","itemListElement":[{"@type":"ListItem","position":1,"name":"Home","item":"https:\/\/ergotherapie.ch\/fr\/"},{"@type":"ListItem","position":2,"name":"Ergoth\u00e9rapie"}]},{"@type":"WebSite","@id":"https:\/\/ergotherapie.ch\/fr\/#website","url":"https:\/\/ergotherapie.ch\/fr\/","name":"Ergotherapie-Verband","description":"","potentialAction":[{"@type":"SearchAction","target":{"@type":"EntryPoint","urlTemplate":"https:\/\/ergotherapie.ch\/fr\/?s={search_term_string}"},"query-input":{"@type":"PropertyValueSpecification","valueRequired":true,"valueName":"search_term_string"}}],"inLanguage":"fr-FR"}]}},"_links":{"self":[{"href":"https:\/\/ergotherapie.ch\/fr\/wp-json\/wp\/v2\/pages\/7148","targetHints":{"allow":["GET"]}}],"collection":[{"href":"https:\/\/ergotherapie.ch\/fr\/wp-json\/wp\/v2\/pages"}],"about":[{"href":"https:\/\/ergotherapie.ch\/fr\/wp-json\/wp\/v2\/types\/page"}],"author":[{"embeddable":true,"href":"https:\/\/ergotherapie.ch\/fr\/wp-json\/wp\/v2\/users\/6"}],"replies":[{"embeddable":true,"href":"https:\/\/ergotherapie.ch\/fr\/wp-json\/wp\/v2\/comments?post=7148"}],"version-history":[{"count":28,"href":"https:\/\/ergotherapie.ch\/fr\/wp-json\/wp\/v2\/pages\/7148\/revisions"}],"predecessor-version":[{"id":15328,"href":"https:\/\/ergotherapie.ch\/fr\/wp-json\/wp\/v2\/pages\/7148\/revisions\/15328"}],"wp:attachment":[{"href":"https:\/\/ergotherapie.ch\/fr\/wp-json\/wp\/v2\/media?parent=7148"}],"curies":[{"name":"wp","href":"https:\/\/api.w.org\/{rel}","templated":true}]}}