{"id":7326,"date":"2025-01-10T01:06:02","date_gmt":"2025-01-09T23:06:02","guid":{"rendered":"https:\/\/dev.ergo.bertaeins.ch\/inscription-aux-cours\/"},"modified":"2025-02-19T13:27:28","modified_gmt":"2025-02-19T13:27:28","slug":"inscription-aux-cours","status":"publish","type":"page","link":"https:\/\/ergotherapie.ch\/fr\/inscription-aux-cours\/","title":{"rendered":"Inscription aux cours"},"content":{"rendered":"<div         class=\"wysiwyg padding-medium links-into-buttons \">\n    <div class=\"container-fluid\">\n        <div class=\"wysiwyg-inner-container\">\n            <h2>Inscription aux cours<\/h2>\n<div class=\"frm_forms  with_frm_style frm_style_formidable-style\" id=\"frm_form_10_container\" data-token=\"583315827a8e96c645a2873790660386\">\n<form enctype=\"multipart\/form-data\" method=\"post\" class=\"frm-show-form  frm_pro_form \" id=\"form_kursanmeldung2\" data-token=\"583315827a8e96c645a2873790660386\">\n<div class=\"frm_form_fields \">\n<fieldset>\n<legend class=\"frm_screen_reader\">Kursanmeldung FR<\/legend>\r\n\r\n<div class=\"frm_fields_container\">\n<input type=\"hidden\" name=\"frm_action\" value=\"create\" \/>\n<input type=\"hidden\" name=\"form_id\" value=\"10\" \/>\n<input type=\"hidden\" name=\"frm_hide_fields_10\" id=\"frm_hide_fields_10\" value=\"\" \/>\n<input type=\"hidden\" name=\"form_key\" value=\"kursanmeldung2\" \/>\n<input type=\"hidden\" name=\"item_meta[0]\" value=\"\" \/>\n<input type=\"hidden\" id=\"frm_submit_entry_10\" name=\"frm_submit_entry_10\" value=\"5689412b8e\" \/><input type=\"hidden\" name=\"_wp_http_referer\" value=\"\/fr\/wp-json\/wp\/v2\/pages\/7326\" \/><div id=\"frm_field_185_container\" class=\"frm_form_field form-field  frm_required_field frm_top_container frm_first frm_three_fourths\">\r\n\t<label for=\"field_87l6\" id=\"field_87l6_label\" class=\"frm_primary_label\">Nom du cours\r\n\t\t<span class=\"frm_required\" aria-hidden=\"true\"><\/span>\r\n\t<\/label>\r\n\t<input  type=\"text\" id=\"field_87l6\" name=\"item_meta[185]\" value=\"\"  data-reqmsg=\"Nom du cours ne doit pas \u00eatre vide.\" aria-required=\"true\" data-invmsg=\"Nom du cours is invalid\" aria-invalid=\"false\"   \/>\r\n\t\r\n\t\r\n<\/div>\n<div id=\"frm_field_186_container\" class=\"frm_form_field form-field  frm_required_field frm_top_container frm_fourth\">\r\n\t<label for=\"field_h1vwp2\" id=\"field_h1vwp2_label\" class=\"frm_primary_label\">Num\u00e9ro du cours\r\n\t\t<span class=\"frm_required\" aria-hidden=\"true\"><\/span>\r\n\t<\/label>\r\n\t<input  type=\"text\" id=\"field_h1vwp2\" name=\"item_meta[186]\" value=\"\"  data-reqmsg=\"Num\u00e9ro du cours ne doit pas \u00eatre vide.\" aria-required=\"true\" data-invmsg=\"Num\u00e9ro du cours is invalid\" aria-invalid=\"false\"   \/>\r\n\t\r\n\t\r\n<\/div>\n<div id=\"frm_field_187_container\" class=\"frm_form_field form-field  frm_required_field frm_top_container frm_half\">\r\n\t<label for=\"field_j1lmg2\" id=\"field_j1lmg2_label\" class=\"frm_primary_label\">Date\r\n\t\t<span class=\"frm_required\" aria-hidden=\"true\"><\/span>\r\n\t<\/label>\r\n\t<input  type=\"text\" id=\"field_j1lmg2\" name=\"item_meta[187]\" value=\"\"  data-reqmsg=\"Date ne doit pas \u00eatre vide.\" aria-required=\"true\" data-invmsg=\"Date is invalid\" aria-invalid=\"false\"   \/>\r\n\t\r\n\t\r\n<\/div>\n<div id=\"frm_field_188_container\" class=\"frm_form_field form-field  frm_required_field frm_top_container frm6 frm_first\">\r\n\t<label for=\"field_mmr532\" id=\"field_mmr532_label\" class=\"frm_primary_label\">Nom\r\n\t\t<span class=\"frm_required\" aria-hidden=\"true\">*<\/span>\r\n\t<\/label>\r\n\t<input  type=\"text\" id=\"field_mmr532\" name=\"item_meta[188]\" value=\"\"  data-reqmsg=\"Nom ne doit pas \u00eatre vide.\" aria-required=\"true\" data-invmsg=\"Nom is invalid\" aria-invalid=\"false\"   \/>\r\n\t\r\n\t\r\n<\/div>\n<div id=\"frm_field_189_container\" class=\"frm_form_field form-field  frm_required_field frm_top_container frm6\">\r\n\t<label for=\"field_qobzi2\" id=\"field_qobzi2_label\" class=\"frm_primary_label\">Pr\u00e9nom\r\n\t\t<span class=\"frm_required\" aria-hidden=\"true\">*<\/span>\r\n\t<\/label>\r\n\t<input  type=\"text\" id=\"field_qobzi2\" name=\"item_meta[189]\" value=\"\"  data-reqmsg=\"Pr\u00e9nom ne doit pas \u00eatre vide.\" aria-required=\"true\" data-invmsg=\"Pr\u00e9nom is invalid\" aria-invalid=\"false\"   \/>\r\n\t\r\n\t\r\n<\/div>\n<div id=\"frm_field_190_container\" class=\"frm_form_field form-field  frm_required_field frm_top_container\">\r\n\t<label for=\"field_6iqfb2\" id=\"field_6iqfb2_label\" class=\"frm_primary_label\">Rue\r\n\t\t<span class=\"frm_required\" aria-hidden=\"true\">*<\/span>\r\n\t<\/label>\r\n\t<input  type=\"text\" id=\"field_6iqfb2\" name=\"item_meta[190]\" value=\"\"  data-reqmsg=\"Rue ne doit pas \u00eatre vide.\" aria-required=\"true\" data-invmsg=\"Rue is invalid\" aria-invalid=\"false\"   \/>\r\n\t\r\n\t\r\n<\/div>\n<div id=\"frm_field_191_container\" class=\"frm_form_field form-field  frm_required_field frm_top_container frm_first frm_fourth\">\r\n\t<label for=\"field_qrwia2\" id=\"field_qrwia2_label\" class=\"frm_primary_label\">CODE POSTAL\r\n\t\t<span class=\"frm_required\" aria-hidden=\"true\">*<\/span>\r\n\t<\/label>\r\n\t<input  type=\"text\" id=\"field_qrwia2\" name=\"item_meta[191]\" value=\"\"  data-reqmsg=\"CODE POSTAL ne doit pas \u00eatre vide.\" aria-required=\"true\" data-invmsg=\"CODE POSTAL is invalid\" aria-invalid=\"false\"   \/>\r\n\t\r\n\t\r\n<\/div>\n<div id=\"frm_field_192_container\" class=\"frm_form_field form-field  frm_required_field frm_top_container frm_three_fourths\">\r\n\t<label for=\"field_2g6rq2\" id=\"field_2g6rq2_label\" class=\"frm_primary_label\">Lieu\r\n\t\t<span class=\"frm_required\" aria-hidden=\"true\">*<\/span>\r\n\t<\/label>\r\n\t<input  type=\"text\" id=\"field_2g6rq2\" name=\"item_meta[192]\" value=\"\"  data-reqmsg=\"Lieu ne doit pas \u00eatre vide.\" aria-required=\"true\" data-invmsg=\"Lieu is invalid\" aria-invalid=\"false\"   \/>\r\n\t\r\n\t\r\n<\/div>\n<div id=\"frm_field_193_container\" class=\"frm_form_field form-field  frm_top_container frm6 frm_first\">\r\n\t<label for=\"field_7bj472\" id=\"field_7bj472_label\" class=\"frm_primary_label\">T\u00e9l\u00e9phone priv\u00e9\r\n\t\t<span class=\"frm_required\" aria-hidden=\"true\"><\/span>\r\n\t<\/label>\r\n\t<input  type=\"text\" id=\"field_7bj472\" name=\"item_meta[193]\" value=\"\"  data-invmsg=\"T\u00e9l\u00e9phone priv\u00e9 is invalid\" aria-invalid=\"false\"   \/>\r\n\t\r\n\t\r\n<\/div>\n<div id=\"frm_field_194_container\" class=\"frm_form_field form-field  frm_top_container frm6\">\r\n\t<label for=\"field_ylba42\" id=\"field_ylba42_label\" class=\"frm_primary_label\">T\u00e9l\u00e9phone professionnel\r\n\t\t<span class=\"frm_required\" aria-hidden=\"true\"><\/span>\r\n\t<\/label>\r\n\t<input  type=\"text\" id=\"field_ylba42\" name=\"item_meta[194]\" value=\"\"  data-invmsg=\"T\u00e9l\u00e9phone professionnel is invalid\" aria-invalid=\"false\"   \/>\r\n\t\r\n\t\r\n<\/div>\n<div id=\"frm_field_195_container\" class=\"frm_form_field form-field  frm_required_field frm_top_container\">\r\n\t<label for=\"field_ctmp42\" id=\"field_ctmp42_label\" class=\"frm_primary_label\">E-Mail\r\n\t\t<span class=\"frm_required\" aria-hidden=\"true\">*<\/span>\r\n\t<\/label>\r\n\t<input type=\"email\" id=\"field_ctmp42\" name=\"item_meta[195]\" value=\"\"  data-reqmsg=\"E-Mail ne doit pas \u00eatre vide.\" aria-required=\"true\" data-invmsg=\"E-Mail est dans un format non valide.\" aria-invalid=\"false\"  \/>\r\n\t\r\n\t\r\n<\/div>\n<div id=\"frm_field_196_container\" class=\"frm_form_field form-field  frm_top_container\">\r\n\t<label for=\"field_6gym72\" id=\"field_6gym72_label\" class=\"frm_primary_label\">Adresse de facturation\r\n\t\t<span class=\"frm_required\" aria-hidden=\"true\"><\/span>\r\n\t<\/label>\r\n\t<textarea name=\"item_meta[196]\" id=\"field_6gym72\" rows=\"5\"  data-invmsg=\"Adresse de facturation est dans un format non valide.\" aria-invalid=\"false\"  ><\/textarea>\r\n\t\r\n\t\r\n<\/div>\n<div id=\"frm_field_197_container\" class=\"frm_form_field form-field  frm_top_container\">\r\n\t<label for=\"field_yzep42\" id=\"field_yzep42_label\" class=\"frm_primary_label\">Commentaires\r\n\t\t<span class=\"frm_required\" aria-hidden=\"true\"><\/span>\r\n\t<\/label>\r\n\t<textarea name=\"item_meta[197]\" id=\"field_yzep42\" rows=\"5\"  data-invmsg=\"Commentaires est dans un format non valide.\" aria-invalid=\"false\"  ><\/textarea>\r\n\t\r\n\t\r\n<\/div>\n<div id=\"frm_field_404_container\" class=\"frm_form_field form-field  frm_required_field frm_top_container vertical_radio\">\n\t<div  id=\"field_u8a7r_label\" class=\"frm_primary_label\">Je suis membre\n\t\t<span class=\"frm_required\" aria-hidden=\"true\">*<\/span>\n\t<\/div>\n\t<div class=\"frm_opt_container\" aria-labelledby=\"field_u8a7r_label\" role=\"radiogroup\" aria-required=\"true\">\t\t<div class=\"frm_radio\" id=\"frm_radio_404-0\">\t\t\t<label  for=\"field_u8a7r-0\">\n\t\t\t\t\t<input type=\"radio\" name=\"item_meta[404]\" id=\"field_u8a7r-0\" value=\"Oui\"\n\t\t data-frmval=\"Oui\" data-reqmsg=\"Je suis membre kann nicht leer sein.\" data-invmsg=\"Je suis membre est non valide\"  checked=\"checked\" \/> Oui<\/label><\/div>\n\t\t<div class=\"frm_radio\" id=\"frm_radio_404-1\">\t\t\t<label  for=\"field_u8a7r-1\">\n\t\t\t\t\t<input type=\"radio\" name=\"item_meta[404]\" id=\"field_u8a7r-1\" value=\"Non\"\n\t\t data-frmval=\"Oui\" data-reqmsg=\"Je suis membre kann nicht leer sein.\" data-invmsg=\"Je suis membre est non valide\"   \/> Non<\/label><\/div>\n<\/div>\n\t\n\t\n<\/div>\n<div id=\"frm_field_406_container\" class=\"frm_form_field form-field  frm_required_field frm_top_container vertical_radio\">\n\t<div  id=\"field_nqaq3_label\" class=\"frm_primary_label\">J&rsquo;accepte que mes donn\u00e9es figurent sur la liste des participant\u00b7e\u00b7s et qu&rsquo;elles soient partag\u00e9es avec les autres participant\u00b7e\u00b7s.\n\t\t<span class=\"frm_required\" aria-hidden=\"true\">*<\/span>\n\t<\/div>\n\t<div class=\"frm_opt_container\" aria-labelledby=\"field_nqaq3_label\" role=\"radiogroup\" aria-required=\"true\">\t\t<div class=\"frm_radio\" id=\"frm_radio_406-0\">\t\t\t<label  for=\"field_nqaq3-0\">\n\t\t\t\t\t<input type=\"radio\" name=\"item_meta[406]\" id=\"field_nqaq3-0\" value=\"Oui\"\n\t\t data-reqmsg=\"J&#039;accepte que mes donn\u00e9es figurent sur la liste des participant\u00b7e\u00b7s et qu&#039;elles soient partag\u00e9es avec les autres participant\u00b7e\u00b7s. kann nicht leer sein.\" data-invmsg=\"J&#039;accepte que mes donn\u00e9es figurent sur la liste des participant\u00b7e\u00b7s et qu&#039;elles soient partag\u00e9es avec les autres participant\u00b7e\u00b7s. est non valide\"   \/> Oui<\/label><\/div>\n\t\t<div class=\"frm_radio\" id=\"frm_radio_406-1\">\t\t\t<label  for=\"field_nqaq3-1\">\n\t\t\t\t\t<input type=\"radio\" name=\"item_meta[406]\" id=\"field_nqaq3-1\" value=\"Non\"\n\t\t data-reqmsg=\"J&#039;accepte que mes donn\u00e9es figurent sur la liste des participant\u00b7e\u00b7s et qu&#039;elles soient partag\u00e9es avec les autres participant\u00b7e\u00b7s. kann nicht leer sein.\" data-invmsg=\"J&#039;accepte que mes donn\u00e9es figurent sur la liste des participant\u00b7e\u00b7s et qu&#039;elles soient partag\u00e9es avec les autres participant\u00b7e\u00b7s. est non valide\"   \/> Non<\/label><\/div>\n<\/div>\n\t\n\t\n<\/div>\n<div id=\"frm_field_200_container\" class=\"frm_form_field form-field  frm_required_field frm_none_container vertical_radio\">\r\n\t<div  id=\"field_2y5bx2_label\" class=\"frm_primary_label\">J&rsquo;accepte les conditions de participation\r\n\t\t<span class=\"frm_required\" aria-hidden=\"true\">*<\/span>\r\n\t<\/div>\r\n\t<div class=\"frm_opt_container\" aria-labelledby=\"field_2y5bx2_label\" role=\"group\">\t\t<div class=\"frm_checkbox\" id=\"frm_checkbox_200-0\">\t\t\t<label  for=\"field_2y5bx2-0\">\n\t\t\t<input type=\"checkbox\" name=\"item_meta[200][]\" id=\"field_2y5bx2-0\" value=\"J&#039;accepte les conditions de participation\"  data-reqmsg=\"J&#039;accepte les conditions de participation darf nicht leer sein.\" data-invmsg=\"J&#039;accepte les conditions de participation est non valide\"   aria-required=\"true\"  \/> J&rsquo;accepte les conditions de participation<\/label><\/div>\n<\/div>\r\n\t\r\n\t\r\n<\/div>\n<div id=\"frm_field_398_container\" class=\"frm_form_field form-field  frm_none_container\">\n\t<label for=\"g-recaptcha-response\" id=\"field_uh7xt_label\" class=\"frm_primary_label\">Captcha\n\t\t<span class=\"frm_required\" aria-hidden=\"true\"><\/span>\n\t<\/label>\n\t<div  id=\"field_uh7xt\" class=\"frm-g-recaptcha\" data-sitekey=\"6LesWA4rAAAAABYOfdjArOatHdyKs-rKyRrj3AQB\" data-size=\"invisible\" data-theme=\"light\"><\/div>\n\t\n\t\n<\/div>\n<div id=\"frm_field_201_container\" class=\"frm_form_field form-field \">\r\n\t<div class=\"frm_submit frm_flex\">\r\n<button class=\"frm_button_submit frm_final_submit\" type=\"submit\"   formnovalidate=\"formnovalidate\">S&#039;inscrire<\/button>\r\n\r\n\r\n\r\n<\/div>\r\n<\/div>\n\t<input type=\"hidden\" name=\"item_key\" value=\"\" \/>\n\t\t\t<div id=\"frm_field_645_container\">\n\t\t\t<label for=\"field_ftzlv\" >\n\t\t\t\tSi vous \u00eates un humain, ne remplissez pas ce champ.\t\t\t<\/label>\n\t\t\t<input  id=\"field_ftzlv\" type=\"text\" class=\"frm_form_field form-field frm_verify\" name=\"item_meta[645]\" value=\"\"  \/>\n\t\t<\/div>\n\t\t<input name=\"frm_state\" type=\"hidden\" value=\"ftUEDtpgBw7uYNHCOurAqhZo8ChVGUGrZxU65edKWVPW5Yls2MJOrTSsP6KVx71i\" \/><\/div>\n<\/fieldset>\n<\/div>\n\n<\/form>\n<\/div>\n\n        <\/div>\n    <\/div>\n<\/div>\n\n\n\n<p><\/p>\n","protected":false},"excerpt":{"rendered":"","protected":false},"author":6,"featured_media":0,"parent":0,"menu_order":0,"comment_status":"closed","ping_status":"closed","template":"","meta":{"_acf_changed":false,"footnotes":""},"class_list":["post-7326","page","type-page","status-publish","hentry"],"acf":[],"yoast_head":"<!-- This site is optimized with the Yoast SEO Premium plugin v27.2 (Yoast SEO v27.2) - https:\/\/yoast.com\/product\/yoast-seo-premium-wordpress\/ -->\n<title>Inscription aux cours - Ergotherapie-Verband<\/title>\n<meta name=\"robots\" content=\"index, follow, max-snippet:-1, max-image-preview:large, max-video-preview:-1\" \/>\n<link rel=\"canonical\" href=\"https:\/\/ergotherapie.ch\/fr\/inscription-aux-cours\/\" \/>\n<meta property=\"og:locale\" content=\"fr_FR\" \/>\n<meta property=\"og:type\" content=\"article\" \/>\n<meta property=\"og:title\" content=\"Inscription aux cours\" \/>\n<meta property=\"og:url\" content=\"https:\/\/ergotherapie.ch\/fr\/inscription-aux-cours\/\" \/>\n<meta property=\"og:site_name\" content=\"Ergotherapie-Verband\" \/>\n<meta property=\"article:modified_time\" content=\"2025-02-19T13:27:28+00:00\" \/>\n<meta name=\"twitter:card\" content=\"summary_large_image\" \/>\n<script type=\"application\/ld+json\" class=\"yoast-schema-graph\">{\"@context\":\"https:\/\/schema.org\",\"@graph\":[{\"@type\":\"WebPage\",\"@id\":\"https:\/\/ergotherapie.ch\/fr\/inscription-aux-cours\/\",\"url\":\"https:\/\/ergotherapie.ch\/fr\/inscription-aux-cours\/\",\"name\":\"Inscription aux cours - Ergotherapie-Verband\",\"isPartOf\":{\"@id\":\"https:\/\/ergotherapie.ch\/fr\/#website\"},\"datePublished\":\"2025-01-09T23:06:02+00:00\",\"dateModified\":\"2025-02-19T13:27:28+00:00\",\"breadcrumb\":{\"@id\":\"https:\/\/ergotherapie.ch\/fr\/inscription-aux-cours\/#breadcrumb\"},\"inLanguage\":\"fr-FR\",\"potentialAction\":[{\"@type\":\"ReadAction\",\"target\":[\"https:\/\/ergotherapie.ch\/fr\/inscription-aux-cours\/\"]}]},{\"@type\":\"BreadcrumbList\",\"@id\":\"https:\/\/ergotherapie.ch\/fr\/inscription-aux-cours\/#breadcrumb\",\"itemListElement\":[{\"@type\":\"ListItem\",\"position\":1,\"name\":\"Home\",\"item\":\"https:\/\/ergotherapie.ch\/fr\/\"},{\"@type\":\"ListItem\",\"position\":2,\"name\":\"Inscription aux cours\"}]},{\"@type\":\"WebSite\",\"@id\":\"https:\/\/ergotherapie.ch\/fr\/#website\",\"url\":\"https:\/\/ergotherapie.ch\/fr\/\",\"name\":\"Ergotherapie-Verband\",\"description\":\"\",\"potentialAction\":[{\"@type\":\"SearchAction\",\"target\":{\"@type\":\"EntryPoint\",\"urlTemplate\":\"https:\/\/ergotherapie.ch\/fr\/?s={search_term_string}\"},\"query-input\":{\"@type\":\"PropertyValueSpecification\",\"valueRequired\":true,\"valueName\":\"search_term_string\"}}],\"inLanguage\":\"fr-FR\"}]}<\/script>\n<!-- \/ Yoast SEO Premium plugin. -->","yoast_head_json":{"title":"Inscription aux cours - Ergotherapie-Verband","robots":{"index":"index","follow":"follow","max-snippet":"max-snippet:-1","max-image-preview":"max-image-preview:large","max-video-preview":"max-video-preview:-1"},"canonical":"https:\/\/ergotherapie.ch\/fr\/inscription-aux-cours\/","og_locale":"fr_FR","og_type":"article","og_title":"Inscription aux cours","og_url":"https:\/\/ergotherapie.ch\/fr\/inscription-aux-cours\/","og_site_name":"Ergotherapie-Verband","article_modified_time":"2025-02-19T13:27:28+00:00","twitter_card":"summary_large_image","schema":{"@context":"https:\/\/schema.org","@graph":[{"@type":"WebPage","@id":"https:\/\/ergotherapie.ch\/fr\/inscription-aux-cours\/","url":"https:\/\/ergotherapie.ch\/fr\/inscription-aux-cours\/","name":"Inscription aux cours - Ergotherapie-Verband","isPartOf":{"@id":"https:\/\/ergotherapie.ch\/fr\/#website"},"datePublished":"2025-01-09T23:06:02+00:00","dateModified":"2025-02-19T13:27:28+00:00","breadcrumb":{"@id":"https:\/\/ergotherapie.ch\/fr\/inscription-aux-cours\/#breadcrumb"},"inLanguage":"fr-FR","potentialAction":[{"@type":"ReadAction","target":["https:\/\/ergotherapie.ch\/fr\/inscription-aux-cours\/"]}]},{"@type":"BreadcrumbList","@id":"https:\/\/ergotherapie.ch\/fr\/inscription-aux-cours\/#breadcrumb","itemListElement":[{"@type":"ListItem","position":1,"name":"Home","item":"https:\/\/ergotherapie.ch\/fr\/"},{"@type":"ListItem","position":2,"name":"Inscription aux cours"}]},{"@type":"WebSite","@id":"https:\/\/ergotherapie.ch\/fr\/#website","url":"https:\/\/ergotherapie.ch\/fr\/","name":"Ergotherapie-Verband","description":"","potentialAction":[{"@type":"SearchAction","target":{"@type":"EntryPoint","urlTemplate":"https:\/\/ergotherapie.ch\/fr\/?s={search_term_string}"},"query-input":{"@type":"PropertyValueSpecification","valueRequired":true,"valueName":"search_term_string"}}],"inLanguage":"fr-FR"}]}},"_links":{"self":[{"href":"https:\/\/ergotherapie.ch\/fr\/wp-json\/wp\/v2\/pages\/7326","targetHints":{"allow":["GET"]}}],"collection":[{"href":"https:\/\/ergotherapie.ch\/fr\/wp-json\/wp\/v2\/pages"}],"about":[{"href":"https:\/\/ergotherapie.ch\/fr\/wp-json\/wp\/v2\/types\/page"}],"author":[{"embeddable":true,"href":"https:\/\/ergotherapie.ch\/fr\/wp-json\/wp\/v2\/users\/6"}],"replies":[{"embeddable":true,"href":"https:\/\/ergotherapie.ch\/fr\/wp-json\/wp\/v2\/comments?post=7326"}],"version-history":[{"count":2,"href":"https:\/\/ergotherapie.ch\/fr\/wp-json\/wp\/v2\/pages\/7326\/revisions"}],"predecessor-version":[{"id":8481,"href":"https:\/\/ergotherapie.ch\/fr\/wp-json\/wp\/v2\/pages\/7326\/revisions\/8481"}],"wp:attachment":[{"href":"https:\/\/ergotherapie.ch\/fr\/wp-json\/wp\/v2\/media?parent=7326"}],"curies":[{"name":"wp","href":"https:\/\/api.w.org\/{rel}","templated":true}]}}