{"id":8118,"date":"2025-02-10T13:10:23","date_gmt":"2025-02-10T13:10:23","guid":{"rendered":"https:\/\/dev.ergo.bertaeins.ch\/?page_id=8118"},"modified":"2025-04-06T20:48:25","modified_gmt":"2025-04-06T20:48:25","slug":"disclaimer","status":"publish","type":"page","link":"https:\/\/ergotherapie.ch\/fr\/disclaimer\/","title":{"rendered":"Conditions d\u2019utilisation"},"content":{"rendered":"<div id=\"hero-with-arc\">\n    <div class=\"container-fluid\">\n        <div class=\"hero-with-arc-art\">\n            <img decoding=\"async\" src=\"https:\/\/ergotherapie.ch\/wp-content\/themes\/ergo-theme\/assets\/images\/header_arc.svg\" alt=\"Arc\" \/>\n        <\/div>\n        <div class=\"hw-content\">\n            <div class=\"hw-content-editor-wrapper\">\n                <h1 id=\"p0\" class=\"title\"><!--StartFragment --><span class=\"cf0\">Conditions d\u2019utilisation<\/span><!--EndFragment --><\/h1>\n<p id=\"p1\" class=\"text\">Shop ASE: <a href=\"https:\/\/ergotherapie.ch\/wp-content\/uploads\/2025\/02\/EVS-Shop-AGB_f.pdf\" target=\"_blank\" rel=\"noopener\">Conditions g\u00e9n\u00e9rales de ventes (CGV)<\/a><br \/>\nCours ASE: <a href=\"https:\/\/ergotherapie.ch\/wp-content\/uploads\/2025\/02\/Teilnahmebedingungen_Kurse_d_f.pdf\" target=\"_blank\" rel=\"noopener\">Condition de participation<\/a><\/p>\n<p id=\"p2\" class=\"text\"><span class=\"bold\">Droit d\u2019auteur<\/span><br \/>\nLes contenus du site de l\u2019Association Suisse des ergoth\u00e9rapeutes sont prot\u00e9g\u00e9s par les droits d\u2019auteur. La reproduction compl\u00e8te ou partielle, la diffusion \u00e9lectronique ou par d\u2019autres moyens, la modification, l\u2019utilisation \u00e0 des buts commerciaux ou publics (en particulier l\u2019installation sur un site) n\u00e9cessitent l\u2019accord pr\u00e9alable de l\u2019Association Suisse des ergoth\u00e9rapeutes.<\/p>\n<p><span class=\"bold\">Limitation de responsabilit\u00e9<\/span><br \/>\nCe site a \u00e9t\u00e9 r\u00e9alis\u00e9 avec toutes les pr\u00e9cautions requises. L\u2019Association Suisse des ergoth\u00e9rapeutes ne peut toutefois pas garantir la pr\u00e9cision et la fiabilit\u00e9 des informations fournies par des tiers pour son site. L\u2019Association Suisse des ergoth\u00e9rapeutes se r\u00e9serve le droit de modifier en tout temps et sans pr\u00e9avis les informations mises \u00e0 disposition sur son site ou de les compl\u00e9ter. L\u2019Association Suisse des ergoth\u00e9rapeutes n\u2019est pas responsable des dommages directs ou indirects, m\u00eame pas en cas d\u2019imprudence ou de n\u00e9gligence, qui r\u00e9sultent de l\u2019acc\u00e8s, de la consultation ou de l\u2019utilisation de ce site ou d\u2019informations contenues sur d\u2019autres sites.<\/p>\n<p><span class=\"bold\">Liens<\/span><br \/>\nL\u2019Association Suisse des ergoth\u00e9rapeutes n\u2019a examin\u00e9 aucun des sites ayant un lien qui renvoie \u00e0 son site et elle n\u2019assume aucune responsabilit\u00e9 ni pour le contenu de ces sites ou d\u2019autres sites reli\u00e9s \u00e0 eux, ni pour les produits et prestations propos\u00e9s sur ces sites.<\/p>\n<p><span class=\"bold\">Trouver un-e ergoth\u00e9rapeute<\/span><br \/>\nPour la liste des cabinets d\u2019ergoth\u00e9rapie, le principe de l\u2019audod\u00e9claration est applicable. L\u2019ASE n\u2019est pas responsable des indications donn\u00e9es.<\/p>\n<p><span class=\"bold\">Utilisation de cookies<\/span><br \/>\nCe site web fait appel \u00e0 Google Analytics pour analyser la mani\u00e8re dont les personnes utilisent le site. Les r\u00e9sultats obtenus permettent d&rsquo;optimiser l&rsquo;exp\u00e9rience que font les <!--StartFragment --><span class=\"cf0\">visiteur\u00b7teuse<\/span><!--EndFragment --> du site et les avantages qu&rsquo;ils en tirent. Ce programme d&rsquo;analyse utilise des \u00abcookies\u00bb pour mieux recueillir les informations pertinentes. Ces informations sont transmises, avec l&rsquo;adresse IP, \u00e0 Google aux Etats-Unis qui \u00e9tablit les r\u00e9sultats. Les donn\u00e9es sont anonymis\u00e9es avant leur enregistrement effectif. En d&rsquo;autres termes: l&rsquo;adresse IP elle-m\u00eame n&rsquo;est pas enregistr\u00e9e. De m\u00eame, aucune information personnelle n&rsquo;est enregistr\u00e9e. Les r\u00e9sultats de ces analyses ne sont transmis \u00e0 aucun tiers et servent uniquement \u00e0 am\u00e9liorer notre site web.<\/p>\n<p><span class=\"bold\">Fonctions publicitaires Google impl\u00e9ment\u00e9es<\/span><br \/>\nNous utilisons sur cette page Web des produits Google pour la collecte de donn\u00e9es.<br \/>\nVous pouvez d\u00e9sactiver les fonctions d&rsquo;analyse publicitaire Google par les param\u00e8tres d&rsquo;affichage, les param\u00e8tres d&rsquo;affichage pour les applications mobiles, d&rsquo;autres options comme la d\u00e9sactivation de consommateurs NAI ou par\u00a0<a class=\"link target_blank\" href=\"https:\/\/tools.google.com\/dlpage\/gaoptout\/?hl=fr\" target=\"_blank\" rel=\"noopener\">Google-Browser-Add-on.<\/a><\/p>\n                            <\/div>\n        <\/div>\n    <\/div>\n<\/div>\n","protected":false},"excerpt":{"rendered":"","protected":false},"author":5,"featured_media":0,"parent":0,"menu_order":0,"comment_status":"closed","ping_status":"closed","template":"","meta":{"_acf_changed":false,"footnotes":""},"class_list":["post-8118","page","type-page","status-publish","hentry"],"acf":[],"yoast_head":"<!-- This site is optimized with the Yoast SEO Premium plugin v27.2 (Yoast SEO v27.2) - https:\/\/yoast.com\/product\/yoast-seo-premium-wordpress\/ -->\n<title>Conditions d\u2019utilisation - Ergotherapie-Verband<\/title>\n<meta name=\"robots\" content=\"index, follow, max-snippet:-1, max-image-preview:large, max-video-preview:-1\" \/>\n<link rel=\"canonical\" href=\"https:\/\/ergotherapie.ch\/fr\/disclaimer\/\" \/>\n<meta property=\"og:locale\" content=\"fr_FR\" \/>\n<meta property=\"og:type\" content=\"article\" \/>\n<meta property=\"og:title\" content=\"Conditions d\u2019utilisation\" \/>\n<meta property=\"og:url\" content=\"https:\/\/ergotherapie.ch\/fr\/disclaimer\/\" \/>\n<meta property=\"og:site_name\" content=\"Ergotherapie-Verband\" \/>\n<meta property=\"article:modified_time\" content=\"2025-04-06T20:48:25+00:00\" \/>\n<meta name=\"twitter:card\" content=\"summary_large_image\" \/>\n<script type=\"application\/ld+json\" class=\"yoast-schema-graph\">{\"@context\":\"https:\/\/schema.org\",\"@graph\":[{\"@type\":\"WebPage\",\"@id\":\"https:\/\/ergotherapie.ch\/fr\/disclaimer\/\",\"url\":\"https:\/\/ergotherapie.ch\/fr\/disclaimer\/\",\"name\":\"Conditions d\u2019utilisation - Ergotherapie-Verband\",\"isPartOf\":{\"@id\":\"https:\/\/ergotherapie.ch\/fr\/#website\"},\"datePublished\":\"2025-02-10T13:10:23+00:00\",\"dateModified\":\"2025-04-06T20:48:25+00:00\",\"breadcrumb\":{\"@id\":\"https:\/\/ergotherapie.ch\/fr\/disclaimer\/#breadcrumb\"},\"inLanguage\":\"fr-FR\",\"potentialAction\":[{\"@type\":\"ReadAction\",\"target\":[\"https:\/\/ergotherapie.ch\/fr\/disclaimer\/\"]}]},{\"@type\":\"BreadcrumbList\",\"@id\":\"https:\/\/ergotherapie.ch\/fr\/disclaimer\/#breadcrumb\",\"itemListElement\":[{\"@type\":\"ListItem\",\"position\":1,\"name\":\"Home\",\"item\":\"https:\/\/ergotherapie.ch\/fr\/\"},{\"@type\":\"ListItem\",\"position\":2,\"name\":\"Conditions d\u2019utilisation\"}]},{\"@type\":\"WebSite\",\"@id\":\"https:\/\/ergotherapie.ch\/fr\/#website\",\"url\":\"https:\/\/ergotherapie.ch\/fr\/\",\"name\":\"Ergotherapie-Verband\",\"description\":\"\",\"potentialAction\":[{\"@type\":\"SearchAction\",\"target\":{\"@type\":\"EntryPoint\",\"urlTemplate\":\"https:\/\/ergotherapie.ch\/fr\/?s={search_term_string}\"},\"query-input\":{\"@type\":\"PropertyValueSpecification\",\"valueRequired\":true,\"valueName\":\"search_term_string\"}}],\"inLanguage\":\"fr-FR\"}]}<\/script>\n<!-- \/ Yoast SEO Premium plugin. -->","yoast_head_json":{"title":"Conditions d\u2019utilisation - Ergotherapie-Verband","robots":{"index":"index","follow":"follow","max-snippet":"max-snippet:-1","max-image-preview":"max-image-preview:large","max-video-preview":"max-video-preview:-1"},"canonical":"https:\/\/ergotherapie.ch\/fr\/disclaimer\/","og_locale":"fr_FR","og_type":"article","og_title":"Conditions d\u2019utilisation","og_url":"https:\/\/ergotherapie.ch\/fr\/disclaimer\/","og_site_name":"Ergotherapie-Verband","article_modified_time":"2025-04-06T20:48:25+00:00","twitter_card":"summary_large_image","schema":{"@context":"https:\/\/schema.org","@graph":[{"@type":"WebPage","@id":"https:\/\/ergotherapie.ch\/fr\/disclaimer\/","url":"https:\/\/ergotherapie.ch\/fr\/disclaimer\/","name":"Conditions d\u2019utilisation - Ergotherapie-Verband","isPartOf":{"@id":"https:\/\/ergotherapie.ch\/fr\/#website"},"datePublished":"2025-02-10T13:10:23+00:00","dateModified":"2025-04-06T20:48:25+00:00","breadcrumb":{"@id":"https:\/\/ergotherapie.ch\/fr\/disclaimer\/#breadcrumb"},"inLanguage":"fr-FR","potentialAction":[{"@type":"ReadAction","target":["https:\/\/ergotherapie.ch\/fr\/disclaimer\/"]}]},{"@type":"BreadcrumbList","@id":"https:\/\/ergotherapie.ch\/fr\/disclaimer\/#breadcrumb","itemListElement":[{"@type":"ListItem","position":1,"name":"Home","item":"https:\/\/ergotherapie.ch\/fr\/"},{"@type":"ListItem","position":2,"name":"Conditions d\u2019utilisation"}]},{"@type":"WebSite","@id":"https:\/\/ergotherapie.ch\/fr\/#website","url":"https:\/\/ergotherapie.ch\/fr\/","name":"Ergotherapie-Verband","description":"","potentialAction":[{"@type":"SearchAction","target":{"@type":"EntryPoint","urlTemplate":"https:\/\/ergotherapie.ch\/fr\/?s={search_term_string}"},"query-input":{"@type":"PropertyValueSpecification","valueRequired":true,"valueName":"search_term_string"}}],"inLanguage":"fr-FR"}]}},"_links":{"self":[{"href":"https:\/\/ergotherapie.ch\/fr\/wp-json\/wp\/v2\/pages\/8118","targetHints":{"allow":["GET"]}}],"collection":[{"href":"https:\/\/ergotherapie.ch\/fr\/wp-json\/wp\/v2\/pages"}],"about":[{"href":"https:\/\/ergotherapie.ch\/fr\/wp-json\/wp\/v2\/types\/page"}],"author":[{"embeddable":true,"href":"https:\/\/ergotherapie.ch\/fr\/wp-json\/wp\/v2\/users\/5"}],"replies":[{"embeddable":true,"href":"https:\/\/ergotherapie.ch\/fr\/wp-json\/wp\/v2\/comments?post=8118"}],"version-history":[{"count":4,"href":"https:\/\/ergotherapie.ch\/fr\/wp-json\/wp\/v2\/pages\/8118\/revisions"}],"predecessor-version":[{"id":11080,"href":"https:\/\/ergotherapie.ch\/fr\/wp-json\/wp\/v2\/pages\/8118\/revisions\/11080"}],"wp:attachment":[{"href":"https:\/\/ergotherapie.ch\/fr\/wp-json\/wp\/v2\/media?parent=8118"}],"curies":[{"name":"wp","href":"https:\/\/api.w.org\/{rel}","templated":true}]}}