{"id":8504,"date":"2025-02-11T14:50:08","date_gmt":"2025-02-11T12:50:08","guid":{"rendered":"https:\/\/dev.ergo.bertaeins.ch\/?page_id=8504"},"modified":"2025-04-16T13:27:22","modified_gmt":"2025-04-16T11:27:22","slug":"demande-dadhesion-a-levs-institutions","status":"publish","type":"page","link":"https:\/\/ergotherapie.ch\/fr\/demande-dadhesion-a-levs-institutions\/","title":{"rendered":"Demande d&rsquo;adh\u00e9sion \u00e0 l&rsquo;ASE (institutions)"},"content":{"rendered":"<div id=\"hero-with-arc\">\n    <div class=\"container-fluid\">\n        <div class=\"hero-with-arc-art\">\n            <img decoding=\"async\" src=\"https:\/\/ergotherapie.ch\/wp-content\/themes\/ergo-theme\/assets\/images\/header_arc.svg\" alt=\"Arc\" \/>\n        <\/div>\n        <div class=\"hw-content\">\n            <div class=\"hw-content-editor-wrapper\">\n                <h1>Demande d&rsquo;adh\u00e9sion \u00e0 l&rsquo;ASE (institutions)<\/h1>\n                            <\/div>\n        <\/div>\n    <\/div>\n<\/div>\n\n\n<div         class=\"wysiwyg padding-none  \">\n    <div class=\"container-fluid\">\n        <div class=\"wysiwyg-inner-container\">\n            <div class=\"frm_forms  with_frm_style frm_style_formidable-style\" id=\"frm_form_12_container\" data-token=\"6c0d14a7dd3d3b60d1d7d3c81dc4e2e9\">\n<form enctype=\"multipart\/form-data\" method=\"post\" class=\"frm-show-form  frm_pro_form \" id=\"form_antrag-evs-institutionen2\" data-token=\"6c0d14a7dd3d3b60d1d7d3c81dc4e2e9\">\n<div class=\"frm_form_fields \">\n<fieldset>\n<legend class=\"frm_screen_reader\">Antrag EVS-Institutionen FR<\/legend>\r\n\r\n<div class=\"frm_fields_container\">\n<input type=\"hidden\" name=\"frm_action\" value=\"create\" \/>\n<input type=\"hidden\" name=\"form_id\" value=\"12\" \/>\n<input type=\"hidden\" name=\"frm_hide_fields_12\" id=\"frm_hide_fields_12\" value=\"\" \/>\n<input type=\"hidden\" name=\"form_key\" value=\"antrag-evs-institutionen2\" \/>\n<input type=\"hidden\" name=\"item_meta[0]\" value=\"\" \/>\n<input type=\"hidden\" id=\"frm_submit_entry_12\" name=\"frm_submit_entry_12\" value=\"dbc0ff12fa\" \/><input type=\"hidden\" name=\"_wp_http_referer\" value=\"\/fr\/wp-json\/wp\/v2\/pages\/8504\" \/><div id=\"frm_field_211_container\" class=\"frm_form_field frm_section_heading form-field \">\r\n<h3 class=\"frm_pos_top frm_section_spacing\">Membre passif (F) Institution\/entreprise\/association<\/h3>\r\n\r\n\r\n<div id=\"frm_field_212_container\" class=\"frm_form_field form-field  frm_required_field frm_top_container\">\r\n\t<label for=\"field_4la8n2\" id=\"field_4la8n2_label\" class=\"frm_primary_label\">Nom complet\r\n\t\t<span class=\"frm_required\" aria-hidden=\"true\">*<\/span>\r\n\t<\/label>\r\n\t<input  type=\"text\" id=\"field_4la8n2\" name=\"item_meta[212]\" value=\"\"  data-sectionid=\"211\"  data-reqmsg=\"Nom complet ne doit pas \u00eatre vide.\" aria-required=\"true\" data-invmsg=\"Nom complet ist ung\u00fcltig\" aria-invalid=\"false\"   \/>\r\n\t\r\n\t\r\n<\/div>\n<div id=\"frm_field_213_container\" class=\"frm_form_field form-field  frm_required_field frm_top_container\">\r\n\t<label for=\"field_xe1gr2\" id=\"field_xe1gr2_label\" class=\"frm_primary_label\">Adresse\r\n\t\t<span class=\"frm_required\" aria-hidden=\"true\">*<\/span>\r\n\t<\/label>\r\n\t<input  type=\"text\" id=\"field_xe1gr2\" name=\"item_meta[213]\" value=\"\"  data-sectionid=\"211\"  data-reqmsg=\"Adresse ne doit pas \u00eatre vide.\" aria-required=\"true\" data-invmsg=\"Adresse ist ung\u00fcltig\" aria-invalid=\"false\"   \/>\r\n\t\r\n\t\r\n<\/div>\n<div id=\"frm_field_214_container\" class=\"frm_form_field form-field  frm_required_field frm_top_container\">\r\n\t<label for=\"field_106hz2\" id=\"field_106hz2_label\" class=\"frm_primary_label\">CODE POSTAL\r\n\t\t<span class=\"frm_required\" aria-hidden=\"true\">*<\/span>\r\n\t<\/label>\r\n\t<input type=\"number\" id=\"field_106hz2\" name=\"item_meta[214]\" value=\"\" data-sectionid=\"211\"  data-reqmsg=\"CODE POSTAL ne doit pas \u00eatre vide.\" aria-required=\"true\" data-invmsg=\"CODE POSTAL est dans un format non valide.\" aria-invalid=\"false\"   min=\"0\" max=\"9999999\" step=\"any\" \/>\r\n\t\r\n\t\r\n<\/div>\n<div id=\"frm_field_215_container\" class=\"frm_form_field form-field  frm_required_field frm_top_container\">\r\n\t<label for=\"field_r9b052\" id=\"field_r9b052_label\" class=\"frm_primary_label\">Lieu\r\n\t\t<span class=\"frm_required\" aria-hidden=\"true\">*<\/span>\r\n\t<\/label>\r\n\t<input  type=\"text\" id=\"field_r9b052\" name=\"item_meta[215]\" value=\"\"  data-sectionid=\"211\"  data-reqmsg=\"Lieu ne doit pas \u00eatre vide.\" aria-required=\"true\" data-invmsg=\"Lieu ist ung\u00fcltig\" aria-invalid=\"false\"   \/>\r\n\t\r\n\t\r\n<\/div>\n<div id=\"frm_field_216_container\" class=\"frm_form_field form-field  frm_required_field frm_top_container\">\r\n\t<label for=\"field_i6hwc2\" id=\"field_i6hwc2_label\" class=\"frm_primary_label\">T\u00e9l\u00e9phone\r\n\t\t<span class=\"frm_required\" aria-hidden=\"true\">*<\/span>\r\n\t<\/label>\r\n\t<input type=\"tel\" id=\"field_i6hwc2\" name=\"item_meta[216]\" value=\"\"  data-sectionid=\"211\"  data-reqmsg=\"T\u00e9l\u00e9phone ne doit pas \u00eatre vide.\" aria-required=\"true\" data-invmsg=\"T\u00e9l\u00e9phone est dans un format non valide.\" aria-invalid=\"false\" pattern=\"((\\+\\d{1,3}(-|.| )?\\(?\\d\\)?(-| |.)?\\d{1,5})|(\\(?\\d{2,6}\\)?))(-|.| )?(\\d{3,4})(-|.| )?(\\d{4})(( x| ext)\\d{1,5}){0,1}$\"  \/>\r\n\t\r\n\t\r\n<\/div>\n<div id=\"frm_field_217_container\" class=\"frm_form_field form-field  frm_required_field frm_top_container\">\r\n\t<label for=\"field_djw332\" id=\"field_djw332_label\" class=\"frm_primary_label\">E-Mail\r\n\t\t<span class=\"frm_required\" aria-hidden=\"true\">*<\/span>\r\n\t<\/label>\r\n\t<input type=\"email\" id=\"field_djw332\" name=\"item_meta[217]\" value=\"\"  data-sectionid=\"211\"  autocomplete=\"email\"  data-reqmsg=\"E-Mail ne doit pas \u00eatre vide.\" aria-required=\"true\" data-invmsg=\"E-Mail est dans un format non valide.\" aria-invalid=\"false\"  \/>\r\n\t\r\n\t\r\n<\/div>\n<div id=\"frm_field_218_container\" class=\"frm_form_field form-field  frm_top_container\">\r\n\t<label for=\"field_mx6q32\" id=\"field_mx6q32_label\" class=\"frm_primary_label\">Site web\/URL\r\n\t\t<span class=\"frm_required\" aria-hidden=\"true\"><\/span>\r\n\t<\/label>\r\n\t<input type=\"url\" id=\"field_mx6q32\" name=\"item_meta[218]\" value=\"\"  data-sectionid=\"211\"  data-invmsg=\"Site web\/URL est dans un format non valide.\" aria-invalid=\"false\"  \/>\r\n\t\r\n\t\r\n<\/div>\n<\/div>\n<div id=\"frm_field_220_container\" class=\"frm_form_field frm_section_heading form-field  frm12 frm_first\">\r\n<h3 class=\"frm_pos_top frm_section_spacing\">Personne de contact<\/h3>\r\n\r\n\r\n<div id=\"frm_field_221_container\" class=\"frm_form_field form-field  frm_required_field frm_top_container\">\r\n\t<label for=\"field_m68qw3\" id=\"field_m68qw3_label\" class=\"frm_primary_label\">Titre\r\n\t\t<span class=\"frm_required\" aria-hidden=\"true\">*<\/span>\r\n\t<\/label>\r\n\t\t\t<select name=\"item_meta[221]\" id=\"field_m68qw3\"  data-sectionid=\"220\"  data-reqmsg=\"Titre ne doit pas \u00eatre vide.\" aria-required=\"true\" data-invmsg=\"Titre ist ung\u00fcltig\" aria-invalid=\"false\"  >\n\t\t<option  value=\"Madame\">Madame<\/option><option  value=\"Monsieur\">Monsieur<\/option><option  value=\"Pas d&#039;indication\">Pas d&#039;indication<\/option>\t<\/select>\n\t\r\n\t\r\n\t\r\n<\/div>\n<div id=\"frm_field_222_container\" class=\"frm_form_field form-field  frm_required_field frm_top_container\">\r\n\t<label for=\"field_70ld03\" id=\"field_70ld03_label\" class=\"frm_primary_label\">Nom\r\n\t\t<span class=\"frm_required\" aria-hidden=\"true\">*<\/span>\r\n\t<\/label>\r\n\t<input  type=\"text\" id=\"field_70ld03\" name=\"item_meta[222]\" value=\"\"  data-sectionid=\"220\"  data-reqmsg=\"Nom ne doit pas \u00eatre vide.\" aria-required=\"true\" data-invmsg=\"Nom ist ung\u00fcltig\" aria-invalid=\"false\"   \/>\r\n\t\r\n\t\r\n<\/div>\n<div id=\"frm_field_223_container\" class=\"frm_form_field form-field  frm_required_field frm_top_container frm12 frm_first\">\r\n\t<label for=\"field_15hr33\" id=\"field_15hr33_label\" class=\"frm_primary_label\">Pr\u00e9nom\r\n\t\t<span class=\"frm_required\" aria-hidden=\"true\">*<\/span>\r\n\t<\/label>\r\n\t<input  type=\"text\" id=\"field_15hr33\" name=\"item_meta[223]\" value=\"\"  data-sectionid=\"220\"  data-reqmsg=\"Pr\u00e9nom ne doit pas \u00eatre vide.\" aria-required=\"true\" data-invmsg=\"Pr\u00e9nom ist ung\u00fcltig\" aria-invalid=\"false\"   \/>\r\n\t\r\n\t\r\n<\/div>\n<div id=\"frm_field_224_container\" class=\"frm_form_field form-field  frm_required_field frm_top_container\">\r\n\t<label for=\"field_q3pnp2\" id=\"field_q3pnp2_label\" class=\"frm_primary_label\">Function\r\n\t\t<span class=\"frm_required\" aria-hidden=\"true\">*<\/span>\r\n\t<\/label>\r\n\t<input  type=\"text\" id=\"field_q3pnp2\" name=\"item_meta[224]\" value=\"\"  data-sectionid=\"220\"  data-reqmsg=\"Function ne doit pas \u00eatre vide.\" aria-required=\"true\" data-invmsg=\"Function ist ung\u00fcltig\" aria-invalid=\"false\"   \/>\r\n\t\r\n\t\r\n<\/div>\n<div id=\"frm_field_225_container\" class=\"frm_form_field form-field  frm_required_field frm_top_container\">\r\n\t<label for=\"field_vgfz42\" id=\"field_vgfz42_label\" class=\"frm_primary_label\">T\u00e9l\u00e9phone (direct)\r\n\t\t<span class=\"frm_required\" aria-hidden=\"true\">*<\/span>\r\n\t<\/label>\r\n\t<input type=\"tel\" id=\"field_vgfz42\" name=\"item_meta[225]\" value=\"\"  data-sectionid=\"220\"  data-reqmsg=\"T\u00e9l\u00e9phone (direct) ne doit pas \u00eatre vide.\" aria-required=\"true\" data-invmsg=\"T\u00e9l\u00e9phone (direct) est dans un format non valide.\" aria-invalid=\"false\" pattern=\"((\\+\\d{1,3}(-|.| )?\\(?\\d\\)?(-| |.)?\\d{1,5})|(\\(?\\d{2,6}\\)?))(-|.| )?(\\d{3,4})(-|.| )?(\\d{4})(( x| ext)\\d{1,5}){0,1}$\"  \/>\r\n\t\r\n\t\r\n<\/div>\n<\/div>\n<div id=\"frm_field_227_container\" class=\"frm_form_field frm_section_heading form-field \">\r\n<h3 class=\"frm_pos_top frm_section_spacing\">Adh\u00e9sion \u00e0 la cat\u00e9gorie\/section\/langue<\/h3>\r\n\r\n\r\n<div id=\"frm_field_574_container\" class=\"frm_form_field form-field  frm_top_container\">\r\n\t<label for=\"field_urtd1\" id=\"field_urtd1_label\" class=\"frm_primary_label\">Cat\u00e9gorie\r\n\t\t<span class=\"frm_required\" aria-hidden=\"true\"><\/span>\r\n\t<\/label>\r\n\t\t\t<select name=\"item_meta[574]\" id=\"field_urtd1\"  data-sectionid=\"227\"  data-frmval=\"F1\" data-invmsg=\"Cat\u00e9gorie ist ung\u00fcltig\" aria-invalid=\"false\"  >\n\t\t<option  value=\"F1\" selected='selected'>F1<\/option><option  value=\"F2\">F2<\/option>\t<\/select>\n\t\r\n\t\r\n\t\r\n<\/div>\n<div id=\"frm_field_228_container\" class=\"frm_form_field form-field  frm_required_field frm_top_container\">\r\n\t<label for=\"field_oy21w3\" id=\"field_oy21w3_label\" class=\"frm_primary_label\">Langue de correspondance\r\n\t\t<span class=\"frm_required\" aria-hidden=\"true\">*<\/span>\r\n\t<\/label>\r\n\t\t\t<select name=\"item_meta[228]\" id=\"field_oy21w3\"  data-sectionid=\"227\"  data-frmval=\"Fran\u00e7ais\" data-reqmsg=\"Langue de correspondance ne doit pas \u00eatre vide.\" aria-required=\"true\" data-invmsg=\"Langue de correspondance ist ung\u00fcltig\" aria-invalid=\"false\"  >\n\t\t<option  value=\"Fran\u00e7ais\" selected='selected'>Fran\u00e7ais<\/option><option  value=\"Allemand\">Allemand<\/option>\t<\/select>\n\t\r\n\t\r\n\t\r\n<\/div>\n<div id=\"frm_field_229_container\" class=\"frm_form_field form-field  frm_required_field frm_top_container\">\r\n\t<label for=\"field_b6j8q3\" id=\"field_b6j8q3_label\" class=\"frm_primary_label\">Adh\u00e9sion \u00e0 la section\r\n\t\t<span class=\"frm_required\" aria-hidden=\"true\">*<\/span>\r\n\t<\/label>\r\n\t\t\t<select name=\"item_meta[229]\" id=\"field_b6j8q3\"  data-sectionid=\"227\"  data-frmval=\"Argovie (AG)\" data-reqmsg=\"Adh\u00e9sion \u00e0 la section ne doit pas \u00eatre vide.\" aria-required=\"true\" data-invmsg=\"Adh\u00e9sion \u00e0 la section ist ung\u00fcltig\" aria-invalid=\"false\"  >\n\t\t<option  value=\"Argovie (AG)\" selected='selected'>Argovie (AG)<\/option><option  value=\"Berne\/Soleure (BE, SO)\">Berne\/Soleure (BE, SO)<\/option><option  value=\"R\u00e9gion de B\u00e2le (BS, BL)\">R\u00e9gion de B\u00e2le (BS, BL)<\/option><option  value=\"Freiburg\/Fribourg (FR)\">Freiburg\/Fribourg (FR)<\/option><option  value=\"Genf\/Gen\u00e8ve (GE)\">Genf\/Gen\u00e8ve (GE)<\/option><option  value=\"Graub\u00fcnden\/Glarus (GR, GL)\">Graub\u00fcnden\/Glarus (GR, GL)<\/option><option  value=\"Jura-Jura Bernois (JU, BE)\">Jura-Jura Bernois (JU, BE)<\/option><option  value=\"Neuenburg\/Neuch\u00e2tel (NE)\">Neuenburg\/Neuch\u00e2tel (NE)<\/option><option  value=\"Ostschweiz (SG, AI, AR, TG)\">Ostschweiz (SG, AI, AR, TG)<\/option><option  value=\"Waadt\/Vaud (VD)\">Waadt\/Vaud (VD)<\/option><option  value=\"Wallis\/Valais (VS)\">Wallis\/Valais (VS)<\/option><option  value=\"Tessin\/Ticino (TI)\">Tessin\/Ticino (TI)<\/option><option  value=\"Zentralschweiz (ZG, SZ, LU, UR, OW, NW)\">Zentralschweiz (ZG, SZ, LU, UR, OW, NW)<\/option><option  value=\"Z\u00fcrich\/Schaffhausen (ZH, SH)\">Z\u00fcrich\/Schaffhausen (ZH, SH)<\/option>\t<\/select>\n\t\r\n\t\r\n\t\r\n<\/div>\n<\/div>\n<div id=\"frm_field_231_container\" class=\"frm_form_field frm_section_heading form-field \">\r\n<h3 class=\"frm_pos_top\">Taxe annuelle<\/h3>\r\n<div id=\"frm_desc_field_nkktf2\" class=\"frm_description frm_section_spacing\">La taxe annuelle est de CHF 480.00 ou CHF 580.00<\/div>\r\n\r\n<\/div>\n<div id=\"frm_field_233_container\" class=\"frm_form_field frm_section_heading form-field \">\r\n<h3 class=\"frm_pos_top frm_section_spacing\">Documents<\/h3>\r\n\r\n\r\n<div id=\"frm_field_234_container\" class=\"frm_form_field form-field  frm_top_container\">\r\n\t<label for=\"field_jcpn63\" id=\"field_jcpn63_label\" class=\"frm_primary_label\">Statuts\/rapport annuel\r\n\t\t<span class=\"frm_required\" aria-hidden=\"true\"><\/span>\r\n\t<\/label>\r\n\t<input type=\"hidden\"  data-sectionid=\"233\"  data-invmsg=\"Statuts\/rapport annuel est dans un format non valide.\" class=\"auto_width\" aria-invalid=\"false\"   name=\"item_meta[234][]\"  value=\"\" data-frmfile=\"234\" \/>\n\n<div class=\"frm_dropzone frm_multi_upload frm_clearfix\" id=\"file234_dropzone\" role=\"group\" >\n\t<div class=\"fallback\">\n\t\t<input type=\"file\" name=\"file234[]\" id=\"field_jcpn63\"\n\t\t\t data-frmfile=\"234\" multiple=\"multiple\"  data-sectionid=\"233\"  data-invmsg=\"Statuts\/rapport annuel est dans un format non valide.\" class=\"auto_width\" aria-invalid=\"false\"  \t\t\t\/>\n\t\t\t\t<div class=\"frm_clearfix \"><\/div>\n\t<\/div>\n\t<div class=\"dz-message needsclick\">\n\t\t\t\t<svg  viewBox=\"0 0 18 18\" class=\"frmsvg frm-svg-icon\">\n\t<path viewBox=\"0 0 18 18\" fill-rule=\"evenodd\" clip-rule=\"evenodd\" d=\"M8.2 4v8a.8.8 0 001.5 0V4l2.1 2.2A.7.7 0 1013 5L9.5 1.7a.7.7 0 00-1.1 0L5.1 5.2a.8.8 0 001 1l2.1-2zm7.6 4.3c.4 0 .7.3.7.7v6.8c0 .4-.3.7-.8.7H2.3a.8.8 0 01-.8-.8V9A.8.8 0 013 9v6h12V9c0-.4.3-.8.8-.8z\"><\/path>\n<\/svg>\t\t<span class=\"frm_upload_text\"><button type=\"button\" aria-label=\"Statuts\/rapport annuel. D\u00e9poser le fichier ici. Taille de fichier maximale\u00a0: 33.55MB\">D\u00e9poser le fichier ici<\/button><\/span>\n\t\t<span class=\"frm_compact_text\"><button type=\"button\" aria-label=\"Statuts\/rapport annuel. S\u00e9lectionner un fichier. Taille de fichier maximale\u00a0: 33.55MB\">S\u00e9lectionner un fichier<\/button><\/span>\n\t\t<div class=\"frm_small_text\">\n\t\t\t<p>Taille de fichier maximale\u00a0: 33.55MB<\/p>\n\t\t<\/div>\n\t<\/div>\n<\/div>\n\t\r\n\t\r\n\t\r\n<\/div>\n<div id=\"frm_field_235_container\" class=\"frm_form_field form-field  frm_top_container\">\r\n\t<label for=\"field_51p113\" id=\"field_51p113_label\" class=\"frm_primary_label\">ou extrait du registre du commerce\r\n\t\t<span class=\"frm_required\" aria-hidden=\"true\"><\/span>\r\n\t<\/label>\r\n\t<input type=\"hidden\"  data-sectionid=\"233\"  data-invmsg=\"ou extrait du registre du commerce est dans un format non valide.\" class=\"auto_width\" aria-invalid=\"false\"   name=\"item_meta[235][]\"  value=\"\" data-frmfile=\"235\" \/>\n\n<div class=\"frm_dropzone frm_multi_upload frm_clearfix\" id=\"file235_dropzone\" role=\"group\" >\n\t<div class=\"fallback\">\n\t\t<input type=\"file\" name=\"file235[]\" id=\"field_51p113\"\n\t\t\t data-frmfile=\"235\" multiple=\"multiple\"  data-sectionid=\"233\"  data-invmsg=\"ou extrait du registre du commerce est dans un format non valide.\" class=\"auto_width\" aria-invalid=\"false\"  \t\t\t\/>\n\t\t\t\t<div class=\"frm_clearfix \"><\/div>\n\t<\/div>\n\t<div class=\"dz-message needsclick\">\n\t\t\t\t<svg  viewBox=\"0 0 18 18\" class=\"frmsvg frm-svg-icon\">\n\t<path viewBox=\"0 0 18 18\" fill-rule=\"evenodd\" clip-rule=\"evenodd\" d=\"M8.2 4v8a.8.8 0 001.5 0V4l2.1 2.2A.7.7 0 1013 5L9.5 1.7a.7.7 0 00-1.1 0L5.1 5.2a.8.8 0 001 1l2.1-2zm7.6 4.3c.4 0 .7.3.7.7v6.8c0 .4-.3.7-.8.7H2.3a.8.8 0 01-.8-.8V9A.8.8 0 013 9v6h12V9c0-.4.3-.8.8-.8z\"><\/path>\n<\/svg>\t\t<span class=\"frm_upload_text\"><button type=\"button\" aria-label=\"ou extrait du registre du commerce. D\u00e9poser le fichier ici. Taille de fichier maximale\u00a0: 33.55MB\">D\u00e9poser le fichier ici<\/button><\/span>\n\t\t<span class=\"frm_compact_text\"><button type=\"button\" aria-label=\"ou extrait du registre du commerce. S\u00e9lectionner un fichier. Taille de fichier maximale\u00a0: 33.55MB\">S\u00e9lectionner un fichier<\/button><\/span>\n\t\t<div class=\"frm_small_text\">\n\t\t\t<p>Taille de fichier maximale\u00a0: 33.55MB<\/p>\n\t\t<\/div>\n\t<\/div>\n<\/div>\n\t\r\n\t\r\n\t\r\n<\/div>\n<\/div>\n<div id=\"frm_field_394_container\" class=\"frm_form_field form-field  frm_none_container\">\r\n\t<label for=\"g-recaptcha-response\" id=\"field_y0864_label\" class=\"frm_primary_label\">Captcha\r\n\t\t<span class=\"frm_required\" aria-hidden=\"true\"><\/span>\r\n\t<\/label>\r\n\t<div  id=\"field_y0864\" class=\"frm-g-recaptcha\" data-sitekey=\"6LesWA4rAAAAABYOfdjArOatHdyKs-rKyRrj3AQB\" data-size=\"invisible\" data-theme=\"light\"><\/div>\r\n\t\r\n\t\r\n<\/div>\n<div id=\"frm_field_237_container\" class=\"frm_form_field form-field \">\r\n\t<div class=\"frm_submit frm_flex\">\r\n<button class=\"frm_button_submit frm_final_submit\" type=\"submit\"   formnovalidate=\"formnovalidate\">Envoyer<\/button>\r\n\r\n\r\n\r\n<\/div>\r\n<\/div>\n\t<input type=\"hidden\" name=\"item_key\" value=\"\" \/>\n\t\t\t<div id=\"frm_field_645_container\">\n\t\t\t<label for=\"field_2axpn\" >\n\t\t\t\tSi vous \u00eates un humain, ne remplissez pas ce champ.\t\t\t<\/label>\n\t\t\t<input  id=\"field_2axpn\" type=\"text\" class=\"frm_form_field form-field frm_verify\" name=\"item_meta[645]\" value=\"\"  \/>\n\t\t<\/div>\n\t\t<input name=\"frm_state\" type=\"hidden\" value=\"ftUEDtpgBw7uYNHCOurAqqA5sLJalvltOo74kud4X7TW5Yls2MJOrTSsP6KVx71i\" \/><\/div>\n<\/fieldset>\n<\/div>\n\n<\/form>\n<\/div>\n\n<p>Le comit\u00e9 central de l&rsquo;ASE d\u00e9cide de l&rsquo;adh\u00e9sion \u00e0 l&rsquo;association.<\/p>\n<p>Nous vous remercions pour votre demande d&rsquo;adh\u00e9sion. Vous recevrez une confirmation de r\u00e9ception par e-mail dans les 2 \u00e0 3 jours. Si vous ne recevez pas de mail, veuillez imp\u00e9rativement nous contacter par t\u00e9l\u00e9phone.<\/p>\n<div><\/div>\n        <\/div>\n    <\/div>\n<\/div>\n","protected":false},"excerpt":{"rendered":"","protected":false},"author":6,"featured_media":0,"parent":0,"menu_order":0,"comment_status":"closed","ping_status":"closed","template":"","meta":{"_acf_changed":false,"footnotes":""},"class_list":["post-8504","page","type-page","status-publish","hentry"],"acf":[],"yoast_head":"<!-- This site is optimized with the Yoast SEO Premium plugin v27.2 (Yoast SEO v27.2) - https:\/\/yoast.com\/product\/yoast-seo-premium-wordpress\/ -->\n<title>Demande d&#039;adh\u00e9sion \u00e0 l&#039;ASE (institutions) - Ergotherapie-Verband<\/title>\n<meta name=\"robots\" content=\"index, follow, max-snippet:-1, max-image-preview:large, max-video-preview:-1\" \/>\n<link rel=\"canonical\" href=\"https:\/\/ergotherapie.ch\/fr\/demande-dadhesion-a-levs-institutions\/\" \/>\n<meta property=\"og:locale\" content=\"fr_FR\" \/>\n<meta property=\"og:type\" content=\"article\" \/>\n<meta property=\"og:title\" content=\"Demande d&#039;adh\u00e9sion \u00e0 l&#039;ASE (institutions)\" \/>\n<meta property=\"og:url\" content=\"https:\/\/ergotherapie.ch\/fr\/demande-dadhesion-a-levs-institutions\/\" \/>\n<meta property=\"og:site_name\" content=\"Ergotherapie-Verband\" \/>\n<meta property=\"article:modified_time\" content=\"2025-04-16T11:27:22+00:00\" \/>\n<meta name=\"twitter:card\" content=\"summary_large_image\" \/>\n<script type=\"application\/ld+json\" class=\"yoast-schema-graph\">{\"@context\":\"https:\/\/schema.org\",\"@graph\":[{\"@type\":\"WebPage\",\"@id\":\"https:\/\/ergotherapie.ch\/fr\/demande-dadhesion-a-levs-institutions\/\",\"url\":\"https:\/\/ergotherapie.ch\/fr\/demande-dadhesion-a-levs-institutions\/\",\"name\":\"Demande d'adh\u00e9sion \u00e0 l'ASE (institutions) - Ergotherapie-Verband\",\"isPartOf\":{\"@id\":\"https:\/\/ergotherapie.ch\/fr\/#website\"},\"datePublished\":\"2025-02-11T12:50:08+00:00\",\"dateModified\":\"2025-04-16T11:27:22+00:00\",\"breadcrumb\":{\"@id\":\"https:\/\/ergotherapie.ch\/fr\/demande-dadhesion-a-levs-institutions\/#breadcrumb\"},\"inLanguage\":\"fr-FR\",\"potentialAction\":[{\"@type\":\"ReadAction\",\"target\":[\"https:\/\/ergotherapie.ch\/fr\/demande-dadhesion-a-levs-institutions\/\"]}]},{\"@type\":\"BreadcrumbList\",\"@id\":\"https:\/\/ergotherapie.ch\/fr\/demande-dadhesion-a-levs-institutions\/#breadcrumb\",\"itemListElement\":[{\"@type\":\"ListItem\",\"position\":1,\"name\":\"Home\",\"item\":\"https:\/\/ergotherapie.ch\/fr\/\"},{\"@type\":\"ListItem\",\"position\":2,\"name\":\"Demande d&#8217;adh\u00e9sion \u00e0 l&#8217;ASE (institutions)\"}]},{\"@type\":\"WebSite\",\"@id\":\"https:\/\/ergotherapie.ch\/fr\/#website\",\"url\":\"https:\/\/ergotherapie.ch\/fr\/\",\"name\":\"Ergotherapie-Verband\",\"description\":\"\",\"potentialAction\":[{\"@type\":\"SearchAction\",\"target\":{\"@type\":\"EntryPoint\",\"urlTemplate\":\"https:\/\/ergotherapie.ch\/fr\/?s={search_term_string}\"},\"query-input\":{\"@type\":\"PropertyValueSpecification\",\"valueRequired\":true,\"valueName\":\"search_term_string\"}}],\"inLanguage\":\"fr-FR\"}]}<\/script>\n<!-- \/ Yoast SEO Premium plugin. -->","yoast_head_json":{"title":"Demande d'adh\u00e9sion \u00e0 l'ASE (institutions) - Ergotherapie-Verband","robots":{"index":"index","follow":"follow","max-snippet":"max-snippet:-1","max-image-preview":"max-image-preview:large","max-video-preview":"max-video-preview:-1"},"canonical":"https:\/\/ergotherapie.ch\/fr\/demande-dadhesion-a-levs-institutions\/","og_locale":"fr_FR","og_type":"article","og_title":"Demande d'adh\u00e9sion \u00e0 l'ASE (institutions)","og_url":"https:\/\/ergotherapie.ch\/fr\/demande-dadhesion-a-levs-institutions\/","og_site_name":"Ergotherapie-Verband","article_modified_time":"2025-04-16T11:27:22+00:00","twitter_card":"summary_large_image","schema":{"@context":"https:\/\/schema.org","@graph":[{"@type":"WebPage","@id":"https:\/\/ergotherapie.ch\/fr\/demande-dadhesion-a-levs-institutions\/","url":"https:\/\/ergotherapie.ch\/fr\/demande-dadhesion-a-levs-institutions\/","name":"Demande d'adh\u00e9sion \u00e0 l'ASE (institutions) - Ergotherapie-Verband","isPartOf":{"@id":"https:\/\/ergotherapie.ch\/fr\/#website"},"datePublished":"2025-02-11T12:50:08+00:00","dateModified":"2025-04-16T11:27:22+00:00","breadcrumb":{"@id":"https:\/\/ergotherapie.ch\/fr\/demande-dadhesion-a-levs-institutions\/#breadcrumb"},"inLanguage":"fr-FR","potentialAction":[{"@type":"ReadAction","target":["https:\/\/ergotherapie.ch\/fr\/demande-dadhesion-a-levs-institutions\/"]}]},{"@type":"BreadcrumbList","@id":"https:\/\/ergotherapie.ch\/fr\/demande-dadhesion-a-levs-institutions\/#breadcrumb","itemListElement":[{"@type":"ListItem","position":1,"name":"Home","item":"https:\/\/ergotherapie.ch\/fr\/"},{"@type":"ListItem","position":2,"name":"Demande d&#8217;adh\u00e9sion \u00e0 l&#8217;ASE (institutions)"}]},{"@type":"WebSite","@id":"https:\/\/ergotherapie.ch\/fr\/#website","url":"https:\/\/ergotherapie.ch\/fr\/","name":"Ergotherapie-Verband","description":"","potentialAction":[{"@type":"SearchAction","target":{"@type":"EntryPoint","urlTemplate":"https:\/\/ergotherapie.ch\/fr\/?s={search_term_string}"},"query-input":{"@type":"PropertyValueSpecification","valueRequired":true,"valueName":"search_term_string"}}],"inLanguage":"fr-FR"}]}},"_links":{"self":[{"href":"https:\/\/ergotherapie.ch\/fr\/wp-json\/wp\/v2\/pages\/8504","targetHints":{"allow":["GET"]}}],"collection":[{"href":"https:\/\/ergotherapie.ch\/fr\/wp-json\/wp\/v2\/pages"}],"about":[{"href":"https:\/\/ergotherapie.ch\/fr\/wp-json\/wp\/v2\/types\/page"}],"author":[{"embeddable":true,"href":"https:\/\/ergotherapie.ch\/fr\/wp-json\/wp\/v2\/users\/6"}],"replies":[{"embeddable":true,"href":"https:\/\/ergotherapie.ch\/fr\/wp-json\/wp\/v2\/comments?post=8504"}],"version-history":[{"count":2,"href":"https:\/\/ergotherapie.ch\/fr\/wp-json\/wp\/v2\/pages\/8504\/revisions"}],"predecessor-version":[{"id":11396,"href":"https:\/\/ergotherapie.ch\/fr\/wp-json\/wp\/v2\/pages\/8504\/revisions\/11396"}],"wp:attachment":[{"href":"https:\/\/ergotherapie.ch\/fr\/wp-json\/wp\/v2\/media?parent=8504"}],"curies":[{"name":"wp","href":"https:\/\/api.w.org\/{rel}","templated":true}]}}