{"id":8828,"date":"2024-12-23T22:26:34","date_gmt":"2024-12-23T20:26:34","guid":{"rendered":"https:\/\/dev.ergo.bertaeins.ch\/?page_id=8828"},"modified":"2025-05-27T16:30:56","modified_gmt":"2025-05-27T14:30:56","slug":"trouver-un-ergotherapeute","status":"publish","type":"page","link":"https:\/\/ergotherapie.ch\/fr\/ergotherapie\/trouver-un-ergotherapeute\/","title":{"rendered":"Trouver un\u00b7e ergoth\u00e9rapeute"},"content":{"rendered":"<div id=\"ergotherapeut-in-finden\">\n    <div class=\"container-fluid\">\n        <div id=\"et-finden-top-content\">\n            <h2>TROUVER UN\u00b7E ERGOTH\u00c9RAPEUTE<\/h2>\n        <\/div>\n        <form action=\"\" id=\"et-finden-form\">\n            <input type=\"hidden\" name=\"action\" value=\"search_et\"\/>\n            <div class=\"one-from-block\">\n                <label for=\"plz_ort\">\n                    Code postal\/localit\u00e9                <\/label>\n                <input type=\"text\" id=\"plz_ort\" name=\"plz_ort\"\n                       placeholder=\"Entrez un lieu.\"\/>\n            <\/div>\n            <div class=\"one-from-block\" id=\"range-block\">\n                <label>\n                    Dans le p\u00e9rim\u00e8tre de                <\/label>\n                                <input type=\"hidden\" name=\"user_lat\" value=\"\"\/>\n                <input type=\"hidden\" name=\"user_lng\" value=\"\"\/>\n                <div class=\"select-wrapper\">\n                    <select name=\"range\" id=\"range\">\n                                                    <option value=\"5km\">\n                                5km                            <\/option>\n                                                        <option value=\"10km\">\n                                10km                            <\/option>\n                                                        <option value=\"20km\">\n                                20km                            <\/option>\n                                                        <option value=\"50km\">\n                                50km                            <\/option>\n                                                        <option value=\"100km\">\n                                100km                            <\/option>\n                            \n                    <\/select>\n                <\/div>\n            <\/div>\n                            <div class=\"one-from-block\">\n                    <label>\n                        Domaine sp\u00e9cialis\u00e9                    <\/label>\n                    <div class=\"departments\">\n                                                    <input type=\"checkbox\" name=\"departments[]\" value=\"170\"\/>\n                            <a data-term-id=\"173\" href=\"#\" class=\"the-button\">\n                                D\u00e9mence                            <\/a>\n                                                        <input type=\"checkbox\" name=\"departments[]\" value=\"105\"\/>\n                            <a data-term-id=\"121\" href=\"#\" class=\"the-button\">\n                                Ergonomie                            <\/a>\n                                                        <input type=\"checkbox\" name=\"departments[]\" value=\"162\"\/>\n                            <a data-term-id=\"174\" href=\"#\" class=\"the-button\">\n                                G\u00e9riatrie                            <\/a>\n                                                        <input type=\"checkbox\" name=\"departments[]\" value=\"171\"\/>\n                            <a data-term-id=\"183\" href=\"#\" class=\"the-button\">\n                                Handicap visuel                            <\/a>\n                                                        <input type=\"checkbox\" name=\"departments[]\" value=\"107\"\/>\n                            <a data-term-id=\"119\" href=\"#\" class=\"the-button\">\n                                Int\u00e9gration professionnelle                            <\/a>\n                                                        <input type=\"checkbox\" name=\"departments[]\" value=\"163\"\/>\n                            <a data-term-id=\"177\" href=\"#\" class=\"the-button\">\n                                Neurologie                            <\/a>\n                                                        <input type=\"checkbox\" name=\"departments[]\" value=\"164\"\/>\n                            <a data-term-id=\"178\" href=\"#\" class=\"the-button\">\n                                Orthop\u00e9die                            <\/a>\n                                                        <input type=\"checkbox\" name=\"departments[]\" value=\"165\"\/>\n                            <a data-term-id=\"179\" href=\"#\" class=\"the-button\">\n                                P\u00e9diatrie                            <\/a>\n                                                        <input type=\"checkbox\" name=\"departments[]\" value=\"167\"\/>\n                            <a data-term-id=\"184\" href=\"#\" class=\"the-button\">\n                                Pr\u00e9vention des chutes                            <\/a>\n                                                        <input type=\"checkbox\" name=\"departments[]\" value=\"169\"\/>\n                            <a data-term-id=\"181\" href=\"#\" class=\"the-button\">\n                                Psychiatrie                            <\/a>\n                                                        <input type=\"checkbox\" name=\"departments[]\" value=\"168\"\/>\n                            <a data-term-id=\"176\" href=\"#\" class=\"the-button\">\n                                Psychiatrie de l\u2019enfant et de l\u2019adolescent\u00b7e                            <\/a>\n                                                        <input type=\"checkbox\" name=\"departments[]\" value=\"161\"\/>\n                            <a data-term-id=\"175\" href=\"#\" class=\"the-button\">\n                                R\u00e9habilitation de la main                            <\/a>\n                                                        <input type=\"checkbox\" name=\"departments[]\" value=\"166\"\/>\n                            <a data-term-id=\"182\" href=\"#\" class=\"the-button\">\n                                Rhumatologie                            <\/a>\n                                                        <input type=\"checkbox\" name=\"departments[]\" value=\"172\"\/>\n                            <a data-term-id=\"180\" href=\"#\" class=\"the-button\">\n                                Soins palliatifs                            <\/a>\n                                                        <input type=\"checkbox\" name=\"departments[]\" value=\"95\"\/>\n                            <a data-term-id=\"120\" href=\"#\" class=\"the-button\">\n                                Traitements \u00e0 domicile                            <\/a>\n                                                <\/div>\n                <\/div>\n                \n            <div class=\"one-from-block submit-wrapper\">\n                <button type=\"submit\" class=\"the-button\">\n                    Rechercher                <\/button>\n            <\/div>\n\n        <\/form>\n\n        <div id=\"et-search-results\">\n            <h2>\n                R\u00e9sultat            <\/h2>\n            <div id=\"print-table-wrapper\">\n\n            <form id=\"print-table-form\" target=\"_blank\" method=\"post\" action=\"https:\/\/ergotherapie.ch\/fr\/\/?print_table=true\">\n                <input type=\"hidden\" name=\"print_data\" value=\"\"\/>\n                <input type=\"submit\" class=\"the-button\" value=\"Imprimer\" \/>\n            <\/form>\n            <\/div>\n            <div id=\"et-search-results-table\"><\/div>\n            <p id=\"et-load-more\">\n                <a href=\"#\" class=\"the-button\" id=\"load-more\">\n                    Chargez plus                <\/a>\n            <\/p>\n            <p id=\"et-search-results-not-found\">\n                Aucun ergoth\u00e9rapeute trouv\u00e9.            <\/p>\n        <\/div>\n\n    <\/div>\n\n<\/div>\n<\/div>\n\n        <div  class=\"pre-footer-grid \">\n            <div class=\"container-fluid\">\n                <div class=\"row row-spaced\">\n                                            <div class=\"col-lg-3 col-md-4 col-sm-6\">\n                            <div class=\"one-pre-footer-grid\">\n                                <div>\n                                    <p class=\"one-pfg-icon\">\n                                        <?xml version=\"1.0\" encoding=\"utf-8\"?>\n<svg id=\"4697Icon_Kursangebot\" data-name=\"Icon Kursangebot\" xmlns=\"http:\/\/www.w3.org\/2000\/svg\" xmlns:xlink=\"http:\/\/www.w3.org\/1999\/xlink\" width=\"138.686\" height=\"102.621\" viewBox=\"0 0 138.686 102.621\">\n  <defs>\n    <clipPath id=\"4697clip-path\">\n      <rect id=\"4697Rectangle_334\" data-name=\"Rectangle 334\" width=\"138.686\" height=\"102.621\" fill=\"none\" stroke=\"#e1077c\" stroke-width=\"1\"\/>\n    <\/clipPath>\n  <\/defs>\n  <g id=\"4697Group_1023\" data-name=\"Group 1023\" clip-path=\"url(#4697clip-path)\">\n    <path id=\"4697Path_991\" data-name=\"Path 991\" d=\"M38.489,61.233V96.256S47.427,116.5,79.986,117c0,.264,33.281-1.676,40.516-19.764v-36\" transform=\"translate(-10.641 -16.93)\" fill=\"none\" stroke=\"#e1077c\" stroke-miterlimit=\"10\" stroke-width=\"7\"\/>\n    <path id=\"4697Path_992\" data-name=\"Path 992\" d=\"M95.165,44.51l55.44,6.065V106.59\" transform=\"translate(-26.311 -12.306)\" fill=\"none\" stroke=\"#e1077c\" stroke-miterlimit=\"10\" stroke-width=\"7\"\/>\n    <path id=\"4697Path_993\" data-name=\"Path 993\" d=\"M69.918,63.53,3.547,34.045a.079.079,0,0,1,0-.145L69.917,3.507a.074.074,0,0,1,.065,0L137.074,33.9a.079.079,0,0,1,0,.145L69.981,63.53A.075.075,0,0,1,69.918,63.53Z\" transform=\"translate(-0.968 -0.968)\" fill=\"none\" stroke=\"#e1077c\" stroke-miterlimit=\"10\" stroke-width=\"7\"\/>\n  <\/g>\n<\/svg>\n                                    <\/p>\n                                    <p class=\"one-pfg-title\">\n                                        Offre de cours                                    <\/p>\n                                                                            <p class=\"one-pfg-text small-font-size mb_0\">\n                                            D\u00e9couvrez le large \u00e9ventail de formations et de formations continues propos\u00e9es par l&rsquo;ASE et inscrivez-vous d\u00e8s maintenant en ligne.<br \/>\r\n<br \/>\r\n                                        <\/p>\n                                                                    <\/div>\n                                <div>\n                                    <p class=\"one-pfg-button\">\n                                                <a href=\"\/fr\/formation\/formations-continues-et-perfectionnements\/\" class=\"the-button\">\n            En savoir plus        <\/a>\n                                        <\/p>\n                                <\/div>\n                            <\/div>\n                        <\/div>\n                                                <div class=\"col-lg-3 col-md-4 col-sm-6\">\n                            <div class=\"one-pre-footer-grid\">\n                                <div>\n                                    <p class=\"one-pfg-icon\">\n                                        <?xml version=\"1.0\" encoding=\"utf-8\"?>\n<svg xmlns=\"http:\/\/www.w3.org\/2000\/svg\" width=\"83.224\" height=\"96.598\" viewBox=\"0 0 83.224 96.598\">\n  <g id=\"7561Icon_Ergotherapeut_in_finden\" data-name=\"Icon Ergotherapeut*in finden\" transform=\"translate(3.5 3.5)\">\n    <circle id=\"7561Ellipse_74\" data-name=\"Ellipse 74\" cx=\"33.658\" cy=\"33.658\" r=\"33.658\" fill=\"none\" stroke=\"#e1077c\" stroke-miterlimit=\"10\" stroke-width=\"7\"\/>\n    <path id=\"7561Path_1045\" data-name=\"Path 1045\" d=\"M49,15.5A24.78,24.78,0,0,1,73.781,40.281\" transform=\"translate(-17.343 -4.623)\" fill=\"none\" stroke=\"#e1077c\" stroke-miterlimit=\"10\" stroke-width=\"7\"\/>\n    <line id=\"7561Line_83\" data-name=\"Line 83\" x2=\"22.932\" y2=\"30.329\" transform=\"translate(54 60.658)\" fill=\"none\" stroke=\"#e1077c\" stroke-miterlimit=\"10\" stroke-width=\"7\"\/>\n  <\/g>\n<\/svg>\n                                    <\/p>\n                                    <p class=\"one-pfg-title\">\n                                        Trouver un\u00b7e ergoth\u00e9rapeute                                    <\/p>\n                                                                            <p class=\"one-pfg-text small-font-size mb_0\">\n                                            Trouvez un\u00b7e ergoth\u00e9rapeute pr\u00e8s de chez vous.<br \/>\r\n<br \/>\r\n                                        <\/p>\n                                                                    <\/div>\n                                <div>\n                                    <p class=\"one-pfg-button\">\n                                                <a href=\"\/fr\/ergotherapie\/trouver-un-ergotherapeute\/\" class=\"the-button\">\n             En savoir plus        <\/a>\n                                        <\/p>\n                                <\/div>\n                            <\/div>\n                        <\/div>\n                                                <div class=\"col-lg-3 col-md-4 col-sm-6\">\n                            <div class=\"one-pre-footer-grid\">\n                                <div>\n                                    <p class=\"one-pfg-icon\">\n                                        <?xml version=\"1.0\" encoding=\"utf-8\"?>\n<svg xmlns=\"http:\/\/www.w3.org\/2000\/svg\" width=\"113.696\" height=\"103.026\" viewBox=\"0 0 113.696 103.026\">\n  <g id=\"2017icon_Stelleninserate\" data-name=\"icon Stelleninserate\" transform=\"translate(3.5 3.5)\">\n    <rect id=\"2017Rectangle_359\" data-name=\"Rectangle 359\" width=\"106.696\" height=\"79.034\" transform=\"translate(0 16.992)\" fill=\"none\" stroke=\"#e1077c\" stroke-miterlimit=\"10\" stroke-width=\"7\"\/>\n    <path id=\"2017Path_1046\" data-name=\"Path 1046\" d=\"M43.542,64.122H19.1L4.84,25.966A.715.715,0,0,1,5.509,25h100a3.928,3.928,0,0,1,3.679,5.3L96.553,64.122H70.764\" transform=\"translate(-3.771 -8.008)\" fill=\"none\" stroke=\"#e1077c\" stroke-miterlimit=\"10\" stroke-width=\"7\"\/>\n    <rect id=\"2017Rectangle_360\" data-name=\"Rectangle 360\" width=\"28.452\" height=\"15.016\" transform=\"translate(39.122 49.791)\" fill=\"none\" stroke=\"#e1077c\" stroke-miterlimit=\"10\" stroke-width=\"7\"\/>\n    <path id=\"2017Path_1047\" data-name=\"Path 1047\" d=\"M44.5,22.073V11.008A7.508,7.508,0,0,1,52.008,3.5H78.88a7.508,7.508,0,0,1,7.508,7.508V22.073\" transform=\"translate(-12.096 -3.5)\" fill=\"none\" stroke=\"#e1077c\" stroke-miterlimit=\"10\" stroke-width=\"7\"\/>\n  <\/g>\n<\/svg>\n                                    <\/p>\n                                    <p class=\"one-pfg-title\">\n                                        Offres d&#8217;emploi                                    <\/p>\n                                                                            <p class=\"one-pfg-text small-font-size mb_0\">\n                                            Postulez \u00e0 un emploi qui vous convient. Vous trouverez ici les offres d&#8217;emploi actuelles.<br \/>\r\n<br \/>\r\n<br \/>\r\n                                        <\/p>\n                                                                    <\/div>\n                                <div>\n                                    <p class=\"one-pfg-button\">\n                                                <a href=\"\/fr\/exercice-de-la-profession\/stelleninserate\/\" class=\"the-button\">\n            En savoir plus        <\/a>\n                                        <\/p>\n                                <\/div>\n                            <\/div>\n                        <\/div>\n                                                <div class=\"col-lg-3 col-md-4 col-sm-6\">\n                            <div class=\"one-pre-footer-grid\">\n                                <div>\n                                    <p class=\"one-pfg-icon\">\n                                        <?xml version=\"1.0\" encoding=\"utf-8\"?>\n<svg id=\"6287icon_Verordnung_Ergotherapie\" data-name=\"icon Verordnung  Ergotherapie\" xmlns=\"http:\/\/www.w3.org\/2000\/svg\" xmlns:xlink=\"http:\/\/www.w3.org\/1999\/xlink\" width=\"129.594\" height=\"127.813\" viewBox=\"0 0 129.594 127.813\">\n  <defs>\n    <clipPath id=\"6287clip-path\">\n      <rect id=\"6287Rectangle_337\" data-name=\"Rectangle 337\" width=\"129.594\" height=\"127.813\" fill=\"none\" stroke=\"#e1077c\" stroke-width=\"1\"\/>\n    <\/clipPath>\n  <\/defs>\n  <g id=\"6287Group_1026\" data-name=\"Group 1026\">\n    <g id=\"6287Group_1025\" data-name=\"Group 1025\" clip-path=\"url(#6287clip-path)\">\n      <path id=\"6287Path_996\" data-name=\"Path 996\" d=\"M101.522,99.942v24.644H3.5V3.5h98.022V33.772\" transform=\"translate(-0.137 -0.137)\" fill=\"none\" stroke=\"#e1077c\" stroke-miterlimit=\"10\" stroke-width=\"7\"\/>\n    <\/g>\n  <\/g>\n  <line id=\"6287Line_68\" data-name=\"Line 68\" x2=\"33.701\" transform=\"translate(30.141 69.673)\" fill=\"none\" stroke=\"#e1077c\" stroke-miterlimit=\"10\" stroke-width=\"7\"\/>\n  <line id=\"6287Line_69\" data-name=\"Line 69\" x1=\"4.11\" transform=\"translate(15.205 69.673)\" fill=\"none\" stroke=\"#e1077c\" stroke-miterlimit=\"10\" stroke-width=\"7\"\/>\n  <line id=\"6287Line_70\" data-name=\"Line 70\" x2=\"33.701\" transform=\"translate(30.652 84.086)\" fill=\"none\" stroke=\"#e1077c\" stroke-miterlimit=\"10\" stroke-width=\"7\"\/>\n  <line id=\"6287Line_71\" data-name=\"Line 71\" x1=\"4.11\" transform=\"translate(15.616 84.086)\" fill=\"none\" stroke=\"#e1077c\" stroke-miterlimit=\"10\" stroke-width=\"7\"\/>\n  <line id=\"6287Line_72\" data-name=\"Line 72\" x1=\"4.11\" transform=\"translate(15.616 97.541)\" fill=\"none\" stroke=\"#e1077c\" stroke-miterlimit=\"10\" stroke-width=\"7\"\/>\n  <line id=\"6287Line_73\" data-name=\"Line 73\" x2=\"33.701\" transform=\"translate(30.652 97.541)\" fill=\"none\" stroke=\"#e1077c\" stroke-miterlimit=\"10\" stroke-width=\"7\"\/>\n  <line id=\"6287Line_74\" data-name=\"Line 74\" x1=\"12.741\" transform=\"translate(51.89 113.428)\" fill=\"none\" stroke=\"#e1077c\" stroke-miterlimit=\"10\" stroke-width=\"7\"\/>\n  <g id=\"6287Group_1028\" data-name=\"Group 1028\">\n    <g id=\"6287Group_1027\" data-name=\"Group 1027\" clip-path=\"url(#6287clip-path)\">\n      <circle id=\"6287Ellipse_68\" data-name=\"Ellipse 68\" cx=\"20.661\" cy=\"20.661\" r=\"20.661\" transform=\"translate(31.231 16.817)\" fill=\"none\" stroke=\"#e1077c\" stroke-miterlimit=\"10\" stroke-width=\"7\"\/>\n      <path id=\"6287Path_997\" data-name=\"Path 997\" d=\"M39.5,52.176a15.085,15.085,0,0,1,13.948-7.971c5.739,0,10.792,2.2,13.317,7.971\" transform=\"translate(-1.541 -1.724)\" fill=\"none\" stroke=\"#e1077c\" stroke-miterlimit=\"10\" stroke-width=\"7\"\/>\n      <path id=\"6287Path_998\" data-name=\"Path 998\" d=\"M60.866,34.668c0,4.511-3.227,8.168-7.207,8.168s-7.207-3.658-7.207-8.168S49.679,26.5,53.659,26.5,60.866,30.158,60.866,34.668Z\" transform=\"translate(-1.812 -1.034)\" fill=\"none\" stroke=\"#e1077c\" stroke-miterlimit=\"10\" stroke-width=\"7\"\/>\n      <path id=\"6287Path_999\" data-name=\"Path 999\" d=\"M82.706,104.02l2.323-16.637,31.9-52.935L128.2,41.243,96.106,94.5Z\" transform=\"translate(-3.226 -1.344)\" fill=\"none\" stroke=\"#e1077c\" stroke-miterlimit=\"10\" stroke-width=\"7\"\/>\n      <line id=\"6287Line_75\" data-name=\"Line 75\" x2=\"11.273\" y2=\"6.794\" transform=\"translate(105.691 46.4)\" fill=\"none\" stroke=\"#e1077c\" stroke-miterlimit=\"10\" stroke-width=\"7\"\/>\n      <line id=\"6287Line_76\" data-name=\"Line 76\" x2=\"11.273\" y2=\"6.794\" transform=\"translate(83.436 83.588)\" fill=\"none\" stroke=\"#e1077c\" stroke-miterlimit=\"10\" stroke-width=\"7\"\/>\n    <\/g>\n  <\/g>\n<\/svg>\n                                    <\/p>\n                                    <p class=\"one-pfg-title\">\n                                        Prescription d&rsquo;ergoth\u00e9rapie                                    <\/p>\n                                                                            <p class=\"one-pfg-text small-font-size mb_0\">\n                                            Pour les m\u00e9decins : t\u00e9l\u00e9chargez ici le formulaire de prescription d&rsquo;ergoth\u00e9rapie.<br \/>\r\n<br \/>\r\n                                        <\/p>\n                                                                    <\/div>\n                                <div>\n                                    <p class=\"one-pfg-button\">\n                                                <a href=\"https:\/\/ergotherapie.ch\/fr\/ordonnance\/\" class=\"the-button\">\n             En savoir plus        <\/a>\n                                        <\/p>\n                                <\/div>\n                            <\/div>\n                        <\/div>\n                                        <\/div>\n            <\/div>\n        <\/div>\n        ","protected":false},"excerpt":{"rendered":"","protected":false},"author":6,"featured_media":0,"parent":7148,"menu_order":0,"comment_status":"closed","ping_status":"closed","template":"","meta":{"_acf_changed":false,"footnotes":""},"class_list":["post-8828","page","type-page","status-publish","hentry"],"acf":[],"yoast_head":"<!-- This site is optimized with the Yoast SEO Premium plugin v27.2 (Yoast SEO v27.2) - https:\/\/yoast.com\/product\/yoast-seo-premium-wordpress\/ -->\n<title>Trouver un\u00b7e ergoth\u00e9rapeute - Ergotherapie-Verband<\/title>\n<meta name=\"robots\" content=\"index, follow, max-snippet:-1, max-image-preview:large, max-video-preview:-1\" \/>\n<link rel=\"canonical\" href=\"https:\/\/ergotherapie.ch\/fr\/ergotherapie\/trouver-un-ergotherapeute\/\" \/>\n<meta property=\"og:locale\" content=\"fr_FR\" \/>\n<meta property=\"og:type\" content=\"article\" \/>\n<meta property=\"og:title\" content=\"Trouver un\u00b7e ergoth\u00e9rapeute\" \/>\n<meta property=\"og:url\" content=\"https:\/\/ergotherapie.ch\/fr\/ergotherapie\/trouver-un-ergotherapeute\/\" \/>\n<meta property=\"og:site_name\" content=\"Ergotherapie-Verband\" \/>\n<meta property=\"article:modified_time\" content=\"2025-05-27T14:30:56+00:00\" \/>\n<meta name=\"twitter:card\" content=\"summary_large_image\" \/>\n<script type=\"application\/ld+json\" class=\"yoast-schema-graph\">{\"@context\":\"https:\/\/schema.org\",\"@graph\":[{\"@type\":\"WebPage\",\"@id\":\"https:\/\/ergotherapie.ch\/fr\/ergotherapie\/trouver-un-ergotherapeute\/\",\"url\":\"https:\/\/ergotherapie.ch\/fr\/ergotherapie\/trouver-un-ergotherapeute\/\",\"name\":\"Trouver un\u00b7e ergoth\u00e9rapeute - Ergotherapie-Verband\",\"isPartOf\":{\"@id\":\"https:\/\/ergotherapie.ch\/fr\/#website\"},\"datePublished\":\"2024-12-23T20:26:34+00:00\",\"dateModified\":\"2025-05-27T14:30:56+00:00\",\"breadcrumb\":{\"@id\":\"https:\/\/ergotherapie.ch\/fr\/ergotherapie\/trouver-un-ergotherapeute\/#breadcrumb\"},\"inLanguage\":\"fr-FR\",\"potentialAction\":[{\"@type\":\"ReadAction\",\"target\":[\"https:\/\/ergotherapie.ch\/fr\/ergotherapie\/trouver-un-ergotherapeute\/\"]}]},{\"@type\":\"BreadcrumbList\",\"@id\":\"https:\/\/ergotherapie.ch\/fr\/ergotherapie\/trouver-un-ergotherapeute\/#breadcrumb\",\"itemListElement\":[{\"@type\":\"ListItem\",\"position\":1,\"name\":\"Home\",\"item\":\"https:\/\/ergotherapie.ch\/fr\/\"},{\"@type\":\"ListItem\",\"position\":2,\"name\":\"Ergoth\u00e9rapie\",\"item\":\"https:\/\/ergotherapie.ch\/fr\/ergotherapie\/\"},{\"@type\":\"ListItem\",\"position\":3,\"name\":\"Trouver un\u00b7e ergoth\u00e9rapeute\"}]},{\"@type\":\"WebSite\",\"@id\":\"https:\/\/ergotherapie.ch\/fr\/#website\",\"url\":\"https:\/\/ergotherapie.ch\/fr\/\",\"name\":\"Ergotherapie-Verband\",\"description\":\"\",\"potentialAction\":[{\"@type\":\"SearchAction\",\"target\":{\"@type\":\"EntryPoint\",\"urlTemplate\":\"https:\/\/ergotherapie.ch\/fr\/?s={search_term_string}\"},\"query-input\":{\"@type\":\"PropertyValueSpecification\",\"valueRequired\":true,\"valueName\":\"search_term_string\"}}],\"inLanguage\":\"fr-FR\"}]}<\/script>\n<!-- \/ Yoast SEO Premium plugin. -->","yoast_head_json":{"title":"Trouver un\u00b7e ergoth\u00e9rapeute - Ergotherapie-Verband","robots":{"index":"index","follow":"follow","max-snippet":"max-snippet:-1","max-image-preview":"max-image-preview:large","max-video-preview":"max-video-preview:-1"},"canonical":"https:\/\/ergotherapie.ch\/fr\/ergotherapie\/trouver-un-ergotherapeute\/","og_locale":"fr_FR","og_type":"article","og_title":"Trouver un\u00b7e ergoth\u00e9rapeute","og_url":"https:\/\/ergotherapie.ch\/fr\/ergotherapie\/trouver-un-ergotherapeute\/","og_site_name":"Ergotherapie-Verband","article_modified_time":"2025-05-27T14:30:56+00:00","twitter_card":"summary_large_image","schema":{"@context":"https:\/\/schema.org","@graph":[{"@type":"WebPage","@id":"https:\/\/ergotherapie.ch\/fr\/ergotherapie\/trouver-un-ergotherapeute\/","url":"https:\/\/ergotherapie.ch\/fr\/ergotherapie\/trouver-un-ergotherapeute\/","name":"Trouver un\u00b7e ergoth\u00e9rapeute - Ergotherapie-Verband","isPartOf":{"@id":"https:\/\/ergotherapie.ch\/fr\/#website"},"datePublished":"2024-12-23T20:26:34+00:00","dateModified":"2025-05-27T14:30:56+00:00","breadcrumb":{"@id":"https:\/\/ergotherapie.ch\/fr\/ergotherapie\/trouver-un-ergotherapeute\/#breadcrumb"},"inLanguage":"fr-FR","potentialAction":[{"@type":"ReadAction","target":["https:\/\/ergotherapie.ch\/fr\/ergotherapie\/trouver-un-ergotherapeute\/"]}]},{"@type":"BreadcrumbList","@id":"https:\/\/ergotherapie.ch\/fr\/ergotherapie\/trouver-un-ergotherapeute\/#breadcrumb","itemListElement":[{"@type":"ListItem","position":1,"name":"Home","item":"https:\/\/ergotherapie.ch\/fr\/"},{"@type":"ListItem","position":2,"name":"Ergoth\u00e9rapie","item":"https:\/\/ergotherapie.ch\/fr\/ergotherapie\/"},{"@type":"ListItem","position":3,"name":"Trouver un\u00b7e ergoth\u00e9rapeute"}]},{"@type":"WebSite","@id":"https:\/\/ergotherapie.ch\/fr\/#website","url":"https:\/\/ergotherapie.ch\/fr\/","name":"Ergotherapie-Verband","description":"","potentialAction":[{"@type":"SearchAction","target":{"@type":"EntryPoint","urlTemplate":"https:\/\/ergotherapie.ch\/fr\/?s={search_term_string}"},"query-input":{"@type":"PropertyValueSpecification","valueRequired":true,"valueName":"search_term_string"}}],"inLanguage":"fr-FR"}]}},"_links":{"self":[{"href":"https:\/\/ergotherapie.ch\/fr\/wp-json\/wp\/v2\/pages\/8828","targetHints":{"allow":["GET"]}}],"collection":[{"href":"https:\/\/ergotherapie.ch\/fr\/wp-json\/wp\/v2\/pages"}],"about":[{"href":"https:\/\/ergotherapie.ch\/fr\/wp-json\/wp\/v2\/types\/page"}],"author":[{"embeddable":true,"href":"https:\/\/ergotherapie.ch\/fr\/wp-json\/wp\/v2\/users\/6"}],"replies":[{"embeddable":true,"href":"https:\/\/ergotherapie.ch\/fr\/wp-json\/wp\/v2\/comments?post=8828"}],"version-history":[{"count":9,"href":"https:\/\/ergotherapie.ch\/fr\/wp-json\/wp\/v2\/pages\/8828\/revisions"}],"predecessor-version":[{"id":14817,"href":"https:\/\/ergotherapie.ch\/fr\/wp-json\/wp\/v2\/pages\/8828\/revisions\/14817"}],"up":[{"embeddable":true,"href":"https:\/\/ergotherapie.ch\/fr\/wp-json\/wp\/v2\/pages\/7148"}],"wp:attachment":[{"href":"https:\/\/ergotherapie.ch\/fr\/wp-json\/wp\/v2\/media?parent=8828"}],"curies":[{"name":"wp","href":"https:\/\/api.w.org\/{rel}","templated":true}]}}