{"id":9032,"date":"2024-12-23T22:17:38","date_gmt":"2024-12-23T20:17:38","guid":{"rendered":"https:\/\/dev.ergo.bertaeins.ch\/?page_id=9032"},"modified":"2026-03-25T16:55:31","modified_gmt":"2026-03-25T14:55:31","slug":"recherche","status":"publish","type":"page","link":"https:\/\/ergotherapie.ch\/fr\/recherche\/","title":{"rendered":"Recherche"},"content":{"rendered":"<div  class=\"inner-page-hero \">\n    <div class=\"container-fluid\">\n        <div class=\"inner-page-hero-inner-container\">\n            <div class=\"inner-page-hero-picture \">\n                                    <div style=\"background-image: url('https:\/\/ergotherapie.ch\/wp-content\/uploads\/2025\/01\/AdobeStock_928414982-scaled.jpeg')\">\n                        <img decoding=\"async\" width=\"189\" height=\"189\" loading=\"lazy\"\n                             src=\"https:\/\/ergotherapie.ch\/wp-content\/themes\/ergo-theme\/assets\/images\/person_photo_placeholder_cutted.png\" alt=\"Placeholder\" class=\"img-fluid\"\/>\n                    <\/div>\n                            <\/div>\n            <div class=\"inner-page-content \">\n                <h3>Recherche et d\u00e9v\u00e9loppement<\/h3>\n<p>La recherche joue un r\u00f4le de plus en plus important dans l&rsquo;ergoth\u00e9rapie. Gr\u00e2ce aux travaux de recherche men\u00e9s dans divers domaines et aux connaissances qui en d\u00e9coulent, l&rsquo;efficacit\u00e9 des traitements ergoth\u00e9rapeutiques peut \u00eatre v\u00e9rifi\u00e9e et am\u00e9lior\u00e9e. La recherche contribue ainsi de mani\u00e8re d\u00e9cisive \u00e0 renforcer l&rsquo;ergoth\u00e9rapie en tant que profession.<\/p>\n<p>En Suisse, des recherches sont men\u00e9es dans diff\u00e9rents endroits, notamment \u00e0 la ZHAW, \u00e0 la HETSL, \u00e0 la SUPSI et \u00e0 l&rsquo;OST.<\/p>\n<p>Nous vous informons volontiers des nouvelles \u00e9tudes et d\u00e9couvertes et mettons \u00e0 votre disposition des liens pertinents.<\/p>\n<p>&nbsp;<\/p>\n                            <\/div>\n        <\/div>\n    <\/div>\n<\/div>\n\n\n<div class=\"contact-section\">\n    <div class=\"container-fluid\">\n        <div class=\"contact-section-top\">\n            <div class=\"row row-spaced\">\n                <div class=\"col-md-6 contact-logo\">\n                            <img decoding=\"async\" width=\"0\" height=\"0\" loading=\"lazy\"\n             src=\"https:\/\/ergotherapie.ch\/wp-content\/uploads\/2025\/02\/2025_ergotherapie_martinbichsel_66-1.jpg\" alt=\"\" class=\"img-fluid\"\/>\n                        <\/div>\n                <div class=\"col-md-6 contact-content\">\n                    <h3>Contact (ad interim)<\/h3>\n<p>Aline Burkhart, membre du comit\u00e9 \/ portfolio recherche &amp; d\u00e9veloppement<\/p>\n                                            <div class=\"contact-section-buttons\">\n                                                            <p class=\"contact-phone\">\n                                    <a href=\"tel:031 313 88 44\">\n                                        <span class=\"contact-link-icon\"><svg id=\"4966Telefon\" xmlns=\"http:\/\/www.w3.org\/2000\/svg\" xmlns:xlink=\"http:\/\/www.w3.org\/1999\/xlink\" width=\"40.719\" height=\"40.925\" viewBox=\"0 0 40.719 40.925\">\n  <defs>\n    <clipPath id=\"4966clip-path\">\n      <rect id=\"4966Rectangle_354\" data-name=\"Rectangle 354\" width=\"40.719\" height=\"40.925\" transform=\"translate(0 0)\" fill=\"none\"\/>\n    <\/clipPath>\n  <\/defs>\n  <g id=\"4966Group_1078\" data-name=\"Group 1078\" transform=\"translate(0 0)\" clip-path=\"url(#4966clip-path)\">\n    <path id=\"4966Path_1038\" data-name=\"Path 1038\" d=\"M8.429,2.5a2.109,2.109,0,0,1,1.49.72c.555.513,1.076,1.051,1.639,1.622.281.29.571.579.861.877l2.467,2.467a2.246,2.246,0,0,1,.778,1.548,2.248,2.248,0,0,1-.778,1.548c-.257.257-.513.521-.77.778-.77.778-1.49,1.515-2.284,2.218l-.041.041a1.62,1.62,0,0,0-.414,1.838c.008.025.017.041.025.066a19.512,19.512,0,0,0,2.9,4.726,33.142,33.142,0,0,0,7.979,7.267,12.078,12.078,0,0,0,1.093.6,10.034,10.034,0,0,1,.91.5c.033.017.058.033.091.05a1.638,1.638,0,0,0,2.033-.356l3.1-3.1a2.191,2.191,0,0,1,1.515-.737,2.075,2.075,0,0,1,1.465.737L37.484,30.9a2,2,0,0,1-.025,3.12c-.348.372-.712.728-1.1,1.1a23.9,23.9,0,0,0-1.73,1.8,4.544,4.544,0,0,1-3.381,1.509c-.057,0-.113,0-.17,0-.141,0-.29-.008-.43-.017a19.951,19.951,0,0,1-7.135-2.135A40.281,40.281,0,0,1,10.092,25.75,36.9,36.9,0,0,1,3.554,14.866,13.365,13.365,0,0,1,2.511,9.1,4.38,4.38,0,0,1,3.827,6.283L6.906,3.2a2.228,2.228,0,0,1,1.523-.7m0-2.5L8.316,0a4.71,4.71,0,0,0-3.2,1.452L2.059,4.515A6.852,6.852,0,0,0,.018,8.91l0,.04v.04A15.954,15.954,0,0,0,1.236,15.8a39.257,39.257,0,0,0,6.95,11.565A42.479,42.479,0,0,0,22.393,38.505a22.357,22.357,0,0,0,8,2.387l.048,0,.048,0c.177.011.363.02.543.022.072,0,.144,0,.217,0a7.052,7.052,0,0,0,5.242-2.34,21.948,21.948,0,0,1,1.579-1.645c.368-.353.741-.715,1.109-1.1a4.651,4.651,0,0,0,.53-.548,4.507,4.507,0,0,0-.529-6.235L34.321,24.2A4.6,4.6,0,0,0,31.18,22.68l-.148-.009-.148.009A4.721,4.721,0,0,0,27.7,24.189l-2.67,2.67c-.185-.1-.373-.2-.561-.29a8.972,8.972,0,0,1-.847-.463,30.52,30.52,0,0,1-7.354-6.7l-.02-.026-.021-.024a16.981,16.981,0,0,1-2.3-3.6c.615-.569,1.182-1.143,1.776-1.744l.185-.187.39-.393L16.6,13.1a4.774,4.774,0,0,0,1.553-3.19l.013-.175-.013-.175a4.772,4.772,0,0,0-1.558-3.2L14.187,3.954l-.4-.4c-.146-.149-.292-.3-.435-.444l-.247-.251c-.473-.481-.921-.936-1.41-1.392A4.636,4.636,0,0,0,8.55.006Z\" fill=\"#d3006a\"\/>\n  <\/g>\n<\/svg>\n<\/span>\n                                        <span class=\"contact-link-text\">031 313 88 44<\/span>\n                                    <\/a>\n                                <\/p>\n                                                                                        <p class=\"contact-email\">\n                                    <a href=\"mailto:aline.burkhart@ergotherapie.ch\">\n                                        <span class=\"contact-link-icon\"><svg id=\"7758Mail\" xmlns=\"http:\/\/www.w3.org\/2000\/svg\" xmlns:xlink=\"http:\/\/www.w3.org\/1999\/xlink\" width=\"42.5\" height=\"29.5\" viewBox=\"0 0 42.5 29.5\">\n  <defs>\n    <clipPath id=\"7758clip-path\">\n      <rect id=\"7758Rectangle_353\" data-name=\"Rectangle 353\" width=\"42.5\" height=\"29.5\" fill=\"none\"\/>\n    <\/clipPath>\n  <\/defs>\n  <g id=\"7758Group_1077\" data-name=\"Group 1077\" clip-path=\"url(#7758clip-path)\">\n    <rect id=\"7758Rectangle_352\" data-name=\"Rectangle 352\" width=\"40\" height=\"27\" transform=\"translate(1.25 1.25)\" fill=\"none\" stroke=\"#d3006a\" stroke-width=\"2.5\"\/>\n    <path id=\"7758Path_1037\" data-name=\"Path 1037\" d=\"M1.25,3.4l20,12.349L41.25,3.4\" fill=\"none\" stroke=\"#d3006a\" stroke-width=\"2.5\"\/>\n  <\/g>\n<\/svg>\n<\/span>\n                                        <span class=\"contact-link-text\">aline.burkhart@ergotherapie.ch<\/span>\n                                    <\/a>\n                                <\/p>\n                                                    <\/div>\n                                    <\/div>\n            <\/div>\n        <\/div>\n            <\/div>\n<\/div>\n\n\n        <div  class=\"pre-footer-grid \">\n            <div class=\"container-fluid\">\n                <div class=\"row row-spaced\">\n                                            <div class=\"col-lg-3 col-md-4 col-sm-6\">\n                            <div class=\"one-pre-footer-grid\">\n                                <div>\n                                    <p class=\"one-pfg-icon\">\n                                        <?xml version=\"1.0\" encoding=\"utf-8\"?>\n<svg id=\"7094Icon_Kursangebot\" data-name=\"Icon Kursangebot\" xmlns=\"http:\/\/www.w3.org\/2000\/svg\" xmlns:xlink=\"http:\/\/www.w3.org\/1999\/xlink\" width=\"138.686\" height=\"102.621\" viewBox=\"0 0 138.686 102.621\">\n  <defs>\n    <clipPath id=\"7094clip-path\">\n      <rect id=\"7094Rectangle_334\" data-name=\"Rectangle 334\" width=\"138.686\" height=\"102.621\" fill=\"none\" stroke=\"#e1077c\" stroke-width=\"1\"\/>\n    <\/clipPath>\n  <\/defs>\n  <g id=\"7094Group_1023\" data-name=\"Group 1023\" clip-path=\"url(#7094clip-path)\">\n    <path id=\"7094Path_991\" data-name=\"Path 991\" d=\"M38.489,61.233V96.256S47.427,116.5,79.986,117c0,.264,33.281-1.676,40.516-19.764v-36\" transform=\"translate(-10.641 -16.93)\" fill=\"none\" stroke=\"#e1077c\" stroke-miterlimit=\"10\" stroke-width=\"7\"\/>\n    <path id=\"7094Path_992\" data-name=\"Path 992\" d=\"M95.165,44.51l55.44,6.065V106.59\" transform=\"translate(-26.311 -12.306)\" fill=\"none\" stroke=\"#e1077c\" stroke-miterlimit=\"10\" stroke-width=\"7\"\/>\n    <path id=\"7094Path_993\" data-name=\"Path 993\" d=\"M69.918,63.53,3.547,34.045a.079.079,0,0,1,0-.145L69.917,3.507a.074.074,0,0,1,.065,0L137.074,33.9a.079.079,0,0,1,0,.145L69.981,63.53A.075.075,0,0,1,69.918,63.53Z\" transform=\"translate(-0.968 -0.968)\" fill=\"none\" stroke=\"#e1077c\" stroke-miterlimit=\"10\" stroke-width=\"7\"\/>\n  <\/g>\n<\/svg>\n                                    <\/p>\n                                    <p class=\"one-pfg-title\">\n                                        Offre de cours                                    <\/p>\n                                                                            <p class=\"one-pfg-text small-font-size mb_0\">\n                                            D\u00e9couvrez le large \u00e9ventail de formations et de formations continues propos\u00e9es par l&rsquo;ASE et inscrivez-vous d\u00e8s maintenant en ligne.<br \/>\r\n<br \/>\r\n                                        <\/p>\n                                                                    <\/div>\n                                <div>\n                                    <p class=\"one-pfg-button\">\n                                                <a href=\"\/fr\/formation\/formations-continues-et-perfectionnements\/\" class=\"the-button\">\n            En savoir plus        <\/a>\n                                        <\/p>\n                                <\/div>\n                            <\/div>\n                        <\/div>\n                                                <div class=\"col-lg-3 col-md-4 col-sm-6\">\n                            <div class=\"one-pre-footer-grid\">\n                                <div>\n                                    <p class=\"one-pfg-icon\">\n                                        <?xml version=\"1.0\" encoding=\"utf-8\"?>\n<svg xmlns=\"http:\/\/www.w3.org\/2000\/svg\" width=\"83.224\" height=\"96.598\" viewBox=\"0 0 83.224 96.598\">\n  <g id=\"1178Icon_Ergotherapeut_in_finden\" data-name=\"Icon Ergotherapeut*in finden\" transform=\"translate(3.5 3.5)\">\n    <circle id=\"1178Ellipse_74\" data-name=\"Ellipse 74\" cx=\"33.658\" cy=\"33.658\" r=\"33.658\" fill=\"none\" stroke=\"#e1077c\" stroke-miterlimit=\"10\" stroke-width=\"7\"\/>\n    <path id=\"1178Path_1045\" data-name=\"Path 1045\" d=\"M49,15.5A24.78,24.78,0,0,1,73.781,40.281\" transform=\"translate(-17.343 -4.623)\" fill=\"none\" stroke=\"#e1077c\" stroke-miterlimit=\"10\" stroke-width=\"7\"\/>\n    <line id=\"1178Line_83\" data-name=\"Line 83\" x2=\"22.932\" y2=\"30.329\" transform=\"translate(54 60.658)\" fill=\"none\" stroke=\"#e1077c\" stroke-miterlimit=\"10\" stroke-width=\"7\"\/>\n  <\/g>\n<\/svg>\n                                    <\/p>\n                                    <p class=\"one-pfg-title\">\n                                        Trouver un\u00b7e ergoth\u00e9rapeute                                    <\/p>\n                                                                            <p class=\"one-pfg-text small-font-size mb_0\">\n                                            Trouvez un\u00b7e ergoth\u00e9rapeute pr\u00e8s de chez vous.<br \/>\r\n<br \/>\r\n                                        <\/p>\n                                                                    <\/div>\n                                <div>\n                                    <p class=\"one-pfg-button\">\n                                                <a href=\"\/fr\/ergotherapie\/trouver-un-ergotherapeute\/\" class=\"the-button\">\n             En savoir plus        <\/a>\n                                        <\/p>\n                                <\/div>\n                            <\/div>\n                        <\/div>\n                                                <div class=\"col-lg-3 col-md-4 col-sm-6\">\n                            <div class=\"one-pre-footer-grid\">\n                                <div>\n                                    <p class=\"one-pfg-icon\">\n                                        <?xml version=\"1.0\" encoding=\"utf-8\"?>\n<svg xmlns=\"http:\/\/www.w3.org\/2000\/svg\" width=\"113.696\" height=\"103.026\" viewBox=\"0 0 113.696 103.026\">\n  <g id=\"6940icon_Stelleninserate\" data-name=\"icon Stelleninserate\" transform=\"translate(3.5 3.5)\">\n    <rect id=\"6940Rectangle_359\" data-name=\"Rectangle 359\" width=\"106.696\" height=\"79.034\" transform=\"translate(0 16.992)\" fill=\"none\" stroke=\"#e1077c\" stroke-miterlimit=\"10\" stroke-width=\"7\"\/>\n    <path id=\"6940Path_1046\" data-name=\"Path 1046\" d=\"M43.542,64.122H19.1L4.84,25.966A.715.715,0,0,1,5.509,25h100a3.928,3.928,0,0,1,3.679,5.3L96.553,64.122H70.764\" transform=\"translate(-3.771 -8.008)\" fill=\"none\" stroke=\"#e1077c\" stroke-miterlimit=\"10\" stroke-width=\"7\"\/>\n    <rect id=\"6940Rectangle_360\" data-name=\"Rectangle 360\" width=\"28.452\" height=\"15.016\" transform=\"translate(39.122 49.791)\" fill=\"none\" stroke=\"#e1077c\" stroke-miterlimit=\"10\" stroke-width=\"7\"\/>\n    <path id=\"6940Path_1047\" data-name=\"Path 1047\" d=\"M44.5,22.073V11.008A7.508,7.508,0,0,1,52.008,3.5H78.88a7.508,7.508,0,0,1,7.508,7.508V22.073\" transform=\"translate(-12.096 -3.5)\" fill=\"none\" stroke=\"#e1077c\" stroke-miterlimit=\"10\" stroke-width=\"7\"\/>\n  <\/g>\n<\/svg>\n                                    <\/p>\n                                    <p class=\"one-pfg-title\">\n                                        Offres d&#8217;emploi                                    <\/p>\n                                                                            <p class=\"one-pfg-text small-font-size mb_0\">\n                                            Postulez \u00e0 un emploi qui vous convient. Vous trouverez ici les offres d&#8217;emploi actuelles.<br \/>\r\n<br \/>\r\n<br \/>\r\n                                        <\/p>\n                                                                    <\/div>\n                                <div>\n                                    <p class=\"one-pfg-button\">\n                                                <a href=\"\/fr\/exercice-de-la-profession\/stelleninserate\/\" class=\"the-button\">\n            En savoir plus        <\/a>\n                                        <\/p>\n                                <\/div>\n                            <\/div>\n                        <\/div>\n                                                <div class=\"col-lg-3 col-md-4 col-sm-6\">\n                            <div class=\"one-pre-footer-grid\">\n                                <div>\n                                    <p class=\"one-pfg-icon\">\n                                        <?xml version=\"1.0\" encoding=\"utf-8\"?>\n<svg id=\"1923icon_Verordnung_Ergotherapie\" data-name=\"icon Verordnung  Ergotherapie\" xmlns=\"http:\/\/www.w3.org\/2000\/svg\" xmlns:xlink=\"http:\/\/www.w3.org\/1999\/xlink\" width=\"129.594\" height=\"127.813\" viewBox=\"0 0 129.594 127.813\">\n  <defs>\n    <clipPath id=\"1923clip-path\">\n      <rect id=\"1923Rectangle_337\" data-name=\"Rectangle 337\" width=\"129.594\" height=\"127.813\" fill=\"none\" stroke=\"#e1077c\" stroke-width=\"1\"\/>\n    <\/clipPath>\n  <\/defs>\n  <g id=\"1923Group_1026\" data-name=\"Group 1026\">\n    <g id=\"1923Group_1025\" data-name=\"Group 1025\" clip-path=\"url(#1923clip-path)\">\n      <path id=\"1923Path_996\" data-name=\"Path 996\" d=\"M101.522,99.942v24.644H3.5V3.5h98.022V33.772\" transform=\"translate(-0.137 -0.137)\" fill=\"none\" stroke=\"#e1077c\" stroke-miterlimit=\"10\" stroke-width=\"7\"\/>\n    <\/g>\n  <\/g>\n  <line id=\"1923Line_68\" data-name=\"Line 68\" x2=\"33.701\" transform=\"translate(30.141 69.673)\" fill=\"none\" stroke=\"#e1077c\" stroke-miterlimit=\"10\" stroke-width=\"7\"\/>\n  <line id=\"1923Line_69\" data-name=\"Line 69\" x1=\"4.11\" transform=\"translate(15.205 69.673)\" fill=\"none\" stroke=\"#e1077c\" stroke-miterlimit=\"10\" stroke-width=\"7\"\/>\n  <line id=\"1923Line_70\" data-name=\"Line 70\" x2=\"33.701\" transform=\"translate(30.652 84.086)\" fill=\"none\" stroke=\"#e1077c\" stroke-miterlimit=\"10\" stroke-width=\"7\"\/>\n  <line id=\"1923Line_71\" data-name=\"Line 71\" x1=\"4.11\" transform=\"translate(15.616 84.086)\" fill=\"none\" stroke=\"#e1077c\" stroke-miterlimit=\"10\" stroke-width=\"7\"\/>\n  <line id=\"1923Line_72\" data-name=\"Line 72\" x1=\"4.11\" transform=\"translate(15.616 97.541)\" fill=\"none\" stroke=\"#e1077c\" stroke-miterlimit=\"10\" stroke-width=\"7\"\/>\n  <line id=\"1923Line_73\" data-name=\"Line 73\" x2=\"33.701\" transform=\"translate(30.652 97.541)\" fill=\"none\" stroke=\"#e1077c\" stroke-miterlimit=\"10\" stroke-width=\"7\"\/>\n  <line id=\"1923Line_74\" data-name=\"Line 74\" x1=\"12.741\" transform=\"translate(51.89 113.428)\" fill=\"none\" stroke=\"#e1077c\" stroke-miterlimit=\"10\" stroke-width=\"7\"\/>\n  <g id=\"1923Group_1028\" data-name=\"Group 1028\">\n    <g id=\"1923Group_1027\" data-name=\"Group 1027\" clip-path=\"url(#1923clip-path)\">\n      <circle id=\"1923Ellipse_68\" data-name=\"Ellipse 68\" cx=\"20.661\" cy=\"20.661\" r=\"20.661\" transform=\"translate(31.231 16.817)\" fill=\"none\" stroke=\"#e1077c\" stroke-miterlimit=\"10\" stroke-width=\"7\"\/>\n      <path id=\"1923Path_997\" data-name=\"Path 997\" d=\"M39.5,52.176a15.085,15.085,0,0,1,13.948-7.971c5.739,0,10.792,2.2,13.317,7.971\" transform=\"translate(-1.541 -1.724)\" fill=\"none\" stroke=\"#e1077c\" stroke-miterlimit=\"10\" stroke-width=\"7\"\/>\n      <path id=\"1923Path_998\" data-name=\"Path 998\" d=\"M60.866,34.668c0,4.511-3.227,8.168-7.207,8.168s-7.207-3.658-7.207-8.168S49.679,26.5,53.659,26.5,60.866,30.158,60.866,34.668Z\" transform=\"translate(-1.812 -1.034)\" fill=\"none\" stroke=\"#e1077c\" stroke-miterlimit=\"10\" stroke-width=\"7\"\/>\n      <path id=\"1923Path_999\" data-name=\"Path 999\" d=\"M82.706,104.02l2.323-16.637,31.9-52.935L128.2,41.243,96.106,94.5Z\" transform=\"translate(-3.226 -1.344)\" fill=\"none\" stroke=\"#e1077c\" stroke-miterlimit=\"10\" stroke-width=\"7\"\/>\n      <line id=\"1923Line_75\" data-name=\"Line 75\" x2=\"11.273\" y2=\"6.794\" transform=\"translate(105.691 46.4)\" fill=\"none\" stroke=\"#e1077c\" stroke-miterlimit=\"10\" stroke-width=\"7\"\/>\n      <line id=\"1923Line_76\" data-name=\"Line 76\" x2=\"11.273\" y2=\"6.794\" transform=\"translate(83.436 83.588)\" fill=\"none\" stroke=\"#e1077c\" stroke-miterlimit=\"10\" stroke-width=\"7\"\/>\n    <\/g>\n  <\/g>\n<\/svg>\n                                    <\/p>\n                                    <p class=\"one-pfg-title\">\n                                        Prescription d&rsquo;ergoth\u00e9rapie                                    <\/p>\n                                                                            <p class=\"one-pfg-text small-font-size mb_0\">\n                                            Pour les m\u00e9decins : t\u00e9l\u00e9chargez ici le formulaire de prescription d&rsquo;ergoth\u00e9rapie.<br \/>\r\n<br \/>\r\n                                        <\/p>\n                                                                    <\/div>\n                                <div>\n                                    <p class=\"one-pfg-button\">\n                                                <a href=\"https:\/\/ergotherapie.ch\/fr\/ordonnance\/\" class=\"the-button\">\n             En savoir plus        <\/a>\n                                        <\/p>\n                                <\/div>\n                            <\/div>\n                        <\/div>\n                                        <\/div>\n            <\/div>\n        <\/div>\n        ","protected":false},"excerpt":{"rendered":"","protected":false},"author":5,"featured_media":0,"parent":0,"menu_order":0,"comment_status":"closed","ping_status":"closed","template":"","meta":{"_acf_changed":false,"footnotes":""},"class_list":["post-9032","page","type-page","status-publish","hentry"],"acf":[],"yoast_head":"<!-- This site is optimized with the Yoast SEO Premium plugin v27.4 (Yoast SEO v27.4) - https:\/\/yoast.com\/product\/yoast-seo-premium-wordpress\/ -->\n<title>Recherche - Ergotherapie-Verband<\/title>\n<meta name=\"robots\" content=\"index, follow, max-snippet:-1, max-image-preview:large, max-video-preview:-1\" \/>\n<link rel=\"canonical\" href=\"https:\/\/ergotherapie.ch\/fr\/recherche\/\" \/>\n<meta property=\"og:locale\" content=\"fr_FR\" \/>\n<meta property=\"og:type\" content=\"article\" \/>\n<meta property=\"og:title\" content=\"Recherche\" \/>\n<meta property=\"og:url\" content=\"https:\/\/ergotherapie.ch\/fr\/recherche\/\" \/>\n<meta property=\"og:site_name\" content=\"Ergotherapie-Verband\" \/>\n<meta property=\"article:modified_time\" content=\"2026-03-25T14:55:31+00:00\" \/>\n<meta name=\"twitter:card\" content=\"summary_large_image\" \/>\n<script type=\"application\/ld+json\" class=\"yoast-schema-graph\">{\"@context\":\"https:\\\/\\\/schema.org\",\"@graph\":[{\"@type\":\"WebPage\",\"@id\":\"https:\\\/\\\/ergotherapie.ch\\\/fr\\\/recherche\\\/\",\"url\":\"https:\\\/\\\/ergotherapie.ch\\\/fr\\\/recherche\\\/\",\"name\":\"Recherche - Ergotherapie-Verband\",\"isPartOf\":{\"@id\":\"https:\\\/\\\/ergotherapie.ch\\\/fr\\\/#website\"},\"datePublished\":\"2024-12-23T20:17:38+00:00\",\"dateModified\":\"2026-03-25T14:55:31+00:00\",\"breadcrumb\":{\"@id\":\"https:\\\/\\\/ergotherapie.ch\\\/fr\\\/recherche\\\/#breadcrumb\"},\"inLanguage\":\"fr-FR\",\"potentialAction\":[{\"@type\":\"ReadAction\",\"target\":[\"https:\\\/\\\/ergotherapie.ch\\\/fr\\\/recherche\\\/\"]}]},{\"@type\":\"BreadcrumbList\",\"@id\":\"https:\\\/\\\/ergotherapie.ch\\\/fr\\\/recherche\\\/#breadcrumb\",\"itemListElement\":[{\"@type\":\"ListItem\",\"position\":1,\"name\":\"Home\",\"item\":\"https:\\\/\\\/ergotherapie.ch\\\/fr\\\/\"},{\"@type\":\"ListItem\",\"position\":2,\"name\":\"Recherche\"}]},{\"@type\":\"WebSite\",\"@id\":\"https:\\\/\\\/ergotherapie.ch\\\/fr\\\/#website\",\"url\":\"https:\\\/\\\/ergotherapie.ch\\\/fr\\\/\",\"name\":\"Ergotherapie-Verband\",\"description\":\"\",\"potentialAction\":[{\"@type\":\"SearchAction\",\"target\":{\"@type\":\"EntryPoint\",\"urlTemplate\":\"https:\\\/\\\/ergotherapie.ch\\\/fr\\\/?s={search_term_string}\"},\"query-input\":{\"@type\":\"PropertyValueSpecification\",\"valueRequired\":true,\"valueName\":\"search_term_string\"}}],\"inLanguage\":\"fr-FR\"}]}<\/script>\n<!-- \/ Yoast SEO Premium plugin. -->","yoast_head_json":{"title":"Recherche - Ergotherapie-Verband","robots":{"index":"index","follow":"follow","max-snippet":"max-snippet:-1","max-image-preview":"max-image-preview:large","max-video-preview":"max-video-preview:-1"},"canonical":"https:\/\/ergotherapie.ch\/fr\/recherche\/","og_locale":"fr_FR","og_type":"article","og_title":"Recherche","og_url":"https:\/\/ergotherapie.ch\/fr\/recherche\/","og_site_name":"Ergotherapie-Verband","article_modified_time":"2026-03-25T14:55:31+00:00","twitter_card":"summary_large_image","schema":{"@context":"https:\/\/schema.org","@graph":[{"@type":"WebPage","@id":"https:\/\/ergotherapie.ch\/fr\/recherche\/","url":"https:\/\/ergotherapie.ch\/fr\/recherche\/","name":"Recherche - Ergotherapie-Verband","isPartOf":{"@id":"https:\/\/ergotherapie.ch\/fr\/#website"},"datePublished":"2024-12-23T20:17:38+00:00","dateModified":"2026-03-25T14:55:31+00:00","breadcrumb":{"@id":"https:\/\/ergotherapie.ch\/fr\/recherche\/#breadcrumb"},"inLanguage":"fr-FR","potentialAction":[{"@type":"ReadAction","target":["https:\/\/ergotherapie.ch\/fr\/recherche\/"]}]},{"@type":"BreadcrumbList","@id":"https:\/\/ergotherapie.ch\/fr\/recherche\/#breadcrumb","itemListElement":[{"@type":"ListItem","position":1,"name":"Home","item":"https:\/\/ergotherapie.ch\/fr\/"},{"@type":"ListItem","position":2,"name":"Recherche"}]},{"@type":"WebSite","@id":"https:\/\/ergotherapie.ch\/fr\/#website","url":"https:\/\/ergotherapie.ch\/fr\/","name":"Ergotherapie-Verband","description":"","potentialAction":[{"@type":"SearchAction","target":{"@type":"EntryPoint","urlTemplate":"https:\/\/ergotherapie.ch\/fr\/?s={search_term_string}"},"query-input":{"@type":"PropertyValueSpecification","valueRequired":true,"valueName":"search_term_string"}}],"inLanguage":"fr-FR"}]}},"_links":{"self":[{"href":"https:\/\/ergotherapie.ch\/fr\/wp-json\/wp\/v2\/pages\/9032","targetHints":{"allow":["GET"]}}],"collection":[{"href":"https:\/\/ergotherapie.ch\/fr\/wp-json\/wp\/v2\/pages"}],"about":[{"href":"https:\/\/ergotherapie.ch\/fr\/wp-json\/wp\/v2\/types\/page"}],"author":[{"embeddable":true,"href":"https:\/\/ergotherapie.ch\/fr\/wp-json\/wp\/v2\/users\/5"}],"replies":[{"embeddable":true,"href":"https:\/\/ergotherapie.ch\/fr\/wp-json\/wp\/v2\/comments?post=9032"}],"version-history":[{"count":10,"href":"https:\/\/ergotherapie.ch\/fr\/wp-json\/wp\/v2\/pages\/9032\/revisions"}],"predecessor-version":[{"id":22611,"href":"https:\/\/ergotherapie.ch\/fr\/wp-json\/wp\/v2\/pages\/9032\/revisions\/22611"}],"wp:attachment":[{"href":"https:\/\/ergotherapie.ch\/fr\/wp-json\/wp\/v2\/media?parent=9032"}],"curies":[{"name":"wp","href":"https:\/\/api.w.org\/{rel}","templated":true}]}}