{"id":9276,"date":"2025-02-24T19:40:40","date_gmt":"2025-02-24T17:40:40","guid":{"rendered":"https:\/\/dev.ergo.bertaeins.ch\/aktuelle-umfragen\/"},"modified":"2026-02-05T15:16:42","modified_gmt":"2026-02-05T13:16:42","slug":"etudes-actuelles","status":"publish","type":"page","link":"https:\/\/ergotherapie.ch\/fr\/etudes-actuelles\/","title":{"rendered":"Etudes &amp; enqu\u00eates"},"content":{"rendered":"<div id=\"hero-with-arc\">\n    <div class=\"container-fluid\">\n        <div class=\"hero-with-arc-art\">\n            <img decoding=\"async\" src=\"https:\/\/ergotherapie.ch\/wp-content\/themes\/ergo-theme\/assets\/images\/header_arc.svg\" alt=\"Arc\" \/>\n        <\/div>\n        <div class=\"hw-content\">\n            <div class=\"hw-content-editor-wrapper\">\n                <h2>Enqu\u00eates et \u00e9tudes actuelles<\/h2>\n<p><strong>Nous cherchons des <!--StartFragment --><span class=\"cf0\">participant<\/span><span class=\"cf1\">\u00b7e\u00b7<\/span><span class=\"cf0\">s <\/span><!--EndFragment --> !<\/strong><\/p>\n<p>Nous communiquons ici des enqu\u00eates et des \u00e9tudes actuelles en rapport avec l&rsquo;ergoth\u00e9rapie, r\u00e9alis\u00e9es par des prestataires externes. La participation se fait sous votre propre responsabilit\u00e9.<\/p>\n                            <\/div>\n        <\/div>\n    <\/div>\n<\/div>\n\n\n<div         class=\"wysiwyg padding-large  \">\n    <div class=\"container-fluid\">\n        <div class=\"wysiwyg-inner-container\">\n            <div id=\"surveytitlelogo\" class=\"survey-titlebar\" role=\"banner\" data-mlm-text-align=\"left\">\n<div class=\"survey-titlebar__left\" data-mlm-text-align=\"left\">\n<h3 id=\"surveytitle\" data-mlm=\"survey-title\" data-mlm-text-align=\"left\">Enqu\u00eate sur la mobilit\u00e9, la participation communautaire et la sant\u00e9<\/h3>\n<\/div>\n<div id=\"changeFont\" class=\"survey-titlebar__right\" data-mlm-text-align=\"right\">\n<div class=\"bubbleInfo\" data-mlm-text-align=\"right\"><\/div>\n<\/div>\n<\/div>\n<div id=\"surveyinstructions\" data-mlm=\"survey-instructions\" data-mlm-text-align=\"left\">\n<p>&nbsp;<\/p>\n<p>L&rsquo;objectif g\u00e9n\u00e9ral du projet MOBILE est d&rsquo;obtenir un aper\u00e7u de la mobilit\u00e9, de la participation\u00a0communautaire\u00a0et de la sant\u00e9 des personnes qui sont ou non en situation de handicap et\/ou pr\u00e9sentent des maladies chroniques. Dans le cadre de ce projet, cette enqu\u00eate vise \u00e0 d\u00e9terminer s&rsquo;il existe des diff\u00e9rences entre les personnes qui sont ou non en situation de handicap et\/ou pr\u00e9sentent des maladies chroniques en ce qui concerne la fr\u00e9quentation de lieux importants, la diversit\u00e9 des moyens de transport, la satisfaction \u00e0 l&rsquo;\u00e9gard de la participation \u00a0communautaire et la qualit\u00e9 de vie. En outre, une comparaison internationale entre deux pays europ\u00e9ens (la Suisse et la Su\u00e8de) sera effectu\u00e9e. Par la suite, des recommandations d&rsquo;action seront \u00e9labor\u00e9es sur la base des constatations dress\u00e9es afin d&rsquo;am\u00e9liorer la participation communautaire des personnes en situation de handicap et\/ou pr\u00e9sentant des maladies chroniques en fonction de leurs besoins.<br \/>\nL&rsquo;enqu\u00eate est r\u00e9alis\u00e9e de f\u00e9vrier \u00e0 avril 2026. Pour r\u00e9pondre aux questions, il faut compter environ 15-20 minutes. L&rsquo;enqu\u00eate peut \u00eatre remplie en fran\u00e7ais, allemand, italien, anglais ou su\u00e9dois. Le bouton \u00ab\u00a0Enregistrer et reprendre plus tard\u00a0\u00bb vous permet d&rsquo;interrompre l&rsquo;enqu\u00eate et de la reprendre plus tard en saisissant le code fourni.<\/p>\n<p><strong>Qu&rsquo;advient-il de mes donn\u00e9es\u00a0?<\/strong><\/p>\n<p>Vos donn\u00e9es sont collect\u00e9es et stock\u00e9es \u00e0 l&rsquo;aide d&rsquo;un logiciel d&rsquo;\u00e9tude s\u00e9curis\u00e9 appel\u00e9 REDCap, qui est conforme aux r\u00e9glementations nationales en mati\u00e8re d&rsquo;\u00e9thique et aux prescriptions suisses sur les \u00e9tudes li\u00e9es \u00e0 la sant\u00e9. Nous ne pouvons pas vous identifier, car la participation \u00e0 l&rsquo;enqu\u00eate est anonyme. Les donn\u00e9es personnelles qui permettent de tirer des conclusions sur votre personne ne seront pas transmises \u00e0 des tiers. Les donn\u00e9es anonymes sont t\u00e9l\u00e9charg\u00e9es sur un support de donn\u00e9es conform\u00e9ment aux exigences du Fonds national suisse et \u00e0 sa politique d&rsquo;open data (ouverture des donn\u00e9es). Vos donn\u00e9es peuvent \u00eatre importantes par la suite pour r\u00e9pondre \u00e0 d&rsquo;autres questions de recherche et donc \u00eatre utilis\u00e9es sous forme anonyme.<br \/>\nVotre participation est volontaire et vous pouvez vous retirer du projet de recherche \u00e0 tout moment sans avoir \u00e0 vous justifier. Les donn\u00e9es collect\u00e9es jusqu&rsquo;\u00e0 cette date continueront \u00e0 \u00eatre analys\u00e9es sous forme crypt\u00e9e.<\/p>\n<p><b>Participez !<\/b><\/p>\n<p>Votre exp\u00e9rience est pr\u00e9cieuse. La participation \u00e0 l&rsquo;enqu\u00eate dure <b>environ 15 \u00e0 20 minutes<\/b>.<\/p>\n<p>\ud83d\udc49 <b>Cliquez ici pour acc\u00e9der directement \u00e0 l&rsquo;enqu\u00eate :<\/b><\/p>\n<p><a href=\"https:\/\/redcap.zhaw.ch\/surveys\/?s=XLC8XNL7EWYLHER3\" target=\"_blank\" rel=\"noopener\"><u>Enqu\u00eate sur la mobilit\u00e9, la participation sociale et la san<\/u><u>t<\/u><u>\u00e9<\/u><\/a><\/p>\n<p>&nbsp;<\/p>\n<p><strong>\u00c0 qui puis-je m&rsquo;adresser si j&rsquo;ai des questions\u00a0?<\/strong><\/p>\n<p>Si vous avez des questions ou si vous avez besoin d&rsquo;aide pour remplir l&rsquo;enqu\u00eate, nous nous tenons \u00e0 votre disposition par e-mail\u00a0<a href=\"mailto:(mobilitaet.gesundheit@zhaw.ch\">(mobilitaet.gesundheit@zhaw.ch)<\/a>\u00a0ou par t\u00e9l\u00e9phone (+41 21 651 62 52).<br \/>\nPour plus d&rsquo;informations sur le projet, veuillez consulter notre page web sur le projet\u00a0:\u00a0<a href=\"https:\/\/www.zhaw.ch\/fr\/gesundheit\/forschung\/ergotherapie\/projekte\/translate-to-fr-welchen-einfluss-hat-die-mobilitaet-auf-die-teilhabe-und-gesundheit-von-menschen-mit-behinderungen\">En quoi la mobilit\u00e9 influence-t-elle la participation et la sant\u00e9 des personnes en situation de handicap\u00a0? | ZHAW Gesundheit<\/a><\/p>\n<p><strong>Nous vous remercions de votre participation !<\/strong><\/p>\n<\/div>\n        <\/div>\n    <\/div>\n<\/div>\n","protected":false},"excerpt":{"rendered":"","protected":false},"author":5,"featured_media":0,"parent":0,"menu_order":0,"comment_status":"closed","ping_status":"closed","template":"","meta":{"_acf_changed":false,"footnotes":""},"class_list":["post-9276","page","type-page","status-publish","hentry"],"acf":[],"yoast_head":"<!-- This site is optimized with the Yoast SEO Premium plugin v27.4 (Yoast SEO v27.4) - https:\/\/yoast.com\/product\/yoast-seo-premium-wordpress\/ -->\n<title>Etudes &amp; enqu\u00eates - Ergotherapie-Verband<\/title>\n<meta name=\"robots\" content=\"index, follow, max-snippet:-1, max-image-preview:large, max-video-preview:-1\" \/>\n<link rel=\"canonical\" href=\"https:\/\/ergotherapie.ch\/fr\/etudes-actuelles\/\" \/>\n<meta property=\"og:locale\" content=\"fr_FR\" \/>\n<meta property=\"og:type\" content=\"article\" \/>\n<meta property=\"og:title\" content=\"Etudes &amp; enqu\u00eates\" \/>\n<meta property=\"og:url\" content=\"https:\/\/ergotherapie.ch\/fr\/etudes-actuelles\/\" \/>\n<meta property=\"og:site_name\" content=\"Ergotherapie-Verband\" \/>\n<meta property=\"article:modified_time\" content=\"2026-02-05T13:16:42+00:00\" \/>\n<meta name=\"twitter:card\" content=\"summary_large_image\" \/>\n<script type=\"application\/ld+json\" class=\"yoast-schema-graph\">{\"@context\":\"https:\\\/\\\/schema.org\",\"@graph\":[{\"@type\":\"WebPage\",\"@id\":\"https:\\\/\\\/ergotherapie.ch\\\/fr\\\/etudes-actuelles\\\/\",\"url\":\"https:\\\/\\\/ergotherapie.ch\\\/fr\\\/etudes-actuelles\\\/\",\"name\":\"Etudes &amp; enqu\u00eates - Ergotherapie-Verband\",\"isPartOf\":{\"@id\":\"https:\\\/\\\/ergotherapie.ch\\\/fr\\\/#website\"},\"datePublished\":\"2025-02-24T17:40:40+00:00\",\"dateModified\":\"2026-02-05T13:16:42+00:00\",\"breadcrumb\":{\"@id\":\"https:\\\/\\\/ergotherapie.ch\\\/fr\\\/etudes-actuelles\\\/#breadcrumb\"},\"inLanguage\":\"fr-FR\",\"potentialAction\":[{\"@type\":\"ReadAction\",\"target\":[\"https:\\\/\\\/ergotherapie.ch\\\/fr\\\/etudes-actuelles\\\/\"]}]},{\"@type\":\"BreadcrumbList\",\"@id\":\"https:\\\/\\\/ergotherapie.ch\\\/fr\\\/etudes-actuelles\\\/#breadcrumb\",\"itemListElement\":[{\"@type\":\"ListItem\",\"position\":1,\"name\":\"Home\",\"item\":\"https:\\\/\\\/ergotherapie.ch\\\/fr\\\/\"},{\"@type\":\"ListItem\",\"position\":2,\"name\":\"Etudes &amp; enqu\u00eates\"}]},{\"@type\":\"WebSite\",\"@id\":\"https:\\\/\\\/ergotherapie.ch\\\/fr\\\/#website\",\"url\":\"https:\\\/\\\/ergotherapie.ch\\\/fr\\\/\",\"name\":\"Ergotherapie-Verband\",\"description\":\"\",\"potentialAction\":[{\"@type\":\"SearchAction\",\"target\":{\"@type\":\"EntryPoint\",\"urlTemplate\":\"https:\\\/\\\/ergotherapie.ch\\\/fr\\\/?s={search_term_string}\"},\"query-input\":{\"@type\":\"PropertyValueSpecification\",\"valueRequired\":true,\"valueName\":\"search_term_string\"}}],\"inLanguage\":\"fr-FR\"}]}<\/script>\n<!-- \/ Yoast SEO Premium plugin. -->","yoast_head_json":{"title":"Etudes &amp; enqu\u00eates - Ergotherapie-Verband","robots":{"index":"index","follow":"follow","max-snippet":"max-snippet:-1","max-image-preview":"max-image-preview:large","max-video-preview":"max-video-preview:-1"},"canonical":"https:\/\/ergotherapie.ch\/fr\/etudes-actuelles\/","og_locale":"fr_FR","og_type":"article","og_title":"Etudes &amp; enqu\u00eates","og_url":"https:\/\/ergotherapie.ch\/fr\/etudes-actuelles\/","og_site_name":"Ergotherapie-Verband","article_modified_time":"2026-02-05T13:16:42+00:00","twitter_card":"summary_large_image","schema":{"@context":"https:\/\/schema.org","@graph":[{"@type":"WebPage","@id":"https:\/\/ergotherapie.ch\/fr\/etudes-actuelles\/","url":"https:\/\/ergotherapie.ch\/fr\/etudes-actuelles\/","name":"Etudes &amp; enqu\u00eates - Ergotherapie-Verband","isPartOf":{"@id":"https:\/\/ergotherapie.ch\/fr\/#website"},"datePublished":"2025-02-24T17:40:40+00:00","dateModified":"2026-02-05T13:16:42+00:00","breadcrumb":{"@id":"https:\/\/ergotherapie.ch\/fr\/etudes-actuelles\/#breadcrumb"},"inLanguage":"fr-FR","potentialAction":[{"@type":"ReadAction","target":["https:\/\/ergotherapie.ch\/fr\/etudes-actuelles\/"]}]},{"@type":"BreadcrumbList","@id":"https:\/\/ergotherapie.ch\/fr\/etudes-actuelles\/#breadcrumb","itemListElement":[{"@type":"ListItem","position":1,"name":"Home","item":"https:\/\/ergotherapie.ch\/fr\/"},{"@type":"ListItem","position":2,"name":"Etudes &amp; enqu\u00eates"}]},{"@type":"WebSite","@id":"https:\/\/ergotherapie.ch\/fr\/#website","url":"https:\/\/ergotherapie.ch\/fr\/","name":"Ergotherapie-Verband","description":"","potentialAction":[{"@type":"SearchAction","target":{"@type":"EntryPoint","urlTemplate":"https:\/\/ergotherapie.ch\/fr\/?s={search_term_string}"},"query-input":{"@type":"PropertyValueSpecification","valueRequired":true,"valueName":"search_term_string"}}],"inLanguage":"fr-FR"}]}},"_links":{"self":[{"href":"https:\/\/ergotherapie.ch\/fr\/wp-json\/wp\/v2\/pages\/9276","targetHints":{"allow":["GET"]}}],"collection":[{"href":"https:\/\/ergotherapie.ch\/fr\/wp-json\/wp\/v2\/pages"}],"about":[{"href":"https:\/\/ergotherapie.ch\/fr\/wp-json\/wp\/v2\/types\/page"}],"author":[{"embeddable":true,"href":"https:\/\/ergotherapie.ch\/fr\/wp-json\/wp\/v2\/users\/5"}],"replies":[{"embeddable":true,"href":"https:\/\/ergotherapie.ch\/fr\/wp-json\/wp\/v2\/comments?post=9276"}],"version-history":[{"count":35,"href":"https:\/\/ergotherapie.ch\/fr\/wp-json\/wp\/v2\/pages\/9276\/revisions"}],"predecessor-version":[{"id":21103,"href":"https:\/\/ergotherapie.ch\/fr\/wp-json\/wp\/v2\/pages\/9276\/revisions\/21103"}],"wp:attachment":[{"href":"https:\/\/ergotherapie.ch\/fr\/wp-json\/wp\/v2\/media?parent=9276"}],"curies":[{"name":"wp","href":"https:\/\/api.w.org\/{rel}","templated":true}]}}