{"id":9491,"date":"2025-02-26T10:31:22","date_gmt":"2025-02-26T08:31:22","guid":{"rendered":"https:\/\/dev.ergo.bertaeins.ch\/kuendigung\/"},"modified":"2025-03-28T14:30:35","modified_gmt":"2025-03-28T14:30:35","slug":"resiliation","status":"publish","type":"page","link":"https:\/\/ergotherapie.ch\/fr\/resiliation\/","title":{"rendered":"R\u00e9siliation"},"content":{"rendered":"<div id=\"hero-with-arc\">\n    <div class=\"container-fluid\">\n        <div class=\"hero-with-arc-art\">\n            <img decoding=\"async\" src=\"https:\/\/ergotherapie.ch\/wp-content\/themes\/ergo-theme\/assets\/images\/header_arc.svg\" alt=\"Arc\" \/>\n        <\/div>\n        <div class=\"hw-content\">\n            <div class=\"hw-content-editor-wrapper\">\n                <h1>R\u00e9siliation<\/h1>\n                            <\/div>\n        <\/div>\n    <\/div>\n<\/div>\n\n\n<div         class=\"wysiwyg padding-none  \">\n    <div class=\"container-fluid\">\n        <div class=\"wysiwyg-inner-container\">\n            <div class=\"frm_forms  with_frm_style frm_style_formidable-style\" id=\"frm_form_19_container\" data-token=\"6c0d14a7dd3d3b60d1d7d3c81dc4e2e9\">\n<form enctype=\"multipart\/form-data\" method=\"post\" class=\"frm-show-form  frm_pro_form \" id=\"form_antrag-evs-einzelmitgliedschaft-kuendigung2\" data-token=\"6c0d14a7dd3d3b60d1d7d3c81dc4e2e9\">\n<div class=\"frm_form_fields \">\n<fieldset>\n<legend class=\"frm_screen_reader\">Antrag EVS-Einzelmitgliedschaft &#8211; K\u00fcndigung FR<\/legend>\r\n\r\n<div class=\"frm_fields_container\">\n<input type=\"hidden\" name=\"frm_action\" value=\"create\" \/>\n<input type=\"hidden\" name=\"form_id\" value=\"19\" \/>\n<input type=\"hidden\" name=\"frm_hide_fields_19\" id=\"frm_hide_fields_19\" value=\"\" \/>\n<input type=\"hidden\" name=\"form_key\" value=\"antrag-evs-einzelmitgliedschaft-kuendigung2\" \/>\n<input type=\"hidden\" name=\"item_meta[0]\" value=\"\" \/>\n<input type=\"hidden\" id=\"frm_submit_entry_19\" name=\"frm_submit_entry_19\" value=\"dbc0ff12fa\" \/><input type=\"hidden\" name=\"_wp_http_referer\" value=\"\/fr\/wp-json\/wp\/v2\/pages\/9491\" \/><div id=\"frm_field_376_container\" class=\"frm_form_field form-field  frm_top_container\">\r\n\t<label for=\"field_70ld054\" id=\"field_70ld054_label\" class=\"frm_primary_label\">Nom\r\n\t\t<span class=\"frm_required\" aria-hidden=\"true\"><\/span>\r\n\t<\/label>\r\n\t<input  type=\"text\" id=\"field_70ld054\" name=\"item_meta[376]\" value=\"\"  data-invmsg=\"Nom ist ung\u00fcltig\" aria-invalid=\"false\"   \/>\r\n\t\r\n\t\r\n<\/div>\n<div id=\"frm_field_377_container\" class=\"frm_form_field form-field  frm_top_container\">\r\n\t<label for=\"field_15hr354\" id=\"field_15hr354_label\" class=\"frm_primary_label\">Pr\u00e9nom\r\n\t\t<span class=\"frm_required\" aria-hidden=\"true\"><\/span>\r\n\t<\/label>\r\n\t<input  type=\"text\" id=\"field_15hr354\" name=\"item_meta[377]\" value=\"\"  data-invmsg=\"Pr\u00e9nom ist ung\u00fcltig\" aria-invalid=\"false\"   \/>\r\n\t\r\n\t\r\n<\/div>\n<div id=\"frm_field_378_container\" class=\"frm_form_field form-field  frm_top_container\">\r\n\t<label for=\"field_e81co34\" id=\"field_e81co34_label\" class=\"frm_primary_label\">E-mail (priv\u00e9)\r\n\t\t<span class=\"frm_required\" aria-hidden=\"true\"><\/span>\r\n\t<\/label>\r\n\t<input type=\"email\" id=\"field_e81co34\" name=\"item_meta[378]\" value=\"\"  readonly=\"readonly\"  autocomplete=\"email\"  data-invmsg=\"E-mail (priv\u00e9) ist in einem ung\u00fcltigen Format.\" aria-invalid=\"false\"  \/>\r\n\t\r\n\t\r\n<\/div>\n<div id=\"frm_field_408_container\" class=\"frm_form_field form-field  frm_top_container\">\r\n\t<label for=\"field_d7t2n\" id=\"field_d7t2n_label\" class=\"frm_primary_label\">Raison\r\n\t\t<span class=\"frm_required\" aria-hidden=\"true\"><\/span>\r\n\t<\/label>\r\n\t<input  type=\"text\" id=\"field_d7t2n\" name=\"item_meta[408]\" value=\"\"  data-invmsg=\"Raison ist ung\u00fcltig\" aria-invalid=\"false\"   \/>\r\n\t\r\n\t\r\n<\/div>\n<div id=\"frm_field_379_container\" class=\"frm_form_field frm_section_heading form-field  frm12 frm_first\">\r\n<h3 class=\"frm_pos_top frm_section_spacing\">R\u00e9siliation<\/h3>\r\n\r\n\r\n<div id=\"frm_field_380_container\" class=\"frm_form_field form-field  frm_required_field frm_top_container frm12 frm_first vertical_radio\">\r\n\t<div  id=\"field_tezh32_label\" class=\"frm_primary_label\">Confirmer la r\u00e9siliation:\r\n\t\t<span class=\"frm_required\" aria-hidden=\"true\">*<\/span>\r\n\t<\/div>\r\n\t<div class=\"frm_opt_container\" aria-labelledby=\"field_tezh32_label\" role=\"group\">\t\t<div class=\"frm_checkbox\" id=\"frm_checkbox_380-379-0\">\t\t\t<label  for=\"field_tezh32-0\">\n\t\t\t<input type=\"checkbox\" name=\"item_meta[380][]\" id=\"field_tezh32-0\" value=\"Je confirme par la pr\u00e9sente que je souhaite r\u00e9silier mon adh\u00e9sion.\"  data-sectionid=\"379\"  data-reqmsg=\"Confirmer la r\u00e9siliation: darf nicht leer sein.\" data-invmsg=\"Confirmer la r\u00e9siliation: ist ung\u00fcltig\"   aria-required=\"true\"  \/> Je confirme par la pr\u00e9sente que je souhaite r\u00e9silier mon adh\u00e9sion.<\/label><\/div>\n<\/div>\r\n\t\r\n\t\r\n<\/div>\n<\/div>\n<div id=\"frm_field_391_container\" class=\"frm_form_field form-field  frm_none_container\">\r\n\t<label for=\"g-recaptcha-response\" id=\"field_4a4hr_label\" class=\"frm_primary_label\">Captcha\r\n\t\t<span class=\"frm_required\" aria-hidden=\"true\"><\/span>\r\n\t<\/label>\r\n\t<div  id=\"field_4a4hr\" class=\"frm-g-recaptcha\" data-sitekey=\"6LesWA4rAAAAABYOfdjArOatHdyKs-rKyRrj3AQB\" data-size=\"invisible\" data-theme=\"light\"><\/div>\r\n\t\r\n\t\r\n<\/div>\n<div id=\"frm_field_382_container\" class=\"frm_form_field form-field \">\r\n\t<div class=\"frm_submit frm_flex\">\r\n<button class=\"frm_button_submit frm_final_submit\" type=\"submit\"   formnovalidate=\"formnovalidate\">Envoyer<\/button>\r\n\r\n\r\n\r\n<\/div>\r\n<\/div>\n\t<input type=\"hidden\" name=\"item_key\" value=\"\" \/>\n\t\t\t<div id=\"frm_field_645_container\">\n\t\t\t<label for=\"field_zastm\" >\n\t\t\t\tSi vous \u00eates un humain, ne remplissez pas ce champ.\t\t\t<\/label>\n\t\t\t<input  id=\"field_zastm\" type=\"text\" class=\"frm_form_field form-field frm_verify\" name=\"item_meta[645]\" value=\"\"  \/>\n\t\t<\/div>\n\t\t<input name=\"frm_state\" type=\"hidden\" value=\"ftUEDtpgBw7uYNHCOurAqgckfX5+gP\/mgoKdGf6lw5nW5Yls2MJOrTSsP6KVx71i\" \/><\/div>\n<\/fieldset>\n<\/div>\n\n<\/form>\n<\/div>\n\n        <\/div>\n    <\/div>\n<\/div>\n","protected":false},"excerpt":{"rendered":"","protected":false},"author":6,"featured_media":0,"parent":0,"menu_order":0,"comment_status":"closed","ping_status":"closed","template":"","meta":{"_acf_changed":false,"footnotes":""},"class_list":["post-9491","page","type-page","status-publish","hentry"],"acf":[],"yoast_head":"<!-- This site is optimized with the Yoast SEO Premium plugin v27.2 (Yoast SEO v27.2) - https:\/\/yoast.com\/product\/yoast-seo-premium-wordpress\/ -->\n<title>R\u00e9siliation - Ergotherapie-Verband<\/title>\n<meta name=\"robots\" content=\"index, follow, max-snippet:-1, max-image-preview:large, max-video-preview:-1\" \/>\n<link rel=\"canonical\" href=\"https:\/\/ergotherapie.ch\/fr\/resiliation\/\" \/>\n<meta property=\"og:locale\" content=\"fr_FR\" \/>\n<meta property=\"og:type\" content=\"article\" \/>\n<meta property=\"og:title\" content=\"R\u00e9siliation\" \/>\n<meta property=\"og:url\" content=\"https:\/\/ergotherapie.ch\/fr\/resiliation\/\" \/>\n<meta property=\"og:site_name\" content=\"Ergotherapie-Verband\" \/>\n<meta property=\"article:modified_time\" content=\"2025-03-28T14:30:35+00:00\" \/>\n<meta name=\"twitter:card\" content=\"summary_large_image\" \/>\n<script type=\"application\/ld+json\" class=\"yoast-schema-graph\">{\"@context\":\"https:\/\/schema.org\",\"@graph\":[{\"@type\":\"WebPage\",\"@id\":\"https:\/\/ergotherapie.ch\/fr\/resiliation\/\",\"url\":\"https:\/\/ergotherapie.ch\/fr\/resiliation\/\",\"name\":\"R\u00e9siliation - Ergotherapie-Verband\",\"isPartOf\":{\"@id\":\"https:\/\/ergotherapie.ch\/fr\/#website\"},\"datePublished\":\"2025-02-26T08:31:22+00:00\",\"dateModified\":\"2025-03-28T14:30:35+00:00\",\"breadcrumb\":{\"@id\":\"https:\/\/ergotherapie.ch\/fr\/resiliation\/#breadcrumb\"},\"inLanguage\":\"fr-FR\",\"potentialAction\":[{\"@type\":\"ReadAction\",\"target\":[\"https:\/\/ergotherapie.ch\/fr\/resiliation\/\"]}]},{\"@type\":\"BreadcrumbList\",\"@id\":\"https:\/\/ergotherapie.ch\/fr\/resiliation\/#breadcrumb\",\"itemListElement\":[{\"@type\":\"ListItem\",\"position\":1,\"name\":\"Home\",\"item\":\"https:\/\/ergotherapie.ch\/fr\/\"},{\"@type\":\"ListItem\",\"position\":2,\"name\":\"R\u00e9siliation\"}]},{\"@type\":\"WebSite\",\"@id\":\"https:\/\/ergotherapie.ch\/fr\/#website\",\"url\":\"https:\/\/ergotherapie.ch\/fr\/\",\"name\":\"Ergotherapie-Verband\",\"description\":\"\",\"potentialAction\":[{\"@type\":\"SearchAction\",\"target\":{\"@type\":\"EntryPoint\",\"urlTemplate\":\"https:\/\/ergotherapie.ch\/fr\/?s={search_term_string}\"},\"query-input\":{\"@type\":\"PropertyValueSpecification\",\"valueRequired\":true,\"valueName\":\"search_term_string\"}}],\"inLanguage\":\"fr-FR\"}]}<\/script>\n<!-- \/ Yoast SEO Premium plugin. -->","yoast_head_json":{"title":"R\u00e9siliation - Ergotherapie-Verband","robots":{"index":"index","follow":"follow","max-snippet":"max-snippet:-1","max-image-preview":"max-image-preview:large","max-video-preview":"max-video-preview:-1"},"canonical":"https:\/\/ergotherapie.ch\/fr\/resiliation\/","og_locale":"fr_FR","og_type":"article","og_title":"R\u00e9siliation","og_url":"https:\/\/ergotherapie.ch\/fr\/resiliation\/","og_site_name":"Ergotherapie-Verband","article_modified_time":"2025-03-28T14:30:35+00:00","twitter_card":"summary_large_image","schema":{"@context":"https:\/\/schema.org","@graph":[{"@type":"WebPage","@id":"https:\/\/ergotherapie.ch\/fr\/resiliation\/","url":"https:\/\/ergotherapie.ch\/fr\/resiliation\/","name":"R\u00e9siliation - Ergotherapie-Verband","isPartOf":{"@id":"https:\/\/ergotherapie.ch\/fr\/#website"},"datePublished":"2025-02-26T08:31:22+00:00","dateModified":"2025-03-28T14:30:35+00:00","breadcrumb":{"@id":"https:\/\/ergotherapie.ch\/fr\/resiliation\/#breadcrumb"},"inLanguage":"fr-FR","potentialAction":[{"@type":"ReadAction","target":["https:\/\/ergotherapie.ch\/fr\/resiliation\/"]}]},{"@type":"BreadcrumbList","@id":"https:\/\/ergotherapie.ch\/fr\/resiliation\/#breadcrumb","itemListElement":[{"@type":"ListItem","position":1,"name":"Home","item":"https:\/\/ergotherapie.ch\/fr\/"},{"@type":"ListItem","position":2,"name":"R\u00e9siliation"}]},{"@type":"WebSite","@id":"https:\/\/ergotherapie.ch\/fr\/#website","url":"https:\/\/ergotherapie.ch\/fr\/","name":"Ergotherapie-Verband","description":"","potentialAction":[{"@type":"SearchAction","target":{"@type":"EntryPoint","urlTemplate":"https:\/\/ergotherapie.ch\/fr\/?s={search_term_string}"},"query-input":{"@type":"PropertyValueSpecification","valueRequired":true,"valueName":"search_term_string"}}],"inLanguage":"fr-FR"}]}},"_links":{"self":[{"href":"https:\/\/ergotherapie.ch\/fr\/wp-json\/wp\/v2\/pages\/9491","targetHints":{"allow":["GET"]}}],"collection":[{"href":"https:\/\/ergotherapie.ch\/fr\/wp-json\/wp\/v2\/pages"}],"about":[{"href":"https:\/\/ergotherapie.ch\/fr\/wp-json\/wp\/v2\/types\/page"}],"author":[{"embeddable":true,"href":"https:\/\/ergotherapie.ch\/fr\/wp-json\/wp\/v2\/users\/6"}],"replies":[{"embeddable":true,"href":"https:\/\/ergotherapie.ch\/fr\/wp-json\/wp\/v2\/comments?post=9491"}],"version-history":[{"count":2,"href":"https:\/\/ergotherapie.ch\/fr\/wp-json\/wp\/v2\/pages\/9491\/revisions"}],"predecessor-version":[{"id":10251,"href":"https:\/\/ergotherapie.ch\/fr\/wp-json\/wp\/v2\/pages\/9491\/revisions\/10251"}],"wp:attachment":[{"href":"https:\/\/ergotherapie.ch\/fr\/wp-json\/wp\/v2\/media?parent=9491"}],"curies":[{"name":"wp","href":"https:\/\/api.w.org\/{rel}","templated":true}]}}