{"id":9494,"date":"2025-02-26T09:58:45","date_gmt":"2025-02-26T07:58:45","guid":{"rendered":"https:\/\/dev.ergo.bertaeins.ch\/kategoriewechsel\/"},"modified":"2025-03-28T14:29:36","modified_gmt":"2025-03-28T14:29:36","slug":"changement-categorie","status":"publish","type":"page","link":"https:\/\/ergotherapie.ch\/fr\/changement-categorie\/","title":{"rendered":"Changement de cat\u00e9gorie de membre"},"content":{"rendered":"<div id=\"hero-with-arc\">\n    <div class=\"container-fluid\">\n        <div class=\"hero-with-arc-art\">\n            <img decoding=\"async\" src=\"https:\/\/ergotherapie.ch\/wp-content\/themes\/ergo-theme\/assets\/images\/header_arc.svg\" alt=\"Arc\" \/>\n        <\/div>\n        <div class=\"hw-content\">\n            <div class=\"hw-content-editor-wrapper\">\n                <h1>Changement de cat\u00e9gorie de membre<\/h1>\n                            <\/div>\n        <\/div>\n    <\/div>\n<\/div>\n\n\n<div         class=\"wysiwyg padding-none  \">\n    <div class=\"container-fluid\">\n        <div class=\"wysiwyg-inner-container\">\n            <div class=\"frm_forms  with_frm_style frm_style_formidable-style\" id=\"frm_form_18_container\" data-token=\"792448d501f6b2f0c37c11858fc2065b\">\n<form enctype=\"multipart\/form-data\" method=\"post\" class=\"frm-show-form  frm_pro_form \" id=\"form_antrag-evs-einzelmitgliedschaft-kategoriewechsel2\" data-token=\"792448d501f6b2f0c37c11858fc2065b\">\n<div class=\"frm_form_fields \">\n<fieldset>\n<legend class=\"frm_screen_reader\">Antrag EVS-Einzelmitgliedschaft &#8211; Kategoriewechsel FR<\/legend>\r\n\r\n<div class=\"frm_fields_container\">\n<input type=\"hidden\" name=\"frm_action\" value=\"create\" \/>\n<input type=\"hidden\" name=\"form_id\" value=\"18\" \/>\n<input type=\"hidden\" name=\"frm_hide_fields_18\" id=\"frm_hide_fields_18\" value=\"\" \/>\n<input type=\"hidden\" name=\"form_key\" value=\"antrag-evs-einzelmitgliedschaft-kategoriewechsel2\" \/>\n<input type=\"hidden\" name=\"item_meta[0]\" value=\"\" \/>\n<input type=\"hidden\" id=\"frm_submit_entry_18\" name=\"frm_submit_entry_18\" value=\"f3aa610a81\" \/><input type=\"hidden\" name=\"_wp_http_referer\" value=\"\/fr\/wp-json\/wp\/v2\/pages\/9494\" \/><div id=\"frm_field_363_container\" class=\"frm_form_field form-field  frm_top_container\">\r\n\t<label for=\"field_70ld053\" id=\"field_70ld053_label\" class=\"frm_primary_label\">Nom\r\n\t\t<span class=\"frm_required\" aria-hidden=\"true\"><\/span>\r\n\t<\/label>\r\n\t<input  type=\"text\" id=\"field_70ld053\" name=\"item_meta[363]\" value=\"\"  data-invmsg=\"Nom ist ung\u00fcltig\" aria-invalid=\"false\"   \/>\r\n\t\r\n\t\r\n<\/div>\n<div id=\"frm_field_364_container\" class=\"frm_form_field form-field  frm_top_container\">\r\n\t<label for=\"field_15hr353\" id=\"field_15hr353_label\" class=\"frm_primary_label\">Pr\u00e9nom\r\n\t\t<span class=\"frm_required\" aria-hidden=\"true\"><\/span>\r\n\t<\/label>\r\n\t<input  type=\"text\" id=\"field_15hr353\" name=\"item_meta[364]\" value=\"\"  data-invmsg=\"Pr\u00e9nom ist ung\u00fcltig\" aria-invalid=\"false\"   \/>\r\n\t\r\n\t\r\n<\/div>\n<div id=\"frm_field_365_container\" class=\"frm_form_field form-field  frm_top_container\">\r\n\t<label for=\"field_e81co33\" id=\"field_e81co33_label\" class=\"frm_primary_label\">E-mail (priv\u00e9)\r\n\t\t<span class=\"frm_required\" aria-hidden=\"true\"><\/span>\r\n\t<\/label>\r\n\t<input type=\"email\" id=\"field_e81co33\" name=\"item_meta[365]\" value=\"\"  autocomplete=\"email\"  data-invmsg=\"E-mail (priv\u00e9) ist in einem ung\u00fcltigen Format.\" aria-invalid=\"false\"  \/>\r\n\t\r\n\t\r\n<\/div>\n<div id=\"frm_field_366_container\" class=\"frm_form_field frm_section_heading form-field \">\r\n<h3 class=\"frm_pos_top frm_section_spacing\">Adh\u00e9sion \u00e0 la section\/Langue<\/h3>\r\n\r\n\r\n<div id=\"frm_field_367_container\" class=\"frm_form_field form-field  frm_required_field frm_top_container\">\r\n\t<label for=\"field_b6j8q52\" id=\"field_b6j8q52_label\" class=\"frm_primary_label\">Adh\u00e9sion \u00e0 la section\r\n\t\t<span class=\"frm_required\" aria-hidden=\"true\">*<\/span>\r\n\t<\/label>\r\n\t\t\t<select name=\"item_meta[367]\" id=\"field_b6j8q52\"  data-sectionid=\"366\"  data-frmval=\"Aargau (AG)\" data-reqmsg=\"Adh\u00e9sion \u00e0 la section darf nicht leer sein.\" aria-required=\"true\" data-invmsg=\"Adh\u00e9sion \u00e0 la section est non valide\" aria-invalid=\"false\"  >\n\t\t<option  value=\"Aargau (AG)\" selected='selected'>Aargau (AG)<\/option><option  value=\"Bern\/Solothurn (BE, SO)\">Bern\/Solothurn (BE, SO)<\/option><option  value=\"R\u00e9gion B\u00e2le (BS, BL)\">R\u00e9gion B\u00e2le (BS, BL)<\/option><option  value=\"Freiburg\/Fribourg (FR)\">Freiburg\/Fribourg (FR)<\/option><option  value=\"Genf\/Gen\u00e8ve (GE)\">Genf\/Gen\u00e8ve (GE)<\/option><option  value=\"Graub\u00fcnden\/Glarus (GR, GL)\">Graub\u00fcnden\/Glarus (GR, GL)<\/option><option  value=\"Jura-Jura Bernois (JU, BE)\">Jura-Jura Bernois (JU, BE)<\/option><option  value=\"Neuenburg\/Neuch\u00e2tel (NE)\">Neuenburg\/Neuch\u00e2tel (NE)<\/option><option  value=\"Ostschweiz (SG, AI, AR, TG)\">Ostschweiz (SG, AI, AR, TG)<\/option><option  value=\"Waadt\/Vaud (VD)\">Waadt\/Vaud (VD)<\/option><option  value=\"Wallis\/Valais (VS)\">Wallis\/Valais (VS)<\/option><option  value=\"Tessin\/Ticino (TI)\">Tessin\/Ticino (TI)<\/option><option  value=\"Zentralschweiz (ZG, SZ, LU, UR, OW, NW)\">Zentralschweiz (ZG, SZ, LU, UR, OW, NW)<\/option><option  value=\"Z\u00fcrich\/Schaffhausen (ZH, SH)\">Z\u00fcrich\/Schaffhausen (ZH, SH)<\/option>\t<\/select>\n\t\r\n\t\r\n\t\r\n<\/div>\n<\/div>\n<div id=\"frm_field_369_container\" class=\"frm_form_field frm_section_heading form-field \">\r\n<h3 class=\"frm_pos_top frm_section_spacing\">Cat\u00e9gorie\/Cotisation annuelle<\/h3>\r\n\r\n\r\n<div id=\"frm_field_370_container\" class=\"frm_form_field form-field  frm_required_field frm_top_container\">\r\n\t<label for=\"field_sj6n932\" id=\"field_sj6n932_label\" class=\"frm_primary_label\">Choisir la cat\u00e9gorie\r\n\t\t<span class=\"frm_required\" aria-hidden=\"true\">*<\/span>\r\n\t<\/label>\r\n\t\t\t<select name=\"item_meta[370]\" id=\"field_sj6n932\"  data-sectionid=\"369\"  data-frmval=\"A (actif, en activit\u00e9 professionnelle +51%)\" data-reqmsg=\"Choisir la cat\u00e9gorie darf nicht leer sein.\" aria-required=\"true\" data-invmsg=\"Choisir la cat\u00e9gorie ist ung\u00fcltig\" aria-invalid=\"false\"  >\n\t\t<option  value=\"A (actif, en activit\u00e9 professionnelle +51%)\" selected='selected'>A (actif, en activit\u00e9 professionnelle +51%)<\/option><option  value=\"B (actif, en activit\u00e9 professionnelle -50%)\">B (actif, en activit\u00e9 professionnelle -50%)<\/option><option  value=\"C (actif, sans activit\u00e9 professionnelle)\">C (actif, sans activit\u00e9 professionnelle)<\/option><option  value=\"D (actif, couple \/ famille)\">D (actif, couple \/ famille)<\/option><option  value=\"M (membre dans une association \u00e9trang\u00e8re ou \u00e0 l&#039;\u00e9tranger)\">M (membre dans une association \u00e9trang\u00e8re ou \u00e0 l&#039;\u00e9tranger)<\/option><option  value=\"P (passif, sans dipl\u00f4me WFOT reconnu)\">P (passif, sans dipl\u00f4me WFOT reconnu)<\/option><option  value=\"S (actif, \u00e9tudiants \/ retrait\u00e9s)\">S (actif, \u00e9tudiants \/ retrait\u00e9s)<\/option>\t<\/select>\n\t\r\n\t\r\n\t\r\n<\/div>\n<\/div>\n<div id=\"frm_field_372_container\" class=\"frm_form_field frm_section_heading form-field  frm12 frm_first\">\r\n<h3 class=\"frm_pos_top\">Adh\u00e9sion WFOT<\/h3>\r\n<div id=\"frm_desc_field_bxb1t33\" class=\"frm_description frm_section_spacing\">Cotisation annuelle: CHF 26.- pour membres actifs\u00b7ives, CHF 21.- pour \u00e9tudiant\u00b7e\u00b7s<\/div>\r\n\r\n<div id=\"frm_field_373_container\" class=\"frm_form_field form-field  frm_required_field frm_top_container frm12 frm_first vertical_radio\">\r\n\t<div  id=\"field_8d4ql32_label\" class=\"frm_primary_label\">Souhaitez-vous devenir membre individuel\u00b7e de la WFOT?\r\n\t\t<span class=\"frm_required\" aria-hidden=\"true\">*<\/span>\r\n\t<\/div>\r\n\t<div class=\"frm_opt_container\" aria-labelledby=\"field_8d4ql32_label\" role=\"radiogroup\" aria-required=\"true\">\t\t<div class=\"frm_radio\" id=\"frm_radio_373-372-0\">\t\t\t<label  for=\"field_8d4ql32-0\">\n\t\t\t\t\t<input type=\"radio\" name=\"item_meta[373]\" id=\"field_8d4ql32-0\" value=\"Oui\"\n\t\t data-sectionid=\"372\"  data-reqmsg=\"Souhaitez-vous devenir membre individuel\u00b7e de la WFOT? darf nicht leer sein.\" data-invmsg=\"Souhaitez-vous devenir membre individuel\u00b7e de la WFOT? est non valide\"   \/> Oui<\/label><\/div>\n\t\t<div class=\"frm_radio\" id=\"frm_radio_373-372-1\">\t\t\t<label  for=\"field_8d4ql32-1\">\n\t\t\t\t\t<input type=\"radio\" name=\"item_meta[373]\" id=\"field_8d4ql32-1\" value=\"Non\"\n\t\t data-sectionid=\"372\"  data-reqmsg=\"Souhaitez-vous devenir membre individuel\u00b7e de la WFOT? darf nicht leer sein.\" data-invmsg=\"Souhaitez-vous devenir membre individuel\u00b7e de la WFOT? est non valide\"   \/> Non<\/label><\/div>\n<\/div>\r\n\t\r\n\t\r\n<\/div>\n<\/div>\n<div id=\"frm_field_389_container\" class=\"frm_form_field form-field  frm_none_container\">\r\n\t<label for=\"g-recaptcha-response\" id=\"field_i6o8u_label\" class=\"frm_primary_label\">Captcha\r\n\t\t<span class=\"frm_required\" aria-hidden=\"true\"><\/span>\r\n\t<\/label>\r\n\t<div  id=\"field_i6o8u\" class=\"frm-g-recaptcha\" data-sitekey=\"6LesWA4rAAAAABYOfdjArOatHdyKs-rKyRrj3AQB\" data-size=\"invisible\" data-theme=\"light\"><\/div>\r\n\t\r\n\t\r\n<\/div>\n<div id=\"frm_field_375_container\" class=\"frm_form_field form-field \">\r\n\t<div class=\"frm_submit frm_flex\">\r\n<button class=\"frm_button_submit frm_final_submit\" type=\"submit\"   formnovalidate=\"formnovalidate\">Envoyer<\/button>\r\n\r\n\r\n\r\n<\/div>\r\n<\/div>\n\t<input type=\"hidden\" name=\"item_key\" value=\"\" \/>\n\t\t\t<div id=\"frm_field_645_container\">\n\t\t\t<label for=\"field_crtgg\" >\n\t\t\t\tSi vous \u00eates un humain, ne remplissez pas ce champ.\t\t\t<\/label>\n\t\t\t<input  id=\"field_crtgg\" type=\"text\" class=\"frm_form_field form-field frm_verify\" name=\"item_meta[645]\" value=\"\"  \/>\n\t\t<\/div>\n\t\t<input name=\"frm_state\" type=\"hidden\" value=\"ftUEDtpgBw7uYNHCOurAqieBGD3SOcjihnRCdmiAIM3W5Yls2MJOrTSsP6KVx71i\" \/><\/div>\n<\/fieldset>\n<\/div>\n\n<\/form>\n<\/div>\n\n        <\/div>\n    <\/div>\n<\/div>\n","protected":false},"excerpt":{"rendered":"","protected":false},"author":6,"featured_media":0,"parent":0,"menu_order":0,"comment_status":"closed","ping_status":"closed","template":"","meta":{"_acf_changed":false,"footnotes":""},"class_list":["post-9494","page","type-page","status-publish","hentry"],"acf":[],"yoast_head":"<!-- This site is optimized with the Yoast SEO Premium plugin v27.2 (Yoast SEO v27.2) - https:\/\/yoast.com\/product\/yoast-seo-premium-wordpress\/ -->\n<title>Changement de cat\u00e9gorie de membre - Ergotherapie-Verband<\/title>\n<meta name=\"robots\" content=\"index, follow, max-snippet:-1, max-image-preview:large, max-video-preview:-1\" \/>\n<link rel=\"canonical\" href=\"https:\/\/ergotherapie.ch\/fr\/changement-categorie\/\" \/>\n<meta property=\"og:locale\" content=\"fr_FR\" \/>\n<meta property=\"og:type\" content=\"article\" \/>\n<meta property=\"og:title\" content=\"Changement de cat\u00e9gorie de membre\" \/>\n<meta property=\"og:url\" content=\"https:\/\/ergotherapie.ch\/fr\/changement-categorie\/\" \/>\n<meta property=\"og:site_name\" content=\"Ergotherapie-Verband\" \/>\n<meta property=\"article:modified_time\" content=\"2025-03-28T14:29:36+00:00\" \/>\n<meta name=\"twitter:card\" content=\"summary_large_image\" \/>\n<script type=\"application\/ld+json\" class=\"yoast-schema-graph\">{\"@context\":\"https:\/\/schema.org\",\"@graph\":[{\"@type\":\"WebPage\",\"@id\":\"https:\/\/ergotherapie.ch\/fr\/changement-categorie\/\",\"url\":\"https:\/\/ergotherapie.ch\/fr\/changement-categorie\/\",\"name\":\"Changement de cat\u00e9gorie de membre - Ergotherapie-Verband\",\"isPartOf\":{\"@id\":\"https:\/\/ergotherapie.ch\/fr\/#website\"},\"datePublished\":\"2025-02-26T07:58:45+00:00\",\"dateModified\":\"2025-03-28T14:29:36+00:00\",\"breadcrumb\":{\"@id\":\"https:\/\/ergotherapie.ch\/fr\/changement-categorie\/#breadcrumb\"},\"inLanguage\":\"fr-FR\",\"potentialAction\":[{\"@type\":\"ReadAction\",\"target\":[\"https:\/\/ergotherapie.ch\/fr\/changement-categorie\/\"]}]},{\"@type\":\"BreadcrumbList\",\"@id\":\"https:\/\/ergotherapie.ch\/fr\/changement-categorie\/#breadcrumb\",\"itemListElement\":[{\"@type\":\"ListItem\",\"position\":1,\"name\":\"Home\",\"item\":\"https:\/\/ergotherapie.ch\/fr\/\"},{\"@type\":\"ListItem\",\"position\":2,\"name\":\"Changement de cat\u00e9gorie de membre\"}]},{\"@type\":\"WebSite\",\"@id\":\"https:\/\/ergotherapie.ch\/fr\/#website\",\"url\":\"https:\/\/ergotherapie.ch\/fr\/\",\"name\":\"Ergotherapie-Verband\",\"description\":\"\",\"potentialAction\":[{\"@type\":\"SearchAction\",\"target\":{\"@type\":\"EntryPoint\",\"urlTemplate\":\"https:\/\/ergotherapie.ch\/fr\/?s={search_term_string}\"},\"query-input\":{\"@type\":\"PropertyValueSpecification\",\"valueRequired\":true,\"valueName\":\"search_term_string\"}}],\"inLanguage\":\"fr-FR\"}]}<\/script>\n<!-- \/ Yoast SEO Premium plugin. -->","yoast_head_json":{"title":"Changement de cat\u00e9gorie de membre - Ergotherapie-Verband","robots":{"index":"index","follow":"follow","max-snippet":"max-snippet:-1","max-image-preview":"max-image-preview:large","max-video-preview":"max-video-preview:-1"},"canonical":"https:\/\/ergotherapie.ch\/fr\/changement-categorie\/","og_locale":"fr_FR","og_type":"article","og_title":"Changement de cat\u00e9gorie de membre","og_url":"https:\/\/ergotherapie.ch\/fr\/changement-categorie\/","og_site_name":"Ergotherapie-Verband","article_modified_time":"2025-03-28T14:29:36+00:00","twitter_card":"summary_large_image","schema":{"@context":"https:\/\/schema.org","@graph":[{"@type":"WebPage","@id":"https:\/\/ergotherapie.ch\/fr\/changement-categorie\/","url":"https:\/\/ergotherapie.ch\/fr\/changement-categorie\/","name":"Changement de cat\u00e9gorie de membre - Ergotherapie-Verband","isPartOf":{"@id":"https:\/\/ergotherapie.ch\/fr\/#website"},"datePublished":"2025-02-26T07:58:45+00:00","dateModified":"2025-03-28T14:29:36+00:00","breadcrumb":{"@id":"https:\/\/ergotherapie.ch\/fr\/changement-categorie\/#breadcrumb"},"inLanguage":"fr-FR","potentialAction":[{"@type":"ReadAction","target":["https:\/\/ergotherapie.ch\/fr\/changement-categorie\/"]}]},{"@type":"BreadcrumbList","@id":"https:\/\/ergotherapie.ch\/fr\/changement-categorie\/#breadcrumb","itemListElement":[{"@type":"ListItem","position":1,"name":"Home","item":"https:\/\/ergotherapie.ch\/fr\/"},{"@type":"ListItem","position":2,"name":"Changement de cat\u00e9gorie de membre"}]},{"@type":"WebSite","@id":"https:\/\/ergotherapie.ch\/fr\/#website","url":"https:\/\/ergotherapie.ch\/fr\/","name":"Ergotherapie-Verband","description":"","potentialAction":[{"@type":"SearchAction","target":{"@type":"EntryPoint","urlTemplate":"https:\/\/ergotherapie.ch\/fr\/?s={search_term_string}"},"query-input":{"@type":"PropertyValueSpecification","valueRequired":true,"valueName":"search_term_string"}}],"inLanguage":"fr-FR"}]}},"_links":{"self":[{"href":"https:\/\/ergotherapie.ch\/fr\/wp-json\/wp\/v2\/pages\/9494","targetHints":{"allow":["GET"]}}],"collection":[{"href":"https:\/\/ergotherapie.ch\/fr\/wp-json\/wp\/v2\/pages"}],"about":[{"href":"https:\/\/ergotherapie.ch\/fr\/wp-json\/wp\/v2\/types\/page"}],"author":[{"embeddable":true,"href":"https:\/\/ergotherapie.ch\/fr\/wp-json\/wp\/v2\/users\/6"}],"replies":[{"embeddable":true,"href":"https:\/\/ergotherapie.ch\/fr\/wp-json\/wp\/v2\/comments?post=9494"}],"version-history":[{"count":2,"href":"https:\/\/ergotherapie.ch\/fr\/wp-json\/wp\/v2\/pages\/9494\/revisions"}],"predecessor-version":[{"id":10249,"href":"https:\/\/ergotherapie.ch\/fr\/wp-json\/wp\/v2\/pages\/9494\/revisions\/10249"}],"wp:attachment":[{"href":"https:\/\/ergotherapie.ch\/fr\/wp-json\/wp\/v2\/media?parent=9494"}],"curies":[{"name":"wp","href":"https:\/\/api.w.org\/{rel}","templated":true}]}}