{"id":19362,"date":"2025-02-10T13:09:17","date_gmt":"2025-02-10T11:09:17","guid":{"rendered":"https:\/\/ergotherapie.ch\/protezione-dei-dati\/"},"modified":"2025-12-16T12:46:42","modified_gmt":"2025-12-16T10:46:42","slug":"protezione-dei-dati","status":"publish","type":"page","link":"https:\/\/ergotherapie.ch\/it\/protezione-dei-dati\/","title":{"rendered":"Protezione dei dati"},"content":{"rendered":"<div id=\"hero-with-arc\">\n    <div class=\"container-fluid\">\n        <div class=\"hero-with-arc-art\">\n            <img decoding=\"async\" src=\"https:\/\/ergotherapie.ch\/wp-content\/themes\/ergo-theme\/assets\/images\/header_arc.svg\" alt=\"Arc\" \/>\n        <\/div>\n        <div class=\"hw-content\">\n            <div class=\"hw-content-editor-wrapper\">\n                <h1>Protezione dei dati<\/h1>\n<p>Stato: 1\u00b0 settembre 2023<\/p>\n<p>L\u2019Associazione Svizzera di Ergoterapia (ASE) ha l\u2019obbligo di proteggere la sfera privata delle e degli utenti del sito web, dei suoi membri, del suo personale e di altri partner commerciali e di cooperazione.<\/p>\n<p>Le informazioni riportate di seguito spiegano come vengono utilizzati e trattati dall\u2019ASE i dati personali nel momento in cui navigate sul sito web www.ergotherapie.ch o intrattenete un rapporto con l\u2019ASE in qualit\u00e0 di membro, collaboratrice o collaboratore oppure come partner commerciale o di cooperazione.<br \/>\nSi prega di leggere la dichiarazione sulla protezione dei dati con attenzione.<\/p>\n<p>1. Chi \u00e8 responsabile del trattamento dei dati?<br \/>\nIl responsabile del trattamento dei dati personali \u00e8 ASE Svizzera con sede principale a Berna nonch\u00e9 le sezioni regionali di volta in volta competenti. Ognuna di queste unit\u00e0 \u00e8 ritenuta responsabile indipendente dei dati personali da essa trattati.<\/p>\n<p>Il presente sito web (https:\/\/www.ergotherapie.ch\/) \u00e8 gestito da ASE Svizzera, Altenbergstrasse 29, 3000 Berna 8.<\/p>\n<p>2. Cosa si intende per dati personali?<br \/>\nSi considerano dati personali tutte le informazioni che permettono l\u2019identificazione univoca di una persona. Si tratta pertanto di dati che consentono di risalire a un individuo. I dati personali comprendono nome, cognome, numero di telefono, indirizzo e-mail e indirizzo postale.<\/p>\n<p>3. Durante quali attivit\u00e0 raccogliamo i dati personali delle e degli utenti?<br \/>\n&#8211; Quando visitate il nostro sito web o effettuate l\u2019accesso all\u2019area riservata ai membri.<br \/>\n&#8211; Quando ci contattate in relazione alle nostre attivit\u00e0 (ad es. in caso di richieste, consulenze, newsletter).<br \/>\n&#8211; Quando vi iscrivete a un evento (formazione continua, conferenza ecc.).<br \/>\n&#8211; Quando ordinate un prodotto nel nostro shop online.<br \/>\n&#8211; Quando vi affiliate alla nostra associazione.<br \/>\n&#8211; Quando assumete una carica o svolgete un\u2019attivit\u00e0 di volontariato per l\u2019associazione (ad es. Comitato di sezione) o intrattenete un rapporto di mandato con l\u2019ASE.<br \/>\n&#8211; Quando inviate una candidatura all\u2019ASE o intrattenete un rapporto di lavoro con l\u2019ASE.<br \/>\nSe ci fornite i dati personali di altre persone, assicuratevi che le persone in questione siano a conoscenza della presente dichiarazione sulla protezione dei dati e comunicateci i loro dati personali solo se sono corretti e avete l\u2019autorizzazione per farlo.<\/p>\n<p>4. Quali informazioni raccogliamo?<br \/>\nRaccogliamo i seguenti dati che vi riguardano:<br \/>\n&#8211; Dati di contatto come nome, indirizzo postale, indirizzo e-mail, la corrispondenza che scambiamo con voi e tutte le informazioni che ci trasmettete (ad es. contenuti di e-mail, domande di ammissione, informazioni che ci inviate tramite il modulo di contatto ecc.).<br \/>\n&#8211; Dati finanziari e di pagamento come indirizzo di pagamento, coordinate bancarie, IBAN.<br \/>\n&#8211; Dati personali come documentazione di candidatura, funzione, numero AVS, grado di occupazione, curriculum vitae, certificati di lavoro, luogo di attinenza, data di nascita.<br \/>\n&#8211; Foto \/ materiale fotografico nel caso in cui partecipiate ai nostri eventi o ricopriate una funzione all\u2019interno della nostra associazione.<br \/>\n&#8211; Dati tecnici come password, nome utente, indirizzo IP o nome di dominio del computer da cui \u00e8 stata inviata la richiesta, indirizzi URI\/URL, data e ora di accesso, metodo di invio della richiesta, Paese di provenienza, tipo e versione del browser, sistema operativo.<br \/>\n&#8211; Dati statistici come attivit\u00e0 del browser, sequenza delle pagine visitate.<\/p>\n<p>&#8211; Dati personali sensibili: nel contesto dell\u2019affiliazione possiamo raccogliere e trattare in alcuni casi informazioni che fanno riferimento a dati sensibili come lo stato di salute, la disoccupazione o la riscossione di una rendita (ad es. la rendita AI).<\/p>\n<p>5. A quale scopo vengono utilizzati i dati raccolti?<br \/>\n&#8211; Per gestire l\u2019affiliazione all\u2019associazione.<br \/>\n&#8211; Per rispondere alle vostre domande e richieste.<br \/>\n&#8211; Per scopi amministrativi (ad es. per l\u2019invio di lettere, la registrazione di modifiche dell\u2019indirizzo, inviti)<br \/>\n&#8211; Per l\u2019attivit\u00e0 associativa e per i vostri diritti e obblighi nei confronti dell\u2019associazione.<br \/>\n&#8211; Per trasmettervi ulteriori informazioni sulla nostra associazione e sui nostri servizi.<br \/>\n&#8211; Per scopi di marketing.<br \/>\n&#8211; Per la messa in rete di terapistee terapisti e per attivit\u00e0 di intermediazione.<br \/>\n&#8211; Per la gestione delle candidature e dei contratti di lavoro.<br \/>\n&#8211; Per la gestione dei contratti di servizio e di cooperazione<br \/>\n&#8211; Per scopi di analisi.<br \/>\n&#8211; Per l\u2019analisi delle prestazioni e la valutazione della sicurezza e della stabilit\u00e0 del sistema nonch\u00e9 il comportamento dell\u2019utenza.<\/p>\n<p>6. Tracciamento, cookie e altre tecnologie impiegate durante l\u2019utilizzo del nostro sito web<br \/>\nSe visitate le nostre pagine Internet, potremmo salvare alcune informazioni sul vostro computer sotto forma di cookie. I cookie sono piccoli file che sono trasmessi da un server Internet al vostro browser e salvati sul disco fisso. Le informazioni memorizzate nei cookie permettono di riconoscervi automaticamente al prossimo accesso alla nostra pagina Internet, facilitandovi la navigazione.<br \/>\nNaturalmente potete visitare le nostre pagine Internet anche senza accettare i cookie. In tal caso, per\u00f2, l\u2019utilizzo del sito web risulter\u00e0 limitato.<\/p>\n<p>Google Analytics<br \/>\nSui nostri siti web utilizziamo Google Analytics, un servizio di Google Ireland Ltd. (in Irlanda) o Google LLC (negli Stati Uniti), con il quale pu\u00f2 essere valutato l\u2019utilizzo del sito web. Google utilizza a tale scopo cookie permanenti e ci informa su come viene utilizzato il nostro sito web, ma non ci trasmette dati sulla vostra persona n\u00e9 riceve da noi alcun dato personale. Google pu\u00f2 tuttavia raccogliere i dati relativi al vostro utilizzo del sito web, combinarli con altri dati di altri siti web da voi visitati e che collaborano con Google e utilizzare queste informazioni per i propri scopi (ad es. per gestire la pubblicit\u00e0).<br \/>\nSe vi siete registrati su Google, Google pu\u00f2 anche identificarvi. Il trattamento dei vostri dati personali da parte di Google avviene sotto la responsabilit\u00e0 di quest\u2019ultimo conformemente alle sue disposizioni in materia di protezione dei dati. \u00c8 possibile inoltre impedire il trattamento dei dati da parte di Google scaricando e installando il plugin del browser, disponibile al seguente link:&nbsp;<a class=\"link target_blank\" href=\"https:\/\/tools.google.com\/dlpage\/gaoptout?hl=de\" target=\"_blank\" rel=\"noopener\">https:\/\/tools.google.com\/dlpage\/gaoptout?hl=de.<\/a><br \/>\nGoogle maps<br \/>\nIl presente sito utilizza il servizio di mappe Google Maps tramite una API. Il fornitore \u00e8 Google Inc., 1600 Amphitheatre Parkway, Mountain View, CA 94043, USA.<br \/>\nPer utilizzare le funzioni di Google Maps \u00e8 necessario salvare il vostro indirizzo IP. Queste informazioni sono generalmente trasmesse a un server di Google negli Stati Uniti, dove vengono poi memorizzate. Il fornitore di questo sito non ha alcuna influenza su questa trasmissione di dati.<br \/>\nL\u2019uso di Google Maps \u00e8 finalizzato a rappresentare in modo allettante le nostre offerte online e a facilitare la reperibilit\u00e0 dei luoghi da noi indicati sul sito web. Ci\u00f2 costituisce un legittimo interesse ai sensi dell\u2019art. 6 par. 1 lett. f GDPR.<br \/>\nMaggiori informazioni sull\u2019utilizzo dei dati delle e degli utenti sono disponibili nelle norme sulla privacy di Google:&nbsp;<a class=\"link target_blank\" href=\"https:\/\/www.google.de\/intl\/de\/policies\/privacy\/\" target=\"_blank\" rel=\"noopener\">https:\/\/www.google.de\/intl\/de\/policies\/privacy\/.<\/a>&nbsp;Qui \u00e8 possibile consultare anche i termini di servizio.<\/p>\n<p>Ulteriori servizi a cui prestare attenzione<br \/>\n&#8211; Video di YouTube e altri contenuti integrati.<\/p>\n<p>7. Dove salviamo i dati personali?<br \/>\nI vostri dati sono ospitati generalmente nei nostri sistemi di gestione dei dati su server in Svizzera o nell\u2019UE. Oltre all\u2019ASE, hanno accesso ai dati anche i nostri fornitori di servizi di supporto, con i quali l\u2019ASE ha stipulato accordi per il trattamento dei dati.<\/p>\n<p>In via eccezionale trasmettiamo i dati in un Paese terzo, ossia al di fuori della Svizzera, dell\u2019Unione europea (UE) o dello Spazio economico europeo (SEE). In tal caso \u00e8 garantita un\u2019adeguata protezione dei dati attraverso garanzie supplementari (ad es. clausole tipo di protezione dei dati).<\/p>\n<p>8. Per quanto tempo restano memorizzati i dati delle e degli utenti?<br \/>\nI dati personali sono memorizzati per tutto il tempo necessario per lo svolgimento dei nostri compiti. Una\/un utente pu\u00f2 richiedere esplicitamente, in qualsiasi momento, la cancellazione dei propri dati personali. Qualora la cancellazione non fosse possibile in ragione di ostacoli giuridici o concreti (ad esempio obblighi di conservazione legali), i dati vengono bloccati anzich\u00e9 essere cancellati.<\/p>\n<p>9. I dati sono trasmessi a terzi?<br \/>\nPossiamo divulgare e inoltrare i vostri dati personali a terzi nella misura in cui siamo obbligati per legge (ad es. sulla base di disposizioni in materia di diritto delle assicurazioni sociali) o da autorit\u00e0 statali.<br \/>\nPossiamo altres\u00ec incaricare tramite contratto fornitori di servizi esterni (come ad es. tipografie, fornitori di servizi IT ecc.) di trattare i dati per conto nostro, nella misura in cui ci\u00f2 non sia vietato da nessun obbligo di segretezza legale o contrattuale. I fornitori di servizi esterni sono autorizzati a trattare i dati solo per i nostri stessi scopi.<br \/>\nCondividiamo i dati con partner di cooperazione (ad es. CRS, assicuratori malattia ecc.) allo scopo di adempiere determinati compiti e fornire determinati servizi. Trasmettiamo inoltre i dati di contatto alla sezione regionale competente per fornire il servizio di affiliazione.<\/p>\n<p>10. Quali obblighi hanno le e gli utenti?<br \/>\nLe e gli utenti hanno l\u2019obbligo di conservare in un luogo sicuro il nome utente e la password necessari per l\u2019utilizzo dell\u2019account sul sito web per l\u2019acquisto di articoli dallo shop online e di non concedere a terzi l\u2019accesso alle proprie credenziali. Ogni utente \u00e8 responsabile per tutti i danni derivanti dall\u2019utilizzo non autorizzato dei propri dati di accesso.<\/p>\n<p>11. Qual \u00e8 la base legale di riferimento per il trattamento dei dati?<br \/>\nI dati personali sono raccolti e trattati in conformit\u00e0 alla legge svizzera sulla protezione dei dati (Legge federale sulla protezione dei dati, LPD, del 19 giugno 1992, RS 235.1). Se applicabile nel singolo caso, il trattamento dei dati avviene in conformit\u00e0 al Regolamento generale sulla protezione dei dati dell\u2019Unione europea (Regolamento (UE) 2016\/679).<\/p>\n<p>12. Quali misura adotta l\u2019ASE per garantire la sicurezza delle informazioni?<br \/>\nAdottiamo misure tecniche e organizzative adeguate per garantire che i vostri dati personali non vengano consultati n\u00e9 sottratti da terzi non autorizzati.<\/p>\n<p>13. L\u2019ASE si assume la responsabilit\u00e0 per i dati personali delle proprie e dei propri utenti?<br \/>\nNo, decliniamo ogni responsabilit\u00e0 in relazione a danni diretti o indiretti a voi arrecati in qualit\u00e0 di utenti del sito web e legati alla comunicazione volontaria dei vostri dati personali. La responsabilit\u00e0 dell\u2019associazione \u00e8 esclusa nella misura in cui ci\u00f2 \u00e8 consentito dalla legge.<br \/>\nIl nostro sito web contiene link ad altri siti Internet. Non siamo responsabili del rispetto della protezione dei dati da parte dei titolari degli altri siti web n\u00e9 per i contenuti di questi ultimi.<\/p>\n<p>14. Quale diritto si applica alla presente dichiarazione sulla protezione dei dati?<br \/>\nAlla presente dichiarazione sulla protezione dei dati si applica il diritto svizzero. Foro competente esclusivo \u00e8 Berna, in Svizzera.<\/p>\n<p>15. Come possono contattarci le e gli utenti?<br \/>\nIn caso di domande o altre richieste riguardanti la presente dichiarazione sulla protezione dei dati, potete contattarci al seguente indirizzo e-mail:&nbsp;<a class=\"link target_blank\" href=\"mailto:evs-ase@ergotherapie.ch\" target=\"_blank\" rel=\"noopener\">evs-ase@ergotherapie.ch.<\/a><\/p>\n<p>16. A cosa occorre prestare attenzione in relazione alla modifica della presente dichiarazione sulla protezione dei dati?<br \/>\nSe necessario, possiamo adeguare le disposizioni della presente dichiarazione sulla protezione dei dati. Informiamo le e gli utenti in merito a tutte le modifiche con la pubblicazione della versione modificata sul sito web. Utilizzando il sito web acconsentite alle eventuali nuove disposizioni.<\/p>\n<p>Associazione Svizzera di Ergoterapia ASE<br \/>\nAltenbergstrasse 29, CP 686<br \/>\n3000\u00a0Berna\u00a08<\/p>\n                            <\/div>\n        <\/div>\n    <\/div>\n<\/div>\n","protected":false},"excerpt":{"rendered":"","protected":false},"author":6,"featured_media":0,"parent":0,"menu_order":0,"comment_status":"closed","ping_status":"closed","template":"","meta":{"_acf_changed":false,"footnotes":""},"class_list":["post-19362","page","type-page","status-publish","hentry"],"acf":[],"yoast_head":"<!-- This site is optimized with the Yoast SEO Premium plugin v27.2 (Yoast SEO v27.2) - https:\/\/yoast.com\/product\/yoast-seo-premium-wordpress\/ -->\n<title>Protezione dei dati - Ergotherapie-Verband<\/title>\n<meta name=\"robots\" content=\"index, follow, max-snippet:-1, max-image-preview:large, max-video-preview:-1\" \/>\n<link rel=\"canonical\" href=\"https:\/\/ergotherapie.ch\/it\/protezione-dei-dati\/\" \/>\n<meta property=\"og:locale\" content=\"it_IT\" \/>\n<meta property=\"og:type\" content=\"article\" \/>\n<meta property=\"og:title\" content=\"Protezione dei dati\" \/>\n<meta property=\"og:url\" content=\"https:\/\/ergotherapie.ch\/it\/protezione-dei-dati\/\" \/>\n<meta property=\"og:site_name\" content=\"Ergotherapie-Verband\" \/>\n<meta property=\"article:modified_time\" content=\"2025-12-16T10:46:42+00:00\" \/>\n<meta name=\"twitter:card\" content=\"summary_large_image\" \/>\n<script type=\"application\/ld+json\" class=\"yoast-schema-graph\">{\"@context\":\"https:\/\/schema.org\",\"@graph\":[{\"@type\":\"WebPage\",\"@id\":\"https:\/\/ergotherapie.ch\/it\/protezione-dei-dati\/\",\"url\":\"https:\/\/ergotherapie.ch\/it\/protezione-dei-dati\/\",\"name\":\"Protezione dei dati - Ergotherapie-Verband\",\"isPartOf\":{\"@id\":\"https:\/\/ergotherapie.ch\/it\/#website\"},\"datePublished\":\"2025-02-10T11:09:17+00:00\",\"dateModified\":\"2025-12-16T10:46:42+00:00\",\"breadcrumb\":{\"@id\":\"https:\/\/ergotherapie.ch\/it\/protezione-dei-dati\/#breadcrumb\"},\"inLanguage\":\"it-IT\",\"potentialAction\":[{\"@type\":\"ReadAction\",\"target\":[\"https:\/\/ergotherapie.ch\/it\/protezione-dei-dati\/\"]}]},{\"@type\":\"BreadcrumbList\",\"@id\":\"https:\/\/ergotherapie.ch\/it\/protezione-dei-dati\/#breadcrumb\",\"itemListElement\":[{\"@type\":\"ListItem\",\"position\":1,\"name\":\"Home\",\"item\":\"https:\/\/ergotherapie.ch\/it\/\"},{\"@type\":\"ListItem\",\"position\":2,\"name\":\"Protezione dei dati\"}]},{\"@type\":\"WebSite\",\"@id\":\"https:\/\/ergotherapie.ch\/it\/#website\",\"url\":\"https:\/\/ergotherapie.ch\/it\/\",\"name\":\"Ergotherapie-Verband\",\"description\":\"\",\"potentialAction\":[{\"@type\":\"SearchAction\",\"target\":{\"@type\":\"EntryPoint\",\"urlTemplate\":\"https:\/\/ergotherapie.ch\/it\/?s={search_term_string}\"},\"query-input\":{\"@type\":\"PropertyValueSpecification\",\"valueRequired\":true,\"valueName\":\"search_term_string\"}}],\"inLanguage\":\"it-IT\"}]}<\/script>\n<!-- \/ Yoast SEO Premium plugin. -->","yoast_head_json":{"title":"Protezione dei dati - Ergotherapie-Verband","robots":{"index":"index","follow":"follow","max-snippet":"max-snippet:-1","max-image-preview":"max-image-preview:large","max-video-preview":"max-video-preview:-1"},"canonical":"https:\/\/ergotherapie.ch\/it\/protezione-dei-dati\/","og_locale":"it_IT","og_type":"article","og_title":"Protezione dei dati","og_url":"https:\/\/ergotherapie.ch\/it\/protezione-dei-dati\/","og_site_name":"Ergotherapie-Verband","article_modified_time":"2025-12-16T10:46:42+00:00","twitter_card":"summary_large_image","schema":{"@context":"https:\/\/schema.org","@graph":[{"@type":"WebPage","@id":"https:\/\/ergotherapie.ch\/it\/protezione-dei-dati\/","url":"https:\/\/ergotherapie.ch\/it\/protezione-dei-dati\/","name":"Protezione dei dati - Ergotherapie-Verband","isPartOf":{"@id":"https:\/\/ergotherapie.ch\/it\/#website"},"datePublished":"2025-02-10T11:09:17+00:00","dateModified":"2025-12-16T10:46:42+00:00","breadcrumb":{"@id":"https:\/\/ergotherapie.ch\/it\/protezione-dei-dati\/#breadcrumb"},"inLanguage":"it-IT","potentialAction":[{"@type":"ReadAction","target":["https:\/\/ergotherapie.ch\/it\/protezione-dei-dati\/"]}]},{"@type":"BreadcrumbList","@id":"https:\/\/ergotherapie.ch\/it\/protezione-dei-dati\/#breadcrumb","itemListElement":[{"@type":"ListItem","position":1,"name":"Home","item":"https:\/\/ergotherapie.ch\/it\/"},{"@type":"ListItem","position":2,"name":"Protezione dei dati"}]},{"@type":"WebSite","@id":"https:\/\/ergotherapie.ch\/it\/#website","url":"https:\/\/ergotherapie.ch\/it\/","name":"Ergotherapie-Verband","description":"","potentialAction":[{"@type":"SearchAction","target":{"@type":"EntryPoint","urlTemplate":"https:\/\/ergotherapie.ch\/it\/?s={search_term_string}"},"query-input":{"@type":"PropertyValueSpecification","valueRequired":true,"valueName":"search_term_string"}}],"inLanguage":"it-IT"}]}},"_links":{"self":[{"href":"https:\/\/ergotherapie.ch\/it\/wp-json\/wp\/v2\/pages\/19362","targetHints":{"allow":["GET"]}}],"collection":[{"href":"https:\/\/ergotherapie.ch\/it\/wp-json\/wp\/v2\/pages"}],"about":[{"href":"https:\/\/ergotherapie.ch\/it\/wp-json\/wp\/v2\/types\/page"}],"author":[{"embeddable":true,"href":"https:\/\/ergotherapie.ch\/it\/wp-json\/wp\/v2\/users\/6"}],"replies":[{"embeddable":true,"href":"https:\/\/ergotherapie.ch\/it\/wp-json\/wp\/v2\/comments?post=19362"}],"version-history":[{"count":1,"href":"https:\/\/ergotherapie.ch\/it\/wp-json\/wp\/v2\/pages\/19362\/revisions"}],"predecessor-version":[{"id":19363,"href":"https:\/\/ergotherapie.ch\/it\/wp-json\/wp\/v2\/pages\/19362\/revisions\/19363"}],"wp:attachment":[{"href":"https:\/\/ergotherapie.ch\/it\/wp-json\/wp\/v2\/media?parent=19362"}],"curies":[{"name":"wp","href":"https:\/\/api.w.org\/{rel}","templated":true}]}}