{"id":19368,"date":"2025-01-22T12:06:38","date_gmt":"2025-01-22T10:06:38","guid":{"rendered":"https:\/\/ergotherapie.ch\/iscrizione-al-mentoring-ergo\/"},"modified":"2025-12-17T15:37:45","modified_gmt":"2025-12-17T13:37:45","slug":"iscrizione-al-mentoring-ergo","status":"publish","type":"page","link":"https:\/\/ergotherapie.ch\/it\/iscrizione-al-mentoring-ergo\/","title":{"rendered":"Iscrizione al mentoring ErGo"},"content":{"rendered":"<div id=\"hero-with-arc\">\n    <div class=\"container-fluid\">\n        <div class=\"hero-with-arc-art\">\n            <img decoding=\"async\" src=\"https:\/\/ergotherapie.ch\/wp-content\/themes\/ergo-theme\/assets\/images\/header_arc.svg\" alt=\"Arc\" \/>\n        <\/div>\n        <div class=\"hw-content\">\n            <div class=\"hw-content-editor-wrapper\">\n                <h1>Iscrizione al mentoring ErGo<\/h1>\n                            <\/div>\n        <\/div>\n    <\/div>\n<\/div>\n\n\n<div         class=\"wysiwyg padding-none links-into-buttons \">\n    <div class=\"container-fluid\">\n        <div class=\"wysiwyg-inner-container\">\n            <p><a href=\"\/wp-content\/uploads\/2025\/01\/Teilnahmebedingungen_Kurse_df.pdf\"><svg id=\"1364Group_1089\" data-name=\"Group 1089\" xmlns=\"http:\/\/www.w3.org\/2000\/svg\" xmlns:xlink=\"http:\/\/www.w3.org\/1999\/xlink\" width=\"16.64\" height=\"21.55\" viewBox=\"0 0 16.64 21.55\">\n  <defs>\n    <clipPath id=\"1364clip-path\">\n      <rect id=\"1364Rectangle_357\" data-name=\"Rectangle 357\" width=\"16.64\" height=\"21.55\" fill=\"none\" stroke=\"#fff\" stroke-width=\"1\"\/>\n    <\/clipPath>\n  <\/defs>\n  <g id=\"1364Group_1083\" data-name=\"Group 1083\" clip-path=\"url(#1364clip-path)\">\n    <path id=\"1364Path_1043\" data-name=\"Path 1043\" d=\"M16.29,19.7l-6.4,6.4-6.4-6.4\" transform=\"translate(-1.588 -8.951)\" fill=\"none\" stroke=\"#fff\" stroke-miterlimit=\"10\" stroke-width=\"2.5\"\/>\n    <line id=\"1364Line_79\" data-name=\"Line 79\" y2=\"16.64\" transform=\"translate(8.304)\" fill=\"none\" stroke=\"#fff\" stroke-miterlimit=\"10\" stroke-width=\"2.5\"\/>\n    <line id=\"1364Line_80\" data-name=\"Line 80\" x1=\"16.64\" transform=\"translate(0 20.868)\" fill=\"none\" stroke=\"#fff\" stroke-miterlimit=\"10\" stroke-width=\"2.5\"\/>\n  <\/g>\n<\/svg>\n Condizioni di partecipazione<\/a><\/p>\n<p>&nbsp;<\/p>\n<div class=\"frm_forms  with_frm_style frm_style_formidable-style\" id=\"frm_form_24_container\" data-token=\"30fee6b591b27e3477eaf1780afd3f51\">\n<form enctype=\"multipart\/form-data\" method=\"post\" class=\"frm-show-form  frm_pro_form \" id=\"form_3hb0o4\" data-token=\"30fee6b591b27e3477eaf1780afd3f51\">\n<div class=\"frm_form_fields \">\n<fieldset>\n<legend class=\"frm_screen_reader\">Anmeldung ErGo-Mentoring IT<\/legend>\r\n\r\n<div class=\"frm_fields_container\">\n<input type=\"hidden\" name=\"frm_action\" value=\"create\" \/>\n<input type=\"hidden\" name=\"form_id\" value=\"24\" \/>\n<input type=\"hidden\" name=\"frm_hide_fields_24\" id=\"frm_hide_fields_24\" value=\"\" \/>\n<input type=\"hidden\" name=\"form_key\" value=\"3hb0o4\" \/>\n<input type=\"hidden\" name=\"item_meta[0]\" value=\"\" \/>\n<input type=\"hidden\" id=\"frm_submit_entry_24\" name=\"frm_submit_entry_24\" value=\"785f976f7c\" \/><input type=\"hidden\" name=\"_wp_http_referer\" value=\"\/it\/wp-json\/wp\/v2\/pages\/19368\" \/><div id=\"frm_field_485_container\" class=\"frm_form_field form-field  frm_required_field frm_top_container\">\r\n\t<label for=\"field_zilka32\" id=\"field_zilka32_label\" class=\"frm_primary_label\">Cognome\r\n\t\t<span class=\"frm_required\" aria-hidden=\"true\">*<\/span>\r\n\t<\/label>\r\n\t<input  type=\"text\" id=\"field_zilka32\" name=\"item_meta[485]\" value=\"\"  data-reqmsg=\"Cognome non deve essere vuoto.\" aria-required=\"true\" data-invmsg=\"Cognome is invalid\" aria-invalid=\"false\"   \/>\r\n\t\r\n\t\r\n<\/div>\n<div id=\"frm_field_486_container\" class=\"frm_form_field form-field  frm_required_field frm_top_container\">\r\n\t<label for=\"field_fx4c332\" id=\"field_fx4c332_label\" class=\"frm_primary_label\">Cognomee\r\n\t\t<span class=\"frm_required\" aria-hidden=\"true\">*<\/span>\r\n\t<\/label>\r\n\t<input  type=\"text\" id=\"field_fx4c332\" name=\"item_meta[486]\" value=\"\"  data-reqmsg=\"Cognomee non deve essere vuoto.\" aria-required=\"true\" data-invmsg=\"Cognomee is invalid\" aria-invalid=\"false\"   \/>\r\n\t\r\n\t\r\n<\/div>\n<div id=\"frm_field_487_container\" class=\"frm_form_field form-field  frm_required_field frm_top_container\">\r\n\t<label for=\"field_smp7p32\" id=\"field_smp7p32_label\" class=\"frm_primary_label\">Via\r\n\t\t<span class=\"frm_required\" aria-hidden=\"true\">*<\/span>\r\n\t<\/label>\r\n\t<input  type=\"text\" id=\"field_smp7p32\" name=\"item_meta[487]\" value=\"\"  data-reqmsg=\"Via non deve essere vuoto.\" aria-required=\"true\" data-invmsg=\"Via is invalid\" aria-invalid=\"false\"   \/>\r\n\t\r\n\t\r\n<\/div>\n<div id=\"frm_field_488_container\" class=\"frm_form_field form-field  frm_required_field frm_top_container\">\r\n\t<label for=\"field_bh22732\" id=\"field_bh22732_label\" class=\"frm_primary_label\">CAP\/localit\u00e0\r\n\t\t<span class=\"frm_required\" aria-hidden=\"true\">*<\/span>\r\n\t<\/label>\r\n\t<input  type=\"text\" id=\"field_bh22732\" name=\"item_meta[488]\" value=\"\"  data-reqmsg=\"CAP\/localit\u00e0 non deve essere vuoto.\" aria-required=\"true\" data-invmsg=\"CAP\/localit\u00e0 is invalid\" aria-invalid=\"false\"   \/>\r\n\t\r\n\t\r\n<\/div>\n<div id=\"frm_field_489_container\" class=\"frm_form_field form-field  frm_required_field frm_top_container\">\r\n\t<label for=\"field_7ckky32\" id=\"field_7ckky32_label\" class=\"frm_primary_label\">Telefono privato\r\n\t\t<span class=\"frm_required\" aria-hidden=\"true\">*<\/span>\r\n\t<\/label>\r\n\t<input type=\"tel\" id=\"field_7ckky32\" name=\"item_meta[489]\" value=\"\"  data-reqmsg=\"Telefono privato non deve essere vuoto.\" aria-required=\"true\" data-invmsg=\"Telefono privato \u00e8 in un formato non valido.\" aria-invalid=\"false\" pattern=\"((\\+\\d{1,3}(-|.| )?\\(?\\d\\)?(-| |.)?\\d{1,5})|(\\(?\\d{2,6}\\)?))(-|.| )?(\\d{3,4})(-|.| )?(\\d{4})(( x| ext)\\d{1,5}){0,1}$\"  \/>\r\n\t\r\n\t\r\n<\/div>\n<div id=\"frm_field_490_container\" class=\"frm_form_field form-field  frm_top_container\">\r\n\t<label for=\"field_qum4y32\" id=\"field_qum4y32_label\" class=\"frm_primary_label\">Telefono professionale\r\n\t\t<span class=\"frm_required\" aria-hidden=\"true\"><\/span>\r\n\t<\/label>\r\n\t<input type=\"tel\" id=\"field_qum4y32\" name=\"item_meta[490]\" value=\"\"  data-invmsg=\"Telefono professionale \u00e8 in un formato non valido.\" aria-invalid=\"false\" pattern=\"((\\+\\d{1,3}(-|.| )?\\(?\\d\\)?(-| |.)?\\d{1,5})|(\\(?\\d{2,6}\\)?))(-|.| )?(\\d{3,4})(-|.| )?(\\d{4})(( x| ext)\\d{1,5}){0,1}$\"  \/>\r\n\t\r\n\t\r\n<\/div>\n<div id=\"frm_field_491_container\" class=\"frm_form_field form-field  frm_required_field frm_top_container\">\r\n\t<label for=\"field_9qmpn32\" id=\"field_9qmpn32_label\" class=\"frm_primary_label\">E-Mail\r\n\t\t<span class=\"frm_required\" aria-hidden=\"true\">*<\/span>\r\n\t<\/label>\r\n\t<input type=\"email\" id=\"field_9qmpn32\" name=\"item_meta[491]\" value=\"\"  autocomplete=\"email\"  data-reqmsg=\"E-Mail non deve essere vuoto.\" aria-required=\"true\" data-invmsg=\"E-Mail \u00e8 in un formato non valido.\" aria-invalid=\"false\"  \/>\r\n\t\r\n\t\r\n<\/div>\n<div id=\"frm_field_492_container\" class=\"frm_form_field form-field  frm_required_field frm_top_container\">\r\n\t<label for=\"field_ihakv22\" id=\"field_ihakv22_label\" class=\"frm_primary_label\">Data di nascita\r\n\t\t<span class=\"frm_required\" aria-hidden=\"true\">*<\/span>\r\n\t<\/label>\r\n\t<input type=\"text\" id=\"field_ihakv22\" name=\"item_meta[492]\" value=\"\"  maxlength=\"10\" data-reqmsg=\"Data di nascita non deve essere vuoto.\" aria-required=\"true\" data-invmsg=\"Data di nascita \u00e8 in un formato non valido.\" class=\"frm_date\" aria-invalid=\"false\"  \/>\r\n\t\r\n\t\r\n<\/div>\n<div id=\"frm_field_493_container\" class=\"frm_form_field form-field  frm_required_field frm_top_container\">\r\n\t<label for=\"field_kakbq32\" id=\"field_kakbq32_label\" class=\"frm_primary_label\">Luogo di origine (CH) \/ Nazionalit\u00e0 (per gli stranieri)\r\n\t\t<span class=\"frm_required\" aria-hidden=\"true\">*<\/span>\r\n\t<\/label>\r\n\t<input  type=\"text\" id=\"field_kakbq32\" name=\"item_meta[493]\" value=\"\"  data-reqmsg=\"Luogo di origine (CH) \/ Nazionalit\u00e0 (per gli stranieri) non deve essere vuoto.\" aria-required=\"true\" data-invmsg=\"Luogo di origine (CH) \/ Nazionalit\u00e0 (per gli stranieri) is invalid\" aria-invalid=\"false\"   \/>\r\n\t\r\n\t\r\n<\/div>\n<div id=\"frm_field_494_container\" class=\"frm_form_field form-field  frm_required_field frm_top_container vertical_radio\">\r\n\t<div  id=\"field_uz6ug22_label\" class=\"frm_primary_label\">Lavori?\r\n\t\t<span class=\"frm_required\" aria-hidden=\"true\">*<\/span>\r\n\t<\/div>\r\n\t<div class=\"frm_opt_container\" aria-labelledby=\"field_uz6ug22_label\" role=\"radiogroup\" aria-required=\"true\">\t\t<div class=\"frm_radio\" id=\"frm_radio_494-0\">\t\t\t<label  for=\"field_uz6ug22-0\">\n\t\t\t\t\t<input type=\"radio\" name=\"item_meta[494]\" id=\"field_uz6ug22-0\" value=\"S\u00ec\"\n\t\t data-frmval=\"Ja\" data-reqmsg=\"Lavori? non deve essere vuoto.\" data-invmsg=\"Lavori? non \u00e8 valido\"   \/> S\u00ec<\/label><\/div>\n\t\t<div class=\"frm_radio\" id=\"frm_radio_494-1\">\t\t\t<label  for=\"field_uz6ug22-1\">\n\t\t\t\t\t<input type=\"radio\" name=\"item_meta[494]\" id=\"field_uz6ug22-1\" value=\"No\"\n\t\t data-frmval=\"Ja\" data-reqmsg=\"Lavori? non deve essere vuoto.\" data-invmsg=\"Lavori? non \u00e8 valido\"   \/> No<\/label><\/div>\n<\/div>\r\n\t\r\n\t\r\n<\/div>\n<div id=\"frm_field_495_container\" class=\"frm_form_field form-field  frm_top_container\">\r\n\t<label for=\"field_gfz1k32\" id=\"field_gfz1k32_label\" class=\"frm_primary_label\">Professione\r\n\t\t<span class=\"frm_required\" aria-hidden=\"true\"><\/span>\r\n\t<\/label>\r\n\t<input  type=\"text\" id=\"field_gfz1k32\" name=\"item_meta[495]\" value=\"\"  data-invmsg=\"Professione is invalid\" aria-invalid=\"false\"   \/>\r\n\t\r\n\t\r\n<\/div>\n<div id=\"frm_field_496_container\" class=\"frm_form_field form-field  frm_top_container\">\r\n\t<label for=\"field_oueb532\" id=\"field_oueb532_label\" class=\"frm_primary_label\">Cognomee dell&#8217;organizzazione\r\n\t\t<span class=\"frm_required\" aria-hidden=\"true\"><\/span>\r\n\t<\/label>\r\n\t<input  type=\"text\" id=\"field_oueb532\" name=\"item_meta[496]\" value=\"\"  data-invmsg=\"Cognomee dell&#039;organizzazione is invalid\" aria-invalid=\"false\"   \/>\r\n\t\r\n\t\r\n<\/div>\n<div id=\"frm_field_497_container\" class=\"frm_form_field form-field  frm_top_container\">\r\n\t<label for=\"field_5nd9032\" id=\"field_5nd9032_label\" class=\"frm_primary_label\">CAP\/localit\u00e0\r\n\t\t<span class=\"frm_required\" aria-hidden=\"true\"><\/span>\r\n\t<\/label>\r\n\t<input  type=\"text\" id=\"field_5nd9032\" name=\"item_meta[497]\" value=\"\"  data-invmsg=\"CAP\/localit\u00e0 is invalid\" aria-invalid=\"false\"   \/>\r\n\t\r\n\t\r\n<\/div>\n<div id=\"frm_field_498_container\" class=\"frm_form_field form-field  frm_required_field frm_top_container\">\r\n\t<label for=\"field_2jucb32\" id=\"field_2jucb32_label\" class=\"frm_primary_label\">Indirizzo di fatturazione\r\n\t\t<span class=\"frm_required\" aria-hidden=\"true\">*<\/span>\r\n\t<\/label>\r\n\t<input  type=\"text\" id=\"field_2jucb32\" name=\"item_meta[498]\" value=\"\"  data-reqmsg=\"Indirizzo di fatturazione non deve essere vuoto.\" aria-required=\"true\" data-invmsg=\"Indirizzo di fatturazione is invalid\" aria-invalid=\"false\"   \/>\r\n\t\r\n\t\r\n<\/div>\n<div id=\"frm_field_499_container\" class=\"frm_form_field form-field  frm_top_container\">\r\n\t<label for=\"field_xtexr22\" id=\"field_xtexr22_label\" class=\"frm_primary_label\">Commenti\r\n\t\t<span class=\"frm_required\" aria-hidden=\"true\"><\/span>\r\n\t<\/label>\r\n\t<textarea name=\"item_meta[499]\" id=\"field_xtexr22\" rows=\"5\"  data-invmsg=\"Commenti \u00e8 in un formato non valido.\" aria-invalid=\"false\"  ><\/textarea>\r\n\t\r\n\t\r\n<\/div>\n<div id=\"frm_field_500_container\" class=\"frm_form_field form-field  frm_required_field frm_top_container frm_other_container\">\r\n\t<label for=\"field_1sbkc22\" id=\"field_1sbkc22_label\" class=\"frm_primary_label\">Dispongo di un&#8230;\r\n\t\t<span class=\"frm_required\" aria-hidden=\"true\">*<\/span>\r\n\t<\/label>\r\n\t\t\t<select name=\"item_meta[500]\" id=\"field_1sbkc22\"  data-frmval=\"Bachelor of Science BSc (Scuola universitaria professionale, Universit\u00e0, NTE)\" data-reqmsg=\"Dispongo di un... non deve essere vuoto.\" aria-required=\"true\" data-invmsg=\"Dispongo di un... non \u00e8 valido\" aria-invalid=\"false\"  >\n\t\t<option  value=\"Bachelor of Science BSc (Scuola universitaria professionale, Universit\u00e0, NTE)\" selected='selected'>Bachelor of Science BSc (Scuola universitaria professionale, Universit\u00e0, NTE)<\/option><option  value=\"Diploma di una scuola superiore\">Diploma di una scuola superiore<\/option><option  value=\"altro diploma\" class=\"frm_other_trigger\">altro diploma<\/option>\t<\/select>\n\t<label for=\"field_1sbkc22-otext\" class=\"frm_screen_reader frm_hidden\">Dispongo di un&#8230;<\/label><input type=\"text\" id=\"field_1sbkc22-otext\" class=\"frm_other_input frm_pos_none\"  name=\"item_meta[other][500]\" value=\"\" \/>\r\n\t\r\n\t\r\n<\/div>\n<div id=\"frm_field_501_container\" class=\"frm_form_field form-field  frm_top_container\">\r\n\t<label for=\"field_4d8wy22\" id=\"field_4d8wy22_label\" class=\"frm_primary_label\">Anno di conseguimento del diploma\r\n\t\t<span class=\"frm_required\" aria-hidden=\"true\"><\/span>\r\n\t<\/label>\r\n\t<input  type=\"text\" id=\"field_4d8wy22\" name=\"item_meta[501]\" value=\"\"  data-invmsg=\"Anno di conseguimento del diploma is invalid\" aria-invalid=\"false\"   \/>\r\n\t\r\n\t\r\n<\/div>\n<div id=\"frm_field_502_container\" class=\"frm_form_field form-field  frm_top_container\">\r\n\t<label for=\"field_i583y22\" id=\"field_i583y22_label\" class=\"frm_primary_label\">Hai esperienza professionale come ergoterapista*, se s\u00ec di quale durata e in quale specialit\u00e0?\r\n\t\t<span class=\"frm_required\" aria-hidden=\"true\"><\/span>\r\n\t<\/label>\r\n\t<textarea name=\"item_meta[502]\" id=\"field_i583y22\" rows=\"5\"  data-invmsg=\"Hai esperienza professionale come ergoterapista*, se s\u00ec di quale durata e in quale specialit\u00e0? \u00e8 in un formato non valido.\" aria-invalid=\"false\"  ><\/textarea>\r\n\t\r\n\t\r\n<\/div>\n<div id=\"frm_field_503_container\" class=\"frm_form_field form-field  frm_required_field frm_top_container frm_two_col\">\r\n\t<div  id=\"field_58rnk22_label\" class=\"frm_primary_label\">Come sei venuto a conoscenza di questa offerta di formazione continua?\r\n\t\t<span class=\"frm_required\" aria-hidden=\"true\">*<\/span>\r\n\t<\/div>\r\n\t<div class=\"frm_opt_container\" aria-labelledby=\"field_58rnk22_label\" role=\"radiogroup\" aria-required=\"true\">\t\t<div class=\"frm_radio\" id=\"frm_radio_503-0\">\t\t\t<label  for=\"field_58rnk22-0\">\n\t\t\t\t\t<input type=\"radio\" name=\"item_meta[503]\" id=\"field_58rnk22-0\" value=\"E-mail o newsletter\"\n\t\t data-frmval=\"E-Mail oder Newsletter\" data-reqmsg=\"Come sei venuto a conoscenza di questa offerta di formazione continua? non deve essere vuoto.\" data-invmsg=\"Come sei venuto a conoscenza di questa offerta di formazione continua? non \u00e8 valido\"   \/> E-mail o newsletter<\/label><\/div>\n\t\t<div class=\"frm_radio\" id=\"frm_radio_503-1\">\t\t\t<label  for=\"field_58rnk22-1\">\n\t\t\t\t\t<input type=\"radio\" name=\"item_meta[503]\" id=\"field_58rnk22-1\" value=\"Giornale o rivista\"\n\t\t data-frmval=\"E-Mail oder Newsletter\" data-reqmsg=\"Come sei venuto a conoscenza di questa offerta di formazione continua? non deve essere vuoto.\" data-invmsg=\"Come sei venuto a conoscenza di questa offerta di formazione continua? non \u00e8 valido\"   \/> Giornale o rivista<\/label><\/div>\n\t\t<div class=\"frm_radio\" id=\"frm_radio_503-7\">\t\t\t<label  for=\"field_58rnk22-7\">\n\t\t\t\t\t<input type=\"radio\" name=\"item_meta[503]\" id=\"field_58rnk22-7\" value=\"Sito web della ZHAW\"\n\t\t data-frmval=\"E-Mail oder Newsletter\" data-reqmsg=\"Come sei venuto a conoscenza di questa offerta di formazione continua? non deve essere vuoto.\" data-invmsg=\"Come sei venuto a conoscenza di questa offerta di formazione continua? non \u00e8 valido\"   \/> Sito web della ZHAW<\/label><\/div>\n\t\t<div class=\"frm_radio\" id=\"frm_radio_503-3\">\t\t\t<label  for=\"field_58rnk22-3\">\n\t\t\t\t\t<input type=\"radio\" name=\"item_meta[503]\" id=\"field_58rnk22-3\" value=\"Nota nella posta\"\n\t\t data-frmval=\"E-Mail oder Newsletter\" data-reqmsg=\"Come sei venuto a conoscenza di questa offerta di formazione continua? non deve essere vuoto.\" data-invmsg=\"Come sei venuto a conoscenza di questa offerta di formazione continua? non \u00e8 valido\"   \/> Nota nella posta<\/label><\/div>\n\t\t<div class=\"frm_radio\" id=\"frm_radio_503-4\">\t\t\t<label  for=\"field_58rnk22-4\">\n\t\t\t\t\t<input type=\"radio\" name=\"item_meta[503]\" id=\"field_58rnk22-4\" value=\"Sito web dell&#039;EVS\"\n\t\t data-frmval=\"E-Mail oder Newsletter\" data-reqmsg=\"Come sei venuto a conoscenza di questa offerta di formazione continua? non deve essere vuoto.\" data-invmsg=\"Come sei venuto a conoscenza di questa offerta di formazione continua? non \u00e8 valido\"   \/> Sito web dell&#8217;EVS<\/label><\/div>\n\t\t<div class=\"frm_radio\" id=\"frm_radio_503-5\">\t\t\t<label  for=\"field_58rnk22-5\">\n\t\t\t\t\t<input type=\"radio\" name=\"item_meta[503]\" id=\"field_58rnk22-5\" value=\"Raccomandazione personale (es. collega o superiore*)\"\n\t\t data-frmval=\"E-Mail oder Newsletter\" data-reqmsg=\"Come sei venuto a conoscenza di questa offerta di formazione continua? non deve essere vuoto.\" data-invmsg=\"Come sei venuto a conoscenza di questa offerta di formazione continua? non \u00e8 valido\"   \/> Raccomandazione personale (es. collega o superiore*)<\/label><\/div>\n\t\t<div class=\"frm_radio\" id=\"frm_radio_503-6\">\t\t\t<label  for=\"field_58rnk22-6\">\n\t\t\t\t\t<input type=\"radio\" name=\"item_meta[503]\" id=\"field_58rnk22-6\" value=\"altro\"\n\t\t data-frmval=\"E-Mail oder Newsletter\" data-reqmsg=\"Come sei venuto a conoscenza di questa offerta di formazione continua? non deve essere vuoto.\" data-invmsg=\"Come sei venuto a conoscenza di questa offerta di formazione continua? non \u00e8 valido\"   \/> altro<\/label><\/div>\n<\/div>\r\n\t\r\n\t\r\n<\/div>\n<div id=\"frm_field_504_container\" class=\"frm_form_field form-field  frm_required_field frm_top_container vertical_radio\">\r\n\t<div  id=\"field_vcunw22_label\" class=\"frm_primary_label\">Accettare le condizioni di partecipazione\r\n\t\t<span class=\"frm_required\" aria-hidden=\"true\">*<\/span>\r\n\t<\/div>\r\n\t<div class=\"frm_opt_container\" aria-labelledby=\"field_vcunw22_label\" role=\"group\">\t\t<div class=\"frm_checkbox\" id=\"frm_checkbox_504-0\">\t\t\t<label  for=\"field_vcunw22-0\">\n\t\t\t<input type=\"checkbox\" name=\"item_meta[504][]\" id=\"field_vcunw22-0\" value=\"\"  data-frmval=\"0\" data-reqmsg=\"Accettare le condizioni di partecipazione non deve essere vuoto.\" data-invmsg=\"Accettare le condizioni di partecipazione non \u00e8 valido\"   aria-required=\"true\"  \/> <\/label><\/div>\n<\/div>\r\n\t\r\n\t\r\n<\/div>\n<div id=\"frm_field_505_container\" class=\"frm_form_field form-field  frm_none_container\">\r\n\t<label for=\"g-recaptcha-response\" id=\"field_mhs842_label\" class=\"frm_primary_label\">Captcha\r\n\t\t<span class=\"frm_required\" aria-hidden=\"true\"><\/span>\r\n\t<\/label>\r\n\t<div  id=\"field_mhs842\" class=\"frm-g-recaptcha\" data-sitekey=\"6LesWA4rAAAAABYOfdjArOatHdyKs-rKyRrj3AQB\" data-size=\"invisible\" data-theme=\"light\"><\/div>\r\n\t\r\n\t\r\n<\/div>\n<div id=\"frm_field_506_container\" class=\"frm_form_field form-field \">\r\n\t<div class=\"frm_submit frm_flex\">\r\n<button class=\"frm_button_submit frm_final_submit\" type=\"submit\"   formnovalidate=\"formnovalidate\">Invia<\/button>\r\n\r\n\r\n\r\n<\/div>\r\n<\/div>\n\t<input type=\"hidden\" name=\"item_key\" value=\"\" \/>\n\t\t\t<div id=\"frm_field_645_container\">\n\t\t\t<label for=\"field_mj4q4\" >\n\t\t\t\tSe sei un essere umano, lascia questo campo vuoto.\t\t\t<\/label>\n\t\t\t<input  id=\"field_mj4q4\" type=\"text\" class=\"frm_form_field form-field frm_verify\" name=\"item_meta[645]\" value=\"\"  \/>\n\t\t<\/div>\n\t\t<input name=\"frm_state\" type=\"hidden\" value=\"ftUEDtpgBw7uYNHCOurAqttNiHZWhf\/IsJcKfYfj1nxtgGaq37EtJlxJxFK51tfL\" \/><\/div>\n<\/fieldset>\n<\/div>\n\n<\/form>\n<\/div>\n\n        <\/div>\n    <\/div>\n<\/div>\n","protected":false},"excerpt":{"rendered":"","protected":false},"author":6,"featured_media":0,"parent":0,"menu_order":0,"comment_status":"closed","ping_status":"closed","template":"","meta":{"_acf_changed":false,"footnotes":""},"class_list":["post-19368","page","type-page","status-publish","hentry"],"acf":[],"yoast_head":"<!-- This site is optimized with the Yoast SEO Premium plugin v27.2 (Yoast SEO v27.2) - https:\/\/yoast.com\/product\/yoast-seo-premium-wordpress\/ -->\n<title>Iscrizione al mentoring ErGo - Ergotherapie-Verband<\/title>\n<meta name=\"robots\" content=\"index, follow, max-snippet:-1, max-image-preview:large, max-video-preview:-1\" \/>\n<link rel=\"canonical\" href=\"https:\/\/ergotherapie.ch\/it\/iscrizione-al-mentoring-ergo\/\" \/>\n<meta property=\"og:locale\" content=\"it_IT\" \/>\n<meta property=\"og:type\" content=\"article\" \/>\n<meta property=\"og:title\" content=\"Iscrizione al mentoring ErGo\" \/>\n<meta property=\"og:url\" content=\"https:\/\/ergotherapie.ch\/it\/iscrizione-al-mentoring-ergo\/\" \/>\n<meta property=\"og:site_name\" content=\"Ergotherapie-Verband\" \/>\n<meta property=\"article:modified_time\" content=\"2025-12-17T13:37:45+00:00\" \/>\n<meta name=\"twitter:card\" content=\"summary_large_image\" \/>\n<script type=\"application\/ld+json\" class=\"yoast-schema-graph\">{\"@context\":\"https:\/\/schema.org\",\"@graph\":[{\"@type\":\"WebPage\",\"@id\":\"https:\/\/ergotherapie.ch\/it\/iscrizione-al-mentoring-ergo\/\",\"url\":\"https:\/\/ergotherapie.ch\/it\/iscrizione-al-mentoring-ergo\/\",\"name\":\"Iscrizione al mentoring ErGo - Ergotherapie-Verband\",\"isPartOf\":{\"@id\":\"https:\/\/ergotherapie.ch\/it\/#website\"},\"datePublished\":\"2025-01-22T10:06:38+00:00\",\"dateModified\":\"2025-12-17T13:37:45+00:00\",\"breadcrumb\":{\"@id\":\"https:\/\/ergotherapie.ch\/it\/iscrizione-al-mentoring-ergo\/#breadcrumb\"},\"inLanguage\":\"it-IT\",\"potentialAction\":[{\"@type\":\"ReadAction\",\"target\":[\"https:\/\/ergotherapie.ch\/it\/iscrizione-al-mentoring-ergo\/\"]}]},{\"@type\":\"BreadcrumbList\",\"@id\":\"https:\/\/ergotherapie.ch\/it\/iscrizione-al-mentoring-ergo\/#breadcrumb\",\"itemListElement\":[{\"@type\":\"ListItem\",\"position\":1,\"name\":\"Home\",\"item\":\"https:\/\/ergotherapie.ch\/it\/\"},{\"@type\":\"ListItem\",\"position\":2,\"name\":\"Iscrizione al mentoring ErGo\"}]},{\"@type\":\"WebSite\",\"@id\":\"https:\/\/ergotherapie.ch\/it\/#website\",\"url\":\"https:\/\/ergotherapie.ch\/it\/\",\"name\":\"Ergotherapie-Verband\",\"description\":\"\",\"potentialAction\":[{\"@type\":\"SearchAction\",\"target\":{\"@type\":\"EntryPoint\",\"urlTemplate\":\"https:\/\/ergotherapie.ch\/it\/?s={search_term_string}\"},\"query-input\":{\"@type\":\"PropertyValueSpecification\",\"valueRequired\":true,\"valueName\":\"search_term_string\"}}],\"inLanguage\":\"it-IT\"}]}<\/script>\n<!-- \/ Yoast SEO Premium plugin. -->","yoast_head_json":{"title":"Iscrizione al mentoring ErGo - Ergotherapie-Verband","robots":{"index":"index","follow":"follow","max-snippet":"max-snippet:-1","max-image-preview":"max-image-preview:large","max-video-preview":"max-video-preview:-1"},"canonical":"https:\/\/ergotherapie.ch\/it\/iscrizione-al-mentoring-ergo\/","og_locale":"it_IT","og_type":"article","og_title":"Iscrizione al mentoring ErGo","og_url":"https:\/\/ergotherapie.ch\/it\/iscrizione-al-mentoring-ergo\/","og_site_name":"Ergotherapie-Verband","article_modified_time":"2025-12-17T13:37:45+00:00","twitter_card":"summary_large_image","schema":{"@context":"https:\/\/schema.org","@graph":[{"@type":"WebPage","@id":"https:\/\/ergotherapie.ch\/it\/iscrizione-al-mentoring-ergo\/","url":"https:\/\/ergotherapie.ch\/it\/iscrizione-al-mentoring-ergo\/","name":"Iscrizione al mentoring ErGo - Ergotherapie-Verband","isPartOf":{"@id":"https:\/\/ergotherapie.ch\/it\/#website"},"datePublished":"2025-01-22T10:06:38+00:00","dateModified":"2025-12-17T13:37:45+00:00","breadcrumb":{"@id":"https:\/\/ergotherapie.ch\/it\/iscrizione-al-mentoring-ergo\/#breadcrumb"},"inLanguage":"it-IT","potentialAction":[{"@type":"ReadAction","target":["https:\/\/ergotherapie.ch\/it\/iscrizione-al-mentoring-ergo\/"]}]},{"@type":"BreadcrumbList","@id":"https:\/\/ergotherapie.ch\/it\/iscrizione-al-mentoring-ergo\/#breadcrumb","itemListElement":[{"@type":"ListItem","position":1,"name":"Home","item":"https:\/\/ergotherapie.ch\/it\/"},{"@type":"ListItem","position":2,"name":"Iscrizione al mentoring ErGo"}]},{"@type":"WebSite","@id":"https:\/\/ergotherapie.ch\/it\/#website","url":"https:\/\/ergotherapie.ch\/it\/","name":"Ergotherapie-Verband","description":"","potentialAction":[{"@type":"SearchAction","target":{"@type":"EntryPoint","urlTemplate":"https:\/\/ergotherapie.ch\/it\/?s={search_term_string}"},"query-input":{"@type":"PropertyValueSpecification","valueRequired":true,"valueName":"search_term_string"}}],"inLanguage":"it-IT"}]}},"_links":{"self":[{"href":"https:\/\/ergotherapie.ch\/it\/wp-json\/wp\/v2\/pages\/19368","targetHints":{"allow":["GET"]}}],"collection":[{"href":"https:\/\/ergotherapie.ch\/it\/wp-json\/wp\/v2\/pages"}],"about":[{"href":"https:\/\/ergotherapie.ch\/it\/wp-json\/wp\/v2\/types\/page"}],"author":[{"embeddable":true,"href":"https:\/\/ergotherapie.ch\/it\/wp-json\/wp\/v2\/users\/6"}],"replies":[{"embeddable":true,"href":"https:\/\/ergotherapie.ch\/it\/wp-json\/wp\/v2\/comments?post=19368"}],"version-history":[{"count":4,"href":"https:\/\/ergotherapie.ch\/it\/wp-json\/wp\/v2\/pages\/19368\/revisions"}],"predecessor-version":[{"id":19667,"href":"https:\/\/ergotherapie.ch\/it\/wp-json\/wp\/v2\/pages\/19368\/revisions\/19667"}],"wp:attachment":[{"href":"https:\/\/ergotherapie.ch\/it\/wp-json\/wp\/v2\/media?parent=19368"}],"curies":[{"name":"wp","href":"https:\/\/api.w.org\/{rel}","templated":true}]}}