{"id":19430,"date":"2024-12-23T22:30:30","date_gmt":"2024-12-23T20:30:30","guid":{"rendered":"https:\/\/ergotherapie.ch\/carriera\/"},"modified":"2026-04-22T15:33:17","modified_gmt":"2026-04-22T13:33:17","slug":"carriera","status":"publish","type":"page","link":"https:\/\/ergotherapie.ch\/it\/formazione\/carriera\/","title":{"rendered":"Carriera"},"content":{"rendered":"<div  class=\"inner-page-hero \">\n    <div class=\"container-fluid\">\n        <div class=\"inner-page-hero-inner-container\">\n            <div class=\"inner-page-hero-picture \">\n                                    <div style=\"background-image: url('https:\/\/ergotherapie.ch\/wp-content\/uploads\/2025\/01\/05252024EVACREATIVEMEDIA_EVS_EMPOWERMENT_DSC_9251-Avecaccentuation-NR-scaled.jpg')\">\n                        <img decoding=\"async\" width=\"189\" height=\"189\" loading=\"lazy\"\n                             src=\"https:\/\/ergotherapie.ch\/wp-content\/themes\/ergo-theme\/assets\/images\/person_photo_placeholder_cutted.png\" alt=\"Placeholder\" class=\"img-fluid\"\/>\n                    <\/div>\n                            <\/div>\n            <div class=\"inner-page-content \">\n                <h1>Fare carriera nel settore dell\u2019ergoterapia<\/h1>\n<p>Da alcuni anni, il tema delle competenze ampliate delle professioniste e dei professionisti della salute \u00e8 al centro del dibattito nazionale e internazionale. Nell\u2019ambito della rielaborazione della nuova legge federale sulle professioni sanitarie si \u00e8 anche discusso della regolamentazione dei ruoli ampliati che sono rilevanti per la tutela delle e dei pazienti.<\/p>\n                            <\/div>\n        <\/div>\n    <\/div>\n<\/div>\n\n\n<div         class=\"wysiwyg padding-medium  \">\n    <div class=\"container-fluid\">\n        <div class=\"wysiwyg-inner-container\">\n            <h3>Master in ergoterapia<\/h3>\n<p>L\u2019Istituto di ergoterapia della ZHAW offre un master europeo in ergoterapia in lingua inglese in partenariato con quattro prestigiose scuole universitarie europee. Il corso di studi approfondisce le competenze scientifiche e permette di acquisire le qualifiche necessarie per ricoprire ruoli dirigenziali e di ricerca nel settore dell\u2019ergoterapia.<\/p>\n<p><strong>Titolo di studio:<\/strong> Master of Science in Occupational Therapy<br \/>\n<strong>Durata:<\/strong> 2 anni (tempo parziale)<br \/>\n<strong>Formato:<\/strong> parallelo all\u2019attivit\u00e0 lavorativa<br \/>\n<strong>Sede d\u2019insegnamento:<\/strong> Eastbourne (Gran Bretagna), Amsterdam (Paesi Bassi), Winterthur (Svizzera), A Coru\u00f1a (Spagna) e Stoccolma (Svezia)<br \/>\n<strong>Gruppo target:<\/strong> ergoterapiste ed ergoterapisti con titolo di studio Bachelor<\/p>\n<p><strong>Opportunit\u00e0 di carriera<\/strong><br \/>\nChi consegue il master ha le competenze per ricoprire posizioni nell\u2019ambito dell\u2019insegnamento, della ricerca, della gestione progetti e dell\u2019advanced practice. L\u2019MSc permette inoltre di accedere ai programmi di dottorato.<\/p>\n<p>Per informazioni approfondite consultare direttamente il sito web della ZHAW:<br \/>\n<a href=\"https:\/\/www.zhaw.ch\/de\/gesundheit\/studium\/masterstudium\/master-ergotherapie?utm_campaign=g_kampagne_msc_ergotherapie_anmeldung_infoanlass_formular_abgeschickt&amp;utm_source=google&amp;utm_medium=ad&amp;utm_content=d-a-l&amp;gad_source=1&amp;gad_campaignid=22760550395&amp;gbraid=0AAAAAD9S04aU89Yk6WSfWR9uQJL_YFehr&amp;gclid=EAIaIQobChMIkavRjLnmjgMVo7ODBx0VSi89EAAYASAAEgLAbfD_BwE\" target=\"_blank\" rel=\"noopener\">Master europeo in Ergoterapia<\/a><\/p>\n<p>&nbsp;<\/p>\n<p>Si possono trovare altre offerte di master anche all\u2019estero. Informatevi direttamente presso le scuole universitarie in questione. La\u00a0<a href=\"https:\/\/www.fhg-tirol.ac.at\/page.cfm?vpath=studium\/master\/ergotherapie-und-handlungswissenschaft\" target=\"_blank\" rel=\"noopener\"> fh gesundheit di Innsbruck<\/a> propone, ad esempio, un master in ergoterapia e scienza occupazionale. Esistono inoltre diverse possibilit\u00e0 per l\u2019ergoterapista di conseguire un master specialistico (ad es. nell\u2019ambito della <a href=\"https:\/\/www.donau-uni.ac.at\/de\/studium\/neurorehabilitationsforschung-msc-ce.html%23%C3%9Cberblickan\" target=\"_blank\" rel=\"noopener\">ricerca in neuroriabilitazione<\/a> presso la Donau Universit\u00e4t Krems). Anche altre scuole universitarie straniere offrono diversi percorsi interprofessionali.<\/p>\n<p><strong>Dopo il master? Porte aperte al dottorato<\/strong><br \/>\nUn MSc apre molteplici porte verso una carriera scientifica. Oltre ai programmi PhD internazionali, \u00e8 possibile optare anche per il programma <a href=\"https:\/\/www.zhaw.ch\/de\/gesundheit\/studium\/doktoratsprogramme\/care-rehabilitation-sciences\" target=\"_blank\" rel=\"noopener\">Care and Rehabilitation Sciences<\/a>, proposto dalla ZHAW congiuntamente all\u2019Universit\u00e0 di Zurigo. Questo programma di dottorato, offerto in collaborazione tra il Dipartimento Salute della ZHAW e la facolt\u00e0 di medicina dell\u2019Universit\u00e0 di Zurigo, \u00e8 rivolto a specialiste e specialisti di diverse professioni sanitarie. Chi sceglie questo percorso approfondisce le proprie conoscenze in teoria e metodologia della ricerca ed elabora un proprio progetto nell\u2019ambito della prevenzione, dell\u2019assistenza clinica, della riabilitazione o dello sviluppo di terapie. Al termine del programma si ottiene il <strong>titolo Dr. sc. med.<\/strong> e si dispone delle qualifiche necessarie per ricoprire posizioni scientifiche o ruoli di docente nel settore della salute.<\/p>\n<p>In Svizzera non esiste attualmente un programma di dottorato orientato esclusivamente all\u2019ergoterapia. Le ergoterapiste e gli ergoterapisti che hanno conseguito un master possono comunque ottenere un dottorato partecipando a programmi interdisciplinari.<\/p>\n<p>Esistono inoltre ulteriori percorsi di dottorato all\u2019estero, ad esempio nei Paesi Bassi, in Gran Bretagna o Scandinavia, dove i programmi PhD specifici per l\u2019ergoterapia sono maggiormente diffusi. Anche le universit\u00e0 svizzere offrono la possibilit\u00e0 di conseguire un dottorato con un tema di ricerca in ergoterapia nell\u2019ambito di programmi sulla salute o con indirizzo medico.<\/p>\n<p>&nbsp;<\/p>\n        <\/div>\n    <\/div>\n<\/div>\n\n\n    <div class=\"section-downloads \">\n        <div class=\"container-fluid\">\n                            <div class=\"content-above\">\n                    <h2><strong>Advanced Practice<br \/>\nin Occupational Therapy (AP OT)<\/strong><\/h2>\n<p>L\u2019Associazione Svizzera di Ergoterapia ha elaborato, in collaborazione con rappresentanti dell\u2019Istituto di ergoterapia della Scuola universitaria professionale e della pratica professionale, il documento di base \u00abAdvanced Practice in Occupational Therapy (AP OT)\u00bb. Questo documento ha lo scopo di aiutare ergoterapiste ed ergoterapisti nonch\u00e9 datrici e datori di lavoro a introdurre compiti e ruoli ampliati. Esso spiega cos\u2019\u00e8 l\u2019Advanced Practice e quali sono le competenze e i requisiti a livello di Advanced Practice in Occupational Therapy.<\/p>\n<p>Il documento di base dell\u2019ASE contribuisce quindi a risolvere le sfide che caratterizzano un settore complesso come quello dell\u2019assistenza sanitaria in Svizzera. La definizione delle competenze ampliate \u00e8 in fase di sviluppo sia in Svizzera che a livello internazionale, pertanto questo documento non \u00e8 da considerarsi definitivo. Ad oggi, la fatturazione di tali competenze ampliate non \u00e8 ancora stata chiarita a livello nazionale. Sul piano della politica professionale si sta lavorando per arrivare a un chiarimento della fatturabilit\u00e0. Il prossimo passo sar\u00e0 valutare l\u2019assegnazione del titolo da parte dell\u2019Associazione Svizzera di Ergoterapia (ASE). Sono in corso di elaborazione linee guida e disposizioni al riguardo.<\/p>\n                                    <\/div>\n                                        <h2 class=\"downloads-title\">\n                                    <\/h2>\n\n                                                    \n                <div class=\"downloads-feed\">\n                                            <div class=\"one-download\">\n                            <div>\n                                <strong>\n                                                                        <a target=\"_blank\"\n                                       class=\"the-download-lik \"\n                                       href=\"https:\/\/ergotherapie.ch\/it\/?download_file=9663\">\n                                        Advanced Practice in Occupational Therapy &#8211; Document de Base de l&#8217;ASE (2019)                                    <\/a>\n                                <\/strong>\n                            <\/div>\n                            <div>\n                                <strong>\n                                    pdf                                <\/strong>\n                            <\/div>\n                            <div>\n                                                                    <a target=\"_blank\"\n                                       href=\"https:\/\/ergotherapie.ch\/it\/?download_file=9663\">\n                                        <svg id=\"9825Group_1085\" data-name=\"Group 1085\" xmlns=\"http:\/\/www.w3.org\/2000\/svg\" xmlns:xlink=\"http:\/\/www.w3.org\/1999\/xlink\" width=\"30.5\" height=\"39.5\" viewBox=\"0 0 30.5 39.5\">\n  <defs>\n    <clipPath id=\"9825clip-path\">\n      <rect id=\"9825Rectangle_357\" data-name=\"Rectangle 357\" width=\"30.5\" height=\"39.5\" fill=\"none\"\/>\n    <\/clipPath>\n  <\/defs>\n  <g id=\"9825Group_1083\" data-name=\"Group 1083\" clip-path=\"url(#9825clip-path)\">\n    <path id=\"9825Path_1043\" data-name=\"Path 1043\" d=\"M26.948,19.7,15.219,31.427,3.495,19.7\" fill=\"none\" stroke=\"#d3006a\" stroke-miterlimit=\"10\" stroke-width=\"2.5\"\/>\n    <line id=\"9825Line_79\" data-name=\"Line 79\" y2=\"30.5\" transform=\"translate(15.221)\" fill=\"none\" stroke=\"#d3006a\" stroke-miterlimit=\"10\" stroke-width=\"2.5\"\/>\n    <line id=\"9825Line_80\" data-name=\"Line 80\" x1=\"30.5\" transform=\"translate(0 38.25)\" fill=\"none\" stroke=\"#d3006a\" stroke-miterlimit=\"10\" stroke-width=\"2.5\"\/>\n  <\/g>\n<\/svg>\n                                    <\/a>\n                                                                <\/div>\n                        <\/div>\n                                                <div class=\"one-download\">\n                            <div>\n                                <strong>\n                                                                        <a target=\"_blank\"\n                                       class=\"the-download-lik \"\n                                       href=\"https:\/\/ergotherapie.ch\/it\/?download_file=1336\">\n                                        Advanced Practice in Occupational Therapy &#8211; Grundlagenpapier EVS  (2019)                                    <\/a>\n                                <\/strong>\n                            <\/div>\n                            <div>\n                                <strong>\n                                    pdf                                <\/strong>\n                            <\/div>\n                            <div>\n                                                                    <a target=\"_blank\"\n                                       href=\"https:\/\/ergotherapie.ch\/it\/?download_file=1336\">\n                                        <svg id=\"2025Group_1085\" data-name=\"Group 1085\" xmlns=\"http:\/\/www.w3.org\/2000\/svg\" xmlns:xlink=\"http:\/\/www.w3.org\/1999\/xlink\" width=\"30.5\" height=\"39.5\" viewBox=\"0 0 30.5 39.5\">\n  <defs>\n    <clipPath id=\"2025clip-path\">\n      <rect id=\"2025Rectangle_357\" data-name=\"Rectangle 357\" width=\"30.5\" height=\"39.5\" fill=\"none\"\/>\n    <\/clipPath>\n  <\/defs>\n  <g id=\"2025Group_1083\" data-name=\"Group 1083\" clip-path=\"url(#2025clip-path)\">\n    <path id=\"2025Path_1043\" data-name=\"Path 1043\" d=\"M26.948,19.7,15.219,31.427,3.495,19.7\" fill=\"none\" stroke=\"#d3006a\" stroke-miterlimit=\"10\" stroke-width=\"2.5\"\/>\n    <line id=\"2025Line_79\" data-name=\"Line 79\" y2=\"30.5\" transform=\"translate(15.221)\" fill=\"none\" stroke=\"#d3006a\" stroke-miterlimit=\"10\" stroke-width=\"2.5\"\/>\n    <line id=\"2025Line_80\" data-name=\"Line 80\" x1=\"30.5\" transform=\"translate(0 38.25)\" fill=\"none\" stroke=\"#d3006a\" stroke-miterlimit=\"10\" stroke-width=\"2.5\"\/>\n  <\/g>\n<\/svg>\n                                    <\/a>\n                                                                <\/div>\n                        <\/div>\n                                                <div class=\"one-download\">\n                            <div>\n                                <strong>\n                                                                        <a target=\"_blank\"\n                                       class=\"the-download-lik \"\n                                       href=\"https:\/\/ergotherapie.ch\/it\/?download_file=9656\">\n                                        Advanced Practice in Occupational Therapy &#8211; Prise de Position de l&#8217;ASE (2024)                                    <\/a>\n                                <\/strong>\n                            <\/div>\n                            <div>\n                                <strong>\n                                    pdf                                <\/strong>\n                            <\/div>\n                            <div>\n                                                                    <a target=\"_blank\"\n                                       href=\"https:\/\/ergotherapie.ch\/it\/?download_file=9656\">\n                                        <svg id=\"9095Group_1085\" data-name=\"Group 1085\" xmlns=\"http:\/\/www.w3.org\/2000\/svg\" xmlns:xlink=\"http:\/\/www.w3.org\/1999\/xlink\" width=\"30.5\" height=\"39.5\" viewBox=\"0 0 30.5 39.5\">\n  <defs>\n    <clipPath id=\"9095clip-path\">\n      <rect id=\"9095Rectangle_357\" data-name=\"Rectangle 357\" width=\"30.5\" height=\"39.5\" fill=\"none\"\/>\n    <\/clipPath>\n  <\/defs>\n  <g id=\"9095Group_1083\" data-name=\"Group 1083\" clip-path=\"url(#9095clip-path)\">\n    <path id=\"9095Path_1043\" data-name=\"Path 1043\" d=\"M26.948,19.7,15.219,31.427,3.495,19.7\" fill=\"none\" stroke=\"#d3006a\" stroke-miterlimit=\"10\" stroke-width=\"2.5\"\/>\n    <line id=\"9095Line_79\" data-name=\"Line 79\" y2=\"30.5\" transform=\"translate(15.221)\" fill=\"none\" stroke=\"#d3006a\" stroke-miterlimit=\"10\" stroke-width=\"2.5\"\/>\n    <line id=\"9095Line_80\" data-name=\"Line 80\" x1=\"30.5\" transform=\"translate(0 38.25)\" fill=\"none\" stroke=\"#d3006a\" stroke-miterlimit=\"10\" stroke-width=\"2.5\"\/>\n  <\/g>\n<\/svg>\n                                    <\/a>\n                                                                <\/div>\n                        <\/div>\n                                                <div class=\"one-download\">\n                            <div>\n                                <strong>\n                                                                        <a target=\"_blank\"\n                                       class=\"the-download-lik \"\n                                       href=\"https:\/\/ergotherapie.ch\/it\/?download_file=1334\">\n                                        Advanced Practice in Occupational Therapy &#8211; Positionspapier EVS (2024)                                    <\/a>\n                                <\/strong>\n                            <\/div>\n                            <div>\n                                <strong>\n                                    pdf                                <\/strong>\n                            <\/div>\n                            <div>\n                                                                    <a target=\"_blank\"\n                                       href=\"https:\/\/ergotherapie.ch\/it\/?download_file=1334\">\n                                        <svg id=\"9027Group_1085\" data-name=\"Group 1085\" xmlns=\"http:\/\/www.w3.org\/2000\/svg\" xmlns:xlink=\"http:\/\/www.w3.org\/1999\/xlink\" width=\"30.5\" height=\"39.5\" viewBox=\"0 0 30.5 39.5\">\n  <defs>\n    <clipPath id=\"9027clip-path\">\n      <rect id=\"9027Rectangle_357\" data-name=\"Rectangle 357\" width=\"30.5\" height=\"39.5\" fill=\"none\"\/>\n    <\/clipPath>\n  <\/defs>\n  <g id=\"9027Group_1083\" data-name=\"Group 1083\" clip-path=\"url(#9027clip-path)\">\n    <path id=\"9027Path_1043\" data-name=\"Path 1043\" d=\"M26.948,19.7,15.219,31.427,3.495,19.7\" fill=\"none\" stroke=\"#d3006a\" stroke-miterlimit=\"10\" stroke-width=\"2.5\"\/>\n    <line id=\"9027Line_79\" data-name=\"Line 79\" y2=\"30.5\" transform=\"translate(15.221)\" fill=\"none\" stroke=\"#d3006a\" stroke-miterlimit=\"10\" stroke-width=\"2.5\"\/>\n    <line id=\"9027Line_80\" data-name=\"Line 80\" x1=\"30.5\" transform=\"translate(0 38.25)\" fill=\"none\" stroke=\"#d3006a\" stroke-miterlimit=\"10\" stroke-width=\"2.5\"\/>\n  <\/g>\n<\/svg>\n                                    <\/a>\n                                                                <\/div>\n                        <\/div>\n                                        <\/div>\n                                <p class=\"downloads-not-found\">\n                    Nessun download trovato                <\/p>\n                    <\/div>\n    <\/div>\n\n\n        <div class=\"application\">\n            <div class=\"container-fluid\">\n                <div class=\"row row-spaced\">\n                                                                        <div class=\"col-sm-6\">\n                                <div class=\"one-application\">\n                                    <h3>\n                                        Corsi di formazione continua dell\u2019ASE                                    <\/h3>\n                                    <p class=\"mb_0\"><strong>\n                                        Scoprite l\u2019ampia offerta di corsi di aggiornamento e formazione continua dell\u2019Associazione Svizzera di Ergoterapia e iscrivetevi oggi stesso online.                                        <\/strong>\n                                    <\/p>\n                                                                            <p class=\"button-wrapper\">\n                                            <a href=\"\/formazione\/aggiornamento-e-formazione-continua\/\">\n                                                Ai corsi                                            <\/a>\n                                        <\/p>\n                                                                    <\/div>\n                            <\/div>\n                                                                <\/div>\n            <\/div>\n        <\/div>\n        ","protected":false},"excerpt":{"rendered":"","protected":false},"author":6,"featured_media":0,"parent":19459,"menu_order":0,"comment_status":"closed","ping_status":"closed","template":"","meta":{"_acf_changed":false,"footnotes":""},"class_list":["post-19430","page","type-page","status-publish","hentry"],"acf":[],"yoast_head":"<!-- This site is optimized with the Yoast SEO Premium plugin v27.4 (Yoast SEO v27.4) - https:\/\/yoast.com\/product\/yoast-seo-premium-wordpress\/ -->\n<title>Carriera - Ergotherapie-Verband<\/title>\n<meta name=\"robots\" content=\"index, follow, max-snippet:-1, max-image-preview:large, max-video-preview:-1\" \/>\n<link rel=\"canonical\" href=\"https:\/\/ergotherapie.ch\/it\/formazione\/carriera\/\" \/>\n<meta property=\"og:locale\" content=\"it_IT\" \/>\n<meta property=\"og:type\" content=\"article\" \/>\n<meta property=\"og:title\" content=\"Carriera\" \/>\n<meta property=\"og:url\" content=\"https:\/\/ergotherapie.ch\/it\/formazione\/carriera\/\" \/>\n<meta property=\"og:site_name\" content=\"Ergotherapie-Verband\" \/>\n<meta property=\"article:modified_time\" content=\"2026-04-22T13:33:17+00:00\" \/>\n<meta name=\"twitter:card\" content=\"summary_large_image\" \/>\n<script type=\"application\/ld+json\" class=\"yoast-schema-graph\">{\"@context\":\"https:\\\/\\\/schema.org\",\"@graph\":[{\"@type\":\"WebPage\",\"@id\":\"https:\\\/\\\/ergotherapie.ch\\\/it\\\/formazione\\\/carriera\\\/\",\"url\":\"https:\\\/\\\/ergotherapie.ch\\\/it\\\/formazione\\\/carriera\\\/\",\"name\":\"Carriera - Ergotherapie-Verband\",\"isPartOf\":{\"@id\":\"https:\\\/\\\/ergotherapie.ch\\\/it\\\/#website\"},\"datePublished\":\"2024-12-23T20:30:30+00:00\",\"dateModified\":\"2026-04-22T13:33:17+00:00\",\"breadcrumb\":{\"@id\":\"https:\\\/\\\/ergotherapie.ch\\\/it\\\/formazione\\\/carriera\\\/#breadcrumb\"},\"inLanguage\":\"it-IT\",\"potentialAction\":[{\"@type\":\"ReadAction\",\"target\":[\"https:\\\/\\\/ergotherapie.ch\\\/it\\\/formazione\\\/carriera\\\/\"]}]},{\"@type\":\"BreadcrumbList\",\"@id\":\"https:\\\/\\\/ergotherapie.ch\\\/it\\\/formazione\\\/carriera\\\/#breadcrumb\",\"itemListElement\":[{\"@type\":\"ListItem\",\"position\":1,\"name\":\"Home\",\"item\":\"https:\\\/\\\/ergotherapie.ch\\\/it\\\/\"},{\"@type\":\"ListItem\",\"position\":2,\"name\":\"Formazione\",\"item\":\"https:\\\/\\\/ergotherapie.ch\\\/it\\\/formazione\\\/\"},{\"@type\":\"ListItem\",\"position\":3,\"name\":\"Carriera\"}]},{\"@type\":\"WebSite\",\"@id\":\"https:\\\/\\\/ergotherapie.ch\\\/it\\\/#website\",\"url\":\"https:\\\/\\\/ergotherapie.ch\\\/it\\\/\",\"name\":\"Ergotherapie-Verband\",\"description\":\"\",\"potentialAction\":[{\"@type\":\"SearchAction\",\"target\":{\"@type\":\"EntryPoint\",\"urlTemplate\":\"https:\\\/\\\/ergotherapie.ch\\\/it\\\/?s={search_term_string}\"},\"query-input\":{\"@type\":\"PropertyValueSpecification\",\"valueRequired\":true,\"valueName\":\"search_term_string\"}}],\"inLanguage\":\"it-IT\"}]}<\/script>\n<!-- \/ Yoast SEO Premium plugin. -->","yoast_head_json":{"title":"Carriera - Ergotherapie-Verband","robots":{"index":"index","follow":"follow","max-snippet":"max-snippet:-1","max-image-preview":"max-image-preview:large","max-video-preview":"max-video-preview:-1"},"canonical":"https:\/\/ergotherapie.ch\/it\/formazione\/carriera\/","og_locale":"it_IT","og_type":"article","og_title":"Carriera","og_url":"https:\/\/ergotherapie.ch\/it\/formazione\/carriera\/","og_site_name":"Ergotherapie-Verband","article_modified_time":"2026-04-22T13:33:17+00:00","twitter_card":"summary_large_image","schema":{"@context":"https:\/\/schema.org","@graph":[{"@type":"WebPage","@id":"https:\/\/ergotherapie.ch\/it\/formazione\/carriera\/","url":"https:\/\/ergotherapie.ch\/it\/formazione\/carriera\/","name":"Carriera - Ergotherapie-Verband","isPartOf":{"@id":"https:\/\/ergotherapie.ch\/it\/#website"},"datePublished":"2024-12-23T20:30:30+00:00","dateModified":"2026-04-22T13:33:17+00:00","breadcrumb":{"@id":"https:\/\/ergotherapie.ch\/it\/formazione\/carriera\/#breadcrumb"},"inLanguage":"it-IT","potentialAction":[{"@type":"ReadAction","target":["https:\/\/ergotherapie.ch\/it\/formazione\/carriera\/"]}]},{"@type":"BreadcrumbList","@id":"https:\/\/ergotherapie.ch\/it\/formazione\/carriera\/#breadcrumb","itemListElement":[{"@type":"ListItem","position":1,"name":"Home","item":"https:\/\/ergotherapie.ch\/it\/"},{"@type":"ListItem","position":2,"name":"Formazione","item":"https:\/\/ergotherapie.ch\/it\/formazione\/"},{"@type":"ListItem","position":3,"name":"Carriera"}]},{"@type":"WebSite","@id":"https:\/\/ergotherapie.ch\/it\/#website","url":"https:\/\/ergotherapie.ch\/it\/","name":"Ergotherapie-Verband","description":"","potentialAction":[{"@type":"SearchAction","target":{"@type":"EntryPoint","urlTemplate":"https:\/\/ergotherapie.ch\/it\/?s={search_term_string}"},"query-input":{"@type":"PropertyValueSpecification","valueRequired":true,"valueName":"search_term_string"}}],"inLanguage":"it-IT"}]}},"_links":{"self":[{"href":"https:\/\/ergotherapie.ch\/it\/wp-json\/wp\/v2\/pages\/19430","targetHints":{"allow":["GET"]}}],"collection":[{"href":"https:\/\/ergotherapie.ch\/it\/wp-json\/wp\/v2\/pages"}],"about":[{"href":"https:\/\/ergotherapie.ch\/it\/wp-json\/wp\/v2\/types\/page"}],"author":[{"embeddable":true,"href":"https:\/\/ergotherapie.ch\/it\/wp-json\/wp\/v2\/users\/6"}],"replies":[{"embeddable":true,"href":"https:\/\/ergotherapie.ch\/it\/wp-json\/wp\/v2\/comments?post=19430"}],"version-history":[{"count":4,"href":"https:\/\/ergotherapie.ch\/it\/wp-json\/wp\/v2\/pages\/19430\/revisions"}],"predecessor-version":[{"id":23191,"href":"https:\/\/ergotherapie.ch\/it\/wp-json\/wp\/v2\/pages\/19430\/revisions\/23191"}],"up":[{"embeddable":true,"href":"https:\/\/ergotherapie.ch\/it\/wp-json\/wp\/v2\/pages\/19459"}],"wp:attachment":[{"href":"https:\/\/ergotherapie.ch\/it\/wp-json\/wp\/v2\/media?parent=19430"}],"curies":[{"name":"wp","href":"https:\/\/api.w.org\/{rel}","templated":true}]}}