{"id":19446,"date":"2025-02-24T19:40:40","date_gmt":"2025-02-24T17:40:40","guid":{"rendered":"https:\/\/ergotherapie.ch\/sondaggi-e-studi\/"},"modified":"2026-03-25T16:47:55","modified_gmt":"2026-03-25T14:47:55","slug":"sondaggi-e-studi","status":"publish","type":"page","link":"https:\/\/ergotherapie.ch\/it\/sondaggi-e-studi\/","title":{"rendered":"Sondaggi e studi"},"content":{"rendered":"<div id=\"hero-with-arc\">\n    <div class=\"container-fluid\">\n        <div class=\"hero-with-arc-art\">\n            <img decoding=\"async\" src=\"https:\/\/ergotherapie.ch\/wp-content\/themes\/ergo-theme\/assets\/images\/header_arc.svg\" alt=\"Arc\" \/>\n        <\/div>\n        <div class=\"hw-content\">\n            <div class=\"hw-content-editor-wrapper\">\n                <h2>Sondaggi in corso e invito alla partecipazione a studi<\/h2>\n<p><strong>Partecipanti cercasi!<\/strong><\/p>\n<p>Su questa pagina informiamo in merito ai sondaggi in corso e agli studi inerenti all\u2019ergoterapia svolti da fornitori esterni. La partecipazione \u00e8 sotto la propria responsabilit\u00e0.<\/p>\n                            <\/div>\n        <\/div>\n    <\/div>\n<\/div>\n\n\n<div         class=\"wysiwyg padding-large  \">\n    <div class=\"container-fluid\">\n        <div class=\"wysiwyg-inner-container\">\n            <div id=\"surveytitlelogo\" class=\"survey-titlebar\" role=\"banner\" data-mlm-text-align=\"left\">\n<div class=\"survey-titlebar__left\" data-mlm-text-align=\"left\">\n<h3 class=\"bubbleInfo\" data-mlm-text-align=\"right\">Sondaggio su mobilit\u00e0, partecipazione sociale e salute<\/h3>\n<\/div>\n<\/div>\n<div id=\"surveyinstructions\" data-mlm=\"survey-instructions\" data-mlm-text-align=\"left\">\n<p>L&#8217;obiettivo generale del progetto MOBILE \u00e8 acquisire conoscenze sulla mobilit\u00e0, sulla partecipazione sociale e sulla salute delle persone con e senza disabilit\u00e0 e\/o malattie croniche. Nell&#8217;ambito del progetto, questo sondaggio intende esaminare se esistono differenze tra le persone con e senza disabilit\u00e0 e\/o malattie croniche in termini di frequenza di visita di luoghi importanti, variet\u00e0 dei mezzi di trasporto utilizzati, soddisfazione per la partecipazione sociale e qualit\u00e0 della vita. Inoltre, \u00e8 previsto un confronto internazionale tra due Paesi europei, la Svizzera e la Svezia. Nel prosieguo del progetto, sulla base delle conoscenze acquisite, verranno elaborate raccomandazioni concrete volte a migliorare la partecipazione sociale delle persone con disabilit\u00e0 e\/o malattie croniche, in linea con i loro bisogni.<br \/>\nIl sondaggio sar\u00e0 condotto da febbraio ad aprile 2026. La durata \u00e8 di circa 15-20 minuti e pu\u00f2 essere compilato in italiano, tedesco, francese, inglese o svedese. Con il pulsante &#8220;Salva e continua pi\u00f9 tardi&#8221; \u00e8 possibile interrompere il sondaggio e riprenderlo successivamente inserendo il codice fornito.<\/p>\n<p><strong>Cosa succede ai miei dati?<\/strong><\/p>\n<p>I suoi dati saranno raccolti e archiviati tramite un software di studio sicuro chiamato REDCap, conforme alle normative etiche nazionali e alle regolamentazioni svizzere relative agli studi sulla salute. Non possiamo identificarla, poich\u00e9 la partecipazione al questionario \u00e8 anonima. I dati personali che permettono di risalire alla sua identit\u00e0 non saranno comunicati a terzi. I dati anonimi saranno caricati in un archivio dati in conformit\u00e0 ai requisiti del Fondo Nazionale Svizzero e della sua politica open data. I suoi dati potrebbero risultare utili in futuro per rispondere ad altre domande di ricerca e, pertanto, essere utilizzati in forma anonima.<br \/>\nLa sua partecipazione \u00e8 volontaria; pu\u00f2 ritirarsi dal progetto di ricerca in qualsiasi momento, senza fornire alcuna motivazione. I dati raccolti fino a quel momento continueranno a essere analizzati in forma criptata.<\/p>\n<p><b>Partecipate anche voi!<\/b><\/p>\n<p>Le vostre esperienze sono preziose. La partecipazione al sondaggio richiede <b>circa 15-20 minuti<\/b>.<\/p>\n<p>\ud83d\udc49 <b>Qui potete accedere direttamente al sondaggio:<\/b><\/p>\n<p><a href=\"https:\/\/che01.safelinks.protection.outlook.com\/?url=https%3A%2F%2Fredcap.zhaw.ch%2Fsurveys%2F%3Fs%3DXLC8XNL7EWYLHER3&amp;data=05%7C02%7Cfranziska.fausch%40ergotherapie.ch%7C4c1378056c2149f7432d08de6269a942%7Cf26a626c7b4741929d04e204f03a2800%7C0%7C0%7C639056403171474086%7CUnknown%7CTWFpbGZsb3d8eyJFbXB0eU1hcGkiOnRydWUsIlYiOiIwLjAuMDAwMCIsIlAiOiJXaW4zMiIsIkFOIjoiTWFpbCIsIldUIjoyfQ%3D%3D%7C0%7C%7C%7C&amp;sdata=GAHS25kcK0KCk2tJiXwV3SBJCjgRNY0GDxKgR5ffbeY%3D&amp;reserved=0\"><u>Sondaggio su mobilit\u00e0, partecipazione sociale e salute<\/u><\/a><\/p>\n<p>&nbsp;<\/p>\n<p><strong>Chi posso contattare in caso di domande?<\/strong><\/p>\n<p>Se ha domande o necessita di supporto per la compilazione del sondaggio, pu\u00f2 contattarci via e-mail all&#8217;indirizzo <a href=\"mailto:mobilitaet.gesundheit@zhaw.ch\">mobilitaet.gesundheit@zhaw.ch<\/a> o telefonicamente al numero +41 79 679 73 98.<br \/>\nUlteriori informazioni sul progetto sono disponibili sul nostro sito web: <a href=\"https:\/\/www.zhaw.ch\/de\/gesundheit\/forschung\/ergotherapie\/projekte\/welchen-einfluss-hat-die-mobilitaet-auf-die-teilhabe-und-gesundheit-von-menschen-mit-behinderungen\">In che misura la mobilit\u00e0 influisce sulla partecipazione sociale e sulla salute delle persone con disabilit\u00e0? | Salute ZHAW<\/a><\/p>\n<p><strong>La ringraziamo per la sua partecipazione!<\/strong><\/p>\n<\/div>\n        <\/div>\n    <\/div>\n<\/div>\n","protected":false},"excerpt":{"rendered":"","protected":false},"author":5,"featured_media":0,"parent":0,"menu_order":0,"comment_status":"closed","ping_status":"closed","template":"","meta":{"_acf_changed":false,"footnotes":""},"class_list":["post-19446","page","type-page","status-publish","hentry"],"acf":[],"yoast_head":"<!-- This site is optimized with the Yoast SEO Premium plugin v27.4 (Yoast SEO v27.4) - https:\/\/yoast.com\/product\/yoast-seo-premium-wordpress\/ -->\n<title>Sondaggi e studi - Ergotherapie-Verband<\/title>\n<meta name=\"robots\" content=\"index, follow, max-snippet:-1, max-image-preview:large, max-video-preview:-1\" \/>\n<link rel=\"canonical\" href=\"https:\/\/ergotherapie.ch\/it\/sondaggi-e-studi\/\" \/>\n<meta property=\"og:locale\" content=\"it_IT\" \/>\n<meta property=\"og:type\" content=\"article\" \/>\n<meta property=\"og:title\" content=\"Sondaggi e studi\" \/>\n<meta property=\"og:url\" content=\"https:\/\/ergotherapie.ch\/it\/sondaggi-e-studi\/\" \/>\n<meta property=\"og:site_name\" content=\"Ergotherapie-Verband\" \/>\n<meta property=\"article:modified_time\" content=\"2026-03-25T14:47:55+00:00\" \/>\n<meta name=\"twitter:card\" content=\"summary_large_image\" \/>\n<script type=\"application\/ld+json\" class=\"yoast-schema-graph\">{\"@context\":\"https:\\\/\\\/schema.org\",\"@graph\":[{\"@type\":\"WebPage\",\"@id\":\"https:\\\/\\\/ergotherapie.ch\\\/it\\\/sondaggi-e-studi\\\/\",\"url\":\"https:\\\/\\\/ergotherapie.ch\\\/it\\\/sondaggi-e-studi\\\/\",\"name\":\"Sondaggi e studi - Ergotherapie-Verband\",\"isPartOf\":{\"@id\":\"https:\\\/\\\/ergotherapie.ch\\\/it\\\/#website\"},\"datePublished\":\"2025-02-24T17:40:40+00:00\",\"dateModified\":\"2026-03-25T14:47:55+00:00\",\"breadcrumb\":{\"@id\":\"https:\\\/\\\/ergotherapie.ch\\\/it\\\/sondaggi-e-studi\\\/#breadcrumb\"},\"inLanguage\":\"it-IT\",\"potentialAction\":[{\"@type\":\"ReadAction\",\"target\":[\"https:\\\/\\\/ergotherapie.ch\\\/it\\\/sondaggi-e-studi\\\/\"]}]},{\"@type\":\"BreadcrumbList\",\"@id\":\"https:\\\/\\\/ergotherapie.ch\\\/it\\\/sondaggi-e-studi\\\/#breadcrumb\",\"itemListElement\":[{\"@type\":\"ListItem\",\"position\":1,\"name\":\"Home\",\"item\":\"https:\\\/\\\/ergotherapie.ch\\\/it\\\/\"},{\"@type\":\"ListItem\",\"position\":2,\"name\":\"Sondaggi e studi\"}]},{\"@type\":\"WebSite\",\"@id\":\"https:\\\/\\\/ergotherapie.ch\\\/it\\\/#website\",\"url\":\"https:\\\/\\\/ergotherapie.ch\\\/it\\\/\",\"name\":\"Ergotherapie-Verband\",\"description\":\"\",\"potentialAction\":[{\"@type\":\"SearchAction\",\"target\":{\"@type\":\"EntryPoint\",\"urlTemplate\":\"https:\\\/\\\/ergotherapie.ch\\\/it\\\/?s={search_term_string}\"},\"query-input\":{\"@type\":\"PropertyValueSpecification\",\"valueRequired\":true,\"valueName\":\"search_term_string\"}}],\"inLanguage\":\"it-IT\"}]}<\/script>\n<!-- \/ Yoast SEO Premium plugin. -->","yoast_head_json":{"title":"Sondaggi e studi - Ergotherapie-Verband","robots":{"index":"index","follow":"follow","max-snippet":"max-snippet:-1","max-image-preview":"max-image-preview:large","max-video-preview":"max-video-preview:-1"},"canonical":"https:\/\/ergotherapie.ch\/it\/sondaggi-e-studi\/","og_locale":"it_IT","og_type":"article","og_title":"Sondaggi e studi","og_url":"https:\/\/ergotherapie.ch\/it\/sondaggi-e-studi\/","og_site_name":"Ergotherapie-Verband","article_modified_time":"2026-03-25T14:47:55+00:00","twitter_card":"summary_large_image","schema":{"@context":"https:\/\/schema.org","@graph":[{"@type":"WebPage","@id":"https:\/\/ergotherapie.ch\/it\/sondaggi-e-studi\/","url":"https:\/\/ergotherapie.ch\/it\/sondaggi-e-studi\/","name":"Sondaggi e studi - Ergotherapie-Verband","isPartOf":{"@id":"https:\/\/ergotherapie.ch\/it\/#website"},"datePublished":"2025-02-24T17:40:40+00:00","dateModified":"2026-03-25T14:47:55+00:00","breadcrumb":{"@id":"https:\/\/ergotherapie.ch\/it\/sondaggi-e-studi\/#breadcrumb"},"inLanguage":"it-IT","potentialAction":[{"@type":"ReadAction","target":["https:\/\/ergotherapie.ch\/it\/sondaggi-e-studi\/"]}]},{"@type":"BreadcrumbList","@id":"https:\/\/ergotherapie.ch\/it\/sondaggi-e-studi\/#breadcrumb","itemListElement":[{"@type":"ListItem","position":1,"name":"Home","item":"https:\/\/ergotherapie.ch\/it\/"},{"@type":"ListItem","position":2,"name":"Sondaggi e studi"}]},{"@type":"WebSite","@id":"https:\/\/ergotherapie.ch\/it\/#website","url":"https:\/\/ergotherapie.ch\/it\/","name":"Ergotherapie-Verband","description":"","potentialAction":[{"@type":"SearchAction","target":{"@type":"EntryPoint","urlTemplate":"https:\/\/ergotherapie.ch\/it\/?s={search_term_string}"},"query-input":{"@type":"PropertyValueSpecification","valueRequired":true,"valueName":"search_term_string"}}],"inLanguage":"it-IT"}]}},"_links":{"self":[{"href":"https:\/\/ergotherapie.ch\/it\/wp-json\/wp\/v2\/pages\/19446","targetHints":{"allow":["GET"]}}],"collection":[{"href":"https:\/\/ergotherapie.ch\/it\/wp-json\/wp\/v2\/pages"}],"about":[{"href":"https:\/\/ergotherapie.ch\/it\/wp-json\/wp\/v2\/types\/page"}],"author":[{"embeddable":true,"href":"https:\/\/ergotherapie.ch\/it\/wp-json\/wp\/v2\/users\/5"}],"replies":[{"embeddable":true,"href":"https:\/\/ergotherapie.ch\/it\/wp-json\/wp\/v2\/comments?post=19446"}],"version-history":[{"count":5,"href":"https:\/\/ergotherapie.ch\/it\/wp-json\/wp\/v2\/pages\/19446\/revisions"}],"predecessor-version":[{"id":22604,"href":"https:\/\/ergotherapie.ch\/it\/wp-json\/wp\/v2\/pages\/19446\/revisions\/22604"}],"wp:attachment":[{"href":"https:\/\/ergotherapie.ch\/it\/wp-json\/wp\/v2\/media?parent=19446"}],"curies":[{"name":"wp","href":"https:\/\/api.w.org\/{rel}","templated":true}]}}