{"id":19462,"date":"2024-12-23T22:17:10","date_gmt":"2024-12-23T20:17:10","guid":{"rendered":"https:\/\/ergotherapie.ch\/esercizio-della-professione\/"},"modified":"2025-12-17T16:29:13","modified_gmt":"2025-12-17T14:29:13","slug":"esercizio-della-professione","status":"publish","type":"page","link":"https:\/\/ergotherapie.ch\/it\/esercizio-della-professione\/","title":{"rendered":"Esercizio della professione"},"content":{"rendered":"<div  class=\"inner-page-hero \">\n    <div class=\"container-fluid\">\n        <div class=\"inner-page-hero-inner-container\">\n            <div class=\"inner-page-hero-picture \">\n                                    <div style=\"background-image: url('https:\/\/ergotherapie.ch\/wp-content\/uploads\/2025\/02\/AdobeStock_529850040-1-scaled.jpeg')\">\n                        <img decoding=\"async\" width=\"189\" height=\"189\" loading=\"lazy\"\n                             src=\"https:\/\/ergotherapie.ch\/wp-content\/themes\/ergo-theme\/assets\/images\/person_photo_placeholder_cutted.png\" alt=\"Placeholder\" class=\"img-fluid\"\/>\n                    <\/div>\n                            <\/div>\n            <div class=\"inner-page-content \">\n                <h1>Esercizio della professione<\/h1>\n<div>\n<p>&nbsp;<\/p>\n<\/div>\n<h3>Accessi rapidi rilevamento della qualit\u00e0<\/h3>\n                                    <div class=\"inner-page-buttons\">\n                                                    <a   target=\"_blank\" href=\"https:\/\/www.ergo-quality.ch\/it\/\" class=\"the-button\">\n                                                                Rilevamento della qualit\u00e0 dei risultati sull\u2019ergoterapia tramite GAS (da aprile 2025)                            <\/a>\n                                                    <a data-gated=\"true\"  target=\"_blank\" href=\"https:\/\/ergo.meldeweb.ch\/?lang=it\" class=\"the-button\">\n                                                                CIRS: Sistema di segnalazione degli incidenti critici (solo per i membri)                            <\/a>\n                                            <\/div>\n                            <\/div>\n        <\/div>\n    <\/div>\n<\/div>\n\n\n<div         class=\"wysiwyg padding-large  \">\n    <div class=\"container-fluid\">\n        <div class=\"wysiwyg-inner-container\">\n            <p>Le ergoterapiste e gli ergoterapisti forniscono un importante contributo nel settore sanitario sul fronte dell\u2019assistenza della popolazione svizzera. Operano in modo conforme alla legge, fatturano in base alle convenzioni tariffali vigenti e si attengono alle direttive in materia di qualit\u00e0. In questo contesto complesso, l\u2019Associazione Svizzera di Ergoterapia svolge attivit\u00e0 di negoziazione, supporto e informazione affinch\u00e9 ogni ergoterapista possa concentrarsi su ci\u00f2 che \u00e8 essenziale: accompagnare e aiutare ogni paziente a condurre una vita il pi\u00f9 possibile autonoma.<\/p>\n<p>Una delle principali prestazioni dell\u2019ASE \u00e8 <strong>rappresentare gli interessi di politica professionale<\/strong> delle ergoterapiste e degli ergoterapisti in Svizzera. Offriamo <strong>informazioni e raccomandazioni esaustive utili all\u2019esercizio della professione<\/strong> sia per chi esercita in proprio sia per chi \u00e8 dipendente.<\/p>\n<p>Supportiamo i nostri membri nella comprensione delle <strong>basi legali<\/strong> e delle <strong>convenzioni tariffali<\/strong> esistenti nonch\u00e9 nella loro applicazione pratica. Mettiamo inoltre a disposizione modelli e raccomandazioni utili e informiamo riguardo ai nostri progetti nell\u2019ambito della <strong>gestione della qualit\u00e0, dell\u2019etica professionale e del regolamento professionale<\/strong> dell\u2019ASE. Aggiorniamo i nostri membri in merito agli <strong>sviluppi della politica sanitaria<\/strong> e all\u2019impatto che hanno sull\u2019ergoterapia.<\/p>\n        <\/div>\n    <\/div>\n<\/div>\n\n\n        <div class=\"application\">\n            <div class=\"container-fluid\">\n                <div class=\"row row-spaced\">\n                                                                        <div class=\"col-sm-6\">\n                                <div class=\"one-application\">\n                                    <h3>\n                                        Ergoterapiste ed ergoterapisti indipendenti                                    <\/h3>\n                                    <p class=\"mb_0\"><strong>\n                                                                                <\/strong>\n                                    <\/p>\n                                                                            <p class=\"button-wrapper\">\n                                            <a href=\"https:\/\/ergotherapie.ch\/it\/esercizio-della-professione\/attivita-indipendente\/\">\n                                                Informazioni e download                                            <\/a>\n                                        <\/p>\n                                                                    <\/div>\n                            <\/div>\n                                                                                                    <div class=\"col-sm-6\">\n                                <div class=\"one-application\">\n                                    <h3>\n                                        Ergoterapiste ed ergoterapisti dipendenti                                    <\/h3>\n                                    <p class=\"mb_0\"><strong>\n                                                                                <\/strong>\n                                    <\/p>\n                                                                            <p class=\"button-wrapper\">\n                                            <a href=\"https:\/\/ergotherapie.ch\/it\/esercizio-della-professione\/ergoterapiste-ed-ergoterapisti-dipendenti\/\">\n                                                Informazioni e download                                            <\/a>\n                                        <\/p>\n                                                                    <\/div>\n                            <\/div>\n                                                                                                    <div class=\"col-sm-6\">\n                                <div class=\"one-application\">\n                                    <h3>\n                                        Convenzioni tariffali                                    <\/h3>\n                                    <p class=\"mb_0\"><strong>\n                                                                                <\/strong>\n                                    <\/p>\n                                                                            <p class=\"button-wrapper\">\n                                            <a href=\"https:\/\/ergotherapie.ch\/it\/esercizio-della-professione\/convenzioni-tariffali\/\">\n                                                Informazioni e download                                            <\/a>\n                                        <\/p>\n                                                                    <\/div>\n                            <\/div>\n                                                                                                    <div class=\"col-sm-6\">\n                                <div class=\"one-application\">\n                                    <h3>\n                                        Basi legali e sicurezza dei dati                                    <\/h3>\n                                    <p class=\"mb_0\"><strong>\n                                                                                <\/strong>\n                                    <\/p>\n                                                                            <p class=\"button-wrapper\">\n                                            <a href=\"https:\/\/ergotherapie.ch\/it\/esercizio-della-professione\/basi-legali-e-protezione-dei-dati\/\">\n                                                Informazioni e download                                            <\/a>\n                                        <\/p>\n                                                                    <\/div>\n                            <\/div>\n                                                                <\/div>\n            <\/div>\n        <\/div>\n        \n\n        <div  class=\"pre-footer-grid \">\n            <div class=\"container-fluid\">\n                <div class=\"row row-spaced\">\n                                            <div class=\"col-lg-3 col-md-4 col-sm-6\">\n                            <div class=\"one-pre-footer-grid\">\n                                <div>\n                                    <p class=\"one-pfg-icon\">\n                                        <?xml version=\"1.0\" encoding=\"utf-8\"?>\n<svg id=\"4068Icon_Kursangebot\" data-name=\"Icon Kursangebot\" xmlns=\"http:\/\/www.w3.org\/2000\/svg\" xmlns:xlink=\"http:\/\/www.w3.org\/1999\/xlink\" width=\"138.686\" height=\"102.621\" viewBox=\"0 0 138.686 102.621\">\n  <defs>\n    <clipPath id=\"4068clip-path\">\n      <rect id=\"4068Rectangle_334\" data-name=\"Rectangle 334\" width=\"138.686\" height=\"102.621\" fill=\"none\" stroke=\"#e1077c\" stroke-width=\"1\"\/>\n    <\/clipPath>\n  <\/defs>\n  <g id=\"4068Group_1023\" data-name=\"Group 1023\" clip-path=\"url(#4068clip-path)\">\n    <path id=\"4068Path_991\" data-name=\"Path 991\" d=\"M38.489,61.233V96.256S47.427,116.5,79.986,117c0,.264,33.281-1.676,40.516-19.764v-36\" transform=\"translate(-10.641 -16.93)\" fill=\"none\" stroke=\"#e1077c\" stroke-miterlimit=\"10\" stroke-width=\"7\"\/>\n    <path id=\"4068Path_992\" data-name=\"Path 992\" d=\"M95.165,44.51l55.44,6.065V106.59\" transform=\"translate(-26.311 -12.306)\" fill=\"none\" stroke=\"#e1077c\" stroke-miterlimit=\"10\" stroke-width=\"7\"\/>\n    <path id=\"4068Path_993\" data-name=\"Path 993\" d=\"M69.918,63.53,3.547,34.045a.079.079,0,0,1,0-.145L69.917,3.507a.074.074,0,0,1,.065,0L137.074,33.9a.079.079,0,0,1,0,.145L69.981,63.53A.075.075,0,0,1,69.918,63.53Z\" transform=\"translate(-0.968 -0.968)\" fill=\"none\" stroke=\"#e1077c\" stroke-miterlimit=\"10\" stroke-width=\"7\"\/>\n  <\/g>\n<\/svg>\n                                    <\/p>\n                                    <p class=\"one-pfg-title\">\n                                        Offerta di corsi                                    <\/p>\n                                                                            <p class=\"one-pfg-text small-font-size mb_0\">\n                                            Scoprite l&#8217;ampia offerta di formazione continua e perfezionamento dell&#8217;Associazione Svizzera degli Ergoterapisti e iscrivetevi subito online.                                        <\/p>\n                                                                    <\/div>\n                                <div>\n                                    <p class=\"one-pfg-button\">\n                                                <a href=\"https:\/\/ergotherapie.ch\/it\/formazione\/aggiornamento-e-formazione-continua\/\" class=\"the-button\">\n            Altro        <\/a>\n                                        <\/p>\n                                <\/div>\n                            <\/div>\n                        <\/div>\n                                                <div class=\"col-lg-3 col-md-4 col-sm-6\">\n                            <div class=\"one-pre-footer-grid\">\n                                <div>\n                                    <p class=\"one-pfg-icon\">\n                                        <?xml version=\"1.0\" encoding=\"utf-8\"?>\n<svg xmlns=\"http:\/\/www.w3.org\/2000\/svg\" width=\"83.224\" height=\"96.598\" viewBox=\"0 0 83.224 96.598\">\n  <g id=\"5628Icon_Ergotherapeut_in_finden\" data-name=\"Icon Ergotherapeut*in finden\" transform=\"translate(3.5 3.5)\">\n    <circle id=\"5628Ellipse_74\" data-name=\"Ellipse 74\" cx=\"33.658\" cy=\"33.658\" r=\"33.658\" fill=\"none\" stroke=\"#e1077c\" stroke-miterlimit=\"10\" stroke-width=\"7\"\/>\n    <path id=\"5628Path_1045\" data-name=\"Path 1045\" d=\"M49,15.5A24.78,24.78,0,0,1,73.781,40.281\" transform=\"translate(-17.343 -4.623)\" fill=\"none\" stroke=\"#e1077c\" stroke-miterlimit=\"10\" stroke-width=\"7\"\/>\n    <line id=\"5628Line_83\" data-name=\"Line 83\" x2=\"22.932\" y2=\"30.329\" transform=\"translate(54 60.658)\" fill=\"none\" stroke=\"#e1077c\" stroke-miterlimit=\"10\" stroke-width=\"7\"\/>\n  <\/g>\n<\/svg>\n                                    <\/p>\n                                    <p class=\"one-pfg-title\">\n                                        Trovare un ergoterapista                                    <\/p>\n                                                                            <p class=\"one-pfg-text small-font-size mb_0\">\n                                            Trovate un ergoterapista nelle vostre vicinanze.                                        <\/p>\n                                                                    <\/div>\n                                <div>\n                                    <p class=\"one-pfg-button\">\n                                                <a href=\"https:\/\/ergotherapie.ch\/it\/ergoterapia\/trovare-una-un-ergoterapista\/\" class=\"the-button\">\n            Altro        <\/a>\n                                        <\/p>\n                                <\/div>\n                            <\/div>\n                        <\/div>\n                                                <div class=\"col-lg-3 col-md-4 col-sm-6\">\n                            <div class=\"one-pre-footer-grid\">\n                                <div>\n                                    <p class=\"one-pfg-icon\">\n                                        <?xml version=\"1.0\" encoding=\"utf-8\"?>\n<svg xmlns=\"http:\/\/www.w3.org\/2000\/svg\" width=\"113.696\" height=\"103.026\" viewBox=\"0 0 113.696 103.026\">\n  <g id=\"7674icon_Stelleninserate\" data-name=\"icon Stelleninserate\" transform=\"translate(3.5 3.5)\">\n    <rect id=\"7674Rectangle_359\" data-name=\"Rectangle 359\" width=\"106.696\" height=\"79.034\" transform=\"translate(0 16.992)\" fill=\"none\" stroke=\"#e1077c\" stroke-miterlimit=\"10\" stroke-width=\"7\"\/>\n    <path id=\"7674Path_1046\" data-name=\"Path 1046\" d=\"M43.542,64.122H19.1L4.84,25.966A.715.715,0,0,1,5.509,25h100a3.928,3.928,0,0,1,3.679,5.3L96.553,64.122H70.764\" transform=\"translate(-3.771 -8.008)\" fill=\"none\" stroke=\"#e1077c\" stroke-miterlimit=\"10\" stroke-width=\"7\"\/>\n    <rect id=\"7674Rectangle_360\" data-name=\"Rectangle 360\" width=\"28.452\" height=\"15.016\" transform=\"translate(39.122 49.791)\" fill=\"none\" stroke=\"#e1077c\" stroke-miterlimit=\"10\" stroke-width=\"7\"\/>\n    <path id=\"7674Path_1047\" data-name=\"Path 1047\" d=\"M44.5,22.073V11.008A7.508,7.508,0,0,1,52.008,3.5H78.88a7.508,7.508,0,0,1,7.508,7.508V22.073\" transform=\"translate(-12.096 -3.5)\" fill=\"none\" stroke=\"#e1077c\" stroke-miterlimit=\"10\" stroke-width=\"7\"\/>\n  <\/g>\n<\/svg>\n                                    <\/p>\n                                    <p class=\"one-pfg-title\">\n                                        Annunci di lavoro                                    <\/p>\n                                                                            <p class=\"one-pfg-text small-font-size mb_0\">\n                                            Candidatevi ora. Qui trovate le offerte di lavoro attuali.                                        <\/p>\n                                                                    <\/div>\n                                <div>\n                                    <p class=\"one-pfg-button\">\n                                                <a href=\"https:\/\/ergotherapie.ch\/it\/esercizio-della-professione\/annunci-di-lavoro\/\" class=\"the-button\">\n            Altro        <\/a>\n                                        <\/p>\n                                <\/div>\n                            <\/div>\n                        <\/div>\n                                                <div class=\"col-lg-3 col-md-4 col-sm-6\">\n                            <div class=\"one-pre-footer-grid\">\n                                <div>\n                                    <p class=\"one-pfg-icon\">\n                                        <?xml version=\"1.0\" encoding=\"utf-8\"?>\n<svg id=\"9587icon_Verordnung_Ergotherapie\" data-name=\"icon Verordnung  Ergotherapie\" xmlns=\"http:\/\/www.w3.org\/2000\/svg\" xmlns:xlink=\"http:\/\/www.w3.org\/1999\/xlink\" width=\"129.594\" height=\"127.813\" viewBox=\"0 0 129.594 127.813\">\n  <defs>\n    <clipPath id=\"9587clip-path\">\n      <rect id=\"9587Rectangle_337\" data-name=\"Rectangle 337\" width=\"129.594\" height=\"127.813\" fill=\"none\" stroke=\"#e1077c\" stroke-width=\"1\"\/>\n    <\/clipPath>\n  <\/defs>\n  <g id=\"9587Group_1026\" data-name=\"Group 1026\">\n    <g id=\"9587Group_1025\" data-name=\"Group 1025\" clip-path=\"url(#9587clip-path)\">\n      <path id=\"9587Path_996\" data-name=\"Path 996\" d=\"M101.522,99.942v24.644H3.5V3.5h98.022V33.772\" transform=\"translate(-0.137 -0.137)\" fill=\"none\" stroke=\"#e1077c\" stroke-miterlimit=\"10\" stroke-width=\"7\"\/>\n    <\/g>\n  <\/g>\n  <line id=\"9587Line_68\" data-name=\"Line 68\" x2=\"33.701\" transform=\"translate(30.141 69.673)\" fill=\"none\" stroke=\"#e1077c\" stroke-miterlimit=\"10\" stroke-width=\"7\"\/>\n  <line id=\"9587Line_69\" data-name=\"Line 69\" x1=\"4.11\" transform=\"translate(15.205 69.673)\" fill=\"none\" stroke=\"#e1077c\" stroke-miterlimit=\"10\" stroke-width=\"7\"\/>\n  <line id=\"9587Line_70\" data-name=\"Line 70\" x2=\"33.701\" transform=\"translate(30.652 84.086)\" fill=\"none\" stroke=\"#e1077c\" stroke-miterlimit=\"10\" stroke-width=\"7\"\/>\n  <line id=\"9587Line_71\" data-name=\"Line 71\" x1=\"4.11\" transform=\"translate(15.616 84.086)\" fill=\"none\" stroke=\"#e1077c\" stroke-miterlimit=\"10\" stroke-width=\"7\"\/>\n  <line id=\"9587Line_72\" data-name=\"Line 72\" x1=\"4.11\" transform=\"translate(15.616 97.541)\" fill=\"none\" stroke=\"#e1077c\" stroke-miterlimit=\"10\" stroke-width=\"7\"\/>\n  <line id=\"9587Line_73\" data-name=\"Line 73\" x2=\"33.701\" transform=\"translate(30.652 97.541)\" fill=\"none\" stroke=\"#e1077c\" stroke-miterlimit=\"10\" stroke-width=\"7\"\/>\n  <line id=\"9587Line_74\" data-name=\"Line 74\" x1=\"12.741\" transform=\"translate(51.89 113.428)\" fill=\"none\" stroke=\"#e1077c\" stroke-miterlimit=\"10\" stroke-width=\"7\"\/>\n  <g id=\"9587Group_1028\" data-name=\"Group 1028\">\n    <g id=\"9587Group_1027\" data-name=\"Group 1027\" clip-path=\"url(#9587clip-path)\">\n      <circle id=\"9587Ellipse_68\" data-name=\"Ellipse 68\" cx=\"20.661\" cy=\"20.661\" r=\"20.661\" transform=\"translate(31.231 16.817)\" fill=\"none\" stroke=\"#e1077c\" stroke-miterlimit=\"10\" stroke-width=\"7\"\/>\n      <path id=\"9587Path_997\" data-name=\"Path 997\" d=\"M39.5,52.176a15.085,15.085,0,0,1,13.948-7.971c5.739,0,10.792,2.2,13.317,7.971\" transform=\"translate(-1.541 -1.724)\" fill=\"none\" stroke=\"#e1077c\" stroke-miterlimit=\"10\" stroke-width=\"7\"\/>\n      <path id=\"9587Path_998\" data-name=\"Path 998\" d=\"M60.866,34.668c0,4.511-3.227,8.168-7.207,8.168s-7.207-3.658-7.207-8.168S49.679,26.5,53.659,26.5,60.866,30.158,60.866,34.668Z\" transform=\"translate(-1.812 -1.034)\" fill=\"none\" stroke=\"#e1077c\" stroke-miterlimit=\"10\" stroke-width=\"7\"\/>\n      <path id=\"9587Path_999\" data-name=\"Path 999\" d=\"M82.706,104.02l2.323-16.637,31.9-52.935L128.2,41.243,96.106,94.5Z\" transform=\"translate(-3.226 -1.344)\" fill=\"none\" stroke=\"#e1077c\" stroke-miterlimit=\"10\" stroke-width=\"7\"\/>\n      <line id=\"9587Line_75\" data-name=\"Line 75\" x2=\"11.273\" y2=\"6.794\" transform=\"translate(105.691 46.4)\" fill=\"none\" stroke=\"#e1077c\" stroke-miterlimit=\"10\" stroke-width=\"7\"\/>\n      <line id=\"9587Line_76\" data-name=\"Line 76\" x2=\"11.273\" y2=\"6.794\" transform=\"translate(83.436 83.588)\" fill=\"none\" stroke=\"#e1077c\" stroke-miterlimit=\"10\" stroke-width=\"7\"\/>\n    <\/g>\n  <\/g>\n<\/svg>\n                                    <\/p>\n                                    <p class=\"one-pfg-title\">\n                                        Prescrizione Ergoterapia                                    <\/p>\n                                                                            <p class=\"one-pfg-text small-font-size mb_0\">\n                                            Per medici: scaricate qui il modulo di prescrizione per l&#8217;ergoterapia.                                        <\/p>\n                                                                    <\/div>\n                                <div>\n                                    <p class=\"one-pfg-button\">\n                                                <a href=\"https:\/\/ergotherapie.ch\/it\/prescrizione\/\" class=\"the-button\">\n            Altro        <\/a>\n                                        <\/p>\n                                <\/div>\n                            <\/div>\n                        <\/div>\n                                        <\/div>\n            <\/div>\n        <\/div>\n        ","protected":false},"excerpt":{"rendered":"","protected":false},"author":6,"featured_media":0,"parent":0,"menu_order":0,"comment_status":"closed","ping_status":"closed","template":"","meta":{"_acf_changed":false,"footnotes":""},"class_list":["post-19462","page","type-page","status-publish","hentry"],"acf":[],"yoast_head":"<!-- This site is optimized with the Yoast SEO Premium plugin v27.2 (Yoast SEO v27.2) - https:\/\/yoast.com\/product\/yoast-seo-premium-wordpress\/ -->\n<title>Esercizio della professione - Ergotherapie-Verband<\/title>\n<meta name=\"robots\" content=\"index, follow, max-snippet:-1, max-image-preview:large, max-video-preview:-1\" \/>\n<link rel=\"canonical\" href=\"https:\/\/ergotherapie.ch\/it\/esercizio-della-professione\/\" \/>\n<meta property=\"og:locale\" content=\"it_IT\" \/>\n<meta property=\"og:type\" content=\"article\" \/>\n<meta property=\"og:title\" content=\"Esercizio della professione\" \/>\n<meta property=\"og:url\" content=\"https:\/\/ergotherapie.ch\/it\/esercizio-della-professione\/\" \/>\n<meta property=\"og:site_name\" content=\"Ergotherapie-Verband\" \/>\n<meta property=\"article:modified_time\" content=\"2025-12-17T14:29:13+00:00\" \/>\n<meta name=\"twitter:card\" content=\"summary_large_image\" \/>\n<script type=\"application\/ld+json\" class=\"yoast-schema-graph\">{\"@context\":\"https:\/\/schema.org\",\"@graph\":[{\"@type\":\"WebPage\",\"@id\":\"https:\/\/ergotherapie.ch\/it\/esercizio-della-professione\/\",\"url\":\"https:\/\/ergotherapie.ch\/it\/esercizio-della-professione\/\",\"name\":\"Esercizio della professione - Ergotherapie-Verband\",\"isPartOf\":{\"@id\":\"https:\/\/ergotherapie.ch\/it\/#website\"},\"datePublished\":\"2024-12-23T20:17:10+00:00\",\"dateModified\":\"2025-12-17T14:29:13+00:00\",\"breadcrumb\":{\"@id\":\"https:\/\/ergotherapie.ch\/it\/esercizio-della-professione\/#breadcrumb\"},\"inLanguage\":\"it-IT\",\"potentialAction\":[{\"@type\":\"ReadAction\",\"target\":[\"https:\/\/ergotherapie.ch\/it\/esercizio-della-professione\/\"]}]},{\"@type\":\"BreadcrumbList\",\"@id\":\"https:\/\/ergotherapie.ch\/it\/esercizio-della-professione\/#breadcrumb\",\"itemListElement\":[{\"@type\":\"ListItem\",\"position\":1,\"name\":\"Home\",\"item\":\"https:\/\/ergotherapie.ch\/it\/\"},{\"@type\":\"ListItem\",\"position\":2,\"name\":\"Esercizio della professione\"}]},{\"@type\":\"WebSite\",\"@id\":\"https:\/\/ergotherapie.ch\/it\/#website\",\"url\":\"https:\/\/ergotherapie.ch\/it\/\",\"name\":\"Ergotherapie-Verband\",\"description\":\"\",\"potentialAction\":[{\"@type\":\"SearchAction\",\"target\":{\"@type\":\"EntryPoint\",\"urlTemplate\":\"https:\/\/ergotherapie.ch\/it\/?s={search_term_string}\"},\"query-input\":{\"@type\":\"PropertyValueSpecification\",\"valueRequired\":true,\"valueName\":\"search_term_string\"}}],\"inLanguage\":\"it-IT\"}]}<\/script>\n<!-- \/ Yoast SEO Premium plugin. -->","yoast_head_json":{"title":"Esercizio della professione - Ergotherapie-Verband","robots":{"index":"index","follow":"follow","max-snippet":"max-snippet:-1","max-image-preview":"max-image-preview:large","max-video-preview":"max-video-preview:-1"},"canonical":"https:\/\/ergotherapie.ch\/it\/esercizio-della-professione\/","og_locale":"it_IT","og_type":"article","og_title":"Esercizio della professione","og_url":"https:\/\/ergotherapie.ch\/it\/esercizio-della-professione\/","og_site_name":"Ergotherapie-Verband","article_modified_time":"2025-12-17T14:29:13+00:00","twitter_card":"summary_large_image","schema":{"@context":"https:\/\/schema.org","@graph":[{"@type":"WebPage","@id":"https:\/\/ergotherapie.ch\/it\/esercizio-della-professione\/","url":"https:\/\/ergotherapie.ch\/it\/esercizio-della-professione\/","name":"Esercizio della professione - Ergotherapie-Verband","isPartOf":{"@id":"https:\/\/ergotherapie.ch\/it\/#website"},"datePublished":"2024-12-23T20:17:10+00:00","dateModified":"2025-12-17T14:29:13+00:00","breadcrumb":{"@id":"https:\/\/ergotherapie.ch\/it\/esercizio-della-professione\/#breadcrumb"},"inLanguage":"it-IT","potentialAction":[{"@type":"ReadAction","target":["https:\/\/ergotherapie.ch\/it\/esercizio-della-professione\/"]}]},{"@type":"BreadcrumbList","@id":"https:\/\/ergotherapie.ch\/it\/esercizio-della-professione\/#breadcrumb","itemListElement":[{"@type":"ListItem","position":1,"name":"Home","item":"https:\/\/ergotherapie.ch\/it\/"},{"@type":"ListItem","position":2,"name":"Esercizio della professione"}]},{"@type":"WebSite","@id":"https:\/\/ergotherapie.ch\/it\/#website","url":"https:\/\/ergotherapie.ch\/it\/","name":"Ergotherapie-Verband","description":"","potentialAction":[{"@type":"SearchAction","target":{"@type":"EntryPoint","urlTemplate":"https:\/\/ergotherapie.ch\/it\/?s={search_term_string}"},"query-input":{"@type":"PropertyValueSpecification","valueRequired":true,"valueName":"search_term_string"}}],"inLanguage":"it-IT"}]}},"_links":{"self":[{"href":"https:\/\/ergotherapie.ch\/it\/wp-json\/wp\/v2\/pages\/19462","targetHints":{"allow":["GET"]}}],"collection":[{"href":"https:\/\/ergotherapie.ch\/it\/wp-json\/wp\/v2\/pages"}],"about":[{"href":"https:\/\/ergotherapie.ch\/it\/wp-json\/wp\/v2\/types\/page"}],"author":[{"embeddable":true,"href":"https:\/\/ergotherapie.ch\/it\/wp-json\/wp\/v2\/users\/6"}],"replies":[{"embeddable":true,"href":"https:\/\/ergotherapie.ch\/it\/wp-json\/wp\/v2\/comments?post=19462"}],"version-history":[{"count":5,"href":"https:\/\/ergotherapie.ch\/it\/wp-json\/wp\/v2\/pages\/19462\/revisions"}],"predecessor-version":[{"id":19688,"href":"https:\/\/ergotherapie.ch\/it\/wp-json\/wp\/v2\/pages\/19462\/revisions\/19688"}],"wp:attachment":[{"href":"https:\/\/ergotherapie.ch\/it\/wp-json\/wp\/v2\/media?parent=19462"}],"curies":[{"name":"wp","href":"https:\/\/api.w.org\/{rel}","templated":true}]}}