{"id":19617,"date":"2025-11-04T12:34:47","date_gmt":"2025-11-04T10:34:47","guid":{"rendered":"https:\/\/ergotherapie.ch\/?page_id=19617"},"modified":"2026-03-31T09:51:17","modified_gmt":"2026-03-31T07:51:17","slug":"raccolta-dei-dati","status":"publish","type":"page","link":"https:\/\/ergotherapie.ch\/it\/raccolta-dei-dati\/","title":{"rendered":"Raccolta dati"},"content":{"rendered":"<div  class=\"inner-page-hero \">\n    <div class=\"container-fluid\">\n        <div class=\"inner-page-hero-inner-container\">\n            <div class=\"inner-page-hero-picture \">\n                                    <div style=\"background-image: url('https:\/\/ergotherapie.ch\/wp-content\/uploads\/2026\/02\/Screenshot-IT.png')\">\n                        <img decoding=\"async\" width=\"189\" height=\"189\" loading=\"lazy\"\n                             src=\"https:\/\/ergotherapie.ch\/wp-content\/themes\/ergo-theme\/assets\/images\/person_photo_placeholder_cutted.png\" alt=\"Placeholder\" class=\"img-fluid\"\/>\n                    <\/div>\n                            <\/div>\n            <div class=\"inner-page-content \">\n                <h3>Raccolta dati sull\u2019ergoterapia ambulatoriale a livello svizzero<\/h3>\n<p>L\u2019Associazione Svizzera di Ergoterapia (ASE) conduce, insieme al partner tariffario Croce Rossa Svizzera (CRS) e in collaborazione con l\u2019Universit\u00e0 di Lucerna, una raccolta di dati a livello nazionale nel settore dell\u2019ergoterapia ambulatoriale.<\/p>\n<p>Vengono rilevate le caratteristiche strutturali degli studi in Svizzera nonch\u00e9 la soddisfazione delle\/dei pazienti rispetto alle prestazioni di ergoterapia. L\u2019obiettivo della rilevazione \u00e8 promuovere lo sviluppo continuo della qualit\u00e0 e creare una base di dati affidabile e aggiornata per migliorare ulteriormente, nell\u2019interesse delle\/dei pazienti, l\u2019offerta e le condizioni quadro dell\u2019ergoterapia in Svizzera.<\/p>\n<p>I risultati della raccolta dei dati servono inoltre all\u2019ASE come base argomentativa fondata su dati concreti, qualora venissero avviate trattative tariffarie.<\/p>\n                            <\/div>\n        <\/div>\n    <\/div>\n<\/div>\n\n\n\n<p class=\"has-text-align-right\"><strong>\ud83d\udc49 <strong>Le informazioni sulla raccolta dei dati <\/strong><\/strong><br><strong><strong>vengono aggiornate regolarmente.<\/strong><\/strong><\/p>\n\n\n<div         class=\"wysiwyg padding-large  \">\n    <div class=\"container-fluid\">\n        <div class=\"wysiwyg-inner-container\">\n            <h3>Sondaggio strutturale conclusa<\/h3>\n<p>Il sondaggio strutturale si \u00e8 conclusa il 28 febbraio 2026. Hanno partecipato 751 studi e organizzazioni di ergoterapia (su circa 1600) in tutta la Svizzera.<\/p>\n<p><strong>L\u2019ASE ringrazia sentitamente tutte le persone partecipanti per l\u2019impegno profuso.<\/strong> I dati raccolti sono essenziali per preparare e realizzare le rilevazioni campionarie, con le quali l\u2019ASE intende raccogliere i dati e i fatti necessari per poter argomentare in modo fondato in caso di trattative tariffarie e rappresentare al meglio gli interessi delle\/gli ergoterapiste\/i.<\/p>\n        <\/div>\n    <\/div>\n<\/div>\n\n\n    <div class=\"section-downloads \">\n        <div class=\"container-fluid\">\n                            <div class=\"content-above\">\n                    <h3><strong>Sondaggio sulla soddisfazione delle\/dei pazienti<\/strong><\/h3>\n<p>Dalla fine del 2025 viene inoltre rilevata la soddisfazione delle\/dei pazienti a partire dai 16 anni e dei loro genitori. Con 402 questionari compilati finora, di cui 189 da parte dei genitori (situazione a met\u00e0 marzo), il tasso di partecipazione \u00e8 molto positivo.<\/p>\n<p><strong>Il sondaggio prosegue per il momento. <\/strong>Vi informeremo per tempo quando verr\u00e0 chiuso.<\/p>\n<p><strong>\u2139\ufe0f I questionari devono essere compilati online.<\/strong> Il PDF serve unicamente come informazione preliminare e panoramica.<\/p>\n<p>&nbsp;<\/p>\n<p>\ud83d\udc49 Accesso diretto al <a href=\"https:\/\/uniluzern.eu.qualtrics.com\/jfe\/form\/SV_bpl3H0clQfyr4iO\" target=\"_blank\" rel=\"noopener\">questionario per pazienti dai 16 anni<\/a> (selezionare la lingua)<\/p>\n<p>\ud83d\udc49 Accesso diretto al <a href=\"https:\/\/uniluzern.eu.qualtrics.com\/jfe\/form\/SV_25MEh0WeR99enRk\" target=\"_blank\" rel=\"noopener\">questionario per i genitori<\/a> (selezionare la lingua)<\/p>\n<p>\ud83d\udc49 Scaricare il flyer con QR code del questionario e il questionario in PDF (a scopo informativo):<\/p>\n                                    <\/div>\n                                        <h2 class=\"downloads-title\">\n                                    <\/h2>\n\n                                                    \n                <div class=\"downloads-feed\">\n                                            <div class=\"one-download\">\n                            <div>\n                                <strong>\n                                                                        <a target=\"_blank\"\n                                       class=\"the-download-lik \"\n                                       href=\"https:\/\/ergotherapie.ch\/it\/?download_file=19317\">\n                                        Flyer QR-Code sondaggio genitori                                    <\/a>\n                                <\/strong>\n                            <\/div>\n                            <div>\n                                <strong>\n                                    pdf                                <\/strong>\n                            <\/div>\n                            <div>\n                                                                    <a target=\"_blank\"\n                                       href=\"https:\/\/ergotherapie.ch\/it\/?download_file=19317\">\n                                        <svg id=\"5385Group_1085\" data-name=\"Group 1085\" xmlns=\"http:\/\/www.w3.org\/2000\/svg\" xmlns:xlink=\"http:\/\/www.w3.org\/1999\/xlink\" width=\"30.5\" height=\"39.5\" viewBox=\"0 0 30.5 39.5\">\n  <defs>\n    <clipPath id=\"5385clip-path\">\n      <rect id=\"5385Rectangle_357\" data-name=\"Rectangle 357\" width=\"30.5\" height=\"39.5\" fill=\"none\"\/>\n    <\/clipPath>\n  <\/defs>\n  <g id=\"5385Group_1083\" data-name=\"Group 1083\" clip-path=\"url(#5385clip-path)\">\n    <path id=\"5385Path_1043\" data-name=\"Path 1043\" d=\"M26.948,19.7,15.219,31.427,3.495,19.7\" fill=\"none\" stroke=\"#d3006a\" stroke-miterlimit=\"10\" stroke-width=\"2.5\"\/>\n    <line id=\"5385Line_79\" data-name=\"Line 79\" y2=\"30.5\" transform=\"translate(15.221)\" fill=\"none\" stroke=\"#d3006a\" stroke-miterlimit=\"10\" stroke-width=\"2.5\"\/>\n    <line id=\"5385Line_80\" data-name=\"Line 80\" x1=\"30.5\" transform=\"translate(0 38.25)\" fill=\"none\" stroke=\"#d3006a\" stroke-miterlimit=\"10\" stroke-width=\"2.5\"\/>\n  <\/g>\n<\/svg>\n                                    <\/a>\n                                                                <\/div>\n                        <\/div>\n                                                <div class=\"one-download\">\n                            <div>\n                                <strong>\n                                                                        <a target=\"_blank\"\n                                       class=\"the-download-lik \"\n                                       href=\"https:\/\/ergotherapie.ch\/it\/?download_file=19322\">\n                                        Flyer QR-Code sondaggio patienti                                    <\/a>\n                                <\/strong>\n                            <\/div>\n                            <div>\n                                <strong>\n                                    pdf                                <\/strong>\n                            <\/div>\n                            <div>\n                                                                    <a target=\"_blank\"\n                                       href=\"https:\/\/ergotherapie.ch\/it\/?download_file=19322\">\n                                        <svg id=\"7307Group_1085\" data-name=\"Group 1085\" xmlns=\"http:\/\/www.w3.org\/2000\/svg\" xmlns:xlink=\"http:\/\/www.w3.org\/1999\/xlink\" width=\"30.5\" height=\"39.5\" viewBox=\"0 0 30.5 39.5\">\n  <defs>\n    <clipPath id=\"7307clip-path\">\n      <rect id=\"7307Rectangle_357\" data-name=\"Rectangle 357\" width=\"30.5\" height=\"39.5\" fill=\"none\"\/>\n    <\/clipPath>\n  <\/defs>\n  <g id=\"7307Group_1083\" data-name=\"Group 1083\" clip-path=\"url(#7307clip-path)\">\n    <path id=\"7307Path_1043\" data-name=\"Path 1043\" d=\"M26.948,19.7,15.219,31.427,3.495,19.7\" fill=\"none\" stroke=\"#d3006a\" stroke-miterlimit=\"10\" stroke-width=\"2.5\"\/>\n    <line id=\"7307Line_79\" data-name=\"Line 79\" y2=\"30.5\" transform=\"translate(15.221)\" fill=\"none\" stroke=\"#d3006a\" stroke-miterlimit=\"10\" stroke-width=\"2.5\"\/>\n    <line id=\"7307Line_80\" data-name=\"Line 80\" x1=\"30.5\" transform=\"translate(0 38.25)\" fill=\"none\" stroke=\"#d3006a\" stroke-miterlimit=\"10\" stroke-width=\"2.5\"\/>\n  <\/g>\n<\/svg>\n                                    <\/a>\n                                                                <\/div>\n                        <\/div>\n                                                <div class=\"one-download\">\n                            <div>\n                                <strong>\n                                                                        <a target=\"_blank\"\n                                       class=\"the-download-lik \"\n                                       href=\"https:\/\/ergotherapie.ch\/it\/?download_file=19867\">\n                                        2026_Soddisfazione dei pazienti &#8211; genitori_IT                                    <\/a>\n                                <\/strong>\n                            <\/div>\n                            <div>\n                                <strong>\n                                    pdf                                <\/strong>\n                            <\/div>\n                            <div>\n                                                                    <a target=\"_blank\"\n                                       href=\"https:\/\/ergotherapie.ch\/it\/?download_file=19867\">\n                                        <svg id=\"9835Group_1085\" data-name=\"Group 1085\" xmlns=\"http:\/\/www.w3.org\/2000\/svg\" xmlns:xlink=\"http:\/\/www.w3.org\/1999\/xlink\" width=\"30.5\" height=\"39.5\" viewBox=\"0 0 30.5 39.5\">\n  <defs>\n    <clipPath id=\"9835clip-path\">\n      <rect id=\"9835Rectangle_357\" data-name=\"Rectangle 357\" width=\"30.5\" height=\"39.5\" fill=\"none\"\/>\n    <\/clipPath>\n  <\/defs>\n  <g id=\"9835Group_1083\" data-name=\"Group 1083\" clip-path=\"url(#9835clip-path)\">\n    <path id=\"9835Path_1043\" data-name=\"Path 1043\" d=\"M26.948,19.7,15.219,31.427,3.495,19.7\" fill=\"none\" stroke=\"#d3006a\" stroke-miterlimit=\"10\" stroke-width=\"2.5\"\/>\n    <line id=\"9835Line_79\" data-name=\"Line 79\" y2=\"30.5\" transform=\"translate(15.221)\" fill=\"none\" stroke=\"#d3006a\" stroke-miterlimit=\"10\" stroke-width=\"2.5\"\/>\n    <line id=\"9835Line_80\" data-name=\"Line 80\" x1=\"30.5\" transform=\"translate(0 38.25)\" fill=\"none\" stroke=\"#d3006a\" stroke-miterlimit=\"10\" stroke-width=\"2.5\"\/>\n  <\/g>\n<\/svg>\n                                    <\/a>\n                                                                <\/div>\n                        <\/div>\n                                                <div class=\"one-download\">\n                            <div>\n                                <strong>\n                                                                        <a target=\"_blank\"\n                                       class=\"the-download-lik \"\n                                       href=\"https:\/\/ergotherapie.ch\/it\/?download_file=19866\">\n                                        2026_Soddisfazione dei pazienti_IT                                    <\/a>\n                                <\/strong>\n                            <\/div>\n                            <div>\n                                <strong>\n                                    pdf                                <\/strong>\n                            <\/div>\n                            <div>\n                                                                    <a target=\"_blank\"\n                                       href=\"https:\/\/ergotherapie.ch\/it\/?download_file=19866\">\n                                        <svg id=\"5111Group_1085\" data-name=\"Group 1085\" xmlns=\"http:\/\/www.w3.org\/2000\/svg\" xmlns:xlink=\"http:\/\/www.w3.org\/1999\/xlink\" width=\"30.5\" height=\"39.5\" viewBox=\"0 0 30.5 39.5\">\n  <defs>\n    <clipPath id=\"5111clip-path\">\n      <rect id=\"5111Rectangle_357\" data-name=\"Rectangle 357\" width=\"30.5\" height=\"39.5\" fill=\"none\"\/>\n    <\/clipPath>\n  <\/defs>\n  <g id=\"5111Group_1083\" data-name=\"Group 1083\" clip-path=\"url(#5111clip-path)\">\n    <path id=\"5111Path_1043\" data-name=\"Path 1043\" d=\"M26.948,19.7,15.219,31.427,3.495,19.7\" fill=\"none\" stroke=\"#d3006a\" stroke-miterlimit=\"10\" stroke-width=\"2.5\"\/>\n    <line id=\"5111Line_79\" data-name=\"Line 79\" y2=\"30.5\" transform=\"translate(15.221)\" fill=\"none\" stroke=\"#d3006a\" stroke-miterlimit=\"10\" stroke-width=\"2.5\"\/>\n    <line id=\"5111Line_80\" data-name=\"Line 80\" x1=\"30.5\" transform=\"translate(0 38.25)\" fill=\"none\" stroke=\"#d3006a\" stroke-miterlimit=\"10\" stroke-width=\"2.5\"\/>\n  <\/g>\n<\/svg>\n                                    <\/a>\n                                                                <\/div>\n                        <\/div>\n                                        <\/div>\n                                <p class=\"downloads-not-found\">\n                    Nessun download trovato                <\/p>\n                    <\/div>\n    <\/div>\n\n\n<div         class=\"wysiwyg padding-none  \">\n    <div class=\"container-fluid\">\n        <div class=\"wysiwyg-inner-container\">\n            <h3>Panoramica: svolgimento complessivo della raccolta nazionale dei dati. <strong>Che cosa \u00e8 gi\u00e0 stato realizzato? Che cosa \u00e8 previsto?<\/strong><\/h3>\n<p>\u27a1\ufe0f <strong>Fine 2025:<\/strong> avvio dell&#8217;indaggio pilota, che ha costituito la base per l&#8217;indaggio strutturale nazionale sulle principali caratteristiche di tutti gli studi e le organizzazioni di ergoterapia (rilevazione completa).<br \/>\n=&gt; Questa rilevazione \u00e8 conclusa.<\/p>\n<p>\u27a1\ufe0f <strong>Dalla fine del 2025:<\/strong> avvio di un sondaggio nazionale sulla soddisfazione delle\/dei pazienti rispetto all\u2019ergoterapia.<br \/>\n=&gt; Questo sondaggio \u00e8 ancora in corso.<\/p>\n<p>\u27a1\ufe0f <strong>15 gennaio \u2013 28 febbraio 2026:<\/strong> svolgimento del sondaggio strutturale nazionale.<br \/>\n=&gt; Questo sondaggio \u00e8 concluso.<\/p>\n<p>\u27a1\ufe0f <strong>Primavera 2026 \u2013 analisi e valutazione:<\/strong><br \/>\nI risultati del sondaggio strutturale nazionale sono attualmente in fase di analisi e serviranno come base di pianificazione per una rilevazione campionaria ampia e rappresentativa a livello svizzero in diversi ambiti dell\u2019ergoterapia ambulatoriale in studio (vedi sotto).<\/p>\n<p>\u26a0\ufe0f <strong>Se la qualit\u00e0 dei dati<\/strong> del sondaggio pilota e del sondaggio strutturale nazionale dovesse risultare insufficiente, l\u2019ASE e la CRS si riservano il diritto di rinviare il sondaggio campionaria. In tal caso, nel corso del 2026 verranno create le basi per una raccolta di dati significativa.<\/p>\n<p>&nbsp;<\/p>\n<h4>Quali sondaggi campionarie sono previste? Perch\u00e9 sono necessarie?<\/h4>\n<p>Nel quadro dei sondagggi campionarie, un determinato numero di studi e organizzazioni di ergoterapia sar\u00e0 contattato direttamente e invitato a compilare i questionari online.<\/p>\n<p>Questi sondaggi permetteranno di raccogliere informazioni mirate su specifici ambiti. I campioni dovranno essere rappresentativi dell\u2019ergoterapia ambulatoriale in studio in Svizzera secondo diversi criteri (lingua, citt\u00e0\/campagna, dimensioni, ambiti specialistici, ecc.).<\/p>\n<p>L\u2019ASE ha bisogno di questi dati e di queste informazioni per poter documentare in modo fondato la situazione dell\u2019ergoterapia ambulatoriale in studio in Svizzera, in particolare in vista di eventuali trattative tariffarie con prio.swiss.<\/p>\n<p>Sono previste le seguenti rilevazioni campionarie:<\/p>\n<p><strong>1. Informazioni sui costi e sui dati di esercizio<br \/>\n<\/strong>Questi dati comprendono, tra l\u2019altro:<br \/>\n&#8211; i costi materiali e del personale nell\u2019ergoterapia ambulatoriale in studio (studio o organizzazione di ergoterapia)<br \/>\n&#8211; il tempo di lavoro annuale<br \/>\n&#8211; il numero di pazienti<br \/>\n&#8211; il numero di prestazioni fatturate<\/p>\n<p><strong>2. Minutaggio<br \/>\n<\/strong>Questa rilevazione verr\u00e0 effettuata direttamente sul posto in studi e organizzazioni di ergoterapia selezionati. L\u2019obiettivo \u00e8 poter indicare con precisione quanto tempo richiedono le diverse fasi di lavoro e\/o di terapia. \u00c8 prevista sia un\u2019autovalutazione sia una valutazione esterna.<\/p>\n<p><strong>3. Informazioni sull\u2019infrastruttura<br \/>\n<\/strong>Questi dati forniscono una panoramica sulle dimensioni e sulle dotazioni degli studi e delle organizzazioni di ergoterapia.<\/p>\n<p>&nbsp;<\/p>\n<h4>Calendario previsto per le rilevazioni campionarie<\/h4>\n<p>\u27a1\ufe0f <strong>luglio\/agosto\/settembre 2026:<\/strong> rilevazione campionaria sui costi e sui dati di esercizio<\/p>\n<p>\u27a1\ufe0f <strong>Estate 2026:<\/strong> campione con minutaggio e dati sull\u2019infrastruttura<\/p>\n<p>\u27a1\ufe0f <strong>Autunno 2026:<\/strong> analisi e valutazione dei dati, bilancio e pianificazione delle prossime fasi<\/p>\n<p>&nbsp;<\/p>\n<p>\u2139\ufe0f <strong>Informazioni generali<\/strong><\/p>\n<p>La raccolta e l\u2019analisi dei dati sono affidate a un fornitore di servizi esterno (Universit\u00e0 di Lucerna).Ci\u00f2 avviene sia per via delle competenze specifiche richieste e delle risorse interne limitate, sia per garantire l\u2019integrit\u00e0 dei dati e la loro credibilit\u00e0 nei confronti dei finanziatori. L\u2019ASE non ricever\u00e0 informazioni sui singoli studi: i dati verranno trasmessi e discussi solo in forma aggregata.<\/p>\n<p>\ud83d\udc49 Prima di ogni nuova fase della raccolta dei dati vi informeremo.<\/p>\n<p>&nbsp;<\/p>\n<p>\ud83d\udca1 <strong>Da leggere:<\/strong><\/p>\n<p>ERGO1|26: Articolo <a href=\"https:\/\/ergotherapie.ch\/wp-content\/uploads\/2026\/03\/E-iniziata-la-raccolta-dati-sullergoterapia-ambulatoriale.pdf\" target=\"_blank\" rel=\"noopener\">E\u0300 iniziata la raccolta dati sull&#8217;ergoterapia ambulatoriale<\/a> (autrice: Colette Carroz)<\/p>\n<p>ERGO 2\/26: Articolo <a href=\"https:\/\/ergotherapie.ch\/wp-content\/uploads\/2026\/03\/Raccolta-dati-per-solide-trattative-tariffali.pdf\" target=\"_blank\" rel=\"noopener\">Raccolta dati per solide trattative tariffali<\/a> (autrice: Colette Carroz)<\/p>\n<p>&nbsp;<\/p>\n<p>\ud83d\udc49 <strong>Contatti utili per la raccolta dei dati<\/strong><\/p>\n<p>Domande tecniche: <a href=\"mailto:datenerhebung_evs@unilu.ch\" target=\"_blank\" rel=\"noopener\">Universit\u00e0 di Lucerna<\/a><\/p>\n<p>Domande sui contenuti e feedback: <a href=\"mailto:collecte.donnees@ergotherapie.ch\" target=\"_blank\" rel=\"noopener\">donnees@ergotherapie.ch<\/a><\/p>\n        <\/div>\n    <\/div>\n<\/div>\n","protected":false},"excerpt":{"rendered":"<p>\ud83d\udc49 Le informazioni sulla raccolta dei dati vengono aggiornate regolarmente.<\/p>\n","protected":false},"author":4,"featured_media":0,"parent":0,"menu_order":0,"comment_status":"closed","ping_status":"closed","template":"","meta":{"_acf_changed":false,"footnotes":""},"class_list":["post-19617","page","type-page","status-publish","hentry"],"acf":[],"yoast_head":"<!-- This site is optimized with the Yoast SEO Premium plugin v27.2 (Yoast SEO v27.2) - https:\/\/yoast.com\/product\/yoast-seo-premium-wordpress\/ -->\n<title>Raccolta dati - Ergotherapie-Verband<\/title>\n<meta name=\"robots\" content=\"index, follow, max-snippet:-1, max-image-preview:large, max-video-preview:-1\" \/>\n<link rel=\"canonical\" href=\"https:\/\/ergotherapie.ch\/it\/raccolta-dei-dati\/\" \/>\n<meta property=\"og:locale\" content=\"it_IT\" \/>\n<meta property=\"og:type\" content=\"article\" \/>\n<meta property=\"og:title\" content=\"Raccolta dati\" \/>\n<meta property=\"og:description\" content=\"\ud83d\udc49 Le informazioni sulla raccolta dei dati vengono aggiornate regolarmente.\" \/>\n<meta property=\"og:url\" content=\"https:\/\/ergotherapie.ch\/it\/raccolta-dei-dati\/\" \/>\n<meta property=\"og:site_name\" content=\"Ergotherapie-Verband\" \/>\n<meta property=\"article:modified_time\" content=\"2026-03-31T07:51:17+00:00\" \/>\n<meta name=\"twitter:card\" content=\"summary_large_image\" \/>\n<meta name=\"twitter:label1\" content=\"Tempo di lettura stimato\" \/>\n\t<meta name=\"twitter:data1\" content=\"1 minuto\" \/>\n<script type=\"application\/ld+json\" class=\"yoast-schema-graph\">{\"@context\":\"https:\/\/schema.org\",\"@graph\":[{\"@type\":\"WebPage\",\"@id\":\"https:\/\/ergotherapie.ch\/it\/raccolta-dei-dati\/\",\"url\":\"https:\/\/ergotherapie.ch\/it\/raccolta-dei-dati\/\",\"name\":\"Raccolta dati - Ergotherapie-Verband\",\"isPartOf\":{\"@id\":\"https:\/\/ergotherapie.ch\/it\/#website\"},\"datePublished\":\"2025-11-04T10:34:47+00:00\",\"dateModified\":\"2026-03-31T07:51:17+00:00\",\"breadcrumb\":{\"@id\":\"https:\/\/ergotherapie.ch\/it\/raccolta-dei-dati\/#breadcrumb\"},\"inLanguage\":\"it-IT\",\"potentialAction\":[{\"@type\":\"ReadAction\",\"target\":[\"https:\/\/ergotherapie.ch\/it\/raccolta-dei-dati\/\"]}]},{\"@type\":\"BreadcrumbList\",\"@id\":\"https:\/\/ergotherapie.ch\/it\/raccolta-dei-dati\/#breadcrumb\",\"itemListElement\":[{\"@type\":\"ListItem\",\"position\":1,\"name\":\"Home\",\"item\":\"https:\/\/ergotherapie.ch\/it\/\"},{\"@type\":\"ListItem\",\"position\":2,\"name\":\"Raccolta dati\"}]},{\"@type\":\"WebSite\",\"@id\":\"https:\/\/ergotherapie.ch\/it\/#website\",\"url\":\"https:\/\/ergotherapie.ch\/it\/\",\"name\":\"Ergotherapie-Verband\",\"description\":\"\",\"potentialAction\":[{\"@type\":\"SearchAction\",\"target\":{\"@type\":\"EntryPoint\",\"urlTemplate\":\"https:\/\/ergotherapie.ch\/it\/?s={search_term_string}\"},\"query-input\":{\"@type\":\"PropertyValueSpecification\",\"valueRequired\":true,\"valueName\":\"search_term_string\"}}],\"inLanguage\":\"it-IT\"}]}<\/script>\n<!-- \/ Yoast SEO Premium plugin. -->","yoast_head_json":{"title":"Raccolta dati - Ergotherapie-Verband","robots":{"index":"index","follow":"follow","max-snippet":"max-snippet:-1","max-image-preview":"max-image-preview:large","max-video-preview":"max-video-preview:-1"},"canonical":"https:\/\/ergotherapie.ch\/it\/raccolta-dei-dati\/","og_locale":"it_IT","og_type":"article","og_title":"Raccolta dati","og_description":"\ud83d\udc49 Le informazioni sulla raccolta dei dati vengono aggiornate regolarmente.","og_url":"https:\/\/ergotherapie.ch\/it\/raccolta-dei-dati\/","og_site_name":"Ergotherapie-Verband","article_modified_time":"2026-03-31T07:51:17+00:00","twitter_card":"summary_large_image","twitter_misc":{"Tempo di lettura stimato":"1 minuto"},"schema":{"@context":"https:\/\/schema.org","@graph":[{"@type":"WebPage","@id":"https:\/\/ergotherapie.ch\/it\/raccolta-dei-dati\/","url":"https:\/\/ergotherapie.ch\/it\/raccolta-dei-dati\/","name":"Raccolta dati - Ergotherapie-Verband","isPartOf":{"@id":"https:\/\/ergotherapie.ch\/it\/#website"},"datePublished":"2025-11-04T10:34:47+00:00","dateModified":"2026-03-31T07:51:17+00:00","breadcrumb":{"@id":"https:\/\/ergotherapie.ch\/it\/raccolta-dei-dati\/#breadcrumb"},"inLanguage":"it-IT","potentialAction":[{"@type":"ReadAction","target":["https:\/\/ergotherapie.ch\/it\/raccolta-dei-dati\/"]}]},{"@type":"BreadcrumbList","@id":"https:\/\/ergotherapie.ch\/it\/raccolta-dei-dati\/#breadcrumb","itemListElement":[{"@type":"ListItem","position":1,"name":"Home","item":"https:\/\/ergotherapie.ch\/it\/"},{"@type":"ListItem","position":2,"name":"Raccolta dati"}]},{"@type":"WebSite","@id":"https:\/\/ergotherapie.ch\/it\/#website","url":"https:\/\/ergotherapie.ch\/it\/","name":"Ergotherapie-Verband","description":"","potentialAction":[{"@type":"SearchAction","target":{"@type":"EntryPoint","urlTemplate":"https:\/\/ergotherapie.ch\/it\/?s={search_term_string}"},"query-input":{"@type":"PropertyValueSpecification","valueRequired":true,"valueName":"search_term_string"}}],"inLanguage":"it-IT"}]}},"_links":{"self":[{"href":"https:\/\/ergotherapie.ch\/it\/wp-json\/wp\/v2\/pages\/19617","targetHints":{"allow":["GET"]}}],"collection":[{"href":"https:\/\/ergotherapie.ch\/it\/wp-json\/wp\/v2\/pages"}],"about":[{"href":"https:\/\/ergotherapie.ch\/it\/wp-json\/wp\/v2\/types\/page"}],"author":[{"embeddable":true,"href":"https:\/\/ergotherapie.ch\/it\/wp-json\/wp\/v2\/users\/4"}],"replies":[{"embeddable":true,"href":"https:\/\/ergotherapie.ch\/it\/wp-json\/wp\/v2\/comments?post=19617"}],"version-history":[{"count":41,"href":"https:\/\/ergotherapie.ch\/it\/wp-json\/wp\/v2\/pages\/19617\/revisions"}],"predecessor-version":[{"id":22722,"href":"https:\/\/ergotherapie.ch\/it\/wp-json\/wp\/v2\/pages\/19617\/revisions\/22722"}],"wp:attachment":[{"href":"https:\/\/ergotherapie.ch\/it\/wp-json\/wp\/v2\/media?parent=19617"}],"curies":[{"name":"wp","href":"https:\/\/api.w.org\/{rel}","templated":true}]}}