{"id":21104,"date":"2025-07-03T13:37:06","date_gmt":"2025-07-03T11:37:06","guid":{"rendered":"https:\/\/ergotherapie.ch\/?page_id=21104"},"modified":"2026-02-05T15:46:46","modified_gmt":"2026-02-05T13:46:46","slug":"indagini-e-studi-attuali","status":"publish","type":"page","link":"https:\/\/ergotherapie.ch\/it\/indagini-e-studi-attuali\/","title":{"rendered":"Attualit\u00e0 della ricerca"},"content":{"rendered":"<div id=\"hero-with-arc\">\n    <div class=\"container-fluid\">\n        <div class=\"hero-with-arc-art\">\n            <img decoding=\"async\" src=\"https:\/\/ergotherapie.ch\/wp-content\/themes\/ergo-theme\/assets\/images\/header_arc.svg\" alt=\"Arc\" \/>\n        <\/div>\n        <div class=\"hw-content\">\n            <div class=\"hw-content-editor-wrapper\">\n                <h2>Attualit\u00e0 della ricerca<\/h2>\n<p>In questa pagina vi informiamo sulle ultime direttive, sui risultati della ricerca e sui risultati delle indagini.<\/p>\n                            <\/div>\n        <\/div>\n    <\/div>\n<\/div>\n\n\n<div         class=\"wysiwyg padding-large  \">\n    <div class=\"container-fluid\">\n        <div class=\"wysiwyg-inner-container\">\n            <h3>Progetto SCOHPICA<\/h3>\n<p>Grazie all&#8217;impegno delle associazioni svizzere, regionali e cantonali e di altre entit\u00e0, nonch\u00e9 dei loro membri e delle loro reti, il team del progetto \u00e8 stato in grado di raccogliere dati importanti.<\/p>\n<p>Il cruscotto interattivo che presenta i risultati complessivi per il 2022 e il 2023 \u00e8 ora disponibile:<\/p>\n<p><a href=\"https:\/\/scohpica.ch\/proche-aidant\/resultats\/\">Cruscotto SCOHPICA<\/a><\/p>\n<p>Il cruscotto consente di visualizzare i risultati di tutti i partecipanti in base a diversi criteri (professione, et\u00e0, sesso, ecc.) al fine di ottenere un miglioramento continuo e fornire un feedback ai professionisti sul campo.<\/p>\n<p><strong>La prossima selezione di professionisti sanitari inizier\u00e0 il 1\u00b0 ottobre 2025. Il team conta nuovamente sul vostro sostegno per diffondere l&#8217;informazione all&#8217;interno delle vostre reti.<\/strong><\/p>\n<p>Contatto: <a href=\"mailto:scohpica@unisante.ch\">scohpica@unisante.ch<\/a><\/p>\n        <\/div>\n    <\/div>\n<\/div>\n","protected":false},"excerpt":{"rendered":"","protected":false},"author":4,"featured_media":0,"parent":0,"menu_order":0,"comment_status":"closed","ping_status":"closed","template":"","meta":{"_acf_changed":false,"footnotes":""},"class_list":["post-21104","page","type-page","status-publish","hentry"],"acf":[],"yoast_head":"<!-- This site is optimized with the Yoast SEO Premium plugin v27.2 (Yoast SEO v27.2) - https:\/\/yoast.com\/product\/yoast-seo-premium-wordpress\/ -->\n<title>Attualit\u00e0 della ricerca - Ergotherapie-Verband<\/title>\n<meta name=\"robots\" content=\"index, follow, max-snippet:-1, max-image-preview:large, max-video-preview:-1\" \/>\n<link rel=\"canonical\" href=\"https:\/\/ergotherapie.ch\/it\/indagini-e-studi-attuali\/\" \/>\n<meta property=\"og:locale\" content=\"it_IT\" \/>\n<meta property=\"og:type\" content=\"article\" \/>\n<meta property=\"og:title\" content=\"Attualit\u00e0 della ricerca\" \/>\n<meta property=\"og:url\" content=\"https:\/\/ergotherapie.ch\/it\/indagini-e-studi-attuali\/\" \/>\n<meta property=\"og:site_name\" content=\"Ergotherapie-Verband\" \/>\n<meta property=\"article:modified_time\" content=\"2026-02-05T13:46:46+00:00\" \/>\n<meta name=\"twitter:card\" content=\"summary_large_image\" \/>\n<script type=\"application\/ld+json\" class=\"yoast-schema-graph\">{\"@context\":\"https:\/\/schema.org\",\"@graph\":[{\"@type\":\"WebPage\",\"@id\":\"https:\/\/ergotherapie.ch\/it\/indagini-e-studi-attuali\/\",\"url\":\"https:\/\/ergotherapie.ch\/it\/indagini-e-studi-attuali\/\",\"name\":\"Attualit\u00e0 della ricerca - Ergotherapie-Verband\",\"isPartOf\":{\"@id\":\"https:\/\/ergotherapie.ch\/it\/#website\"},\"datePublished\":\"2025-07-03T11:37:06+00:00\",\"dateModified\":\"2026-02-05T13:46:46+00:00\",\"breadcrumb\":{\"@id\":\"https:\/\/ergotherapie.ch\/it\/indagini-e-studi-attuali\/#breadcrumb\"},\"inLanguage\":\"it-IT\",\"potentialAction\":[{\"@type\":\"ReadAction\",\"target\":[\"https:\/\/ergotherapie.ch\/it\/indagini-e-studi-attuali\/\"]}]},{\"@type\":\"BreadcrumbList\",\"@id\":\"https:\/\/ergotherapie.ch\/it\/indagini-e-studi-attuali\/#breadcrumb\",\"itemListElement\":[{\"@type\":\"ListItem\",\"position\":1,\"name\":\"Home\",\"item\":\"https:\/\/ergotherapie.ch\/it\/\"},{\"@type\":\"ListItem\",\"position\":2,\"name\":\"Attualit\u00e0 della ricerca\"}]},{\"@type\":\"WebSite\",\"@id\":\"https:\/\/ergotherapie.ch\/it\/#website\",\"url\":\"https:\/\/ergotherapie.ch\/it\/\",\"name\":\"Ergotherapie-Verband\",\"description\":\"\",\"potentialAction\":[{\"@type\":\"SearchAction\",\"target\":{\"@type\":\"EntryPoint\",\"urlTemplate\":\"https:\/\/ergotherapie.ch\/it\/?s={search_term_string}\"},\"query-input\":{\"@type\":\"PropertyValueSpecification\",\"valueRequired\":true,\"valueName\":\"search_term_string\"}}],\"inLanguage\":\"it-IT\"}]}<\/script>\n<!-- \/ Yoast SEO Premium plugin. -->","yoast_head_json":{"title":"Attualit\u00e0 della ricerca - Ergotherapie-Verband","robots":{"index":"index","follow":"follow","max-snippet":"max-snippet:-1","max-image-preview":"max-image-preview:large","max-video-preview":"max-video-preview:-1"},"canonical":"https:\/\/ergotherapie.ch\/it\/indagini-e-studi-attuali\/","og_locale":"it_IT","og_type":"article","og_title":"Attualit\u00e0 della ricerca","og_url":"https:\/\/ergotherapie.ch\/it\/indagini-e-studi-attuali\/","og_site_name":"Ergotherapie-Verband","article_modified_time":"2026-02-05T13:46:46+00:00","twitter_card":"summary_large_image","schema":{"@context":"https:\/\/schema.org","@graph":[{"@type":"WebPage","@id":"https:\/\/ergotherapie.ch\/it\/indagini-e-studi-attuali\/","url":"https:\/\/ergotherapie.ch\/it\/indagini-e-studi-attuali\/","name":"Attualit\u00e0 della ricerca - Ergotherapie-Verband","isPartOf":{"@id":"https:\/\/ergotherapie.ch\/it\/#website"},"datePublished":"2025-07-03T11:37:06+00:00","dateModified":"2026-02-05T13:46:46+00:00","breadcrumb":{"@id":"https:\/\/ergotherapie.ch\/it\/indagini-e-studi-attuali\/#breadcrumb"},"inLanguage":"it-IT","potentialAction":[{"@type":"ReadAction","target":["https:\/\/ergotherapie.ch\/it\/indagini-e-studi-attuali\/"]}]},{"@type":"BreadcrumbList","@id":"https:\/\/ergotherapie.ch\/it\/indagini-e-studi-attuali\/#breadcrumb","itemListElement":[{"@type":"ListItem","position":1,"name":"Home","item":"https:\/\/ergotherapie.ch\/it\/"},{"@type":"ListItem","position":2,"name":"Attualit\u00e0 della ricerca"}]},{"@type":"WebSite","@id":"https:\/\/ergotherapie.ch\/it\/#website","url":"https:\/\/ergotherapie.ch\/it\/","name":"Ergotherapie-Verband","description":"","potentialAction":[{"@type":"SearchAction","target":{"@type":"EntryPoint","urlTemplate":"https:\/\/ergotherapie.ch\/it\/?s={search_term_string}"},"query-input":{"@type":"PropertyValueSpecification","valueRequired":true,"valueName":"search_term_string"}}],"inLanguage":"it-IT"}]}},"_links":{"self":[{"href":"https:\/\/ergotherapie.ch\/it\/wp-json\/wp\/v2\/pages\/21104","targetHints":{"allow":["GET"]}}],"collection":[{"href":"https:\/\/ergotherapie.ch\/it\/wp-json\/wp\/v2\/pages"}],"about":[{"href":"https:\/\/ergotherapie.ch\/it\/wp-json\/wp\/v2\/types\/page"}],"author":[{"embeddable":true,"href":"https:\/\/ergotherapie.ch\/it\/wp-json\/wp\/v2\/users\/4"}],"replies":[{"embeddable":true,"href":"https:\/\/ergotherapie.ch\/it\/wp-json\/wp\/v2\/comments?post=21104"}],"version-history":[{"count":4,"href":"https:\/\/ergotherapie.ch\/it\/wp-json\/wp\/v2\/pages\/21104\/revisions"}],"predecessor-version":[{"id":21110,"href":"https:\/\/ergotherapie.ch\/it\/wp-json\/wp\/v2\/pages\/21104\/revisions\/21110"}],"wp:attachment":[{"href":"https:\/\/ergotherapie.ch\/it\/wp-json\/wp\/v2\/media?parent=21104"}],"curies":[{"name":"wp","href":"https:\/\/api.w.org\/{rel}","templated":true}]}}