{"id":21388,"date":"2025-07-03T15:02:38","date_gmt":"2025-07-03T13:02:38","guid":{"rendered":"https:\/\/ergotherapie.ch\/netzwerk-forschung\/"},"modified":"2026-04-21T09:36:17","modified_gmt":"2026-04-21T07:36:17","slug":"netzwerk-forschung","status":"publish","type":"page","link":"https:\/\/ergotherapie.ch\/it\/netzwerk-forschung\/","title":{"rendered":"Rete di ricerca"},"content":{"rendered":"<div  class=\"inner-page-hero \">\n    <div class=\"container-fluid\">\n        <div class=\"inner-page-hero-inner-container\">\n            <div class=\"inner-page-hero-picture \">\n                                    <div style=\"background-image: url('https:\/\/ergotherapie.ch\/wp-content\/uploads\/2025\/08\/AdobeStock_1326307973-scaled.jpeg')\">\n                        <img decoding=\"async\" width=\"189\" height=\"189\" loading=\"lazy\"\n                             src=\"https:\/\/ergotherapie.ch\/wp-content\/themes\/ergo-theme\/assets\/images\/person_photo_placeholder_cutted.png\" alt=\"Placeholder\" class=\"img-fluid\"\/>\n                    <\/div>\n                            <\/div>\n            <div class=\"inner-page-content \">\n                <h2>Rete di ricerca<\/h2>\n<p>Desiderate condividere le vostre conoscenze e scambiare idee con persone che la pensano come voi? Aumentare la vostra visibilit\u00e0? Essere informati su incontri di networking, eventi o presentazioni interessanti?<\/p>\n<p>Allora siete nel posto giusto: questa pagina \u00e8 interamente dedicata al networking.<\/p>\n                            <\/div>\n        <\/div>\n    <\/div>\n<\/div>\n\n\n<div         class=\"wysiwyg padding-large  \">\n    <div class=\"container-fluid\">\n        <div class=\"wysiwyg-inner-container\">\n            <h3>Friends of ROTOSResearch in Occupational Therapy and Occupational Science Foundation (Fondazione per la ricerca in terapia occupazionale e scienze dell&#8217;azione)<\/h3>\n<p><a href=\"https:\/\/www.rotosfoundation.eu\/\">ROTOS<\/a> \u00e8 una fondazione olandese registrata il cui obiettivo \u00e8 rafforzare la ricerca in terapia occupazionale e scienze dell&#8217;azione in Europa. \u00c8 stata fondata l&#8217;11 marzo 2020 ed \u00e8 partner a pieno titolo di OT-Europe, insieme a COTEC ed ENOTHE.<\/p>\n<p><b>Visione e missione<\/b><\/p>\n<ul>\n<li>Visione di ROTOS: migliorare la qualit\u00e0 della vita della popolazione europea sostenendo con forza i vantaggi della ricerca nell&#8217;ambito dell&#8217;ergoterapia e delle scienze dell&#8217;azione.<\/li>\n<li>Missione: mettere in rete gli ergoterapisti e i ricercatori in Europa al fine di massimizzare l&#8217;impatto delle loro ricerche.<\/li>\n<\/ul>\n<p>L&#8217;ASE \u00e8 membro \u201cFriend of ROTOS\u201d e sostiene quindi il progetto ROTOS. Anche voi potete entrare a far parte della comunit\u00e0 ROTOS creando un account utente e ottenendo cos\u00ec un accesso diretto agli ultimi sviluppi e alle reti.<\/p>\n<p><a href=\"https:\/\/www.rotosfoundation.eu\/2024\/05\/06\/friends-area\/\">Entra nella comunit\u00e0<\/a><\/p>\n        <\/div>\n    <\/div>\n<\/div>\n\n\n    <div class=\"section-downloads \">\n        <div class=\"container-fluid\">\n                            <div class=\"content-above\">\n                    <h3>ENOTHE: partecipazione degli studenti di ergoterapia della HETSL al congresso<\/h3>\n<p>Siamo sei studenti del terzo anno del corso di laurea triennale in ergoterapia e abbiamo avuto la fortuna di partecipare al congresso europeo di ergoterapia (ENOTHE) sul tema \u201c<i>Occupational Therapy Education: fostering global citizenship and partnerships<\/i>\u201d, organizzato a Coimbra, in Portogallo.<\/p>\n<p>Nell&#8217;ambito di questo evento, abbiamo realizzato, in coppia, dei poster relativi ai temi del congresso. Le nostre ricerche hanno riguardato, tra l&#8217;altro, argomenti vari quali: l&#8217;aiuto umanitario, un progetto di orto comunitario per i rifugiati o le tecnologie assistive che favoriscono la pratica sportiva delle persone con disabilit\u00e0 visiva.<\/p>\n<p>Potete scaricare il nostro rapporto qui sotto (in francese).<\/p>\n<p>Julia Crescenti, Julie Luzi, Vanessa Pereira, Elisa Schnyder, Basil Roth, L\u00e9a Segessenmann<\/p>\n                                    <\/div>\n                                        <h2 class=\"downloads-title\">\n                                    <\/h2>\n\n                                                    \n                <div class=\"downloads-feed\">\n                                            <div class=\"one-download\">\n                            <div>\n                                <strong>\n                                                                        <a target=\"_blank\"\n                                       class=\"the-download-lik \"\n                                       href=\"https:\/\/ergotherapie.ch\/it\/?download_file=19657\">\n                                        2025_ENOTHE congr\u00e8s_rapport \u00e9tudiant\u00b7e\u00b7s HETSL                                    <\/a>\n                                <\/strong>\n                            <\/div>\n                            <div>\n                                <strong>\n                                    pdf                                <\/strong>\n                            <\/div>\n                            <div>\n                                                                    <a target=\"_blank\"\n                                       href=\"https:\/\/ergotherapie.ch\/it\/?download_file=19657\">\n                                        <svg id=\"374Group_1085\" data-name=\"Group 1085\" xmlns=\"http:\/\/www.w3.org\/2000\/svg\" xmlns:xlink=\"http:\/\/www.w3.org\/1999\/xlink\" width=\"30.5\" height=\"39.5\" viewBox=\"0 0 30.5 39.5\">\n  <defs>\n    <clipPath id=\"374clip-path\">\n      <rect id=\"374Rectangle_357\" data-name=\"Rectangle 357\" width=\"30.5\" height=\"39.5\" fill=\"none\"\/>\n    <\/clipPath>\n  <\/defs>\n  <g id=\"374Group_1083\" data-name=\"Group 1083\" clip-path=\"url(#374clip-path)\">\n    <path id=\"374Path_1043\" data-name=\"Path 1043\" d=\"M26.948,19.7,15.219,31.427,3.495,19.7\" fill=\"none\" stroke=\"#d3006a\" stroke-miterlimit=\"10\" stroke-width=\"2.5\"\/>\n    <line id=\"374Line_79\" data-name=\"Line 79\" y2=\"30.5\" transform=\"translate(15.221)\" fill=\"none\" stroke=\"#d3006a\" stroke-miterlimit=\"10\" stroke-width=\"2.5\"\/>\n    <line id=\"374Line_80\" data-name=\"Line 80\" x1=\"30.5\" transform=\"translate(0 38.25)\" fill=\"none\" stroke=\"#d3006a\" stroke-miterlimit=\"10\" stroke-width=\"2.5\"\/>\n  <\/g>\n<\/svg>\n                                    <\/a>\n                                                                <\/div>\n                        <\/div>\n                                        <\/div>\n                                <p class=\"downloads-not-found\">\n                    Nessun download trovato                <\/p>\n                    <\/div>\n    <\/div>\n","protected":false},"excerpt":{"rendered":"","protected":false},"author":4,"featured_media":0,"parent":0,"menu_order":0,"comment_status":"closed","ping_status":"closed","template":"","meta":{"_acf_changed":false,"footnotes":""},"class_list":["post-21388","page","type-page","status-publish","hentry"],"acf":[],"yoast_head":"<!-- This site is optimized with the Yoast SEO Premium plugin v27.2 (Yoast SEO v27.2) - https:\/\/yoast.com\/product\/yoast-seo-premium-wordpress\/ -->\n<title>Rete di ricerca - Ergotherapie-Verband<\/title>\n<meta name=\"robots\" content=\"index, follow, max-snippet:-1, max-image-preview:large, max-video-preview:-1\" \/>\n<link rel=\"canonical\" href=\"https:\/\/ergotherapie.ch\/it\/netzwerk-forschung\/\" \/>\n<meta property=\"og:locale\" content=\"it_IT\" \/>\n<meta property=\"og:type\" content=\"article\" \/>\n<meta property=\"og:title\" content=\"Rete di ricerca\" \/>\n<meta property=\"og:url\" content=\"https:\/\/ergotherapie.ch\/it\/netzwerk-forschung\/\" \/>\n<meta property=\"og:site_name\" content=\"Ergotherapie-Verband\" \/>\n<meta property=\"article:modified_time\" content=\"2026-04-21T07:36:17+00:00\" \/>\n<meta name=\"twitter:card\" content=\"summary_large_image\" \/>\n<script type=\"application\/ld+json\" class=\"yoast-schema-graph\">{\"@context\":\"https:\/\/schema.org\",\"@graph\":[{\"@type\":\"WebPage\",\"@id\":\"https:\/\/ergotherapie.ch\/it\/netzwerk-forschung\/\",\"url\":\"https:\/\/ergotherapie.ch\/it\/netzwerk-forschung\/\",\"name\":\"Rete di ricerca - Ergotherapie-Verband\",\"isPartOf\":{\"@id\":\"https:\/\/ergotherapie.ch\/it\/#website\"},\"datePublished\":\"2025-07-03T13:02:38+00:00\",\"dateModified\":\"2026-04-21T07:36:17+00:00\",\"breadcrumb\":{\"@id\":\"https:\/\/ergotherapie.ch\/it\/netzwerk-forschung\/#breadcrumb\"},\"inLanguage\":\"it-IT\",\"potentialAction\":[{\"@type\":\"ReadAction\",\"target\":[\"https:\/\/ergotherapie.ch\/it\/netzwerk-forschung\/\"]}]},{\"@type\":\"BreadcrumbList\",\"@id\":\"https:\/\/ergotherapie.ch\/it\/netzwerk-forschung\/#breadcrumb\",\"itemListElement\":[{\"@type\":\"ListItem\",\"position\":1,\"name\":\"Home\",\"item\":\"https:\/\/ergotherapie.ch\/it\/\"},{\"@type\":\"ListItem\",\"position\":2,\"name\":\"Rete di ricerca\"}]},{\"@type\":\"WebSite\",\"@id\":\"https:\/\/ergotherapie.ch\/it\/#website\",\"url\":\"https:\/\/ergotherapie.ch\/it\/\",\"name\":\"Ergotherapie-Verband\",\"description\":\"\",\"potentialAction\":[{\"@type\":\"SearchAction\",\"target\":{\"@type\":\"EntryPoint\",\"urlTemplate\":\"https:\/\/ergotherapie.ch\/it\/?s={search_term_string}\"},\"query-input\":{\"@type\":\"PropertyValueSpecification\",\"valueRequired\":true,\"valueName\":\"search_term_string\"}}],\"inLanguage\":\"it-IT\"}]}<\/script>\n<!-- \/ Yoast SEO Premium plugin. -->","yoast_head_json":{"title":"Rete di ricerca - Ergotherapie-Verband","robots":{"index":"index","follow":"follow","max-snippet":"max-snippet:-1","max-image-preview":"max-image-preview:large","max-video-preview":"max-video-preview:-1"},"canonical":"https:\/\/ergotherapie.ch\/it\/netzwerk-forschung\/","og_locale":"it_IT","og_type":"article","og_title":"Rete di ricerca","og_url":"https:\/\/ergotherapie.ch\/it\/netzwerk-forschung\/","og_site_name":"Ergotherapie-Verband","article_modified_time":"2026-04-21T07:36:17+00:00","twitter_card":"summary_large_image","schema":{"@context":"https:\/\/schema.org","@graph":[{"@type":"WebPage","@id":"https:\/\/ergotherapie.ch\/it\/netzwerk-forschung\/","url":"https:\/\/ergotherapie.ch\/it\/netzwerk-forschung\/","name":"Rete di ricerca - Ergotherapie-Verband","isPartOf":{"@id":"https:\/\/ergotherapie.ch\/it\/#website"},"datePublished":"2025-07-03T13:02:38+00:00","dateModified":"2026-04-21T07:36:17+00:00","breadcrumb":{"@id":"https:\/\/ergotherapie.ch\/it\/netzwerk-forschung\/#breadcrumb"},"inLanguage":"it-IT","potentialAction":[{"@type":"ReadAction","target":["https:\/\/ergotherapie.ch\/it\/netzwerk-forschung\/"]}]},{"@type":"BreadcrumbList","@id":"https:\/\/ergotherapie.ch\/it\/netzwerk-forschung\/#breadcrumb","itemListElement":[{"@type":"ListItem","position":1,"name":"Home","item":"https:\/\/ergotherapie.ch\/it\/"},{"@type":"ListItem","position":2,"name":"Rete di ricerca"}]},{"@type":"WebSite","@id":"https:\/\/ergotherapie.ch\/it\/#website","url":"https:\/\/ergotherapie.ch\/it\/","name":"Ergotherapie-Verband","description":"","potentialAction":[{"@type":"SearchAction","target":{"@type":"EntryPoint","urlTemplate":"https:\/\/ergotherapie.ch\/it\/?s={search_term_string}"},"query-input":{"@type":"PropertyValueSpecification","valueRequired":true,"valueName":"search_term_string"}}],"inLanguage":"it-IT"}]}},"_links":{"self":[{"href":"https:\/\/ergotherapie.ch\/it\/wp-json\/wp\/v2\/pages\/21388","targetHints":{"allow":["GET"]}}],"collection":[{"href":"https:\/\/ergotherapie.ch\/it\/wp-json\/wp\/v2\/pages"}],"about":[{"href":"https:\/\/ergotherapie.ch\/it\/wp-json\/wp\/v2\/types\/page"}],"author":[{"embeddable":true,"href":"https:\/\/ergotherapie.ch\/it\/wp-json\/wp\/v2\/users\/4"}],"replies":[{"embeddable":true,"href":"https:\/\/ergotherapie.ch\/it\/wp-json\/wp\/v2\/comments?post=21388"}],"version-history":[{"count":5,"href":"https:\/\/ergotherapie.ch\/it\/wp-json\/wp\/v2\/pages\/21388\/revisions"}],"predecessor-version":[{"id":23069,"href":"https:\/\/ergotherapie.ch\/it\/wp-json\/wp\/v2\/pages\/21388\/revisions\/23069"}],"wp:attachment":[{"href":"https:\/\/ergotherapie.ch\/it\/wp-json\/wp\/v2\/media?parent=21388"}],"curies":[{"name":"wp","href":"https:\/\/api.w.org\/{rel}","templated":true}]}}